{"id":1271,"date":"2017-03-11T17:52:15","date_gmt":"2017-03-11T16:52:15","guid":{"rendered":"http:\/\/agora.xtec.cat\/ceip-elpigros\/?page_id=1271"},"modified":"2024-02-06T09:41:43","modified_gmt":"2024-02-06T08:41:43","slug":"criteris-davaluacio","status":"publish","type":"page","link":"https:\/\/agora.xtec.cat\/ie-elpigros-santcebria\/lescola\/criteris-davaluacio\/","title":{"rendered":"Criteris d&#8217;avaluaci\u00f3"},"content":{"rendered":"<p>Educaci\u00f3 Infantil<\/p>\n<p><a href=\"https:\/\/agora.xtec.cat\/ie-elpigros-santcebria\/wp-content\/uploads\/usu931\/2023\/11\/EDUCACIO-INFANTIL_CRITERIS-DAVALUACIO.pdf\">EDUCACI\u00d3 INFANTIL_CRITERIS D&#8217;AVALUACI\u00d3<\/a><\/p>\n<p>&nbsp;<\/p>\n<p>Prim\u00e0ria<\/p>\n<p><a href=\"https:\/\/agora.xtec.cat\/ie-elpigros-santcebria\/wp-content\/uploads\/usu931\/2023\/11\/1r-PRIM_CRITERIS-DAVALUACIO.pdf\">1r PRIM_CRITERIS D&#8217;AVALUACI\u00d3<\/a><\/p>\n<p><a href=\"https:\/\/agora.xtec.cat\/ie-elpigros-santcebria\/wp-content\/uploads\/usu931\/2023\/11\/2n-PRIM_CRITERIS-DAVALUACIO.pdf\">2n PRIM_CRITERIS D&#8217;AVALUACI\u00d3<\/a><\/p>\n<p><a href=\"https:\/\/agora.xtec.cat\/ie-elpigros-santcebria\/wp-content\/uploads\/usu931\/2023\/11\/3r-PRIM_CRITERIS-DAVALUACIO.docx.pdf\">3r PRIM_CRITERIS D&#8217;AVALUACI\u00d3<\/a><\/p>\n<p><a href=\"https:\/\/agora.xtec.cat\/ie-elpigros-santcebria\/wp-content\/uploads\/usu931\/2023\/11\/4t-PRIM_CRITERIS-DAVALUACIO.pdf\">4t PRIM_CRITERIS D&#8217;AVALUACI\u00d3<\/a><\/p>\n<p><a href=\"https:\/\/agora.xtec.cat\/ie-elpigros-santcebria\/wp-content\/uploads\/usu931\/2023\/11\/5e-PRIM_CRITERIS-DAVALUACIO.pdf\">5\u00e8 PRIM_CRITERIS D&#8217;AVALUACI\u00d3<\/a><\/p>\n<p><a href=\"https:\/\/agora.xtec.cat\/ie-elpigros-santcebria\/wp-content\/uploads\/usu931\/2023\/11\/6e-PRIM_CRITERIS-DAVALUACIO.pdf\">6\u00e8 PRIM_CRITERIS D&#8217;AVALUACI\u00d3<\/a><\/p>\n<p>&nbsp;<\/p>\n<p>Secund\u00e0ria<\/p>\n<p><a href=\"https:\/\/drive.google.com\/file\/d\/1ZfhbfaNCqBp_58zM4ILQWT_IkkqGcS4U\/view?usp=sharing\">Criteris d&#8217;avaluaci\u00f3 1r ESO<\/a><\/p>\n<p><a href=\"https:\/\/drive.google.com\/file\/d\/1UZ54BuDC_vAp6XE5bnhPO5cGpwmu2dMt\/view?usp=sharing\">Criteris d&#8217;avaluaci\u00f3 2n ESO<\/a><\/p>\n<p><a href=\"https:\/\/drive.google.com\/file\/d\/1sHfcc6tkFapc8taaAhdMv0ULsTMCcL0d\/view?usp=sharing\">Criteris d&#8217;avaluaci\u00f3 3r ESO<\/a><\/p>\n<p><a href=\"https:\/\/drive.google.com\/file\/d\/1wRsxGlr9TZv97tPEpUhWhBXGSlJLUFSZ\/view?usp=sharing\">Criteris d&#8217;avaluaci\u00f3 4t ESO<\/a><\/p>\n","protected":false},"excerpt":{"rendered":"<p>Educaci\u00f3 Infantil EDUCACI\u00d3 INFANTIL_CRITERIS D&#8217;AVALUACI\u00d3 &nbsp; Prim\u00e0ria 1r PRIM_CRITERIS D&#8217;AVALUACI\u00d3 2n PRIM_CRITERIS D&#8217;AVALUACI\u00d3 3r PRIM_CRITERIS D&#8217;AVALUACI\u00d3 4t PRIM_CRITERIS D&#8217;AVALUACI\u00d3 5\u00e8 PRIM_CRITERIS D&#8217;AVALUACI\u00d3 6\u00e8 PRIM_CRITERIS D&#8217;AVALUACI\u00d3 &nbsp; Secund\u00e0ria Criteris d&#8217;avaluaci\u00f3 1r ESO Criteris d&#8217;avaluaci\u00f3 2n ESO Criteris d&#8217;avaluaci\u00f3 3r ESO Criteris d&#8217;avaluaci\u00f3 4t ESO<\/p>\n","protected":false},"author":1,"featured_media":0,"parent":22,"menu_order":8,"comment_status":"closed","ping_status":"closed","template":"page-templates\/side-menu.php","meta":{"_bbp_topic_count":0,"_bbp_reply_count":0,"_bbp_total_topic_count":0,"_bbp_total_reply_count":0,"_bbp_voice_count":0,"_bbp_anonymous_reply_count":0,"_bbp_topic_count_hidden":0,"_bbp_reply_count_hidden":0,"_bbp_forum_subforum_count":0,"site-sidebar-layout":"default","site-content-layout":"","ast-site-content-layout":"","site-content-style":"default","site-sidebar-style":"default","ast-global-header-display":"","ast-banner-title-visibility":"","ast-main-header-display":"","ast-hfb-above-header-display":"","ast-hfb-below-header-display":"","ast-hfb-mobile-header-display":"","site-post-title":"","ast-breadcrumbs-content":"","ast-featured-img":"","footer-sml-layout":"","theme-transparent-header-meta":"","adv-header-id-meta":"","stick-header-meta":"","header-above-stick-meta":"","header-main-stick-meta":"","header-below-stick-meta":"","astra-migrate-meta-layouts":"default","ast-page-background-enabled":"default","ast-page-background-meta":{"desktop":{"background-color":"var(--ast-global-color-4)","background-image":"","background-repeat":"repeat","background-position":"center center","background-size":"auto","background-attachment":"scroll","background-type":"","background-media":"","overlay-type":"","overlay-color":"","overlay-opacity":"","overlay-gradient":""},"tablet":{"background-color":"","background-image":"","background-repeat":"repeat","background-position":"center center","background-size":"auto","background-attachment":"scroll","background-type":"","background-media":"","overlay-type":"","overlay-color":"","overlay-opacity":"","overlay-gradient":""},"mobile":{"background-color":"","background-image":"","background-repeat":"repeat","background-position":"center center","background-size":"auto","background-attachment":"scroll","background-type":"","background-media":"","overlay-type":"","overlay-color":"","overlay-opacity":"","overlay-gradient":""}},"ast-content-background-meta":{"desktop":{"background-color":"var(--ast-global-color-5)","background-image":"","background-repeat":"repeat","background-position":"center center","background-size":"auto","background-attachment":"scroll","background-type":"","background-media":"","overlay-type":"","overlay-color":"","overlay-opacity":"","overlay-gradient":""},"tablet":{"background-color":"var(--ast-global-color-5)","background-image":"","background-repeat":"repeat","background-position":"center center","background-size":"auto","background-attachment":"scroll","background-type":"","background-media":"","overlay-type":"","overlay-color":"","overlay-opacity":"","overlay-gradient":""},"mobile":{"background-color":"var(--ast-global-color-5)","background-image":"","background-repeat":"repeat","background-position":"center center","background-size":"auto","background-attachment":"scroll","background-type":"","background-media":"","overlay-type":"","overlay-color":"","overlay-opacity":"","overlay-gradient":""}},"footnotes":""},"class_list":["post-1271","page","type-page","status-publish","hentry"],"post_mailing_queue_ids":[],"_links":{"self":[{"href":"https:\/\/agora.xtec.cat\/ie-elpigros-santcebria\/wp-json\/wp\/v2\/pages\/1271","targetHints":{"allow":["GET"]}}],"collection":[{"href":"https:\/\/agora.xtec.cat\/ie-elpigros-santcebria\/wp-json\/wp\/v2\/pages"}],"about":[{"href":"https:\/\/agora.xtec.cat\/ie-elpigros-santcebria\/wp-json\/wp\/v2\/types\/page"}],"author":[{"embeddable":true,"href":"https:\/\/agora.xtec.cat\/ie-elpigros-santcebria\/wp-json\/wp\/v2\/users\/1"}],"replies":[{"embeddable":true,"href":"https:\/\/agora.xtec.cat\/ie-elpigros-santcebria\/wp-json\/wp\/v2\/comments?post=1271"}],"version-history":[{"count":6,"href":"https:\/\/agora.xtec.cat\/ie-elpigros-santcebria\/wp-json\/wp\/v2\/pages\/1271\/revisions"}],"predecessor-version":[{"id":3038,"href":"https:\/\/agora.xtec.cat\/ie-elpigros-santcebria\/wp-json\/wp\/v2\/pages\/1271\/revisions\/3038"}],"up":[{"embeddable":true,"href":"https:\/\/agora.xtec.cat\/ie-elpigros-santcebria\/wp-json\/wp\/v2\/pages\/22"}],"wp:attachment":[{"href":"https:\/\/agora.xtec.cat\/ie-elpigros-santcebria\/wp-json\/wp\/v2\/media?parent=1271"}],"curies":[{"name":"wp","href":"https:\/\/api.w.org\/{rel}","templated":true}]}}