{"id":678,"date":"2020-07-21T16:59:00","date_gmt":"2020-07-21T14:59:00","guid":{"rendered":"https:\/\/agora.xtec.cat\/ie-elcabreres\/?page_id=678"},"modified":"2025-10-17T09:18:44","modified_gmt":"2025-10-17T07:18:44","slug":"recursos-web","status":"publish","type":"page","link":"https:\/\/agora.xtec.cat\/ie-elcabreres\/recursos-web\/","title":{"rendered":"Recursos web"},"content":{"rendered":"<div class=\"sites-layout-tile sites-tile-name-header\">\n<p><b><span style=\"font-size: x-large;\">ACTIVITATS PER TOTS ELS NIVELLS (infantil, prim\u00e0ria i ESO)<\/span><\/b><\/p>\n<p>En aquests enlla\u00e7os podreu escollir entre moltes activitats variades i per a tots els nivells, tingueu en compte que algunes no s\u00f3n compatibles amb Android.<\/p>\n<p>Si amb el navegador Chrome no s&#8217;obren correctament proveu amb d&#8217;altres com Mozilla FireFox o Explorer.<\/p>\n<p><span style=\"font-size: medium;\">Us proposem un seguit d&#8217;enlla\u00e7os que us poden ser \u00fatils:<\/span><\/p>\n<div>\n<p><img loading=\"lazy\" decoding=\"async\" class=\"alignright\" src=\"https:\/\/sites.google.com\/a\/xtec.cat\/elcabreres\/_\/rsrc\/1405677228704\/naveguem-des-de-casa\/Internet1.jpg?height=257&amp;width=320\" width=\"269\" height=\"217\" border=\"0\" \/><\/p>\n<div>\n<ul>\n<li style=\"list-style-type: none;\">\n<ul>\n<li><a href=\"http:\/\/internetsegura.cat\/\" target=\"_blank\" rel=\"nofollow noopener noreferrer\"><span style=\"font-size: medium;\">Internet segura<\/span><\/a><\/li>\n<li><a href=\"http:\/\/www20.gencat.cat\/portal\/site\/ensenyament\" target=\"_blank\" rel=\"nofollow noopener noreferrer\"><span style=\"font-size: medium;\">Departament d&#8217;Ensenyament<\/span><\/a><\/li>\n<li><a href=\"http:\/\/www.edu365.cat\/\" target=\"_blank\" rel=\"nofollow noopener noreferrer\"><span style=\"font-size: medium;\">EDU365<\/span><\/a><\/li>\n<li><a href=\"http:\/\/www.edu3.cat\/\" target=\"_blank\" rel=\"nofollow noopener noreferrer\"><span style=\"font-size: medium;\">Edu3.cat<\/span><\/a><\/li>\n<li><a href=\"http:\/\/clic.xtec.cat\/ca\/index.htm\" target=\"_blank\" rel=\"nofollow noopener noreferrer\"><span style=\"font-size: medium;\">JClic<\/span><\/a><\/li>\n<li><span style=\"font-size: medium;\"><a href=\"http:\/\/www.cavallfort.cat\/\" target=\"_blank\" rel=\"nofollow noopener noreferrer\">Cavall Fort<\/a><\/span><\/li>\n<li><a href=\"http:\/\/www.ceip-diputacio.com\/la%20motxilla.htm\">La motxilla<\/a><\/li>\n<li><a href=\"https:\/\/natibergada.cat\/recursos-educatius-per-aprendre-des-de-casa\">80 activitats des de casa<\/a><\/li>\n<li><a href=\"https:\/\/www.youtube.com\/playlist?list=PL5tb2ODzv2rSWKrSeZwtZrPgvekFyU33P\">Curts amb valors<\/a><\/li>\n<\/ul>\n<\/li>\n<\/ul>\n<\/div>\n<\/div>\n<\/div>\n<div class=\"sites-layout-tile sites-tile-name-header\">\n<hr \/>\n<p dir=\"ltr\"><b><span style=\"font-size: large;\">EDUCACI\u00d3 INFANTIL<\/span><\/b><\/p>\n<p><a href=\"http:\/\/www.edu365.cat\/\" rel=\"nofollow\">edu365.cat<\/a><\/p>\n<p><a href=\"http:\/\/www.super3.cat\/unamadecontes\/\" target=\"_blank\" rel=\"nofollow noopener noreferrer\">Una m\u00e0 de contes<\/a><\/p>\n<p><a href=\"http:\/\/xtec.gencat.cat\/ca\/recursos\/actuacio-extraordinaria-activitats-autoaprenentatge\/models-de-propostes-didactiques\/\" target=\"_blank\" rel=\"nofollow noopener noreferrer\">Propostes d&#8217;activitats del Departament d&#8217;Educaci\u00f3.<\/a><\/p>\n<\/div>\n<p><b style=\"font-family: inherit; font-size: 1em;\"><span style=\"font-size: large;\">CICLE INICIAL<\/span><\/b><\/p>\n<div>\n<p><a href=\"http:\/\/www.super3.cat\/unamadecontes\/\" target=\"_blank\" rel=\"nofollow noopener noreferrer\">Una m\u00e0 de contes<\/a><\/p>\n<p><a href=\"https:\/\/www.ccma.cat\/tv3\/super3\/infok\/\" target=\"_blank\" rel=\"nofollow noopener noreferrer\">Not\u00edcies (infok)<\/a><\/p>\n<p><a href=\"https:\/\/www.symbaloo.com\/embed\/activitatsperprimer\" target=\"_blank\" rel=\"nofollow noopener noreferrer\">RECULL D&#8217;ACTIVITATS PER 1R<\/a><\/p>\n<p><a href=\"https:\/\/www.symbaloo.com\/home\/mix\/2ncurscicleinicial\" target=\"_blank\" rel=\"nofollow noopener noreferrer\">RECULL D&#8217;ACTIVITATS PER 2N<\/a><\/p>\n<p><a href=\"https:\/\/www.symbaloo.com\/home\/mix\/primerciclematematiques\" target=\"_blank\" rel=\"nofollow noopener noreferrer\">MATEM\u00c0TIQUES PER AL Cicle Inicial<\/a><\/p>\n<div><\/div>\n<p><b><span style=\"font-size: large;\">CICLE MITJ\u00c0<\/span><\/b><\/p>\n<\/div>\n<div>\n<p><a style=\"font-family: inherit; font-size: 1em;\" href=\"https:\/\/edu.symbaloo.com\/mix\/matematiques3r9\" rel=\"nofollow\">Recull de recursos de m<\/a><a style=\"font-family: inherit; font-size: 1em;\" href=\"https:\/\/edu.symbaloo.com\/mix\/matematiques3r9\" rel=\"nofollow\">atem\u00e0tiques 3r<\/a><\/p>\n<p><a href=\"https:\/\/sites.google.com\/xtec.cat\/material-prehistoria\/p%C3%A0gina-principal\">Web de la prehist\u00f2ria\u00a0<\/a><\/p>\n<\/div>\n<p><a href=\"https:\/\/www.symbaloo.com\/home\/mix\/13eOhKcFf7\">Recursos de llengua 3r<\/a><\/p>\n<p><a href=\"http:\/\/ntic.educacion.es\/w3\/\/eos\/MaterialesEducativos\/mem2011\/razonamiento_logico\/actividades\/rl.html\">Problemes l\u00f2gics<\/a><\/p>\n<p><a href=\"http:\/\/unapiladerecursos.blogspot.com.es\/2013\/02\/mates-la-salsa-cancons-per-ajudar.html\">Can\u00e7ons per aprendre les taules de multiplicar<\/a><\/p>\n<p><a href=\"https:\/\/edu.symbaloo.com\/mix\/matematiques4t3\" target=\"_blank\" rel=\"nofollow noopener noreferrer\">Recull de recursos de matem\u00e0tiques<\/a><span style=\"color: #3d85c6;\">\u00a04t<\/span><\/p>\n<p><a href=\"https:\/\/pixlr.com\/editor\/\" target=\"_blank\" rel=\"nofollow noopener noreferrer\">Tallers pl\u00e0stica PIXLR<\/a><\/p>\n<div>\n<p><a href=\"https:\/\/www.remove.bg\/\" target=\"_blank\" rel=\"nofollow noopener noreferrer\">Tallers pl\u00e0stica REMOVE<\/a><\/p>\n<\/div>\n<p><b><span style=\"font-size: large;\">CICLE SUPERIOR<\/span><\/b><\/p>\n<p><a href=\"http:\/\/www.diccionari.cat\/\" target=\"_blank\" rel=\"nofollow noopener noreferrer\">Diccionari catal\u00e0<\/a><\/p>\n<p><a href=\"http:\/\/www.rae.es\/recursos\/diccionarios\/drae\" target=\"_blank\" rel=\"nofollow noopener noreferrer\">Diccionari castell\u00e0<\/a><\/p>\n<p><a href=\"https:\/\/www.testeando.es\/4-Primaria-Lengua-58\" target=\"_blank\" rel=\"nofollow noopener noreferrer\">Test Lengua castellana<\/a><\/p>\n<p><a href=\"https:\/\/sites.google.com\/a\/xtec.cat\/rdzereral\/cm-i-cs-matematiques\" target=\"_blank\" rel=\"noopener noreferrer\">Activitats diverses matem\u00e0tiques<\/a><\/p>\n<p><a href=\"http:\/\/www.problempictures.co.uk\/examples\/op01.htm\" target=\"_blank\" rel=\"nofollow noopener noreferrer\">Problem Pictures<\/a><\/p>\n<p><a href=\"http:\/\/www.thatquiz.org\/ca\/\" rel=\"nofollow\">Activitats per fer i corregir sols<\/a><\/p>\n<p><a href=\"http:\/\/www.xtec.cat\/~dcastell\/webnumeros\/\" target=\"_blank\" rel=\"nofollow noopener noreferrer\">Jugar amb els n\u00fameros<\/a><\/p>\n<p><a href=\"http:\/\/www.worksheetworks.com\/geography.html\" target=\"_blank\" rel=\"nofollow noopener noreferrer\">Mapes del M\u00f3n<\/a><\/p>\n<p><a href=\"https:\/\/www.google.com\/culturalinstitute\/project\/art-project\" target=\"_blank\" rel=\"noopener noreferrer\">ART Project: Visita virtual als museus<\/a><\/p>\n<p><a href=\"http:\/\/apps.pixlr.com\/editor\/\" target=\"_blank\" rel=\"nofollow noopener noreferrer\">Editor d&#8217;imatges online<\/a><\/p>\n<p><a href=\"https:\/\/bubbl.us\/\" target=\"_blank\" rel=\"nofollow noopener noreferrer\">Mapes conceptuals<\/a><\/p>\n<p><a href=\"http:\/\/scratch.mit.edu\/\" target=\"_blank\" rel=\"nofollow noopener noreferrer\">Scratch: rob\u00f2tica i videojocs<\/a><\/p>\n<p><a href=\"https:\/\/www.fotojet.com\/apps\/?entry=collage\" target=\"_blank\" rel=\"nofollow noopener noreferrer\">Editor de c\u00f2mics<\/a><\/p>\n<p><b><span style=\"font-size: large;\">ENGLISH<\/span><\/b><\/p>\n<p><a href=\"http:\/\/learnenglishkids.britishcouncil.org\/en\/\" target=\"_blank\" rel=\"nofollow noopener noreferrer\">Play and learn with British Council<\/a><\/p>\n<p><a href=\"http:\/\/www.angles365.com\/\" target=\"_blank\" rel=\"nofollow noopener noreferrer\">Angl\u00e8s365<\/a><\/p>\n<p><a href=\"http:\/\/www.bbc.co.uk\/children\/\" target=\"_blank\" rel=\"nofollow noopener noreferrer\">BBC kids<\/a><\/p>\n<p><a href=\"http:\/\/www.pitenglish.com\/ca\/\" target=\"_blank\" rel=\"nofollow noopener noreferrer\">V\u00eddeos per a nens<\/a><\/p>\n<p><a href=\"https:\/\/www.symbaloo.com\/shared\/AAAAAnAflUQAA41_HcXhvA==\" rel=\"nofollow\">SYMBALOO 1ST&amp;2ND<\/a><\/p>\n<p><a href=\"http:\/\/concurso.cnice.mec.es\/cnice2005\/132_English_for_Little_children\/#\" target=\"_blank\" rel=\"nofollow noopener noreferrer\">ENGLISH FOR LITTLE CHILDREN<\/a><\/p>\n<p><a href=\"https:\/\/www.symbaloo.com\/home\/mix\/13eOhKcFff\">SONGS<\/a><\/p>\n<p><b>ATENCI\u00d3 A LA DIVERSITAT<\/b><\/p>\n<p><a href=\"http:\/\/www.acd.cat\/\" rel=\"nofollow\">www.acd.cat<\/a><\/p>\n<p><a href=\"http:\/\/www.orientacionandujar.es\/\" rel=\"nofollow\">www.orientacionandujar.es<\/a><\/p>\n<p><a href=\"http:\/\/aspergerosona.blogspot.com.es\/\">http:\/\/aspergerosona.blogspot.com.es<\/a><\/p>\n<p><a href=\"http:\/\/faros.hsjdbcn.org\/\" rel=\"nofollow\">http:\/\/faros.hsjdbcn.org\/<\/a><\/p>\n<div class=\"sites-layout-tile sites-tile-name-footer\">\n<div dir=\"ltr\">\n<div>\n<div>\n<p>&nbsp;<\/p>\n<\/div>\n<\/div>\n<\/div>\n<\/div>\n","protected":false},"excerpt":{"rendered":"<p>ACTIVITATS PER TOTS ELS NIVELLS (infantil, prim\u00e0ria i ESO) En aquests enlla\u00e7os podreu escollir entre moltes activitats variades i per a tots els nivells, tingueu en compte que algunes no s\u00f3n compatibles amb Android. Si amb el navegador Chrome no s&#8217;obren correctament proveu amb d&#8217;altres com Mozilla FireFox o Explorer. Us proposem un seguit d&#8217;enlla\u00e7os [&hellip;]<\/p>\n","protected":false},"author":4,"featured_media":0,"parent":0,"menu_order":0,"comment_status":"closed","ping_status":"closed","template":"page-templates\/side-menu.php","meta":{"_bbp_topic_count":0,"_bbp_reply_count":0,"_bbp_total_topic_count":0,"_bbp_total_reply_count":0,"_bbp_voice_count":0,"_bbp_anonymous_reply_count":0,"_bbp_topic_count_hidden":0,"_bbp_reply_count_hidden":0,"_bbp_forum_subforum_count":0,"site-sidebar-layout":"default","site-content-layout":"","ast-site-content-layout":"","site-content-style":"default","site-sidebar-style":"default","ast-global-header-display":"","ast-banner-title-visibility":"","ast-main-header-display":"","ast-hfb-above-header-display":"","ast-hfb-below-header-display":"","ast-hfb-mobile-header-display":"","site-post-title":"","ast-breadcrumbs-content":"","ast-featured-img":"","footer-sml-layout":"","theme-transparent-header-meta":"","adv-header-id-meta":"","stick-header-meta":"","header-above-stick-meta":"","header-main-stick-meta":"","header-below-stick-meta":"","astra-migrate-meta-layouts":"default","ast-page-background-enabled":"default","ast-page-background-meta":{"desktop":{"background-color":"var(--ast-global-color-4)","background-image":"","background-repeat":"repeat","background-position":"center center","background-size":"auto","background-attachment":"scroll","background-type":"","background-media":"","overlay-type":"","overlay-color":"","overlay-opacity":"","overlay-gradient":""},"tablet":{"background-color":"","background-image":"","background-repeat":"repeat","background-position":"center center","background-size":"auto","background-attachment":"scroll","background-type":"","background-media":"","overlay-type":"","overlay-color":"","overlay-opacity":"","overlay-gradient":""},"mobile":{"background-color":"","background-image":"","background-repeat":"repeat","background-position":"center center","background-size":"auto","background-attachment":"scroll","background-type":"","background-media":"","overlay-type":"","overlay-color":"","overlay-opacity":"","overlay-gradient":""}},"ast-content-background-meta":{"desktop":{"background-color":"var(--ast-global-color-5)","background-image":"","background-repeat":"repeat","background-position":"center center","background-size":"auto","background-attachment":"scroll","background-type":"","background-media":"","overlay-type":"","overlay-color":"","overlay-opacity":"","overlay-gradient":""},"tablet":{"background-color":"var(--ast-global-color-5)","background-image":"","background-repeat":"repeat","background-position":"center center","background-size":"auto","background-attachment":"scroll","background-type":"","background-media":"","overlay-type":"","overlay-color":"","overlay-opacity":"","overlay-gradient":""},"mobile":{"background-color":"var(--ast-global-color-5)","background-image":"","background-repeat":"repeat","background-position":"center center","background-size":"auto","background-attachment":"scroll","background-type":"","background-media":"","overlay-type":"","overlay-color":"","overlay-opacity":"","overlay-gradient":""}},"footnotes":""},"class_list":["post-678","page","type-page","status-publish","hentry"],"post_mailing_queue_ids":[],"_links":{"self":[{"href":"https:\/\/agora.xtec.cat\/ie-elcabreres\/wp-json\/wp\/v2\/pages\/678","targetHints":{"allow":["GET"]}}],"collection":[{"href":"https:\/\/agora.xtec.cat\/ie-elcabreres\/wp-json\/wp\/v2\/pages"}],"about":[{"href":"https:\/\/agora.xtec.cat\/ie-elcabreres\/wp-json\/wp\/v2\/types\/page"}],"author":[{"embeddable":true,"href":"https:\/\/agora.xtec.cat\/ie-elcabreres\/wp-json\/wp\/v2\/users\/4"}],"replies":[{"embeddable":true,"href":"https:\/\/agora.xtec.cat\/ie-elcabreres\/wp-json\/wp\/v2\/comments?post=678"}],"version-history":[{"count":5,"href":"https:\/\/agora.xtec.cat\/ie-elcabreres\/wp-json\/wp\/v2\/pages\/678\/revisions"}],"predecessor-version":[{"id":12327,"href":"https:\/\/agora.xtec.cat\/ie-elcabreres\/wp-json\/wp\/v2\/pages\/678\/revisions\/12327"}],"wp:attachment":[{"href":"https:\/\/agora.xtec.cat\/ie-elcabreres\/wp-json\/wp\/v2\/media?parent=678"}],"curies":[{"name":"wp","href":"https:\/\/api.w.org\/{rel}","templated":true}]}}