{"id":576,"date":"2020-07-09T20:28:35","date_gmt":"2020-07-09T18:28:35","guid":{"rendered":"https:\/\/agora.xtec.cat\/ie-elcabreres\/?page_id=576"},"modified":"2024-03-02T13:24:10","modified_gmt":"2024-03-02T12:24:10","slug":"rius","status":"publish","type":"page","link":"https:\/\/agora.xtec.cat\/ie-elcabreres\/projectes\/escoles-verdes\/rius\/","title":{"rendered":"Projecte Rius"},"content":{"rendered":"<p><img loading=\"lazy\" decoding=\"async\" class=\"alignright\" src=\"https:\/\/custodiafluvial.files.wordpress.com\/2016\/06\/ceip-el-cabrerc3a8s-les-gorgues.jpg?w=547\" width=\"391\" height=\"293\" \/>El\u00a0Projecte Rius\u00a0\u00e9s una iniciativa de l&#8217;<a href=\"http:\/\/www.projecterius.cat\/associacio-habitats\/\" rel=\"nofollow\">Associaci\u00f3 H\u00e0bitats<\/a>\u00a0que neix l\u2019any 1997 amb l\u2019objectiu d\u2019estimular la participaci\u00f3 activa de la societat en la conservaci\u00f3 i millora dels rius. Fomenta l\u2019apropament de les persones al medi i permet con\u00e8ixer les caracter\u00edstiques dels ecosistemes fluvials, la biodiversitat, els valors ecol\u00f2gics i socioculturals, aix\u00ed com identificar els problemes que els afecten i reflexionar sobre com pal\u00b7liar-los.<\/p>\n<p>Mitjan\u00e7ant l\u2019educaci\u00f3 ambiental, el foment del teixit associatiu i el treball en xarxa del voluntariat ambiental, el projecte promou la implicaci\u00f3 de societat en la gesti\u00f3 dels espais fluvials, engegant i compartint iniciatives per la millora dels rius i de l\u2019entorn de ribera.<\/p>\n<p>L\u2019\u00e0mbit d\u2019intervenci\u00f3 de Projecte Rius \u00e9s el conjunt de conques fluvials de Catalunya. Actualment, el projecte tamb\u00e9 es desenvolupa al Pa\u00eds Valenci\u00e0, a Gal\u00edcia, a Madrid, a Cant\u00e0bria i a Portugal impulsat per entitats de cada regi\u00f3 sota el nom\u00a0<a href=\"http:\/\/www.projecterius.cat\/xarxa\/\" target=\"_blank\" rel=\"nofollow noopener noreferrer\">Xarxa Projecte Rius.<\/a><\/p>\n<h4>L&#8217;Associaci\u00f3 H\u00e0bitats<\/h4>\n<p dir=\"ltr\"><img decoding=\"async\" class=\"alignright\" src=\"http:\/\/www.projecterius.cat\/img\/filosofia.jpg\" \/><\/p>\n<p>L&#8217;<strong><a title=\"Web de l'Associaci\u00f3 H\u00e0bitats\" href=\"http:\/\/www.associaciohabitats.cat\/\" target=\"_blank\" rel=\"nofollow noopener noreferrer\">Associaci\u00f3 H\u00e0bitats<\/a><\/strong>\u00a0\u00e9s una entitat sense \u00e0nim de lucre creada el 1997 amb l\u2019objectiu de fomentar l\u2019apropament de les persones a l\u2019entorn natural convertint-les en protagonistes de la conservaci\u00f3 del territori.<\/p>\n<p>Per tal de complir aquesta missi\u00f3, l\u2019Entitat empra eines i estrat\u00e8gies com l\u2019educaci\u00f3 ambiental, el voluntariat i la participaci\u00f3 social, eixos fonamentals que orienten tots els projectes i iniciatives sota la premissa:<strong><em>con\u00e8ixer, conservar i compartir.<\/em><\/strong><\/p>\n<p>En aquest sentit, els objectius de l\u2019associaci\u00f3 s\u00f3n els seg\u00fcents:<\/p>\n<ol>\n<li><strong>Treballar<\/strong>\u00a0per a la protecci\u00f3 i millora de la qualitat del nostre entorn natural i cultural a trav\u00e9s de projectes demostratius implicant al conjunt de la societat.<\/li>\n<li><strong>Conscienciar<\/strong>\u00a0a la societat a trav\u00e9s de la import\u00e0ncia d\u2019adoptar unes actituds encaminades a la millora de la qualitat dels ecosistemes.<\/li>\n<li><strong>Apropar<\/strong>\u00a0la ciutadania a trav\u00e9s de l\u2019educaci\u00f3 ambiental a l\u2019entorn natural, desenvolupant actuacions i projectes participatius per a la conservaci\u00f3 d\u2019aquest.<\/li>\n<li><strong>Estimular<\/strong>\u00a0i potenciar el voluntariat ambiental.<\/li>\n<li><strong>Integrar<\/strong>\u00a0i coordinar la societat en les tasques de conservaci\u00f3 potenciant el treball en xarxa.<\/li>\n<\/ol>\n<h5><b><span style=\"font-size: large;\">Qu\u00e8 fem a l&#8217;escola?<\/span><\/b><\/h5>\n<p dir=\"ltr\"><span style=\"color: #444444;\">Es tracta d\u2019analitzar un tram de la Gorga i dos cops l\u2019any enviar els resultats. El treball que es fa amb els alumnes \u00e9s l\u2019estudi d\u2019aquest tram, aprofundint en diferents aspectes relacionats, com els macroinvertrebrats, l\u2019estat de la gorga i la vegetaci\u00f3 que hi habita. Aquest treball el realitzen 2n i 3r.<\/span><\/p>\n<p dir=\"ltr\"><span style=\"color: #444444;\">Valorem molt positivament el projecte rius perqu\u00e8 a part de ser un treball interdisciplinar molt motivador, fomenta la participaci\u00f3 activa en la conservaci\u00f3 i millora del nostre riu i en general de l\u2019entorn. Fomenta l\u2019apropament al medi i permet con\u00e8ixer les caracter\u00edstiques dels ecosistemes fluvials, biodiversitat, valors ecol\u00f2gics, aix\u00ed com identificar els problemes que els afecten i reflexionar sobre com pal\u00b7liar-los.<\/span><\/p>\n<div><span style=\"color: #444444;\"><a href=\"http:\/\/www.projecterius.cat\/\" target=\"_blank\" rel=\"nofollow noopener noreferrer\">http:\/\/www.projecterius.cat\/<\/a><\/span><\/div>\n","protected":false},"excerpt":{"rendered":"<p>El\u00a0Projecte Rius\u00a0\u00e9s una iniciativa de l&#8217;Associaci\u00f3 H\u00e0bitats\u00a0que neix l\u2019any 1997 amb l\u2019objectiu d\u2019estimular la participaci\u00f3 activa de la societat en la conservaci\u00f3 i millora dels rius. Fomenta l\u2019apropament de les persones al medi i permet con\u00e8ixer les caracter\u00edstiques dels ecosistemes fluvials, la biodiversitat, els valors ecol\u00f2gics i socioculturals, aix\u00ed com identificar els problemes que els [&hellip;]<\/p>\n","protected":false},"author":4,"featured_media":0,"parent":568,"menu_order":50,"comment_status":"closed","ping_status":"closed","template":"page-templates\/side-menu.php","meta":{"_bbp_topic_count":0,"_bbp_reply_count":0,"_bbp_total_topic_count":0,"_bbp_total_reply_count":0,"_bbp_voice_count":0,"_bbp_anonymous_reply_count":0,"_bbp_topic_count_hidden":0,"_bbp_reply_count_hidden":0,"_bbp_forum_subforum_count":0,"site-sidebar-layout":"default","site-content-layout":"","ast-site-content-layout":"","site-content-style":"default","site-sidebar-style":"default","ast-global-header-display":"","ast-banner-title-visibility":"","ast-main-header-display":"","ast-hfb-above-header-display":"","ast-hfb-below-header-display":"","ast-hfb-mobile-header-display":"","site-post-title":"","ast-breadcrumbs-content":"","ast-featured-img":"","footer-sml-layout":"","theme-transparent-header-meta":"","adv-header-id-meta":"","stick-header-meta":"","header-above-stick-meta":"","header-main-stick-meta":"","header-below-stick-meta":"","astra-migrate-meta-layouts":"default","ast-page-background-enabled":"default","ast-page-background-meta":{"desktop":{"background-color":"var(--ast-global-color-4)","background-image":"","background-repeat":"repeat","background-position":"center center","background-size":"auto","background-attachment":"scroll","background-type":"","background-media":"","overlay-type":"","overlay-color":"","overlay-opacity":"","overlay-gradient":""},"tablet":{"background-color":"","background-image":"","background-repeat":"repeat","background-position":"center center","background-size":"auto","background-attachment":"scroll","background-type":"","background-media":"","overlay-type":"","overlay-color":"","overlay-opacity":"","overlay-gradient":""},"mobile":{"background-color":"","background-image":"","background-repeat":"repeat","background-position":"center center","background-size":"auto","background-attachment":"scroll","background-type":"","background-media":"","overlay-type":"","overlay-color":"","overlay-opacity":"","overlay-gradient":""}},"ast-content-background-meta":{"desktop":{"background-color":"var(--ast-global-color-5)","background-image":"","background-repeat":"repeat","background-position":"center center","background-size":"auto","background-attachment":"scroll","background-type":"","background-media":"","overlay-type":"","overlay-color":"","overlay-opacity":"","overlay-gradient":""},"tablet":{"background-color":"var(--ast-global-color-5)","background-image":"","background-repeat":"repeat","background-position":"center center","background-size":"auto","background-attachment":"scroll","background-type":"","background-media":"","overlay-type":"","overlay-color":"","overlay-opacity":"","overlay-gradient":""},"mobile":{"background-color":"var(--ast-global-color-5)","background-image":"","background-repeat":"repeat","background-position":"center center","background-size":"auto","background-attachment":"scroll","background-type":"","background-media":"","overlay-type":"","overlay-color":"","overlay-opacity":"","overlay-gradient":""}},"footnotes":""},"class_list":["post-576","page","type-page","status-publish","hentry"],"post_mailing_queue_ids":[],"_links":{"self":[{"href":"https:\/\/agora.xtec.cat\/ie-elcabreres\/wp-json\/wp\/v2\/pages\/576","targetHints":{"allow":["GET"]}}],"collection":[{"href":"https:\/\/agora.xtec.cat\/ie-elcabreres\/wp-json\/wp\/v2\/pages"}],"about":[{"href":"https:\/\/agora.xtec.cat\/ie-elcabreres\/wp-json\/wp\/v2\/types\/page"}],"author":[{"embeddable":true,"href":"https:\/\/agora.xtec.cat\/ie-elcabreres\/wp-json\/wp\/v2\/users\/4"}],"replies":[{"embeddable":true,"href":"https:\/\/agora.xtec.cat\/ie-elcabreres\/wp-json\/wp\/v2\/comments?post=576"}],"version-history":[{"count":3,"href":"https:\/\/agora.xtec.cat\/ie-elcabreres\/wp-json\/wp\/v2\/pages\/576\/revisions"}],"predecessor-version":[{"id":793,"href":"https:\/\/agora.xtec.cat\/ie-elcabreres\/wp-json\/wp\/v2\/pages\/576\/revisions\/793"}],"up":[{"embeddable":true,"href":"https:\/\/agora.xtec.cat\/ie-elcabreres\/wp-json\/wp\/v2\/pages\/568"}],"wp:attachment":[{"href":"https:\/\/agora.xtec.cat\/ie-elcabreres\/wp-json\/wp\/v2\/media?parent=576"}],"curies":[{"name":"wp","href":"https:\/\/api.w.org\/{rel}","templated":true}]}}