{"id":537,"date":"2020-07-06T12:46:22","date_gmt":"2020-07-06T10:46:22","guid":{"rendered":"https:\/\/agora.xtec.cat\/ie-elcabreres\/?page_id=537"},"modified":"2025-11-10T19:10:36","modified_gmt":"2025-11-10T18:10:36","slug":"informacions","status":"publish","type":"page","link":"https:\/\/agora.xtec.cat\/ie-elcabreres\/lescola\/informacions\/","title":{"rendered":"Informacions"},"content":{"rendered":"<p style=\"text-align: left; font-size: LARGE;\"><span style=\"color: #000000;\"><strong>CURS 2025-2026<\/strong><\/span><\/p>\n<p style=\"text-align: center;\"><a href=\"https:\/\/www.calameo.com\/read\/0073128195774a8e867c2\">PRESENTACI\u00d3 PORTES OBERTES<\/a><\/p>\n<p style=\"text-align: center;\"><a href=\"https:\/\/agora.xtec.cat\/ie-elcabreres\/lescola\/calendari-del-curs\/\">HORARI DEL CENTRE I CALENDARI 2025-2026<\/a><\/p>\n<table style=\"height: 20px; width: 77.9123%; border-collapse: collapse;\">\n<tbody>\n<tr style=\"height: 300px;\">\n<td style=\"width: 40%; height: 10px; text-align: center;\">\n<div style=\"position: relative; width: 100%; height: 0; padding-top: 56.2500%; padding-bottom: 0; box-shadow: 0 2px 8px 0 rgba(63,69,81,0.16); margin-top: 1.6em; margin-bottom: 0.9em; overflow: hidden; border-radius: 8px; will-change: transform;\"><iframe style=\"position: absolute; width: 100%; height: 100%; top: 0; left: 0; border: none; padding: 0; margin: 0;\" src=\"https:\/\/www.canva.com\/design\/DAGsG4-ZRaY\/tb5Oh7A5f100dwDHb0qijQ\/view?embed\" allowfullscreen=\"allowfullscreen\"><br \/>\n<\/iframe><\/div>\n<p><a href=\"https:\/\/www.canva.com\/design\/DAGsG4-ZRaY\/tb5Oh7A5f100dwDHb0qijQ\/view?utm_content=DAGsG4-ZRaY&amp;utm_campaign=designshare&amp;utm_medium=embeds&amp;utm_source=link\" target=\"_blank\" rel=\"noopener\">INFORMACIONS EL CABRER\u00c8S 25-26 inf i pri<\/a><\/td>\n<td style=\"width: 40%; height: 20px; text-align: center;\" rowspan=\"2\">\n<div style=\"position: relative; width: 100%; height: 0; padding-top: 141.4286%; padding-bottom: 0; box-shadow: 0 2px 8px 0 rgba(63,69,81,0.16); margin-top: 1.6em; margin-bottom: 0.9em; overflow: hidden; border-radius: 8px; will-change: transform;\"><iframe style=\"position: absolute; width: 100%; height: 100%; top: 0; left: 0; border: none; padding: 0; margin: 0;\" src=\"https:\/\/www.canva.com\/design\/DAGqgrrpa4I\/uLxyM7xQxeVjaI6SFGA27g\/view?embed\" allowfullscreen=\"allowfullscreen\"><br \/>\n<\/iframe><\/div>\n<p><a href=\"https:\/\/www.canva.com\/design\/DAGqgrrpa4I\/uLxyM7xQxeVjaI6SFGA27g\/view?utm_content=DAGqgrrpa4I&amp;utm_campaign=designshare&amp;utm_medium=embeds&amp;utm_source=link\" target=\"_blank\" rel=\"noopener\">CALENDARI 25-26<\/a><\/td>\n<\/tr>\n<tr style=\"height: 278px;\">\n<td style=\"width: 40%; height: 10px; text-align: center;\">\n<div style=\"position: relative; width: 100%; height: 0px; padding-top: 56.25%; padding-bottom: 0px; box-shadow: rgba(63, 69, 81, 0.16) 0px 2px 8px 0px; margin-top: 1.6em; margin-bottom: 0.9em; overflow: hidden; border-radius: 8px; will-change: transform; text-align: center;\"><iframe style=\"position: absolute; width: 100%; height: 100%; top: 0; left: 0; border: none; padding: 0; margin: 0;\" src=\"https:\/\/www.canva.com\/design\/DAGskEyCujs\/-q8C-JwNlv1eSH2JpNqHKw\/view?embed\" allowfullscreen=\"allowfullscreen\"><br \/>\n<\/iframe><\/div>\n<p style=\"text-align: center;\"><a href=\"https:\/\/www.canva.com\/design\/DAGskEyCujs\/-q8C-JwNlv1eSH2JpNqHKw\/view?utm_content=DAGskEyCujs&amp;utm_campaign=designshare&amp;utm_medium=embeds&amp;utm_source=link\" target=\"_blank\" rel=\"noopener\">INFORMACIONS EL CABRER\u00c8S 25-26 SEC<\/a><\/p>\n<\/td>\n<\/tr>\n<\/tbody>\n<\/table>\n<p>&nbsp;<\/p>\n<p>Tel\u00e8fon per consultes 938568080 o al correu: <a href=\"mailto:elcabreres@elcabreres.cat\">elcabreres@elcabreres.cat<\/a><\/p>\n<p>Per q\u00fcestions administratives\/secretaria acad\u00e8mica: <a href=\"mailto:administracio@elcabreres.cat\">administracio@elcabreres.cat<\/a><\/p>\n","protected":false},"excerpt":{"rendered":"<p>CURS 2025-2026 PRESENTACI\u00d3 PORTES OBERTES HORARI DEL CENTRE I CALENDARI 2025-2026 INFORMACIONS EL CABRER\u00c8S 25-26 inf i pri CALENDARI 25-26 INFORMACIONS EL CABRER\u00c8S 25-26 SEC &nbsp; Tel\u00e8fon per consultes 938568080 o al correu: elcabreres@elcabreres.cat Per q\u00fcestions administratives\/secretaria acad\u00e8mica: administracio@elcabreres.cat<\/p>\n","protected":false},"author":4,"featured_media":0,"parent":22,"menu_order":50,"comment_status":"closed","ping_status":"closed","template":"page-templates\/side-menu.php","meta":{"_bbp_topic_count":0,"_bbp_reply_count":0,"_bbp_total_topic_count":0,"_bbp_total_reply_count":0,"_bbp_voice_count":0,"_bbp_anonymous_reply_count":0,"_bbp_topic_count_hidden":0,"_bbp_reply_count_hidden":0,"_bbp_forum_subforum_count":0,"site-sidebar-layout":"default","site-content-layout":"","ast-site-content-layout":"","site-content-style":"default","site-sidebar-style":"default","ast-global-header-display":"","ast-banner-title-visibility":"","ast-main-header-display":"","ast-hfb-above-header-display":"","ast-hfb-below-header-display":"","ast-hfb-mobile-header-display":"","site-post-title":"","ast-breadcrumbs-content":"","ast-featured-img":"","footer-sml-layout":"","theme-transparent-header-meta":"","adv-header-id-meta":"","stick-header-meta":"","header-above-stick-meta":"","header-main-stick-meta":"","header-below-stick-meta":"","astra-migrate-meta-layouts":"default","ast-page-background-enabled":"default","ast-page-background-meta":{"desktop":{"background-color":"var(--ast-global-color-4)","background-image":"","background-repeat":"repeat","background-position":"center center","background-size":"auto","background-attachment":"scroll","background-type":"","background-media":"","overlay-type":"","overlay-color":"","overlay-opacity":"","overlay-gradient":""},"tablet":{"background-color":"","background-image":"","background-repeat":"repeat","background-position":"center center","background-size":"auto","background-attachment":"scroll","background-type":"","background-media":"","overlay-type":"","overlay-color":"","overlay-opacity":"","overlay-gradient":""},"mobile":{"background-color":"","background-image":"","background-repeat":"repeat","background-position":"center center","background-size":"auto","background-attachment":"scroll","background-type":"","background-media":"","overlay-type":"","overlay-color":"","overlay-opacity":"","overlay-gradient":""}},"ast-content-background-meta":{"desktop":{"background-color":"var(--ast-global-color-5)","background-image":"","background-repeat":"repeat","background-position":"center center","background-size":"auto","background-attachment":"scroll","background-type":"","background-media":"","overlay-type":"","overlay-color":"","overlay-opacity":"","overlay-gradient":""},"tablet":{"background-color":"var(--ast-global-color-5)","background-image":"","background-repeat":"repeat","background-position":"center center","background-size":"auto","background-attachment":"scroll","background-type":"","background-media":"","overlay-type":"","overlay-color":"","overlay-opacity":"","overlay-gradient":""},"mobile":{"background-color":"var(--ast-global-color-5)","background-image":"","background-repeat":"repeat","background-position":"center center","background-size":"auto","background-attachment":"scroll","background-type":"","background-media":"","overlay-type":"","overlay-color":"","overlay-opacity":"","overlay-gradient":""}},"footnotes":""},"class_list":["post-537","page","type-page","status-publish","hentry"],"post_mailing_queue_ids":[],"_links":{"self":[{"href":"https:\/\/agora.xtec.cat\/ie-elcabreres\/wp-json\/wp\/v2\/pages\/537","targetHints":{"allow":["GET"]}}],"collection":[{"href":"https:\/\/agora.xtec.cat\/ie-elcabreres\/wp-json\/wp\/v2\/pages"}],"about":[{"href":"https:\/\/agora.xtec.cat\/ie-elcabreres\/wp-json\/wp\/v2\/types\/page"}],"author":[{"embeddable":true,"href":"https:\/\/agora.xtec.cat\/ie-elcabreres\/wp-json\/wp\/v2\/users\/4"}],"replies":[{"embeddable":true,"href":"https:\/\/agora.xtec.cat\/ie-elcabreres\/wp-json\/wp\/v2\/comments?post=537"}],"version-history":[{"count":9,"href":"https:\/\/agora.xtec.cat\/ie-elcabreres\/wp-json\/wp\/v2\/pages\/537\/revisions"}],"predecessor-version":[{"id":12440,"href":"https:\/\/agora.xtec.cat\/ie-elcabreres\/wp-json\/wp\/v2\/pages\/537\/revisions\/12440"}],"up":[{"embeddable":true,"href":"https:\/\/agora.xtec.cat\/ie-elcabreres\/wp-json\/wp\/v2\/pages\/22"}],"wp:attachment":[{"href":"https:\/\/agora.xtec.cat\/ie-elcabreres\/wp-json\/wp\/v2\/media?parent=537"}],"curies":[{"name":"wp","href":"https:\/\/api.w.org\/{rel}","templated":true}]}}