{"id":5346,"date":"2021-12-11T17:02:39","date_gmt":"2021-12-11T16:02:39","guid":{"rendered":"https:\/\/agora.xtec.cat\/ie-elcabreres\/?page_id=5346"},"modified":"2022-04-29T11:35:56","modified_gmt":"2022-04-29T09:35:56","slug":"informacio-i-contacte","status":"publish","type":"page","link":"https:\/\/agora.xtec.cat\/ie-elcabreres\/afa-2\/informacio-i-contacte\/","title":{"rendered":"Informaci\u00f3 i contacte"},"content":{"rendered":"<h4><b>Com informa?<\/b><\/h4>\n<p><span style=\"font-weight: 400;\">S\u2019envien cartes, butlletins informatius i comunicats a cada fam\u00edlia a trav\u00e9s de la motxilla dels alumnes, per correu electr\u00f2nic i per tel\u00e8fon m\u00f2bil.\u00a0<\/span><\/p>\n<hr \/>\n<h4><b>Contacta amb l\u2019AFA<\/b><\/h4>\n<p><span style=\"font-weight: 400;\">Correu electr\u00f2nic: <\/span><a href=\"mailto:afalesquirol@gmail.com\"><span style=\"font-weight: 400;\">afalesquirol@gmail.com<\/span><\/a><\/p>\n<p><span style=\"font-weight: 400;\">Tel\u00e8fon: 618 620 233 utilitzar nom\u00e9s de 9 a 12:00 i en cas d\u2019urg\u00e8ncia.<\/span><\/p>\n","protected":false},"excerpt":{"rendered":"<p>Com informa? S\u2019envien cartes, butlletins informatius i comunicats a cada fam\u00edlia a trav\u00e9s de la motxilla dels alumnes, per correu electr\u00f2nic i per tel\u00e8fon m\u00f2bil.\u00a0 Contacta amb l\u2019AFA Correu electr\u00f2nic: afalesquirol@gmail.com Tel\u00e8fon: 618 620 233 utilitzar nom\u00e9s de 9 a 12:00 i en cas d\u2019urg\u00e8ncia.<\/p>\n","protected":false},"author":4,"featured_media":0,"parent":5331,"menu_order":18,"comment_status":"closed","ping_status":"closed","template":"","meta":{"_bbp_topic_count":0,"_bbp_reply_count":0,"_bbp_total_topic_count":0,"_bbp_total_reply_count":0,"_bbp_voice_count":0,"_bbp_anonymous_reply_count":0,"_bbp_topic_count_hidden":0,"_bbp_reply_count_hidden":0,"_bbp_forum_subforum_count":0,"site-sidebar-layout":"default","site-content-layout":"","ast-site-content-layout":"","site-content-style":"default","site-sidebar-style":"default","ast-global-header-display":"","ast-banner-title-visibility":"","ast-main-header-display":"","ast-hfb-above-header-display":"","ast-hfb-below-header-display":"","ast-hfb-mobile-header-display":"","site-post-title":"","ast-breadcrumbs-content":"","ast-featured-img":"","footer-sml-layout":"","theme-transparent-header-meta":"","adv-header-id-meta":"","stick-header-meta":"","header-above-stick-meta":"","header-main-stick-meta":"","header-below-stick-meta":"","astra-migrate-meta-layouts":"default","ast-page-background-enabled":"default","ast-page-background-meta":{"desktop":{"background-color":"var(--ast-global-color-4)","background-image":"","background-repeat":"repeat","background-position":"center center","background-size":"auto","background-attachment":"scroll","background-type":"","background-media":"","overlay-type":"","overlay-color":"","overlay-opacity":"","overlay-gradient":""},"tablet":{"background-color":"","background-image":"","background-repeat":"repeat","background-position":"center center","background-size":"auto","background-attachment":"scroll","background-type":"","background-media":"","overlay-type":"","overlay-color":"","overlay-opacity":"","overlay-gradient":""},"mobile":{"background-color":"","background-image":"","background-repeat":"repeat","background-position":"center center","background-size":"auto","background-attachment":"scroll","background-type":"","background-media":"","overlay-type":"","overlay-color":"","overlay-opacity":"","overlay-gradient":""}},"ast-content-background-meta":{"desktop":{"background-color":"var(--ast-global-color-5)","background-image":"","background-repeat":"repeat","background-position":"center center","background-size":"auto","background-attachment":"scroll","background-type":"","background-media":"","overlay-type":"","overlay-color":"","overlay-opacity":"","overlay-gradient":""},"tablet":{"background-color":"var(--ast-global-color-5)","background-image":"","background-repeat":"repeat","background-position":"center center","background-size":"auto","background-attachment":"scroll","background-type":"","background-media":"","overlay-type":"","overlay-color":"","overlay-opacity":"","overlay-gradient":""},"mobile":{"background-color":"var(--ast-global-color-5)","background-image":"","background-repeat":"repeat","background-position":"center center","background-size":"auto","background-attachment":"scroll","background-type":"","background-media":"","overlay-type":"","overlay-color":"","overlay-opacity":"","overlay-gradient":""}},"footnotes":""},"class_list":["post-5346","page","type-page","status-publish","hentry"],"post_mailing_queue_ids":[],"_links":{"self":[{"href":"https:\/\/agora.xtec.cat\/ie-elcabreres\/wp-json\/wp\/v2\/pages\/5346","targetHints":{"allow":["GET"]}}],"collection":[{"href":"https:\/\/agora.xtec.cat\/ie-elcabreres\/wp-json\/wp\/v2\/pages"}],"about":[{"href":"https:\/\/agora.xtec.cat\/ie-elcabreres\/wp-json\/wp\/v2\/types\/page"}],"author":[{"embeddable":true,"href":"https:\/\/agora.xtec.cat\/ie-elcabreres\/wp-json\/wp\/v2\/users\/4"}],"replies":[{"embeddable":true,"href":"https:\/\/agora.xtec.cat\/ie-elcabreres\/wp-json\/wp\/v2\/comments?post=5346"}],"version-history":[{"count":2,"href":"https:\/\/agora.xtec.cat\/ie-elcabreres\/wp-json\/wp\/v2\/pages\/5346\/revisions"}],"predecessor-version":[{"id":5373,"href":"https:\/\/agora.xtec.cat\/ie-elcabreres\/wp-json\/wp\/v2\/pages\/5346\/revisions\/5373"}],"up":[{"embeddable":true,"href":"https:\/\/agora.xtec.cat\/ie-elcabreres\/wp-json\/wp\/v2\/pages\/5331"}],"wp:attachment":[{"href":"https:\/\/agora.xtec.cat\/ie-elcabreres\/wp-json\/wp\/v2\/media?parent=5346"}],"curies":[{"name":"wp","href":"https:\/\/api.w.org\/{rel}","templated":true}]}}