{"id":5337,"date":"2021-12-11T16:55:57","date_gmt":"2021-12-11T15:55:57","guid":{"rendered":"https:\/\/agora.xtec.cat\/ie-elcabreres\/?page_id=5337"},"modified":"2021-12-11T17:35:04","modified_gmt":"2021-12-11T16:35:04","slug":"que-fa","status":"publish","type":"page","link":"https:\/\/agora.xtec.cat\/ie-elcabreres\/afa-2\/que-fa\/","title":{"rendered":"Qu\u00e8 fa?"},"content":{"rendered":"<p><span style=\"font-weight: 400;\">L\u2019AFA administra els recursos que aporten els seus associats i realitza les seg\u00fcents tasques:<\/span><\/p>\n<ul>\n<li><span style=\"font-weight: 400;\"> Cobrament de quotes i dels serveis que ofereix.<\/span><\/li>\n<li><span style=\"font-weight: 400;\"> Gesti\u00f3 del servei de menjador.<\/span><\/li>\n<li><span style=\"font-weight: 400;\"> Gesti\u00f3 del servei d\u2019acollida: atenci\u00f3, a partir de 3\/4 de 8, als alumnes, les fam\u00edlies dels quals, necessiten arribar abans a l\u2019escola.<\/span><\/li>\n<li><span style=\"font-weight: 400;\"> Coordinaci\u00f3 d\u2019activitats extraescolars.<\/span><\/li>\n<li><span style=\"font-weight: 400;\"> Servei de Logop\u00e8dia i psicologia amb coordinaci\u00f3 amb l\u2019escola.<\/span><\/li>\n<li><span style=\"font-weight: 400;\"> Organitzaci\u00f3 de la festa de final de curs i altres activitats.<\/span><\/li>\n<\/ul>\n","protected":false},"excerpt":{"rendered":"<p>L\u2019AFA administra els recursos que aporten els seus associats i realitza les seg\u00fcents tasques: Cobrament de quotes i dels serveis que ofereix. Gesti\u00f3 del servei de menjador. Gesti\u00f3 del servei d\u2019acollida: atenci\u00f3, a partir de 3\/4 de 8, als alumnes, les fam\u00edlies dels quals, necessiten arribar abans a l\u2019escola. Coordinaci\u00f3 d\u2019activitats extraescolars. Servei de Logop\u00e8dia [&hellip;]<\/p>\n","protected":false},"author":4,"featured_media":0,"parent":5331,"menu_order":12,"comment_status":"closed","ping_status":"closed","template":"","meta":{"_bbp_topic_count":0,"_bbp_reply_count":0,"_bbp_total_topic_count":0,"_bbp_total_reply_count":0,"_bbp_voice_count":0,"_bbp_anonymous_reply_count":0,"_bbp_topic_count_hidden":0,"_bbp_reply_count_hidden":0,"_bbp_forum_subforum_count":0,"site-sidebar-layout":"default","site-content-layout":"","ast-site-content-layout":"","site-content-style":"default","site-sidebar-style":"default","ast-global-header-display":"","ast-banner-title-visibility":"","ast-main-header-display":"","ast-hfb-above-header-display":"","ast-hfb-below-header-display":"","ast-hfb-mobile-header-display":"","site-post-title":"","ast-breadcrumbs-content":"","ast-featured-img":"","footer-sml-layout":"","theme-transparent-header-meta":"","adv-header-id-meta":"","stick-header-meta":"","header-above-stick-meta":"","header-main-stick-meta":"","header-below-stick-meta":"","astra-migrate-meta-layouts":"default","ast-page-background-enabled":"default","ast-page-background-meta":{"desktop":{"background-color":"var(--ast-global-color-4)","background-image":"","background-repeat":"repeat","background-position":"center center","background-size":"auto","background-attachment":"scroll","background-type":"","background-media":"","overlay-type":"","overlay-color":"","overlay-opacity":"","overlay-gradient":""},"tablet":{"background-color":"","background-image":"","background-repeat":"repeat","background-position":"center center","background-size":"auto","background-attachment":"scroll","background-type":"","background-media":"","overlay-type":"","overlay-color":"","overlay-opacity":"","overlay-gradient":""},"mobile":{"background-color":"","background-image":"","background-repeat":"repeat","background-position":"center center","background-size":"auto","background-attachment":"scroll","background-type":"","background-media":"","overlay-type":"","overlay-color":"","overlay-opacity":"","overlay-gradient":""}},"ast-content-background-meta":{"desktop":{"background-color":"var(--ast-global-color-5)","background-image":"","background-repeat":"repeat","background-position":"center center","background-size":"auto","background-attachment":"scroll","background-type":"","background-media":"","overlay-type":"","overlay-color":"","overlay-opacity":"","overlay-gradient":""},"tablet":{"background-color":"var(--ast-global-color-5)","background-image":"","background-repeat":"repeat","background-position":"center center","background-size":"auto","background-attachment":"scroll","background-type":"","background-media":"","overlay-type":"","overlay-color":"","overlay-opacity":"","overlay-gradient":""},"mobile":{"background-color":"var(--ast-global-color-5)","background-image":"","background-repeat":"repeat","background-position":"center center","background-size":"auto","background-attachment":"scroll","background-type":"","background-media":"","overlay-type":"","overlay-color":"","overlay-opacity":"","overlay-gradient":""}},"footnotes":""},"class_list":["post-5337","page","type-page","status-publish","hentry"],"post_mailing_queue_ids":[],"_links":{"self":[{"href":"https:\/\/agora.xtec.cat\/ie-elcabreres\/wp-json\/wp\/v2\/pages\/5337","targetHints":{"allow":["GET"]}}],"collection":[{"href":"https:\/\/agora.xtec.cat\/ie-elcabreres\/wp-json\/wp\/v2\/pages"}],"about":[{"href":"https:\/\/agora.xtec.cat\/ie-elcabreres\/wp-json\/wp\/v2\/types\/page"}],"author":[{"embeddable":true,"href":"https:\/\/agora.xtec.cat\/ie-elcabreres\/wp-json\/wp\/v2\/users\/4"}],"replies":[{"embeddable":true,"href":"https:\/\/agora.xtec.cat\/ie-elcabreres\/wp-json\/wp\/v2\/comments?post=5337"}],"version-history":[{"count":1,"href":"https:\/\/agora.xtec.cat\/ie-elcabreres\/wp-json\/wp\/v2\/pages\/5337\/revisions"}],"predecessor-version":[{"id":5338,"href":"https:\/\/agora.xtec.cat\/ie-elcabreres\/wp-json\/wp\/v2\/pages\/5337\/revisions\/5338"}],"up":[{"embeddable":true,"href":"https:\/\/agora.xtec.cat\/ie-elcabreres\/wp-json\/wp\/v2\/pages\/5331"}],"wp:attachment":[{"href":"https:\/\/agora.xtec.cat\/ie-elcabreres\/wp-json\/wp\/v2\/media?parent=5337"}],"curies":[{"name":"wp","href":"https:\/\/api.w.org\/{rel}","templated":true}]}}