{"id":4584,"date":"2021-07-02T13:32:31","date_gmt":"2021-07-02T11:32:31","guid":{"rendered":"https:\/\/agora.xtec.cat\/ie-elcabreres\/?page_id=4584"},"modified":"2021-07-02T13:56:00","modified_gmt":"2021-07-02T11:56:00","slug":"el-pont-del-moli-den-bertrana","status":"publish","type":"page","link":"https:\/\/agora.xtec.cat\/ie-elcabreres\/el-pont-del-moli-den-bertrana\/","title":{"rendered":"EL PONT DEL MOL\u00cd D&#8217;EN BERTRANA"},"content":{"rendered":"<section id=\"h.7f84dcd0c07c243f_42\" class=\"yaqOZd\">\n<div class=\"mYVXT\">\n<div class=\"LS81yb VICjCf\" tabindex=\"-1\">\n<div class=\"hJDwNd-AhqUyc-uQSCkd purZT-AhqUyc-II5mzb pSzOP-AhqUyc-qWD73c JNdkSc\">\n<div class=\"JNdkSc-SmKAyb\">\n<div class=\"\">\n<table>\n<tbody>\n<tr>\n<td><a href=\"https:\/\/agora.xtec.cat\/ie-elcabreres\/wp-content\/uploads\/usu2186\/2021\/07\/bertrana0.jpg\"><img loading=\"lazy\" decoding=\"async\" class=\"alignnone wp-image-4590\" src=\"https:\/\/agora.xtec.cat\/ie-elcabreres\/wp-content\/uploads\/usu2186\/2021\/07\/bertrana0.jpg\" alt=\"\" width=\"263\" height=\"175\" srcset=\"https:\/\/agora.xtec.cat\/ie-elcabreres\/wp-content\/uploads\/usu2186\/2021\/07\/bertrana0.jpg 658w, https:\/\/agora.xtec.cat\/ie-elcabreres\/wp-content\/uploads\/usu2186\/2021\/07\/bertrana0-300x200.jpg 300w\" sizes=\"auto, (max-width: 263px) 100vw, 263px\" \/><\/a><\/td>\n<td><a href=\"https:\/\/agora.xtec.cat\/ie-elcabreres\/wp-content\/uploads\/usu2186\/2021\/07\/bertrana2.jpg\"><img loading=\"lazy\" decoding=\"async\" class=\"alignnone wp-image-4586\" src=\"https:\/\/agora.xtec.cat\/ie-elcabreres\/wp-content\/uploads\/usu2186\/2021\/07\/bertrana2.jpg\" alt=\"\" width=\"255\" height=\"193\" srcset=\"https:\/\/agora.xtec.cat\/ie-elcabreres\/wp-content\/uploads\/usu2186\/2021\/07\/bertrana2.jpg 464w, https:\/\/agora.xtec.cat\/ie-elcabreres\/wp-content\/uploads\/usu2186\/2021\/07\/bertrana2-300x227.jpg 300w, https:\/\/agora.xtec.cat\/ie-elcabreres\/wp-content\/uploads\/usu2186\/2021\/07\/bertrana2-200x150.jpg 200w\" sizes=\"auto, (max-width: 255px) 100vw, 255px\" \/><\/a><\/td>\n<td><a href=\"https:\/\/agora.xtec.cat\/ie-elcabreres\/wp-content\/uploads\/usu2186\/2021\/07\/bertrana3.jpg\"><img loading=\"lazy\" decoding=\"async\" class=\"alignnone wp-image-4587\" src=\"https:\/\/agora.xtec.cat\/ie-elcabreres\/wp-content\/uploads\/usu2186\/2021\/07\/bertrana3.jpg\" alt=\"\" width=\"355\" height=\"198\" srcset=\"https:\/\/agora.xtec.cat\/ie-elcabreres\/wp-content\/uploads\/usu2186\/2021\/07\/bertrana3.jpg 459w, https:\/\/agora.xtec.cat\/ie-elcabreres\/wp-content\/uploads\/usu2186\/2021\/07\/bertrana3-300x167.jpg 300w\" sizes=\"auto, (max-width: 355px) 100vw, 355px\" \/><\/a><\/td>\n<td><a href=\"https:\/\/agora.xtec.cat\/ie-elcabreres\/wp-content\/uploads\/usu2186\/2021\/07\/bertrana4.jpg\"><img loading=\"lazy\" decoding=\"async\" class=\"alignnone wp-image-4588\" src=\"https:\/\/agora.xtec.cat\/ie-elcabreres\/wp-content\/uploads\/usu2186\/2021\/07\/bertrana4.jpg\" alt=\"\" width=\"270\" height=\"200\" srcset=\"https:\/\/agora.xtec.cat\/ie-elcabreres\/wp-content\/uploads\/usu2186\/2021\/07\/bertrana4.jpg 461w, https:\/\/agora.xtec.cat\/ie-elcabreres\/wp-content\/uploads\/usu2186\/2021\/07\/bertrana4-300x222.jpg 300w\" sizes=\"auto, (max-width: 270px) 100vw, 270px\" \/><\/a><\/td>\n<\/tr>\n<tr>\n<td>El pont<\/td>\n<td>Envoltat de natura<\/td>\n<td>Tallamar<\/td>\n<td>Els arcs<\/td>\n<\/tr>\n<\/tbody>\n<\/table>\n<div class=\"oKdM2c Kzv0Me\">\n<div id=\"h.7f84dcd0c07c243f_45\" class=\"hJDwNd-AhqUyc-uQSCkd jXK9ad D2fZ2 OjCsFc wHaque GNzUNc\">\n<div class=\"jXK9ad-SmKAyb\">\n<div class=\"tyJCtd mGzaTb baZpAe\">\n<hr \/>\n<p><iframe loading=\"lazy\" src=\"https:\/\/drive.google.com\/file\/d\/1oZiTMqTDvWE9tX46jal4dYlUj3Un2nXx\/preview\" width=\"640\" height=\"480\"><\/iframe><\/p>\n<hr \/>\n<p><a href=\"https:\/\/agora.xtec.cat\/ie-elcabreres\/wp-content\/uploads\/usu2186\/2021\/07\/cat.jpg\"><img loading=\"lazy\" decoding=\"async\" src=\"https:\/\/agora.xtec.cat\/ie-elcabreres\/wp-content\/uploads\/usu2186\/2021\/07\/cat.jpg\" alt=\"\" width=\"75\" height=\"49\" \/><\/a><\/p>\n<\/div>\n<p>El pont i el Mol\u00ed d&#8217;en Bertrana s\u00f3n potser, les dues principals restes arqueol\u00f2giques situades a la fer\u00e9stega riera de les Gorgues entre la poblaci\u00f3 de l\u2019Esquirol i el salt d\u2019aigua del Tornall, el m\u00e9s rec\u00f2ndit i isolat del Collsacabra.<\/p>\n<p>Un cop travessada la riera, el corriol continua en direcci\u00f3 al Mol\u00ed d&#8217;en Bertrana el salt del Tornall.<\/p>\n<p>El Pont del Mol\u00ed d&#8217;en Bertrana, \u00e9s un pont de pedra d\u2019origen medieval format per dos arcs i en forma de llom d\u2019ase, estil habitual de l\u2019\u00e8poca baix medieval i moderna.<\/p>\n<p>Diversos molins fariners es van situar a la riba de la riera de les Gorgues des de sempre per poder aprofitar les aig\u00fces abundants amb forta embranzida.<\/p>\n<p>Tots ells s\u00f3n un munt de ru\u00efnes ja fa molts anys -algunes imperceptibles- per\u00f2, la seva visita enclotada, selv\u00e0tica prop de salts d\u2019aigua i gorgs, fan la seva descoberta imprescindible per a qualsevol excursionista o amant de la natura i l\u2019art amb afany d\u2019arque\u00f2leg.<\/p>\n<\/div>\n<\/div>\n<div>\n<hr \/>\n<\/div>\n<\/div>\n<\/div>\n<\/div>\n<\/div>\n<\/div>\n<\/div>\n<\/section>\n<section id=\"h.7f84dcd0c07c243f_46\">\n<div><a href=\"https:\/\/agora.xtec.cat\/ie-elcabreres\/wp-content\/uploads\/usu2186\/2021\/07\/CAS.jpg\"><img loading=\"lazy\" decoding=\"async\" src=\"https:\/\/agora.xtec.cat\/ie-elcabreres\/wp-content\/uploads\/usu2186\/2021\/07\/CAS.jpg\" alt=\"\" width=\"79\" height=\"49\" \/><\/a><\/div>\n<div>\n<div tabindex=\"-1\">\n<div>\n<div>\n<div>\n<div>\n<div id=\"h.7f84dcd0c07c243f_49\">\n<div>\n<div>\n<div id=\"h.p_8KRVkFrCLj4s\"><\/div>\n<p id=\"h.p_8KRVkFrCLj4s\" dir=\"ltr\">El puente y el Molino de Bertrana son quiz\u00e1s, los dos principales restos arqueol\u00f3gicos situados en el agreste arroyo de las Pozas entre la poblaci\u00f3n de L\u2019Esquirol y el salto de agua del Tornall, el m\u00e1s rec\u00f3ndito y aislado del Collsacabra.<\/p>\n<p dir=\"ltr\">Una vez atravesada la riera, el sendero contin\u00faa en direcci\u00f3n al Molino de la Bertrana y el salto del Tornall.<\/p>\n<p dir=\"ltr\">El uuente del Molino de Bertrana, es un puente de piedra de origen medieval formado por dos arcos y en forma de lomo de asno, estilo habitual de la \u00e9poca bajo medieval y moderna.<\/p>\n<p dir=\"ltr\">Diversos molinos harineros se situaron a la orilla del arroyo de las Pozas desde siempre para poder aprovechar las aguas abundantes con fuerte empuje.<\/p>\n<p dir=\"ltr\">Ya hace muchos a\u00f1os que todos ellos son un mont\u00f3n de ruinas -algunas imperceptibles- sin embargo, su visita hundida, selv\u00e1tica cerca de saltos de agua y pozos, hacen su descubrimiento imprescindible para cualquier excursionista o amante de la naturaleza y el arte con af\u00e1n de arque\u00f3logo.<\/p>\n<\/div>\n<\/div>\n<\/div>\n<\/div>\n<\/div>\n<\/div>\n<\/div>\n<\/div>\n<\/div>\n<\/section>\n<section id=\"h.7f84dcd0c07c243f_50\">\n<div>\n<hr \/>\n<\/div>\n<div>\n<div tabindex=\"-1\">\n<div>\n<div>\n<div>\n<div>\n<div id=\"h.7f84dcd0c07c243f_53\">\n<div>\n<div>\n<div id=\"h.p_NghHPp8RcNYc\"><\/div>\n<h3 id=\"h.p_NghHPp8RcNYc\" dir=\"ltr\"><a href=\"https:\/\/agora.xtec.cat\/ie-elcabreres\/wp-content\/uploads\/usu2186\/2021\/07\/ENG.jpg\"><img loading=\"lazy\" decoding=\"async\" src=\"https:\/\/agora.xtec.cat\/ie-elcabreres\/wp-content\/uploads\/usu2186\/2021\/07\/ENG.jpg\" alt=\"\" width=\"95\" height=\"50\" \/><\/a><\/h3>\n<p id=\"h.p_Zz6wfvQfLqX0\" dir=\"ltr\">The bridge and &#8220;Mol\u00ed d&#8217;en Bertrana&#8221; are perhaps the two main archaeological remains located in the wild gigantic stream of the Gorgues between l\u2019Esquirol and the Tornall waterfall, the most isolated and isolated of the Collsacabra.<\/p>\n<p id=\"h.p_SIQE1yf-cS3H\" dir=\"ltr\">Once the gully stream is crossed, the path continues in the direction of Mol\u00ed de la Bertrana, the Tornall salt.<\/p>\n<p id=\"h.p_CoFqx7tScS3I\" dir=\"ltr\">The &#8220;Pont del Mol\u00ed d&#8217;en Bertrana&#8221; is a stone bridge of medieval origin made up of two arches and in the form of a donkey&#8217;s loin, a typical style of the medieval and modern low era.<\/p>\n<p id=\"h.p_23cMExc7cS3J\" dir=\"ltr\">Several flour mills were located on the bank of the Gorgues stream in order to take advantage of abundant waters with a strong push. All of them are already a lot of ruins for many years &#8211; some imperceptible &#8211; but, their enclosed, forest visit near waterfalls and gorges make their indispensable discovery for any hiker or nature lover.<\/p>\n<\/div>\n<\/div>\n<\/div>\n<\/div>\n<\/div>\n<\/div>\n<\/div>\n<\/div>\n<\/div>\n<\/section>\n","protected":false},"excerpt":{"rendered":"<p>El pont Envoltat de natura Tallamar Els arcs El pont i el Mol\u00ed d&#8217;en Bertrana s\u00f3n potser, les dues principals restes arqueol\u00f2giques situades a la fer\u00e9stega riera de les Gorgues entre la poblaci\u00f3 de l\u2019Esquirol i el salt d\u2019aigua del Tornall, el m\u00e9s rec\u00f2ndit i isolat del Collsacabra. Un cop travessada la riera, el corriol [&hellip;]<\/p>\n","protected":false},"author":6,"featured_media":0,"parent":0,"menu_order":0,"comment_status":"closed","ping_status":"closed","template":"","meta":{"_bbp_topic_count":0,"_bbp_reply_count":0,"_bbp_total_topic_count":0,"_bbp_total_reply_count":0,"_bbp_voice_count":0,"_bbp_anonymous_reply_count":0,"_bbp_topic_count_hidden":0,"_bbp_reply_count_hidden":0,"_bbp_forum_subforum_count":0,"site-sidebar-layout":"default","site-content-layout":"","ast-site-content-layout":"","site-content-style":"default","site-sidebar-style":"default","ast-global-header-display":"","ast-banner-title-visibility":"","ast-main-header-display":"","ast-hfb-above-header-display":"","ast-hfb-below-header-display":"","ast-hfb-mobile-header-display":"","site-post-title":"","ast-breadcrumbs-content":"","ast-featured-img":"","footer-sml-layout":"","theme-transparent-header-meta":"","adv-header-id-meta":"","stick-header-meta":"","header-above-stick-meta":"","header-main-stick-meta":"","header-below-stick-meta":"","astra-migrate-meta-layouts":"default","ast-page-background-enabled":"default","ast-page-background-meta":{"desktop":{"background-color":"var(--ast-global-color-4)","background-image":"","background-repeat":"repeat","background-position":"center center","background-size":"auto","background-attachment":"scroll","background-type":"","background-media":"","overlay-type":"","overlay-color":"","overlay-opacity":"","overlay-gradient":""},"tablet":{"background-color":"","background-image":"","background-repeat":"repeat","background-position":"center center","background-size":"auto","background-attachment":"scroll","background-type":"","background-media":"","overlay-type":"","overlay-color":"","overlay-opacity":"","overlay-gradient":""},"mobile":{"background-color":"","background-image":"","background-repeat":"repeat","background-position":"center center","background-size":"auto","background-attachment":"scroll","background-type":"","background-media":"","overlay-type":"","overlay-color":"","overlay-opacity":"","overlay-gradient":""}},"ast-content-background-meta":{"desktop":{"background-color":"var(--ast-global-color-5)","background-image":"","background-repeat":"repeat","background-position":"center center","background-size":"auto","background-attachment":"scroll","background-type":"","background-media":"","overlay-type":"","overlay-color":"","overlay-opacity":"","overlay-gradient":""},"tablet":{"background-color":"var(--ast-global-color-5)","background-image":"","background-repeat":"repeat","background-position":"center center","background-size":"auto","background-attachment":"scroll","background-type":"","background-media":"","overlay-type":"","overlay-color":"","overlay-opacity":"","overlay-gradient":""},"mobile":{"background-color":"var(--ast-global-color-5)","background-image":"","background-repeat":"repeat","background-position":"center center","background-size":"auto","background-attachment":"scroll","background-type":"","background-media":"","overlay-type":"","overlay-color":"","overlay-opacity":"","overlay-gradient":""}},"footnotes":""},"class_list":["post-4584","page","type-page","status-publish","hentry"],"post_mailing_queue_ids":[],"_links":{"self":[{"href":"https:\/\/agora.xtec.cat\/ie-elcabreres\/wp-json\/wp\/v2\/pages\/4584","targetHints":{"allow":["GET"]}}],"collection":[{"href":"https:\/\/agora.xtec.cat\/ie-elcabreres\/wp-json\/wp\/v2\/pages"}],"about":[{"href":"https:\/\/agora.xtec.cat\/ie-elcabreres\/wp-json\/wp\/v2\/types\/page"}],"author":[{"embeddable":true,"href":"https:\/\/agora.xtec.cat\/ie-elcabreres\/wp-json\/wp\/v2\/users\/6"}],"replies":[{"embeddable":true,"href":"https:\/\/agora.xtec.cat\/ie-elcabreres\/wp-json\/wp\/v2\/comments?post=4584"}],"version-history":[{"count":3,"href":"https:\/\/agora.xtec.cat\/ie-elcabreres\/wp-json\/wp\/v2\/pages\/4584\/revisions"}],"predecessor-version":[{"id":4594,"href":"https:\/\/agora.xtec.cat\/ie-elcabreres\/wp-json\/wp\/v2\/pages\/4584\/revisions\/4594"}],"wp:attachment":[{"href":"https:\/\/agora.xtec.cat\/ie-elcabreres\/wp-json\/wp\/v2\/media?parent=4584"}],"curies":[{"name":"wp","href":"https:\/\/api.w.org\/{rel}","templated":true}]}}