{"id":4573,"date":"2021-07-02T13:08:47","date_gmt":"2021-07-02T11:08:47","guid":{"rendered":"https:\/\/agora.xtec.cat\/ie-elcabreres\/?page_id=4573"},"modified":"2021-07-02T13:09:59","modified_gmt":"2021-07-02T11:09:59","slug":"el-pont-de-la-gorga","status":"publish","type":"page","link":"https:\/\/agora.xtec.cat\/ie-elcabreres\/el-pont-de-la-gorga\/","title":{"rendered":"EL PONT DE LA GORGA"},"content":{"rendered":"<div>\n<div id=\"h.7f84dcd0c07c243f_215\">\n<div>\n<dl id=\"attachment_4559\">\n<dt>\n<table>\n<tbody>\n<tr>\n<td><a href=\"https:\/\/agora.xtec.cat\/ie-elcabreres\/wp-content\/uploads\/usu2186\/2021\/07\/pont1.jpg\"><img loading=\"lazy\" decoding=\"async\" class=\"alignnone wp-image-4577\" src=\"https:\/\/agora.xtec.cat\/ie-elcabreres\/wp-content\/uploads\/usu2186\/2021\/07\/pont1.jpg\" alt=\"\" width=\"221\" height=\"157\" srcset=\"https:\/\/agora.xtec.cat\/ie-elcabreres\/wp-content\/uploads\/usu2186\/2021\/07\/pont1.jpg 462w, https:\/\/agora.xtec.cat\/ie-elcabreres\/wp-content\/uploads\/usu2186\/2021\/07\/pont1-300x213.jpg 300w\" sizes=\"auto, (max-width: 221px) 100vw, 221px\" \/><\/a><\/td>\n<td><a href=\"https:\/\/agora.xtec.cat\/ie-elcabreres\/wp-content\/uploads\/usu2186\/2021\/07\/pont2.jpg\"><img loading=\"lazy\" decoding=\"async\" class=\"alignnone wp-image-4578\" src=\"https:\/\/agora.xtec.cat\/ie-elcabreres\/wp-content\/uploads\/usu2186\/2021\/07\/pont2.jpg\" alt=\"\" width=\"227\" height=\"158\" srcset=\"https:\/\/agora.xtec.cat\/ie-elcabreres\/wp-content\/uploads\/usu2186\/2021\/07\/pont2.jpg 463w, https:\/\/agora.xtec.cat\/ie-elcabreres\/wp-content\/uploads\/usu2186\/2021\/07\/pont2-300x209.jpg 300w\" sizes=\"auto, (max-width: 227px) 100vw, 227px\" \/><\/a><\/td>\n<td><a href=\"https:\/\/agora.xtec.cat\/ie-elcabreres\/wp-content\/uploads\/usu2186\/2021\/07\/pont3.jpg\"><img loading=\"lazy\" decoding=\"async\" class=\"alignnone wp-image-4579\" src=\"https:\/\/agora.xtec.cat\/ie-elcabreres\/wp-content\/uploads\/usu2186\/2021\/07\/pont3.jpg\" alt=\"\" width=\"212\" height=\"160\" srcset=\"https:\/\/agora.xtec.cat\/ie-elcabreres\/wp-content\/uploads\/usu2186\/2021\/07\/pont3.jpg 462w, https:\/\/agora.xtec.cat\/ie-elcabreres\/wp-content\/uploads\/usu2186\/2021\/07\/pont3-300x226.jpg 300w, https:\/\/agora.xtec.cat\/ie-elcabreres\/wp-content\/uploads\/usu2186\/2021\/07\/pont3-200x150.jpg 200w\" sizes=\"auto, (max-width: 212px) 100vw, 212px\" \/><\/a><\/td>\n<td><a href=\"https:\/\/agora.xtec.cat\/ie-elcabreres\/wp-content\/uploads\/usu2186\/2021\/07\/pont4.jpg\"><img loading=\"lazy\" decoding=\"async\" class=\"alignnone wp-image-4580\" src=\"https:\/\/agora.xtec.cat\/ie-elcabreres\/wp-content\/uploads\/usu2186\/2021\/07\/pont4.jpg\" alt=\"\" width=\"239\" height=\"159\" srcset=\"https:\/\/agora.xtec.cat\/ie-elcabreres\/wp-content\/uploads\/usu2186\/2021\/07\/pont4.jpg 475w, https:\/\/agora.xtec.cat\/ie-elcabreres\/wp-content\/uploads\/usu2186\/2021\/07\/pont4-300x200.jpg 300w\" sizes=\"auto, (max-width: 239px) 100vw, 239px\" \/><\/a><\/td>\n<\/tr>\n<tr>\n<td>El pont del carrer del Pont.<\/td>\n<td>Arcs<\/td>\n<td>Tallamar<\/td>\n<td>Tallamar<\/td>\n<\/tr>\n<\/tbody>\n<\/table>\n<p><div style=\"width: 640px;\" class=\"wp-video\"><!--[if lt IE 9]><script>document.createElement('video');<\/script><![endif]-->\n<video class=\"wp-video-shortcode\" id=\"video-4573-1\" width=\"640\" height=\"360\" preload=\"metadata\" controls=\"controls\"><source type=\"video\/mp4\" src=\"https:\/\/agora.xtec.cat\/ie-elcabreres\/wp-content\/uploads\/usu2186\/2021\/07\/PROJECTE-QR-El-Pont-Vell.mp4?_=1\" \/><a href=\"https:\/\/agora.xtec.cat\/ie-elcabreres\/wp-content\/uploads\/usu2186\/2021\/07\/PROJECTE-QR-El-Pont-Vell.mp4\">https:\/\/agora.xtec.cat\/ie-elcabreres\/wp-content\/uploads\/usu2186\/2021\/07\/PROJECTE-QR-El-Pont-Vell.mp4<\/a><\/video><\/div><\/dt>\n<dt>\n<hr \/>\n<\/dt>\n<dt><\/dt>\n<\/dl>\n<\/div>\n<p><a href=\"https:\/\/agora.xtec.cat\/ie-elcabreres\/wp-content\/uploads\/usu2186\/2021\/07\/cat.jpg\"><img loading=\"lazy\" decoding=\"async\" class=\" wp-image-4559\" src=\"https:\/\/agora.xtec.cat\/ie-elcabreres\/wp-content\/uploads\/usu2186\/2021\/07\/cat.jpg\" alt=\"\" width=\"66\" height=\"43\" srcset=\"https:\/\/agora.xtec.cat\/ie-elcabreres\/wp-content\/uploads\/usu2186\/2021\/07\/cat.jpg 612w, https:\/\/agora.xtec.cat\/ie-elcabreres\/wp-content\/uploads\/usu2186\/2021\/07\/cat-300x195.jpg 300w\" sizes=\"auto, (max-width: 66px) 100vw, 66px\" \/><\/a><\/p>\n<p id=\"h.p_ZzzsqVKnMci7\" dir=\"ltr\">Est\u00e0 format per dos arcs desiguals, amb uns 400 metres de llargada. El pilar on s\u2019uneixen aquests dos arcs t\u00e9 forma de tallamar cap al nord.<\/p>\n<p dir=\"ltr\">Est\u00e0 ben conservat i per aix\u00f2 avui en dia encara \u00e9s utilitzat per vianants i ciclistes.<\/p>\n<p id=\"h.p_j9QD2FbZaLvz\" dir=\"ltr\">Conegut tamb\u00e9 com a pont del Raval permet creuar la riera de les Gorges en el cam\u00ed ral de Vic a Olot.<\/p>\n<p dir=\"ltr\">\u00c9s d\u2019origen rom\u00e0nic, tot i que ha patit nombroses modificacions al llarg dels segles.<\/p>\n<\/div>\n<\/div>\n<div>\n<div id=\"h.7f84dcd0c07c243f_217\">\n<div>\n<div>\n<hr \/>\n<h3 dir=\"ltr\"><a href=\"https:\/\/agora.xtec.cat\/ie-elcabreres\/wp-content\/uploads\/usu2186\/2021\/07\/CAS.jpg\"><img loading=\"lazy\" decoding=\"async\" class=\"\" src=\"https:\/\/agora.xtec.cat\/ie-elcabreres\/wp-content\/uploads\/usu2186\/2021\/07\/CAS.jpg\" alt=\"\" width=\"69\" height=\"43\" \/><\/a><\/h3>\n<p id=\"h.p_GuyMhU3UMsiH\" dir=\"ltr\">Est\u00e1 formado por dos arcos desiguales, con unos 400 metros de longitud. El pilar donde se unen estos dos arcos tiene forma de tajamar hacia el norte.<\/p>\n<p id=\"h.p_qZFXwoL-2n5V\" dir=\"ltr\">Est\u00e1 bien conservado y por eso hoy en d\u00eda todav\u00eda es utilizado por peatones y ciclistas.<\/p>\n<p id=\"h.p_ZpGA9A2_2n5W\" dir=\"ltr\">Conocido tambi\u00e9n como puente del Raval permite cruzar el arroyo de las Gorgues en el camino real de Vic a Olot.<\/p>\n<p dir=\"ltr\">Es de origen rom\u00e1nico, aunque ha sufrido numerosas modificaciones a lo largo de los siglos.<\/p>\n<\/div>\n<\/div>\n<\/div>\n<\/div>\n<div class=\"oKdM2c\">\n<div id=\"h.7f84dcd0c07c243f_219\" class=\"hJDwNd-AhqUyc-uQSCkd jXK9ad D2fZ2 wHaque GNzUNc\">\n<div class=\"jXK9ad-SmKAyb\">\n<div class=\"tyJCtd mGzaTb baZpAe\">\n<hr \/>\n<p id=\"h.p_DNdA7G0QM5eK\"><a href=\"https:\/\/agora.xtec.cat\/ie-elcabreres\/wp-content\/uploads\/usu2186\/2021\/07\/ENG.jpg\"><img loading=\"lazy\" decoding=\"async\" class=\"\" src=\"https:\/\/agora.xtec.cat\/ie-elcabreres\/wp-content\/uploads\/usu2186\/2021\/07\/ENG.jpg\" alt=\"\" width=\"69\" height=\"36\" \/><\/a><\/p>\n<p id=\"h.p_DNdA7G0QM5eK\" dir=\"ltr\">It is formed by two uneven arches, with about 400 meters in length. The pillar where these two arches are joined has a tallar form towards the north.<\/p>\n<p id=\"h.p_3PMslzzX2yQS\" dir=\"ltr\">It is well preserved and for this reason it is still used by pedestrians and cyclists today.<\/p>\n<p id=\"h.p_bRmMdi7m2yQT\" dir=\"ltr\">Also known as the Raval bridge, it is possible to cross the Gorges stream on the Ral de Vic road to Olot.<\/p>\n<p dir=\"ltr\">It is of Romanesque origin, although it has undergone numerous modifications over the centuries.<\/p>\n<\/div>\n<\/div>\n<\/div>\n<\/div>\n","protected":false},"excerpt":{"rendered":"<p>El pont del carrer del Pont. Arcs Tallamar Tallamar Est\u00e0 format per dos arcs desiguals, amb uns 400 metres de llargada. El pilar on s\u2019uneixen aquests dos arcs t\u00e9 forma de tallamar cap al nord. Est\u00e0 ben conservat i per aix\u00f2 avui en dia encara \u00e9s utilitzat per vianants i ciclistes. Conegut tamb\u00e9 com a [&hellip;]<\/p>\n","protected":false},"author":6,"featured_media":0,"parent":0,"menu_order":0,"comment_status":"closed","ping_status":"closed","template":"","meta":{"_bbp_topic_count":0,"_bbp_reply_count":0,"_bbp_total_topic_count":0,"_bbp_total_reply_count":0,"_bbp_voice_count":0,"_bbp_anonymous_reply_count":0,"_bbp_topic_count_hidden":0,"_bbp_reply_count_hidden":0,"_bbp_forum_subforum_count":0,"site-sidebar-layout":"default","site-content-layout":"","ast-site-content-layout":"","site-content-style":"default","site-sidebar-style":"default","ast-global-header-display":"","ast-banner-title-visibility":"","ast-main-header-display":"","ast-hfb-above-header-display":"","ast-hfb-below-header-display":"","ast-hfb-mobile-header-display":"","site-post-title":"","ast-breadcrumbs-content":"","ast-featured-img":"","footer-sml-layout":"","theme-transparent-header-meta":"","adv-header-id-meta":"","stick-header-meta":"","header-above-stick-meta":"","header-main-stick-meta":"","header-below-stick-meta":"","astra-migrate-meta-layouts":"default","ast-page-background-enabled":"default","ast-page-background-meta":{"desktop":{"background-color":"var(--ast-global-color-4)","background-image":"","background-repeat":"repeat","background-position":"center center","background-size":"auto","background-attachment":"scroll","background-type":"","background-media":"","overlay-type":"","overlay-color":"","overlay-opacity":"","overlay-gradient":""},"tablet":{"background-color":"","background-image":"","background-repeat":"repeat","background-position":"center center","background-size":"auto","background-attachment":"scroll","background-type":"","background-media":"","overlay-type":"","overlay-color":"","overlay-opacity":"","overlay-gradient":""},"mobile":{"background-color":"","background-image":"","background-repeat":"repeat","background-position":"center center","background-size":"auto","background-attachment":"scroll","background-type":"","background-media":"","overlay-type":"","overlay-color":"","overlay-opacity":"","overlay-gradient":""}},"ast-content-background-meta":{"desktop":{"background-color":"var(--ast-global-color-5)","background-image":"","background-repeat":"repeat","background-position":"center center","background-size":"auto","background-attachment":"scroll","background-type":"","background-media":"","overlay-type":"","overlay-color":"","overlay-opacity":"","overlay-gradient":""},"tablet":{"background-color":"var(--ast-global-color-5)","background-image":"","background-repeat":"repeat","background-position":"center center","background-size":"auto","background-attachment":"scroll","background-type":"","background-media":"","overlay-type":"","overlay-color":"","overlay-opacity":"","overlay-gradient":""},"mobile":{"background-color":"var(--ast-global-color-5)","background-image":"","background-repeat":"repeat","background-position":"center center","background-size":"auto","background-attachment":"scroll","background-type":"","background-media":"","overlay-type":"","overlay-color":"","overlay-opacity":"","overlay-gradient":""}},"footnotes":""},"class_list":["post-4573","page","type-page","status-publish","hentry"],"post_mailing_queue_ids":[],"_links":{"self":[{"href":"https:\/\/agora.xtec.cat\/ie-elcabreres\/wp-json\/wp\/v2\/pages\/4573","targetHints":{"allow":["GET"]}}],"collection":[{"href":"https:\/\/agora.xtec.cat\/ie-elcabreres\/wp-json\/wp\/v2\/pages"}],"about":[{"href":"https:\/\/agora.xtec.cat\/ie-elcabreres\/wp-json\/wp\/v2\/types\/page"}],"author":[{"embeddable":true,"href":"https:\/\/agora.xtec.cat\/ie-elcabreres\/wp-json\/wp\/v2\/users\/6"}],"replies":[{"embeddable":true,"href":"https:\/\/agora.xtec.cat\/ie-elcabreres\/wp-json\/wp\/v2\/comments?post=4573"}],"version-history":[{"count":2,"href":"https:\/\/agora.xtec.cat\/ie-elcabreres\/wp-json\/wp\/v2\/pages\/4573\/revisions"}],"predecessor-version":[{"id":4582,"href":"https:\/\/agora.xtec.cat\/ie-elcabreres\/wp-json\/wp\/v2\/pages\/4573\/revisions\/4582"}],"wp:attachment":[{"href":"https:\/\/agora.xtec.cat\/ie-elcabreres\/wp-json\/wp\/v2\/media?parent=4573"}],"curies":[{"name":"wp","href":"https:\/\/api.w.org\/{rel}","templated":true}]}}