{"id":4530,"date":"2021-07-02T11:00:06","date_gmt":"2021-07-02T09:00:06","guid":{"rendered":"https:\/\/agora.xtec.cat\/ie-elcabreres\/?page_id=4530"},"modified":"2021-07-02T17:41:15","modified_gmt":"2021-07-02T15:41:15","slug":"el-perai","status":"publish","type":"page","link":"https:\/\/agora.xtec.cat\/ie-elcabreres\/el-perai\/","title":{"rendered":"EL PERAI"},"content":{"rendered":"<table>\n<tbody>\n<tr>\n<td><a href=\"https:\/\/agora.xtec.cat\/ie-elcabreres\/wp-content\/uploads\/usu2186\/2021\/07\/perai2.jpg\"><img loading=\"lazy\" decoding=\"async\" class=\"alignnone wp-image-4538\" src=\"https:\/\/agora.xtec.cat\/ie-elcabreres\/wp-content\/uploads\/usu2186\/2021\/07\/perai2.jpg\" alt=\"\" width=\"248\" height=\"141\" srcset=\"https:\/\/agora.xtec.cat\/ie-elcabreres\/wp-content\/uploads\/usu2186\/2021\/07\/perai2.jpg 562w, https:\/\/agora.xtec.cat\/ie-elcabreres\/wp-content\/uploads\/usu2186\/2021\/07\/perai2-300x170.jpg 300w\" sizes=\"auto, (max-width: 248px) 100vw, 248px\" \/><\/a><\/td>\n<td><a href=\"https:\/\/agora.xtec.cat\/ie-elcabreres\/wp-content\/uploads\/usu2186\/2021\/07\/preai1.jpg\"><img loading=\"lazy\" decoding=\"async\" class=\"alignnone wp-image-4539\" src=\"https:\/\/agora.xtec.cat\/ie-elcabreres\/wp-content\/uploads\/usu2186\/2021\/07\/preai1.jpg\" alt=\"\" width=\"253\" height=\"141\" srcset=\"https:\/\/agora.xtec.cat\/ie-elcabreres\/wp-content\/uploads\/usu2186\/2021\/07\/preai1.jpg 555w, https:\/\/agora.xtec.cat\/ie-elcabreres\/wp-content\/uploads\/usu2186\/2021\/07\/preai1-300x168.jpg 300w\" sizes=\"auto, (max-width: 253px) 100vw, 253px\" \/><\/a><\/td>\n<td><a href=\"https:\/\/agora.xtec.cat\/ie-elcabreres\/wp-content\/uploads\/usu2186\/2021\/07\/perai6.jpg\"><img loading=\"lazy\" decoding=\"async\" class=\"alignnone wp-image-4554\" src=\"https:\/\/agora.xtec.cat\/ie-elcabreres\/wp-content\/uploads\/usu2186\/2021\/07\/perai6.jpg\" alt=\"\" width=\"243\" height=\"138\" srcset=\"https:\/\/agora.xtec.cat\/ie-elcabreres\/wp-content\/uploads\/usu2186\/2021\/07\/perai6.jpg 459w, https:\/\/agora.xtec.cat\/ie-elcabreres\/wp-content\/uploads\/usu2186\/2021\/07\/perai6-300x171.jpg 300w\" sizes=\"auto, (max-width: 243px) 100vw, 243px\" \/><\/a><\/td>\n<td><a href=\"https:\/\/agora.xtec.cat\/ie-elcabreres\/wp-content\/uploads\/usu2186\/2021\/07\/perai5.jpg\"><img loading=\"lazy\" decoding=\"async\" class=\"alignnone wp-image-4555\" src=\"https:\/\/agora.xtec.cat\/ie-elcabreres\/wp-content\/uploads\/usu2186\/2021\/07\/perai5.jpg\" alt=\"\" width=\"250\" height=\"141\" srcset=\"https:\/\/agora.xtec.cat\/ie-elcabreres\/wp-content\/uploads\/usu2186\/2021\/07\/perai5.jpg 457w, https:\/\/agora.xtec.cat\/ie-elcabreres\/wp-content\/uploads\/usu2186\/2021\/07\/perai5-300x169.jpg 300w\" sizes=\"auto, (max-width: 250px) 100vw, 250px\" \/><\/a><\/td>\n<\/tr>\n<tr>\n<td>Vista frontal del Perai.<\/td>\n<td>Vista lateral on s&#8217;observen les estances.<\/td>\n<td>El Perai \u00e9s al n.2 del carrer Major.<\/td>\n<td>Part posterior de l&#8217;antic hostal.<\/td>\n<\/tr>\n<\/tbody>\n<\/table>\n<div style=\"width: 640px;\" class=\"wp-video\"><!--[if lt IE 9]><script>document.createElement('video');<\/script><![endif]-->\n<video class=\"wp-video-shortcode\" id=\"video-4530-1\" width=\"640\" height=\"360\" preload=\"metadata\" controls=\"controls\"><source type=\"video\/mp4\" src=\"https:\/\/agora.xtec.cat\/ie-elcabreres\/wp-content\/uploads\/usu2186\/2021\/07\/PROJECTE-QR-El-Perai.mp4?_=1\" \/><a href=\"https:\/\/agora.xtec.cat\/ie-elcabreres\/wp-content\/uploads\/usu2186\/2021\/07\/PROJECTE-QR-El-Perai.mp4\">https:\/\/agora.xtec.cat\/ie-elcabreres\/wp-content\/uploads\/usu2186\/2021\/07\/PROJECTE-QR-El-Perai.mp4<\/a><\/video><\/div>\n<p>&nbsp;<\/p>\n<h3 dir=\"ltr\"><img loading=\"lazy\" decoding=\"async\" class=\"\" src=\"https:\/\/media.istockphoto.com\/vectors\/catalonia-vector-id652605976?k=6&amp;m=652605976&amp;s=612x612&amp;w=0&amp;h=ZIkmMCkE4hA6E_S7zUDiBoiNbd4hRHsbFd1WrZF8qL8=\" alt=\"Bandera Catalana Vectores Libres de Derechos - iStock\" width=\"60\" height=\"39\" \/><\/h3>\n<p dir=\"ltr\">\u00c9s un edifici molt antic. Es va construir el segle XIV, aproximadament fa 600 anys.<\/p>\n<p>Aquest edifici est\u00e0 situat al Carrer Major del poble, a pocs metres del Pont de la Gorga.<\/p>\n<p>El Perai era una casa molt gran amb habitacions perqu\u00e8 els viatgers poguessin descansar o fer-hi nit.<\/p>\n<p>Era un hostal del cam\u00ed Ral, camins p\u00fablics per on hi viatjaven les persones per anar d\u2019un poble a l\u2019altre. Tots el que anaven des de Olot a Vic es paraven al Perai a descansar, menjar i alimentar els animals.<\/p>\n<p>El Perai\u00a0 era propietat de Joan Esquirol, que era una persona rica i molt coneguda a la contrada. En Joan Esquirol tenia molts terrenys. Va anar venent els terrenys i van anar fent cases. Aix\u00ed es va originar un nucli urb\u00e0.<\/p>\n<p>El nom original del poble era l\u2019Esquirol. Per raons religioses va adoptar el nom de Santa Maria de Corc\u00f3. Fa pocs anys el poble va recuperar el nom original.<\/p>\n<p>El Perai \u00e9s a l\u2019Esquirol. \u00c9s un poble situat a Osona, en un entorn rural, de poc m\u00e9s de dos-mil habitants.<\/p>\n<p>Ara el Perai no \u00e9s un hostal. Ara \u00e9s una casa d\u2019estiueig de propietat privada. Esta fet de pedres, i te sis arcs.<\/p>\n<p>El Perai \u00e9s un edifici molt important i singular de l\u2019Esquirol, i sempre que vingueu al poble us convidem a visitar-lo.<\/p>\n<hr \/>\n<p><img loading=\"lazy\" decoding=\"async\" class=\"\" src=\"https:\/\/i.ebayimg.com\/images\/g\/KvcAAOxyM1VRYZOC\/s-l300.jpg\" alt=\"Bandera Espa\u00f1a Flag Pin 100 x 140 | eBay\" width=\"59\" height=\"37\" \/><\/p>\n<p>Es un edificio muy antiguo. Se construy\u00f3 en el siglo XIV, aproximadamente hace 600 a\u00f1os.<\/p>\n<p>Este edificio est\u00e1 situado en la calle Major del pueblo, a pocos metros del Pont de la Gorga. El Perai era una casa muy grande, con habitaciones para que los viajeros pudieran descansar o pasar la noche. Era un hostal del camino Ral, caminos p\u00fablicos por donde viajaban las personas para ir de un pueblo a otro. Todos los que iban desde Olot a Vic se paraban al Perai a descansar, comer y alimentar a los animales.<\/p>\n<p>El Perai era propiedad de Juan Esquirol, que era una persona rica y muy conocida en la zona. Juan Esquirol ten\u00eda muchos terrenos. Fue vendiendo los terrenos y fueron haciendo casas. As\u00ed se origin\u00f3 un n\u00facleo urbano del actual pueblo.<\/p>\n<p>El nombre original del pueblo era la Esquirol. Por razones religiosas adopt\u00f3 el nombre de Santa Mar\u00eda de Corc\u00f3. Hace pocos a\u00f1os el pueblo recuper\u00f3 el nombre original. El Perai es en l&#8217;Esquirol.<\/p>\n<p>Es un pueblo situado en Osona, en un entorno rural, de poco m\u00e1s de dos mil habitantes.<\/p>\n<p>Ahora el Perai no es un hostal, es una casa de veraneo de propiedad privada.\u00a0 Esta hecho de piedras, y tiene seis arcos.<\/p>\n<p>El Perai es un edificio muy importante y singular de la Esquirol, y siempre que vengan al pueblo os invitamos a visitarlo.<\/p>\n<hr \/>\n<p><img loading=\"lazy\" decoding=\"async\" class=\"\" src=\"https:\/\/img.freepik.com\/vector-gratis\/ilustracion-bandera-reino-unido_53876-18166.jpg?size=626&amp;ext=jpg\" alt=\"Im\u00e1genes de Inglaterra | Vectores, fotos de stock y PSD gratuitos\" width=\"63\" height=\"33\" \/><\/p>\n<p dir=\"ltr\">It is a very old building. It was built in the 14th century, approximately 600 years ago.<\/p>\n<p dir=\"ltr\">This building is located on Major street, a few meters from the Gorga&#8217;s bridge. The Perai was a very large house, with rooms for travelers to rest or spend their night. It was a hostel on the Royal Road.<\/p>\n<p dir=\"ltr\">Royal Roads were a series of public roads where people traveled to go from one town to another. All those who went from Olot to Vic stopped at Perai to rest, eat and feed the animals.<\/p>\n<p dir=\"ltr\">The Perai was property of Joan Esquirol, who was a rich and well-known person in the area. Joan Esquirol had lots of lands. He sold the lands to build houses. This led to an urban nucleus.<\/p>\n<p dir=\"ltr\">The originary name of the town was Esquirol. For religious reasons was modificated and called Santa Maria de Corc\u00f3.\u00a0 A few years ago the town regained its originary name L&#8217;Esquirol.<\/p>\n<p dir=\"ltr\">The Perai is at\u00a0 L&#8217; Esquirol. It is a village located in Osona, in a rural setting, with little more than two thousand inhabitants.<\/p>\n<p dir=\"ltr\">Now the Perai is not a hostel. Now it&#8217;s a private property home. It is made of stones, and has six arches. The Perai is a very important and unique building in Esquirol, and whenever you come to the village, we invite you to visit it.<\/p>\n<p>&nbsp;<\/p>\n","protected":false},"excerpt":{"rendered":"<p>Vista frontal del Perai. Vista lateral on s&#8217;observen les estances. El Perai \u00e9s al n.2 del carrer Major. Part posterior de l&#8217;antic hostal. &nbsp; \u00c9s un edifici molt antic. Es va construir el segle XIV, aproximadament fa 600 anys. Aquest edifici est\u00e0 situat al Carrer Major del poble, a pocs metres del Pont de la [&hellip;]<\/p>\n","protected":false},"author":6,"featured_media":0,"parent":0,"menu_order":0,"comment_status":"closed","ping_status":"closed","template":"","meta":{"_bbp_topic_count":0,"_bbp_reply_count":0,"_bbp_total_topic_count":0,"_bbp_total_reply_count":0,"_bbp_voice_count":0,"_bbp_anonymous_reply_count":0,"_bbp_topic_count_hidden":0,"_bbp_reply_count_hidden":0,"_bbp_forum_subforum_count":0,"site-sidebar-layout":"default","site-content-layout":"","ast-site-content-layout":"","site-content-style":"default","site-sidebar-style":"default","ast-global-header-display":"","ast-banner-title-visibility":"","ast-main-header-display":"","ast-hfb-above-header-display":"","ast-hfb-below-header-display":"","ast-hfb-mobile-header-display":"","site-post-title":"","ast-breadcrumbs-content":"","ast-featured-img":"","footer-sml-layout":"","theme-transparent-header-meta":"","adv-header-id-meta":"","stick-header-meta":"","header-above-stick-meta":"","header-main-stick-meta":"","header-below-stick-meta":"","astra-migrate-meta-layouts":"default","ast-page-background-enabled":"default","ast-page-background-meta":{"desktop":{"background-color":"var(--ast-global-color-4)","background-image":"","background-repeat":"repeat","background-position":"center center","background-size":"auto","background-attachment":"scroll","background-type":"","background-media":"","overlay-type":"","overlay-color":"","overlay-opacity":"","overlay-gradient":""},"tablet":{"background-color":"","background-image":"","background-repeat":"repeat","background-position":"center center","background-size":"auto","background-attachment":"scroll","background-type":"","background-media":"","overlay-type":"","overlay-color":"","overlay-opacity":"","overlay-gradient":""},"mobile":{"background-color":"","background-image":"","background-repeat":"repeat","background-position":"center center","background-size":"auto","background-attachment":"scroll","background-type":"","background-media":"","overlay-type":"","overlay-color":"","overlay-opacity":"","overlay-gradient":""}},"ast-content-background-meta":{"desktop":{"background-color":"var(--ast-global-color-5)","background-image":"","background-repeat":"repeat","background-position":"center center","background-size":"auto","background-attachment":"scroll","background-type":"","background-media":"","overlay-type":"","overlay-color":"","overlay-opacity":"","overlay-gradient":""},"tablet":{"background-color":"var(--ast-global-color-5)","background-image":"","background-repeat":"repeat","background-position":"center center","background-size":"auto","background-attachment":"scroll","background-type":"","background-media":"","overlay-type":"","overlay-color":"","overlay-opacity":"","overlay-gradient":""},"mobile":{"background-color":"var(--ast-global-color-5)","background-image":"","background-repeat":"repeat","background-position":"center center","background-size":"auto","background-attachment":"scroll","background-type":"","background-media":"","overlay-type":"","overlay-color":"","overlay-opacity":"","overlay-gradient":""}},"footnotes":""},"class_list":["post-4530","page","type-page","status-publish","hentry"],"post_mailing_queue_ids":[],"_links":{"self":[{"href":"https:\/\/agora.xtec.cat\/ie-elcabreres\/wp-json\/wp\/v2\/pages\/4530","targetHints":{"allow":["GET"]}}],"collection":[{"href":"https:\/\/agora.xtec.cat\/ie-elcabreres\/wp-json\/wp\/v2\/pages"}],"about":[{"href":"https:\/\/agora.xtec.cat\/ie-elcabreres\/wp-json\/wp\/v2\/types\/page"}],"author":[{"embeddable":true,"href":"https:\/\/agora.xtec.cat\/ie-elcabreres\/wp-json\/wp\/v2\/users\/6"}],"replies":[{"embeddable":true,"href":"https:\/\/agora.xtec.cat\/ie-elcabreres\/wp-json\/wp\/v2\/comments?post=4530"}],"version-history":[{"count":4,"href":"https:\/\/agora.xtec.cat\/ie-elcabreres\/wp-json\/wp\/v2\/pages\/4530\/revisions"}],"predecessor-version":[{"id":4557,"href":"https:\/\/agora.xtec.cat\/ie-elcabreres\/wp-json\/wp\/v2\/pages\/4530\/revisions\/4557"}],"wp:attachment":[{"href":"https:\/\/agora.xtec.cat\/ie-elcabreres\/wp-json\/wp\/v2\/media?parent=4530"}],"curies":[{"name":"wp","href":"https:\/\/api.w.org\/{rel}","templated":true}]}}