{"id":4363,"date":"2021-06-08T13:15:41","date_gmt":"2021-06-08T11:15:41","guid":{"rendered":"https:\/\/agora.xtec.cat\/ie-elcabreres\/?page_id=4363"},"modified":"2024-03-02T13:05:26","modified_gmt":"2024-03-02T12:05:26","slug":"projecte-qr-patrimoni","status":"publish","type":"page","link":"https:\/\/agora.xtec.cat\/ie-elcabreres\/projectes\/programes-dinnovacio\/patrimoni\/projecte-qr-patrimoni\/","title":{"rendered":"Projecte QR patrimoni"},"content":{"rendered":"<p><a href=\"https:\/\/agora.xtec.cat\/ie-elcabreres\/wp-content\/uploads\/usu2186\/2021\/07\/QR.jpg\"><img loading=\"lazy\" decoding=\"async\" class=\"alignnone wp-image-4632\" src=\"https:\/\/agora.xtec.cat\/ie-elcabreres\/wp-content\/uploads\/usu2186\/2021\/07\/QR.jpg\" alt=\"\" width=\"408\" height=\"99\" \/><\/a><\/p>\n<p>Aquest projecte forma part del treball d&#8217;adopci\u00f3 d&#8217;elements patrimonials de l&#8217;escola El Cabrer\u00e8s.<br \/>\nEls alumnes amplien la informaci\u00f3 sobre els diferents elements patrimonials del nostre poble en angl\u00e8s, castell\u00e0 i catal\u00e0.<br \/>\nTamb\u00e9 hi ha un v\u00eddeo explicatiu de cada element.<\/p>\n<p>Per poder veure el treball realitzat nom\u00e9s cal que cliqueu a l&#8217;element que voleu visitar:<\/p>\n<p style=\"text-align: justify;\"><a href=\"https:\/\/agora.xtec.cat\/ie-elcabreres\/dolmen-de-puigsespedres\/\">EL DOLMEN DE PUIGSESPEDRES<\/a><br \/>\n<a href=\"https:\/\/agora.xtec.cat\/ie-elcabreres\/el-pont-del-moli-den-bertrana\/\">EL PONT DEL MOL\u00cd D&#8217;EN BERTRANA<\/a><br \/>\n<a href=\"https:\/\/agora.xtec.cat\/ie-elcabreres\/el-pont-de-la-gorga\/\">EL PONT DE LA GORGA<\/a><br \/>\n<a href=\"https:\/\/agora.xtec.cat\/ie-elcabreres\/el-perai\/\">EL PERAI<\/a><br \/>\n<a href=\"https:\/\/agora.xtec.cat\/ie-elcabreres\/sant-julia-de-cabrera\/\">SANT JULI\u00c0 DE CABRERA<\/a><\/p>\n","protected":false},"excerpt":{"rendered":"<p>Aquest projecte forma part del treball d&#8217;adopci\u00f3 d&#8217;elements patrimonials de l&#8217;escola El Cabrer\u00e8s. Els alumnes amplien la informaci\u00f3 sobre els diferents elements patrimonials del nostre poble en angl\u00e8s, castell\u00e0 i catal\u00e0. Tamb\u00e9 hi ha un v\u00eddeo explicatiu de cada element. Per poder veure el treball realitzat nom\u00e9s cal que cliqueu a l&#8217;element que voleu visitar: [&hellip;]<\/p>\n","protected":false},"author":4,"featured_media":0,"parent":570,"menu_order":19,"comment_status":"closed","ping_status":"closed","template":"","meta":{"_bbp_topic_count":0,"_bbp_reply_count":0,"_bbp_total_topic_count":0,"_bbp_total_reply_count":0,"_bbp_voice_count":0,"_bbp_anonymous_reply_count":0,"_bbp_topic_count_hidden":0,"_bbp_reply_count_hidden":0,"_bbp_forum_subforum_count":0,"site-sidebar-layout":"default","site-content-layout":"","ast-site-content-layout":"","site-content-style":"default","site-sidebar-style":"default","ast-global-header-display":"","ast-banner-title-visibility":"","ast-main-header-display":"","ast-hfb-above-header-display":"","ast-hfb-below-header-display":"","ast-hfb-mobile-header-display":"","site-post-title":"","ast-breadcrumbs-content":"","ast-featured-img":"","footer-sml-layout":"","theme-transparent-header-meta":"","adv-header-id-meta":"","stick-header-meta":"","header-above-stick-meta":"","header-main-stick-meta":"","header-below-stick-meta":"","astra-migrate-meta-layouts":"default","ast-page-background-enabled":"default","ast-page-background-meta":{"desktop":{"background-color":"var(--ast-global-color-4)","background-image":"","background-repeat":"repeat","background-position":"center center","background-size":"auto","background-attachment":"scroll","background-type":"","background-media":"","overlay-type":"","overlay-color":"","overlay-opacity":"","overlay-gradient":""},"tablet":{"background-color":"","background-image":"","background-repeat":"repeat","background-position":"center center","background-size":"auto","background-attachment":"scroll","background-type":"","background-media":"","overlay-type":"","overlay-color":"","overlay-opacity":"","overlay-gradient":""},"mobile":{"background-color":"","background-image":"","background-repeat":"repeat","background-position":"center center","background-size":"auto","background-attachment":"scroll","background-type":"","background-media":"","overlay-type":"","overlay-color":"","overlay-opacity":"","overlay-gradient":""}},"ast-content-background-meta":{"desktop":{"background-color":"var(--ast-global-color-5)","background-image":"","background-repeat":"repeat","background-position":"center center","background-size":"auto","background-attachment":"scroll","background-type":"","background-media":"","overlay-type":"","overlay-color":"","overlay-opacity":"","overlay-gradient":""},"tablet":{"background-color":"var(--ast-global-color-5)","background-image":"","background-repeat":"repeat","background-position":"center center","background-size":"auto","background-attachment":"scroll","background-type":"","background-media":"","overlay-type":"","overlay-color":"","overlay-opacity":"","overlay-gradient":""},"mobile":{"background-color":"var(--ast-global-color-5)","background-image":"","background-repeat":"repeat","background-position":"center center","background-size":"auto","background-attachment":"scroll","background-type":"","background-media":"","overlay-type":"","overlay-color":"","overlay-opacity":"","overlay-gradient":""}},"footnotes":""},"class_list":["post-4363","page","type-page","status-publish","hentry"],"post_mailing_queue_ids":[],"_links":{"self":[{"href":"https:\/\/agora.xtec.cat\/ie-elcabreres\/wp-json\/wp\/v2\/pages\/4363","targetHints":{"allow":["GET"]}}],"collection":[{"href":"https:\/\/agora.xtec.cat\/ie-elcabreres\/wp-json\/wp\/v2\/pages"}],"about":[{"href":"https:\/\/agora.xtec.cat\/ie-elcabreres\/wp-json\/wp\/v2\/types\/page"}],"author":[{"embeddable":true,"href":"https:\/\/agora.xtec.cat\/ie-elcabreres\/wp-json\/wp\/v2\/users\/4"}],"replies":[{"embeddable":true,"href":"https:\/\/agora.xtec.cat\/ie-elcabreres\/wp-json\/wp\/v2\/comments?post=4363"}],"version-history":[{"count":3,"href":"https:\/\/agora.xtec.cat\/ie-elcabreres\/wp-json\/wp\/v2\/pages\/4363\/revisions"}],"predecessor-version":[{"id":4633,"href":"https:\/\/agora.xtec.cat\/ie-elcabreres\/wp-json\/wp\/v2\/pages\/4363\/revisions\/4633"}],"up":[{"embeddable":true,"href":"https:\/\/agora.xtec.cat\/ie-elcabreres\/wp-json\/wp\/v2\/pages\/570"}],"wp:attachment":[{"href":"https:\/\/agora.xtec.cat\/ie-elcabreres\/wp-json\/wp\/v2\/media?parent=4363"}],"curies":[{"name":"wp","href":"https:\/\/api.w.org\/{rel}","templated":true}]}}