{"id":10099,"date":"2024-03-02T12:49:06","date_gmt":"2024-03-02T11:49:06","guid":{"rendered":"https:\/\/agora.xtec.cat\/ie-elcabreres\/?page_id=10099"},"modified":"2026-03-03T13:56:54","modified_gmt":"2026-03-03T12:56:54","slug":"experiencies-compartides","status":"publish","type":"page","link":"https:\/\/agora.xtec.cat\/ie-elcabreres\/projectes\/experiencies-compartides\/","title":{"rendered":"Experi\u00e8ncies compartides"},"content":{"rendered":"<p class=\"isSelectedEnd\">Dins del marc dels projectes d\u2019escola i de les experi\u00e8ncies compartides, impulsem espais d\u2019aprenentatge on l\u2019alumnat de diferents edats pot trobar-se, col\u00b7laborar i cr\u00e9ixer conjuntament. Creiem fermament que l\u2019aprenentatge adquireix m\u00e9s sentit quan es construeix de manera compartida, a trav\u00e9s del di\u00e0leg, la cooperaci\u00f3 i l\u2019intercanvi d\u2019experi\u00e8ncies.<\/p>\n<p class=\"isSelectedEnd\">Aquestes propostes interedat no nom\u00e9s afavoreixen l\u2019assoliment de continguts curriculars, sin\u00f3 que tamb\u00e9 potencien compet\u00e8ncies transversals essencials com la comunicaci\u00f3, l\u2019empatia, la responsabilitat i el treball en equip. Els infants m\u00e9s grans esdevenen referents i models positius, mentre que els m\u00e9s petits aporten espontane\u00eftat, curiositat i noves mirades.<\/p>\n<p>Els projectes compartits ens permeten generar aprenentatges significatius i, alhora, refor\u00e7ar el vincle entre els diferents grups, construint una comunitat educativa cohesionada, participativa i rica en experi\u00e8ncies. D\u2019aquesta manera, l\u2019escola esdev\u00e9 un espai viu, on tothom apr\u00e8n de tothom.<\/p>\n<p>GANOCS<\/p>\n<p><a href=\"https:\/\/agora.xtec.cat\/ie-elcabreres\/padrins-lectors\/\">Padrins lectors<\/a><\/p>\n<p>Gent Gran<\/p>\n<p>Llar d&#8217;infants<\/p>\n<p>&nbsp;<\/p>\n","protected":false},"excerpt":{"rendered":"<p>Dins del marc dels projectes d\u2019escola i de les experi\u00e8ncies compartides, impulsem espais d\u2019aprenentatge on l\u2019alumnat de diferents edats pot trobar-se, col\u00b7laborar i cr\u00e9ixer conjuntament. Creiem fermament que l\u2019aprenentatge adquireix m\u00e9s sentit quan es construeix de manera compartida, a trav\u00e9s del di\u00e0leg, la cooperaci\u00f3 i l\u2019intercanvi d\u2019experi\u00e8ncies. Aquestes propostes interedat no nom\u00e9s afavoreixen l\u2019assoliment de [&hellip;]<\/p>\n","protected":false},"author":4,"featured_media":0,"parent":566,"menu_order":6,"comment_status":"closed","ping_status":"closed","template":"","meta":{"_bbp_topic_count":0,"_bbp_reply_count":0,"_bbp_total_topic_count":0,"_bbp_total_reply_count":0,"_bbp_voice_count":0,"_bbp_anonymous_reply_count":0,"_bbp_topic_count_hidden":0,"_bbp_reply_count_hidden":0,"_bbp_forum_subforum_count":0,"site-sidebar-layout":"default","site-content-layout":"","ast-site-content-layout":"default","site-content-style":"default","site-sidebar-style":"default","ast-global-header-display":"","ast-banner-title-visibility":"","ast-main-header-display":"","ast-hfb-above-header-display":"","ast-hfb-below-header-display":"","ast-hfb-mobile-header-display":"","site-post-title":"","ast-breadcrumbs-content":"","ast-featured-img":"","footer-sml-layout":"","theme-transparent-header-meta":"default","adv-header-id-meta":"","stick-header-meta":"","header-above-stick-meta":"","header-main-stick-meta":"","header-below-stick-meta":"","astra-migrate-meta-layouts":"set","ast-page-background-enabled":"default","ast-page-background-meta":{"desktop":{"background-color":"var(--ast-global-color-4)","background-image":"","background-repeat":"repeat","background-position":"center center","background-size":"auto","background-attachment":"scroll","background-type":"","background-media":"","overlay-type":"","overlay-color":"","overlay-opacity":"","overlay-gradient":""},"tablet":{"background-color":"","background-image":"","background-repeat":"repeat","background-position":"center center","background-size":"auto","background-attachment":"scroll","background-type":"","background-media":"","overlay-type":"","overlay-color":"","overlay-opacity":"","overlay-gradient":""},"mobile":{"background-color":"","background-image":"","background-repeat":"repeat","background-position":"center center","background-size":"auto","background-attachment":"scroll","background-type":"","background-media":"","overlay-type":"","overlay-color":"","overlay-opacity":"","overlay-gradient":""}},"ast-content-background-meta":{"desktop":{"background-color":"var(--ast-global-color-5)","background-image":"","background-repeat":"repeat","background-position":"center center","background-size":"auto","background-attachment":"scroll","background-type":"","background-media":"","overlay-type":"","overlay-color":"","overlay-opacity":"","overlay-gradient":""},"tablet":{"background-color":"var(--ast-global-color-5)","background-image":"","background-repeat":"repeat","background-position":"center center","background-size":"auto","background-attachment":"scroll","background-type":"","background-media":"","overlay-type":"","overlay-color":"","overlay-opacity":"","overlay-gradient":""},"mobile":{"background-color":"var(--ast-global-color-5)","background-image":"","background-repeat":"repeat","background-position":"center center","background-size":"auto","background-attachment":"scroll","background-type":"","background-media":"","overlay-type":"","overlay-color":"","overlay-opacity":"","overlay-gradient":""}},"footnotes":""},"class_list":["post-10099","page","type-page","status-publish","hentry"],"post_mailing_queue_ids":[],"_links":{"self":[{"href":"https:\/\/agora.xtec.cat\/ie-elcabreres\/wp-json\/wp\/v2\/pages\/10099","targetHints":{"allow":["GET"]}}],"collection":[{"href":"https:\/\/agora.xtec.cat\/ie-elcabreres\/wp-json\/wp\/v2\/pages"}],"about":[{"href":"https:\/\/agora.xtec.cat\/ie-elcabreres\/wp-json\/wp\/v2\/types\/page"}],"author":[{"embeddable":true,"href":"https:\/\/agora.xtec.cat\/ie-elcabreres\/wp-json\/wp\/v2\/users\/4"}],"replies":[{"embeddable":true,"href":"https:\/\/agora.xtec.cat\/ie-elcabreres\/wp-json\/wp\/v2\/comments?post=10099"}],"version-history":[{"count":4,"href":"https:\/\/agora.xtec.cat\/ie-elcabreres\/wp-json\/wp\/v2\/pages\/10099\/revisions"}],"predecessor-version":[{"id":12935,"href":"https:\/\/agora.xtec.cat\/ie-elcabreres\/wp-json\/wp\/v2\/pages\/10099\/revisions\/12935"}],"up":[{"embeddable":true,"href":"https:\/\/agora.xtec.cat\/ie-elcabreres\/wp-json\/wp\/v2\/pages\/566"}],"wp:attachment":[{"href":"https:\/\/agora.xtec.cat\/ie-elcabreres\/wp-json\/wp\/v2\/media?parent=10099"}],"curies":[{"name":"wp","href":"https:\/\/api.w.org\/{rel}","templated":true}]}}