{"id":73,"date":"2014-09-18T14:01:51","date_gmt":"2014-09-18T13:01:51","guid":{"rendered":"http:\/\/agora.xtec.cat\/ceip-castelldodena\/?page_id=73"},"modified":"2026-05-04T12:43:19","modified_gmt":"2026-05-04T10:43:19","slug":"menjador","status":"publish","type":"page","link":"https:\/\/agora.xtec.cat\/ie-castelldodena\/serveis\/menjador\/","title":{"rendered":"Menjador escolar"},"content":{"rendered":"\n<h4 class=\"wp-block-heading\"><strong>QU\u00c8 MENGEM?<\/strong><\/h4>\n\n\n\n<div class=\"wp-block-columns is-layout-flex wp-container-core-columns-is-layout-1 wp-block-columns-is-layout-flex\" style=\"padding-top:var(--wp--preset--spacing--20);padding-right:var(--wp--preset--spacing--50);padding-bottom:var(--wp--preset--spacing--20);padding-left:var(--wp--preset--spacing--50)\">\n<div class=\"wp-block-column is-layout-flow wp-block-column-is-layout-flow\">\n<ul class=\"wp-block-list\">\n<li><a href=\"https:\/\/agora.xtec.cat\/ie-castelldodena\/wp-content\/uploads\/usu1414\/2026\/05\/MENU-MAIG-2026-.pdf\" target=\"_blank\" rel=\"noreferrer noopener\">Men\u00fas maig 2026<\/a><\/li>\n\n\n\n<li><a href=\"https:\/\/agora.xtec.cat\/ie-castelldodena\/wp-content\/uploads\/usu1414\/2026\/04\/MENU-ABRIL-2026.pdf\" target=\"_blank\" rel=\"noreferrer noopener\">Men\u00fas abril 2026<\/a><\/li>\n\n\n\n<li><a href=\"https:\/\/agora.xtec.cat\/ie-castelldodena\/wp-content\/uploads\/usu1414\/2026\/03\/MENU-MARC-2026.pdf\" target=\"_blank\" rel=\"noreferrer noopener\">Men\u00fas mar\u00e7 2026<\/a><\/li>\n\n\n\n<li><a href=\"https:\/\/agora.xtec.cat\/ie-castelldodena\/wp-content\/uploads\/usu1414\/2026\/02\/MENU-FEBRER-2025-26.pdf\" target=\"_blank\" rel=\"noreferrer noopener\">Men\u00fas febrer 2026<\/a><\/li>\n\n\n\n<li><a href=\"https:\/\/agora.xtec.cat\/ie-castelldodena\/wp-content\/uploads\/usu1414\/2026\/01\/MENU-GENER-26.pdf\" target=\"_blank\" rel=\"noreferrer noopener\">Men\u00fas gener 2026<\/a><\/li>\n\n\n\n<li><a href=\"https:\/\/agora.xtec.cat\/ie-castelldodena\/wp-content\/uploads\/usu1414\/2025\/11\/MENU-DESEMBRE-2025-26.pdf\" target=\"_blank\" rel=\"noreferrer noopener\">Men\u00fas desembre 2025<\/a><\/li>\n\n\n\n<li><a href=\"https:\/\/agora.xtec.cat\/ie-castelldodena\/wp-content\/uploads\/usu1414\/2025\/11\/MENU-NOVEMBRE-25-26.pdf\" target=\"_blank\" rel=\"noreferrer noopener\">Men\u00fas novembre 2025<\/a><\/li>\n\n\n\n<li><a href=\"https:\/\/agora.xtec.cat\/ie-castelldodena\/wp-content\/uploads\/usu1414\/2025\/10\/Octubre-2025-26.pdf\" target=\"_blank\" rel=\"noreferrer noopener\">Men\u00fas octubre 2025<\/a><\/li>\n\n\n\n<li><a href=\"https:\/\/agora.xtec.cat\/ie-castelldodena\/wp-content\/uploads\/usu1414\/2025\/10\/Setembre-2025-26.pdf\" target=\"_blank\" rel=\"noreferrer noopener\">Men\u00fas setembre 2025<\/a><\/li>\n<\/ul>\n<\/div>\n\n\n\n<div class=\"wp-block-column is-layout-flow wp-block-column-is-layout-flow\">\n<figure class=\"wp-block-image aligncenter size-full is-resized\"><img loading=\"lazy\" decoding=\"async\" width=\"421\" height=\"391\" src=\"https:\/\/agora.xtec.cat\/ceip-castelldodena\/wp-content\/uploads\/usu1414\/2025\/01\/plats.jpg\" alt=\"\" class=\"wp-image-15112\" style=\"width:304px;height:auto\" srcset=\"https:\/\/agora.xtec.cat\/ie-castelldodena\/wp-content\/uploads\/usu1414\/2025\/01\/plats.jpg 421w, https:\/\/agora.xtec.cat\/ie-castelldodena\/wp-content\/uploads\/usu1414\/2025\/01\/plats-300x279.jpg 300w\" sizes=\"auto, (max-width: 421px) 100vw, 421px\" \/><\/figure>\n<\/div>\n<\/div>\n\n\n\n<p><\/p>\n\n\n\n<h4 class=\"wp-block-heading\">NORMES DEL MENJADOR ESCOLAR<\/h4>\n\n\n\n<figure class=\"wp-block-image size-full\"><a href=\"https:\/\/agora.xtec.cat\/ceip-castelldodena\/wp-content\/uploads\/usu1414\/2024\/02\/NOFC_MENJADOR.docx.pdf\"><img loading=\"lazy\" decoding=\"async\" width=\"907\" height=\"162\" src=\"https:\/\/agora.xtec.cat\/ceip-castelldodena\/wp-content\/uploads\/usu1414\/2025\/01\/menjador.jpg\" alt=\"\" class=\"wp-image-14997\" srcset=\"https:\/\/agora.xtec.cat\/ie-castelldodena\/wp-content\/uploads\/usu1414\/2025\/01\/menjador.jpg 907w, https:\/\/agora.xtec.cat\/ie-castelldodena\/wp-content\/uploads\/usu1414\/2025\/01\/menjador-300x54.jpg 300w, https:\/\/agora.xtec.cat\/ie-castelldodena\/wp-content\/uploads\/usu1414\/2025\/01\/menjador-768x137.jpg 768w\" sizes=\"auto, (max-width: 907px) 100vw, 907px\" \/><\/a><\/figure>\n\n\n\n<p>A l&#8217;IE Castell d&#8217;\u00d2dena tenim cuina pr\u00f2pia i s\u00f3n les Sres. Anna Claramunt i Marta Gabarr\u00f3, responsables de l&#8217;empresa &#8220;<strong>CASTELL DE PLATS<\/strong>\u201d qui ens preparen el dinar cada dia.<\/p>\n\n\n\n<p><strong>1.- FUNCIONAMENT.<\/strong><\/p>\n\n\n\n<ul class=\"wp-block-list\">\n<li>Funciona tots els dies del curs. Les monitores que vigilen el menjador tenen cura dels h\u00e0bits del menjar, del comportament correcte a taula, de la correcta higiene abans d&#8217;entrar a les classes i de la vigil\u00e0ncia i les activitats . Mensualment el centre enviar\u00e0 els men\u00fas a les fam\u00edlies i quedaran tamb\u00e9, penjats al web del centre.<\/li>\n\n\n\n<li>Els alumnes de SECUND\u00c0RIA poden portar carmanyola amb el dinar preparat de casa i dinar al menjador. La fam\u00edlia haur\u00e0 d&#8217;abonar tan sols l&#8217;import de monitoratge.<\/li>\n\n\n\n<li>Aquest servei s&#8217;organitza en dos torns.<br>Els alumnes poden portar raspall i pasta, per netejar-se les dents en finalitzar l\u2019\u00e0pat.<\/li>\n<\/ul>\n\n\n\n<p><strong>2.- PREUS.<\/strong><\/p>\n\n\n\n<p>El men\u00fa normal costa 6\u201970 \u20ac<br>Alumnes espor\u00e0dics 7&#8217;15 \u20ac<br>Alumnes amb carmanyola ESO 3\u201950 \u20ac<\/p>\n\n\n\n<p>Es considera alumne espor\u00e0dic (INFANTIL I PRIM\u00c0RIA) aquell que fa \u00fas del servei menys de tres dies a la setmana i els alumnes d\u2019ESO el qui fa \u00fas menys de dos dies a la setmana.<\/p>\n\n\n\n<p><strong>3.- PAGAMENTS.<\/strong><\/p>\n\n\n\n<ul class=\"wp-block-list\">\n<li>Tots els pagaments es faran via DINANTIA.<\/li>\n\n\n\n<li>Si una fam\u00edlia no est\u00e0 al dia dels pagaments, l&#8217;alumne\/a no podr\u00e0 quedar-se al menjador. S\u2019avisar\u00e0 a la fam\u00edlia per tal que el vingui a recollir. <em><strong>Us preguem que respecteu al m\u00e0xim el pagament del servei.<\/strong><\/em><\/li>\n<\/ul>\n\n\n\n<p><strong>4.- TIPOLOGIA DE MEN\u00daS.<\/strong><\/p>\n\n\n\n<ul class=\"wp-block-list\">\n<li>El servei de menjador ofereix un men\u00fa equilibrat i un d\u2019alternatiu. Si un alumne t\u00e9 al\u00b7l\u00e8rgies i\/o intoler\u00e0ncies cal que informi al menjador i al centre amb el <strong>certificat m\u00e8dic actualitzat pertinent pel curs 2024-25.<\/strong><\/li>\n\n\n\n<li>L\u2019empresa no es far\u00e0 responsable en cas que no tingui actualitzat el certificat m\u00e8dic.<\/li>\n\n\n\n<li>Existeix la possibilitat de demanar men\u00fas de r\u00e8gim, sempre que hi hagi una causa que ho justifiqui.<\/li>\n<\/ul>\n\n\n\n<p><strong>5. SERVEI DE VIGIL\u00c0NCIA.<\/strong><\/p>\n\n\n\n<ul class=\"wp-block-list\">\n<li>L\u2019empresa ofereix tamb\u00e9 servei de vigil\u00e0ncia per a aquells alumnes que, espor\u00e0dicament, hagin de quedar-se de 13 a 14h o de 14 a 15h. El preu de l\u2019hora \u00e9s el mateix que l\u2019extraescolar de 8 a 9 del mati, acollida alumnes.<\/li>\n\n\n\n<li>Les tardes de dimecres i divendres, l&#8217;alumnat de secund\u00e0ria podr\u00e0 fer \u00fas d&#8217;aquest servei de vigil\u00e0ncia. Si l&#8217;alumne s&#8217;ha quedat a dinar, aquest servei no tindr\u00e0 cost afegit, tant si ha fet men\u00fa com carmanyola. Si l&#8217;alumne\/a no s&#8217;ha quedat a dinar al menjador, podr\u00e0 fer-ne \u00fas al mateix preu que el servei d&#8217;acollida.<\/li>\n\n\n\n<li>Totes les acollides es faran al mateix menjador sota la vigil\u00e0ncia de les monitores.<\/li>\n<\/ul>\n\n\n\n<p>6.- \u00c9s important que alumnes i fam\u00edlies respectin i segueixin les <strong>NORMES DEL SERVEI DE MENJADOR (NOFC)<\/strong>.<\/p>\n\n\n\n<p>7.- Els alumnes d\u2019infantil han de portar bata amb el nom i la cinta per penjar-la. Per la resta d\u2019alumnes \u00e9s optatiu.<\/p>\n\n\n\n<p>8.- Els alumnes que tenen <strong>BECA de MENJADOR<\/strong> han de respectar els dies assignats. Si un alumne amb beca no es queda, i no hi ha justificant, se li comptabilitzar\u00e0 el men\u00fa igualment.<\/p>\n","protected":false},"excerpt":{"rendered":"<p>QU\u00c8 MENGEM? NORMES DEL MENJADOR ESCOLAR A l&#8217;IE Castell d&#8217;\u00d2dena tenim cuina pr\u00f2pia i s\u00f3n les Sres. Anna Claramunt i [&hellip;]<\/p>\n","protected":false},"author":1,"featured_media":0,"parent":13332,"menu_order":3,"comment_status":"closed","ping_status":"closed","template":"","meta":{"_bbp_topic_count":0,"_bbp_reply_count":0,"_bbp_total_topic_count":0,"_bbp_total_reply_count":0,"_bbp_voice_count":0,"_bbp_anonymous_reply_count":0,"_bbp_topic_count_hidden":0,"_bbp_reply_count_hidden":0,"_bbp_forum_subforum_count":0,"site-sidebar-layout":"default","site-content-layout":"","ast-site-content-layout":"default","site-content-style":"default","site-sidebar-style":"default","ast-global-header-display":"","ast-banner-title-visibility":"","ast-main-header-display":"","ast-hfb-above-header-display":"","ast-hfb-below-header-display":"","ast-hfb-mobile-header-display":"","site-post-title":"","ast-breadcrumbs-content":"","ast-featured-img":"","footer-sml-layout":"","theme-transparent-header-meta":"","adv-header-id-meta":"","stick-header-meta":"","header-above-stick-meta":"","header-main-stick-meta":"","header-below-stick-meta":"","astra-migrate-meta-layouts":"set","ast-page-background-enabled":"default","ast-page-background-meta":{"desktop":{"background-color":"var(--ast-global-color-4)","background-image":"","background-repeat":"repeat","background-position":"center center","background-size":"auto","background-attachment":"scroll","background-type":"","background-media":"","overlay-type":"","overlay-color":"","overlay-opacity":"","overlay-gradient":""},"tablet":{"background-color":"","background-image":"","background-repeat":"repeat","background-position":"center center","background-size":"auto","background-attachment":"scroll","background-type":"","background-media":"","overlay-type":"","overlay-color":"","overlay-opacity":"","overlay-gradient":""},"mobile":{"background-color":"","background-image":"","background-repeat":"repeat","background-position":"center center","background-size":"auto","background-attachment":"scroll","background-type":"","background-media":"","overlay-type":"","overlay-color":"","overlay-opacity":"","overlay-gradient":""}},"ast-content-background-meta":{"desktop":{"background-color":"var(--ast-global-color-5)","background-image":"","background-repeat":"repeat","background-position":"center center","background-size":"auto","background-attachment":"scroll","background-type":"","background-media":"","overlay-type":"","overlay-color":"","overlay-opacity":"","overlay-gradient":""},"tablet":{"background-color":"var(--ast-global-color-5)","background-image":"","background-repeat":"repeat","background-position":"center center","background-size":"auto","background-attachment":"scroll","background-type":"","background-media":"","overlay-type":"","overlay-color":"","overlay-opacity":"","overlay-gradient":""},"mobile":{"background-color":"var(--ast-global-color-5)","background-image":"","background-repeat":"repeat","background-position":"center center","background-size":"auto","background-attachment":"scroll","background-type":"","background-media":"","overlay-type":"","overlay-color":"","overlay-opacity":"","overlay-gradient":""}},"footnotes":""},"class_list":["post-73","page","type-page","status-publish","hentry"],"post_mailing_queue_ids":[],"_links":{"self":[{"href":"https:\/\/agora.xtec.cat\/ie-castelldodena\/wp-json\/wp\/v2\/pages\/73","targetHints":{"allow":["GET"]}}],"collection":[{"href":"https:\/\/agora.xtec.cat\/ie-castelldodena\/wp-json\/wp\/v2\/pages"}],"about":[{"href":"https:\/\/agora.xtec.cat\/ie-castelldodena\/wp-json\/wp\/v2\/types\/page"}],"author":[{"embeddable":true,"href":"https:\/\/agora.xtec.cat\/ie-castelldodena\/wp-json\/wp\/v2\/users\/1"}],"replies":[{"embeddable":true,"href":"https:\/\/agora.xtec.cat\/ie-castelldodena\/wp-json\/wp\/v2\/comments?post=73"}],"version-history":[{"count":6,"href":"https:\/\/agora.xtec.cat\/ie-castelldodena\/wp-json\/wp\/v2\/pages\/73\/revisions"}],"predecessor-version":[{"id":16981,"href":"https:\/\/agora.xtec.cat\/ie-castelldodena\/wp-json\/wp\/v2\/pages\/73\/revisions\/16981"}],"up":[{"embeddable":true,"href":"https:\/\/agora.xtec.cat\/ie-castelldodena\/wp-json\/wp\/v2\/pages\/13332"}],"wp:attachment":[{"href":"https:\/\/agora.xtec.cat\/ie-castelldodena\/wp-json\/wp\/v2\/media?parent=73"}],"curies":[{"name":"wp","href":"https:\/\/api.w.org\/{rel}","templated":true}]}}