{"id":66,"date":"2014-09-18T12:40:47","date_gmt":"2014-09-18T11:40:47","guid":{"rendered":"http:\/\/agora.xtec.cat\/ceip-castelldodena\/?page_id=66"},"modified":"2025-10-25T21:53:09","modified_gmt":"2025-10-25T19:53:09","slug":"afa","status":"publish","type":"page","link":"https:\/\/agora.xtec.cat\/ie-castelldodena\/serveis\/afa\/","title":{"rendered":"Associaci\u00f3 de Fam\u00edlies d\u2019Alumnes"},"content":{"rendered":"\n<figure class=\"wp-block-image alignright\"><a href=\"https:\/\/agora.xtec.cat\/ceip-castelldodena\/wp-content\/uploads\/usu1414\/2024\/06\/INFOGRAFIA-AFA-IE-Castell-dOdena.pdf\"><img loading=\"lazy\" decoding=\"async\" width=\"253\" height=\"647\" src=\"https:\/\/agora.xtec.cat\/ceip-castelldodena\/wp-content\/uploads\/usu1414\/2024\/12\/afa.png\" alt=\"\" class=\"wp-image-14447\" srcset=\"https:\/\/agora.xtec.cat\/ie-castelldodena\/wp-content\/uploads\/usu1414\/2024\/12\/afa.png 253w, https:\/\/agora.xtec.cat\/ie-castelldodena\/wp-content\/uploads\/usu1414\/2024\/12\/afa-117x300.png 117w\" sizes=\"auto, (max-width: 253px) 100vw, 253px\" \/><\/a><\/figure>\n\n\n\n<p>L&#8217;<a href=\"https:\/\/agora.xtec.cat\/ceip-castelldodena\/wp-content\/uploads\/usu1414\/2024\/06\/INFOGRAFIA-AFA-IE-Castell-dOdena.pdf\"><strong>Associaci\u00f3 de Fam\u00edlies d&#8217;Alumnes<\/strong><\/a> (AFA) del centre \u00e9s l&#8217;entitat formada per pares, mares i tutors legals dels alumnes matriculats a l&#8217;IE Castell d&#8217;\u00d2dena que s&#8217;associen volunt\u00e0riament cada curs.<\/p>\n\n\n\n<p>La seva <strong>finalitat principal<\/strong> \u00e9s representar i defensar els interessos de l&#8217;alumnat i les seves fam\u00edlies davant de l&#8217;equip directiu del centre, les administracions educatives i altres institucions relacionades amb l&#8217;educaci\u00f3.<\/p>\n\n\n\n<p>Les<strong> funcions<\/strong> de l&#8217;AFA poden variar segons les necessitats i els objectius espec\u00edfics del centre escolar, per\u00f2 sovint inclouen activitats com organitzar esdeveniments culturals i esportius, col\u00b7laborar en la gesti\u00f3 de serveis extraescolars, recaptar fons per a millorar les instal\u00b7lacions del centre i promoure la participaci\u00f3 de les fam\u00edlies en la vida escolar dels seus fills.<\/p>\n\n\n\n<p>Ens agrada rebre cr\u00edtiques constructives, especialment si venen amb suggeriments de millora.<\/p>\n\n\n\n<p class=\"has-text-align-center\"><em><strong>Si voleu col\u00b7laborar amb nosaltres, sempre hi ha tasques per fer i estarem encantats d&#8217;acollir-vos.<\/strong><\/em><\/p>\n\n\n\n<p>L&#8217;AFA ofereix els serveis seg\u00fcents:<\/p>\n\n\n\n<ul class=\"wp-block-list\">\n<li><a href=\"https:\/\/agora.xtec.cat\/ie-castelldodena\/serveis\/afa\/acollida\/\">Servei d&#8217;acollida<\/a> a partir de 3\/4 de 8 del mat\u00ed<\/li>\n\n\n\n<li><a href=\"https:\/\/agora.xtec.cat\/ie-castelldodena\/serveis\/afa\/menjador\/\">Menjador escolar<\/a>, amb cuina al mateix centre.<\/li>\n\n\n\n<li><a href=\"https:\/\/agora.xtec.cat\/ie-castelldodena\/serveis\/afa\/activitats-extraescolars\/\">Activitats extraescolars<\/a>.<\/li>\n\n\n\n<li>Col\u00b7laboraci\u00f3 en les diferents festes i\/o activitats que celebrem al centre.<\/li>\n\n\n\n<li>Organitzaci\u00f3 del Casal de Nadal i Setmana Santa.<\/li>\n\n\n\n<li>Aportaci\u00f3 econ\u00f2mica: autob\u00fas de col\u00f2nies, participaci\u00f3 en la festa de PRIM_6, material pel centre&#8230;<\/li>\n<\/ul>\n\n\n\n<figure class=\"wp-block-image aligncenter size-full\"><a href=\"https:\/\/agora.xtec.cat\/ie-castelldodena\/wp-content\/uploads\/usu1414\/2025\/10\/afa.jpg\"><img loading=\"lazy\" decoding=\"async\" width=\"160\" height=\"160\" src=\"https:\/\/agora.xtec.cat\/ie-castelldodena\/wp-content\/uploads\/usu1414\/2025\/10\/afa.jpg\" alt=\"\" class=\"wp-image-15984\" srcset=\"https:\/\/agora.xtec.cat\/ie-castelldodena\/wp-content\/uploads\/usu1414\/2025\/10\/afa.jpg 160w, https:\/\/agora.xtec.cat\/ie-castelldodena\/wp-content\/uploads\/usu1414\/2025\/10\/afa-150x150.jpg 150w\" sizes=\"auto, (max-width: 160px) 100vw, 160px\" \/><\/a><\/figure>\n\n\n\n<div style=\"text-align: center;\"><b><\/b><b><\/b><\/div>\n\n\n\n<div style=\"text-align: center;\"><a href=\"mailto:ampapatcastell@gmail.com\">ampapatcastell@gmail.com<\/a><\/div>\n\n\n\n<div><b>&nbsp;<\/b><\/div>\n\n\n\n<div style=\"text-align: center;\"><b>L\u2019AFA T\u00c9 FACEBOOK!! AQU\u00cd EN TENIU L\u2019ADRE\u00c7A!!<\/b><\/div>\n\n\n\n<div style=\"text-align: center;\"><b><a href=\"http:\/\/www.facebook.com\/ampapatcastell\" target=\"_blank\" rel=\"nofollow noopener noreferrer\">http:\/\/www.facebook.com\/ampapatcastell<\/a><\/b><\/div>\n","protected":false},"excerpt":{"rendered":"<p>L&#8217;Associaci\u00f3 de Fam\u00edlies d&#8217;Alumnes (AFA) del centre \u00e9s l&#8217;entitat formada per pares, mares i tutors legals dels alumnes matriculats a [&hellip;]<\/p>\n","protected":false},"author":1,"featured_media":0,"parent":13332,"menu_order":1,"comment_status":"closed","ping_status":"closed","template":"","meta":{"_bbp_topic_count":0,"_bbp_reply_count":0,"_bbp_total_topic_count":0,"_bbp_total_reply_count":0,"_bbp_voice_count":0,"_bbp_anonymous_reply_count":0,"_bbp_topic_count_hidden":0,"_bbp_reply_count_hidden":0,"_bbp_forum_subforum_count":0,"site-sidebar-layout":"default","site-content-layout":"","ast-site-content-layout":"default","site-content-style":"default","site-sidebar-style":"default","ast-global-header-display":"","ast-banner-title-visibility":"","ast-main-header-display":"","ast-hfb-above-header-display":"","ast-hfb-below-header-display":"","ast-hfb-mobile-header-display":"","site-post-title":"","ast-breadcrumbs-content":"","ast-featured-img":"","footer-sml-layout":"","theme-transparent-header-meta":"","adv-header-id-meta":"","stick-header-meta":"","header-above-stick-meta":"","header-main-stick-meta":"","header-below-stick-meta":"","astra-migrate-meta-layouts":"set","ast-page-background-enabled":"default","ast-page-background-meta":{"desktop":{"background-color":"var(--ast-global-color-4)","background-image":"","background-repeat":"repeat","background-position":"center center","background-size":"auto","background-attachment":"scroll","background-type":"","background-media":"","overlay-type":"","overlay-color":"","overlay-opacity":"","overlay-gradient":""},"tablet":{"background-color":"","background-image":"","background-repeat":"repeat","background-position":"center center","background-size":"auto","background-attachment":"scroll","background-type":"","background-media":"","overlay-type":"","overlay-color":"","overlay-opacity":"","overlay-gradient":""},"mobile":{"background-color":"","background-image":"","background-repeat":"repeat","background-position":"center center","background-size":"auto","background-attachment":"scroll","background-type":"","background-media":"","overlay-type":"","overlay-color":"","overlay-opacity":"","overlay-gradient":""}},"ast-content-background-meta":{"desktop":{"background-color":"var(--ast-global-color-5)","background-image":"","background-repeat":"repeat","background-position":"center center","background-size":"auto","background-attachment":"scroll","background-type":"","background-media":"","overlay-type":"","overlay-color":"","overlay-opacity":"","overlay-gradient":""},"tablet":{"background-color":"var(--ast-global-color-5)","background-image":"","background-repeat":"repeat","background-position":"center center","background-size":"auto","background-attachment":"scroll","background-type":"","background-media":"","overlay-type":"","overlay-color":"","overlay-opacity":"","overlay-gradient":""},"mobile":{"background-color":"var(--ast-global-color-5)","background-image":"","background-repeat":"repeat","background-position":"center center","background-size":"auto","background-attachment":"scroll","background-type":"","background-media":"","overlay-type":"","overlay-color":"","overlay-opacity":"","overlay-gradient":""}},"footnotes":""},"class_list":["post-66","page","type-page","status-publish","hentry"],"post_mailing_queue_ids":[],"_links":{"self":[{"href":"https:\/\/agora.xtec.cat\/ie-castelldodena\/wp-json\/wp\/v2\/pages\/66","targetHints":{"allow":["GET"]}}],"collection":[{"href":"https:\/\/agora.xtec.cat\/ie-castelldodena\/wp-json\/wp\/v2\/pages"}],"about":[{"href":"https:\/\/agora.xtec.cat\/ie-castelldodena\/wp-json\/wp\/v2\/types\/page"}],"author":[{"embeddable":true,"href":"https:\/\/agora.xtec.cat\/ie-castelldodena\/wp-json\/wp\/v2\/users\/1"}],"replies":[{"embeddable":true,"href":"https:\/\/agora.xtec.cat\/ie-castelldodena\/wp-json\/wp\/v2\/comments?post=66"}],"version-history":[{"count":6,"href":"https:\/\/agora.xtec.cat\/ie-castelldodena\/wp-json\/wp\/v2\/pages\/66\/revisions"}],"predecessor-version":[{"id":15986,"href":"https:\/\/agora.xtec.cat\/ie-castelldodena\/wp-json\/wp\/v2\/pages\/66\/revisions\/15986"}],"up":[{"embeddable":true,"href":"https:\/\/agora.xtec.cat\/ie-castelldodena\/wp-json\/wp\/v2\/pages\/13332"}],"wp:attachment":[{"href":"https:\/\/agora.xtec.cat\/ie-castelldodena\/wp-json\/wp\/v2\/media?parent=66"}],"curies":[{"name":"wp","href":"https:\/\/api.w.org\/{rel}","templated":true}]}}