{"id":572,"date":"2016-10-02T18:50:14","date_gmt":"2016-10-02T16:50:14","guid":{"rendered":"http:\/\/agora.xtec.cat\/ceip-castelldodena\/?page_id=572"},"modified":"2026-04-22T10:03:49","modified_gmt":"2026-04-22T08:03:49","slug":"preinscripcio","status":"publish","type":"page","link":"https:\/\/agora.xtec.cat\/ie-castelldodena\/secretaria\/preinscripcio\/","title":{"rendered":"Preinscripci\u00f3 2026\/27"},"content":{"rendered":"\n<figure class=\"wp-block-image size-large\"><a href=\"https:\/\/agora.xtec.cat\/ie-castelldodena\/wp-content\/uploads\/usu1414\/2026\/03\/baner-preinscripcio.jpg\"><img loading=\"lazy\" decoding=\"async\" width=\"1024\" height=\"200\" src=\"https:\/\/agora.xtec.cat\/ie-castelldodena\/wp-content\/uploads\/usu1414\/2026\/03\/baner-preinscripcio-1024x200.jpg\" alt=\"\" class=\"wp-image-16732\" srcset=\"https:\/\/agora.xtec.cat\/ie-castelldodena\/wp-content\/uploads\/usu1414\/2026\/03\/baner-preinscripcio-1024x200.jpg 1024w, https:\/\/agora.xtec.cat\/ie-castelldodena\/wp-content\/uploads\/usu1414\/2026\/03\/baner-preinscripcio-300x59.jpg 300w, https:\/\/agora.xtec.cat\/ie-castelldodena\/wp-content\/uploads\/usu1414\/2026\/03\/baner-preinscripcio-768x150.jpg 768w, https:\/\/agora.xtec.cat\/ie-castelldodena\/wp-content\/uploads\/usu1414\/2026\/03\/baner-preinscripcio-1536x301.jpg 1536w, https:\/\/agora.xtec.cat\/ie-castelldodena\/wp-content\/uploads\/usu1414\/2026\/03\/baner-preinscripcio.jpg 1900w\" sizes=\"auto, (max-width: 1024px) 100vw, 1024px\" \/><\/a><\/figure>\n\n\n\n<p class=\"has-text-align-center\"><a href=\"https:\/\/agora.xtec.cat\/ie-castelldodena\/wp-content\/uploads\/usu1414\/2026\/04\/INFORME-BAREM-PROVISIONAL-PREINSCRIPCIO-26-27.pdf\" target=\"_blank\" rel=\"noreferrer noopener\">INFORME BAREM PROVISIONAL PREINSCRIPCI\u00d3 26-27<\/a><\/p>\n\n\n\n<p class=\"has-text-align-center\"><a href=\"https:\/\/agora.xtec.cat\/ie-castelldodena\/wp-content\/uploads\/usu1414\/2026\/03\/INFORME_OFERTA_OME_INFORME_OFERTA.pdf\">OFERTA INICIAL DE PLACES_CURS 26-27<\/a><\/p>\n\n\n\n<p>Dates de presentaci\u00f3 de sol\u00b7licituds:<\/p>\n\n\n\n<ul class=\"wp-block-list\">\n<li>Infantil i Prim\u00e0ria: del  4 al 18 de mar\u00e7<\/li>\n\n\n\n<li>Secund\u00e0ria: del 6 al 18 de mar\u00e7<\/li>\n<\/ul>\n\n\n\n<p>Tota la informaci\u00f3 sobre la preinscripci\u00f3 s\u2019anir\u00e0 actualitzant en aquest apartat i tamb\u00e9 a la <a href=\"https:\/\/preinscripcio.gencat.cat\/ca\/inici\">p\u00e0gina de preinscripci\u00f3<\/a> del Departament d\u2019Educaci\u00f3.<\/p>\n\n\n\n<p>Per qualsevol dubte, podeu contactar amb secretaria trucant al centre (938017607) o b\u00e9 enviant un correu electr\u00f2nic a 08077009@xtec.cat<\/p>\n\n\n\n<p class=\"has-text-align-center\">Amb coher\u00e8ncia, continu\u00eftat i mirada de futur: aix\u00ed entenem l\u2019educaci\u00f3 dels 3 als 16 anys.<\/p>\n\n\n\n<p class=\"has-text-align-center\"><a href=\"https:\/\/agora.xtec.cat\/ie-castelldodena\/wp-content\/uploads\/usu1414\/2026\/03\/PORTES-OBERTES-2026-27_INF-I-PRIM-2_compressed-1.pdf\">INFANTIL I PRIM\u00c0RIA<\/a><\/p>\n\n\n\n<p class=\"has-text-align-center\"><a href=\"https:\/\/agora.xtec.cat\/ie-castelldodena\/wp-content\/uploads\/usu1414\/2026\/03\/Portes-Obertes.-ESO.-CURS-2026.pdf-2_compressed.pdf\">SECUND\u00c0RIA<\/a><\/p>\n","protected":false},"excerpt":{"rendered":"<p>INFORME BAREM PROVISIONAL PREINSCRIPCI\u00d3 26-27 OFERTA INICIAL DE PLACES_CURS 26-27 Dates de presentaci\u00f3 de sol\u00b7licituds: Tota la informaci\u00f3 sobre la [&hellip;]<\/p>\n","protected":false},"author":1,"featured_media":0,"parent":13515,"menu_order":4,"comment_status":"closed","ping_status":"closed","template":"","meta":{"_bbp_topic_count":0,"_bbp_reply_count":0,"_bbp_total_topic_count":0,"_bbp_total_reply_count":0,"_bbp_voice_count":0,"_bbp_anonymous_reply_count":0,"_bbp_topic_count_hidden":0,"_bbp_reply_count_hidden":0,"_bbp_forum_subforum_count":0,"site-sidebar-layout":"default","site-content-layout":"","ast-site-content-layout":"default","site-content-style":"default","site-sidebar-style":"default","ast-global-header-display":"","ast-banner-title-visibility":"","ast-main-header-display":"","ast-hfb-above-header-display":"","ast-hfb-below-header-display":"","ast-hfb-mobile-header-display":"","site-post-title":"","ast-breadcrumbs-content":"","ast-featured-img":"","footer-sml-layout":"","theme-transparent-header-meta":"","adv-header-id-meta":"","stick-header-meta":"","header-above-stick-meta":"","header-main-stick-meta":"","header-below-stick-meta":"","astra-migrate-meta-layouts":"set","ast-page-background-enabled":"default","ast-page-background-meta":{"desktop":{"background-color":"var(--ast-global-color-4)","background-image":"","background-repeat":"repeat","background-position":"center center","background-size":"auto","background-attachment":"scroll","background-type":"","background-media":"","overlay-type":"","overlay-color":"","overlay-opacity":"","overlay-gradient":""},"tablet":{"background-color":"","background-image":"","background-repeat":"repeat","background-position":"center center","background-size":"auto","background-attachment":"scroll","background-type":"","background-media":"","overlay-type":"","overlay-color":"","overlay-opacity":"","overlay-gradient":""},"mobile":{"background-color":"","background-image":"","background-repeat":"repeat","background-position":"center center","background-size":"auto","background-attachment":"scroll","background-type":"","background-media":"","overlay-type":"","overlay-color":"","overlay-opacity":"","overlay-gradient":""}},"ast-content-background-meta":{"desktop":{"background-color":"var(--ast-global-color-5)","background-image":"","background-repeat":"repeat","background-position":"center center","background-size":"auto","background-attachment":"scroll","background-type":"","background-media":"","overlay-type":"","overlay-color":"","overlay-opacity":"","overlay-gradient":""},"tablet":{"background-color":"var(--ast-global-color-5)","background-image":"","background-repeat":"repeat","background-position":"center center","background-size":"auto","background-attachment":"scroll","background-type":"","background-media":"","overlay-type":"","overlay-color":"","overlay-opacity":"","overlay-gradient":""},"mobile":{"background-color":"var(--ast-global-color-5)","background-image":"","background-repeat":"repeat","background-position":"center center","background-size":"auto","background-attachment":"scroll","background-type":"","background-media":"","overlay-type":"","overlay-color":"","overlay-opacity":"","overlay-gradient":""}},"footnotes":""},"class_list":["post-572","page","type-page","status-publish","hentry"],"post_mailing_queue_ids":[],"_links":{"self":[{"href":"https:\/\/agora.xtec.cat\/ie-castelldodena\/wp-json\/wp\/v2\/pages\/572","targetHints":{"allow":["GET"]}}],"collection":[{"href":"https:\/\/agora.xtec.cat\/ie-castelldodena\/wp-json\/wp\/v2\/pages"}],"about":[{"href":"https:\/\/agora.xtec.cat\/ie-castelldodena\/wp-json\/wp\/v2\/types\/page"}],"author":[{"embeddable":true,"href":"https:\/\/agora.xtec.cat\/ie-castelldodena\/wp-json\/wp\/v2\/users\/1"}],"replies":[{"embeddable":true,"href":"https:\/\/agora.xtec.cat\/ie-castelldodena\/wp-json\/wp\/v2\/comments?post=572"}],"version-history":[{"count":6,"href":"https:\/\/agora.xtec.cat\/ie-castelldodena\/wp-json\/wp\/v2\/pages\/572\/revisions"}],"predecessor-version":[{"id":16886,"href":"https:\/\/agora.xtec.cat\/ie-castelldodena\/wp-json\/wp\/v2\/pages\/572\/revisions\/16886"}],"up":[{"embeddable":true,"href":"https:\/\/agora.xtec.cat\/ie-castelldodena\/wp-json\/wp\/v2\/pages\/13515"}],"wp:attachment":[{"href":"https:\/\/agora.xtec.cat\/ie-castelldodena\/wp-json\/wp\/v2\/media?parent=572"}],"curies":[{"name":"wp","href":"https:\/\/api.w.org\/{rel}","templated":true}]}}