{"id":539,"date":"2016-10-02T18:08:27","date_gmt":"2016-10-02T16:08:27","guid":{"rendered":"http:\/\/agora.xtec.cat\/ceip-castelldodena\/?page_id=539"},"modified":"2026-03-03T16:57:22","modified_gmt":"2026-03-03T15:57:22","slug":"premis-obtinguts","status":"publish","type":"page","link":"https:\/\/agora.xtec.cat\/ie-castelldodena\/elcentre\/premis-obtinguts\/","title":{"rendered":"Reconeixements i premis"},"content":{"rendered":"\n<h3 class=\"wp-block-heading\"><strong>2025<\/strong><\/h3>\n\n\n\n<ul class=\"wp-block-list\">\n<li><strong>Premi a l&#8217;entrenador a la First Lego League<\/strong>. Alumnat de l&#8217;optativa de Rob\u00f2tica de secund\u00e0ria. Docents: Carles \u00c1valos.<\/li>\n<\/ul>\n\n\n\n<h3 class=\"wp-block-heading\"><strong>2024<\/strong><\/h3>\n\n\n\n<ul class=\"wp-block-list\">\n<li><strong>Premi al concurs de relats &#8220;El valor de l&#8217;aigua&#8221;<\/strong> organitzat per Aigua de Rigat amb l&#8217;escrit <em>&#8220;No s\u00e9 si plou, per\u00f2 fa s<\/em>ol&#8221;. Alumna: Ariadna Gonz\u00e1lez (ESO4). Docent: Isidro Ruiz<\/li>\n\n\n\n<li>Participaci\u00f3 a la final del <strong>Certamen de Lectura en Veu Alta <\/strong>amb la Tropa de Corsaris, els alumnes de 3r i 4t d\u2019ESO. Docent: Anna Hervilla_Marta Oliva.<\/li>\n<\/ul>\n\n\n\n<h3 class=\"wp-block-heading\"><strong>2023<\/strong><\/h3>\n\n\n\n<ul class=\"wp-block-list\">\n<li><strong>Premi a les Joves promeses a la First Lego League<\/strong>. Alumnat de secund\u00e0ria. Docents: Pere Torrades i Isidro Ruiz.<\/li>\n\n\n\n<li><strong>Premi &#8220;Qu\u00edmica a l&#8217;escola&#8221; impulsat per la UEA.<\/strong> Alumnes PRIM_3 i ESO_3. Docent: Anna Novell i Meritxell Esparrach.<\/li>\n\n\n\n<li><strong>Acreditaci\u00f3 com a centre ERASMUS+<\/strong>. Docents: Imma Corredera i N\u00faria Romeu.<\/li>\n<\/ul>\n\n\n\n<h3 class=\"wp-block-heading\"><strong>2022<\/strong><\/h3>\n\n\n\n<ul class=\"wp-block-list\">\n<li><strong>Premi Retotech.<\/strong> Impulsat per Endesa. Docent: Pere Torrades<\/li>\n\n\n\n<li><strong>Premi a les Joves promeses a la First Lego League<\/strong>. Alumnat de PRIM_6. Docents: Pere Torrades i Isidro Ruiz.<\/li>\n<\/ul>\n\n\n\n<h3 class=\"wp-block-heading\"><strong>2020<\/strong><\/h3>\n\n\n\n<ul class=\"wp-block-list\">\n<li><strong>Premi &#8220;Qu\u00edmica a l&#8217;escola&#8221; impulsat per la UEA. <\/strong>Alumnat ESO1. Docent: L\u00eddia Mar\u00edn.<\/li>\n<\/ul>\n\n\n\n<h3 class=\"wp-block-heading\"><b>2018<\/b><\/h3>\n\n\n\n<ul class=\"wp-block-list\">\n<li><b>Premi Baldiri Reixach als alumnes de I5 pel treball: &#8220;Restaurant Drac&#8221;.<\/b><span style=\"font-weight: 400;\"> Mestra: Susana Llamas.<\/span><\/li>\n\n\n\n<li><b>Premi escola 1a categoria Bisbat de Vic. 33\u00e8 Concurs B\u00edblic de Catalunya.<\/b><span style=\"font-weight: 400;\"> Mestra: Gemma Graells.<\/span><\/li>\n\n\n\n<li><b>Diversos premis als alumnes de PRIM_2n, PRIM_4t i PRIM_6\u00e8: &#8220;El m\u00f3n a trav\u00e9s del forat d&#8217;una poma&#8221;.<\/b> <b>Fundaci\u00f3 Espigoladors, El menjar no es llen\u00e7a.&nbsp;<\/b><\/li>\n<\/ul>\n\n\n\n<h3 class=\"wp-block-heading\"><b>2017<\/b><\/h3>\n\n\n\n<ul class=\"wp-block-list\">\n<li><b>3r premi&nbsp; Festival de Clipmetratges, organitzat per Mans Unides, sobre el malbaratament del menjar. <\/b><span style=\"font-weight: 400;\">Mestre: Ramon Casanova.<\/span><\/li>\n<\/ul>\n\n\n\n<h3 class=\"wp-block-heading\"><b>2016<\/b><\/h3>\n\n\n\n<ul class=\"wp-block-list\">\n<li><b>Menci\u00f3 especial del Festival de Clipmetratges, organitzat per Mans Unides, sobre el malbaratament del menjar. <\/b><span style=\"font-weight: 400;\">Mestre: Ramon Casanova.<\/span><\/li>\n<\/ul>\n\n\n\n<h3 class=\"wp-block-heading\"><b>2014<\/b><\/h3>\n\n\n\n<ul class=\"wp-block-list\">\n<li><b>Premi Baldiri Reixach als alumnes de I5 pels treballs: &#8220;Teatre de la llebre i la tortuga&#8221; i &#8220;Rumpelstilskyn&#8221;<\/b><b>. <\/b><span style=\"font-weight: 400;\">Mestres: Meritxell Cardona, Ramon Casanova, Cristina Queralt.<\/span><\/li>\n<\/ul>\n\n\n\n<h3 class=\"wp-block-heading\"><b>2013<\/b><\/h3>\n\n\n\n<ul class=\"wp-block-list\">\n<li><b>Premi Conviure a Catalunya, als alumnes de 6\u00e8<\/b><span style=\"font-weight: 400;\">.<\/span> <span style=\"font-weight: 400;\">Direcci\u00f3 del treball: Anna Rodr\u00edguez i Montserrat Llad\u00f3<\/span><\/li>\n<\/ul>\n\n\n\n<h3 class=\"wp-block-heading\"><b>2012<\/b><\/h3>\n\n\n\n<ul class=\"wp-block-list\">\n<li><b>Premi Baldiri Reixach a la modalitat d&#8217;escola.<\/b> <span style=\"font-weight: 400;\">Claustre de professors. S\u00f2nia Pons i Pilar Gil.<\/span><\/li>\n<\/ul>\n\n\n\n<h3 class=\"wp-block-heading\"><b>2010<\/b><\/h3>\n\n\n\n<ul class=\"wp-block-list\">\n<li><b>Finalista del premi d&#8217;Orat\u00f2ria en angl\u00e8s, castell\u00e0 i catal\u00e0: alumna de PRIM_6<\/b><span style=\"font-weight: 400;\">.<\/span> <span style=\"font-weight: 400;\">Direcci\u00f3 del treball: Anna Rodr\u00edguez.<\/span><\/li>\n<\/ul>\n\n\n\n<h3 class=\"wp-block-heading\"><b>2009<\/b><\/h3>\n\n\n\n<ul class=\"wp-block-list\">\n<li><b>Premi Baldiri Reixac als alumnes de I5 pel treball:&#8221;La R\u00ednxols d&#8217;Or&#8221;.<\/b> <span style=\"font-weight: 400;\">Direcci\u00f3 i realitzaci\u00f3: S\u00f2nia Pons.<\/span><\/li>\n\n\n\n<li><b>3r premi Consell Audiovisual de Catalunya als alumnes de PRIM_5 pel treball de cr\u00edtica televisiva: &#8220;La volta al m\u00f3n en 80 dies. En 80 dies de not\u00edcies, podem donar la volta al m\u00f3n?&#8221;<\/b><span style=\"font-weight: 400;\">. <\/span><span style=\"font-weight: 400;\">Direcci\u00f3: Montserrat Llad\u00f3. Realitzaci\u00f3: Montserrat Llad\u00f3, Mireia Rivera<\/span><\/li>\n<\/ul>\n\n\n\n<h3 class=\"wp-block-heading\"><b>2008<\/b><\/h3>\n\n\n\n<ul class=\"wp-block-list\">\n<li><b>Premi de la di\u00f2cesis de Vic de religi\u00f3 pel conjunt del treball realitzat sobre la B\u00edblia pels alumnes dels cicles mitj\u00e0 i superior.<\/b> <span style=\"font-weight: 400;\">Direcci\u00f3: Gemma Graells<\/span><\/li>\n\n\n\n<li><b>Premi dels Ferrocarrils de Catalunya als alumnes de PRIM_2: &#8220;El tren del futur&#8221;<\/b><span style=\"font-weight: 400;\">. <\/span><span style=\"font-weight: 400;\">Direcci\u00f3: Merc\u00e8 Viladiu<\/span><\/li>\n<\/ul>\n\n\n\n<h3 class=\"wp-block-heading\"><b>2007<\/b><\/h3>\n\n\n\n<ul class=\"wp-block-list\">\n<li><b>Premi Baldiri Reixach a l&#8217;experi\u00e8ncia did\u00e0ctica de mestres,<\/b><span style=\"font-weight: 400;\"> a Montserrat Llad\u00f3,<\/span> <b>pel treball: Tastet de Lletres<\/b><\/li>\n<\/ul>\n\n\n\n<h3 class=\"wp-block-heading\"><b>2004<\/b><\/h3>\n\n\n\n<ul class=\"wp-block-list\">\n<li><b>2n premi de Contes de ci\u00e8ncia, de Cosmocaixa, La Caixa, als alumnes de 2n, pel treball: En Pau i la J\u00falia al bosc. <\/b><span style=\"font-weight: 400;\">Direcci\u00f3: Jaume Vidal.<\/span><\/li>\n<\/ul>\n\n\n\n<h3 class=\"wp-block-heading\"><b>2003<\/b><\/h3>\n\n\n\n<ul class=\"wp-block-list\">\n<li><b>2n premi del Ministerio de Educaci\u00f3n, i l&#8217;editorial Bayard als alumnes de 3r pel treball: Fem experiments amb l&#8217;aire. <\/b><span style=\"font-weight: 400;\">Direcci\u00f3: Montserrat Llad\u00f3. Realitzaci\u00f3: Gisel\u00b7la Jovell<\/span><\/li>\n<\/ul>\n\n\n\n<h3 class=\"wp-block-heading\"><b>2002<\/b><\/h3>\n\n\n\n<ul class=\"wp-block-list\">\n<li><b>Acc\u00e8ssit al premi Pau Vila de la Universitat de Barcelona pel treball de tota l&#8217;escola: La riera d&#8217;\u00d2dena i els seus voltants.<\/b> <span style=\"font-weight: 400;\">Direcci\u00f3: Montserrat LLad\u00f3<\/span><\/li>\n<\/ul>\n\n\n\n<ul class=\"wp-block-list\">\n<li><b>1r premi del Certamen literari i art\u00edstic del Departament d&#8217;Educaci\u00f3 pel treball de tota l&#8217;escola: Treballem Gaud\u00ed. <\/b><span style=\"font-weight: 400;\">Coordinaci\u00f3: Gisel\u00b7la Jovell i Raquel Aguilar<\/span><\/li>\n\n\n\n<li><b>1r Premi de v\u00eddeo escolar del Departament d&#8217;Educaci\u00f3 pel treball dels alumnes de cicle superior: Qu\u00e8 passa al terrat de la pedrera? <\/b><span style=\"font-weight: 400;\">Direcci\u00f3 i realitzaci\u00f3: Montserrat Llad\u00f3.<\/span><\/li>\n\n\n\n<li><b>Distinci\u00f3 amb l&#8217;etiqueta Netd@ys Europe 2002 pel treball dels alumnes de cicle superior: Qu\u00e8 passa al terrat de la pedrera?<\/b><\/li>\n<\/ul>\n\n\n\n<h3 class=\"wp-block-heading\"><b>2001<\/b><\/h3>\n\n\n\n<ul class=\"wp-block-list\">\n<li><b>2n premi de webs de ci\u00e8ncia de la SGTI pel treball de tota l&#8217;escola: Com es fa<\/b>?<span style=\"font-weight: 400;\"> Direcci\u00f3<\/span><span style=\"font-weight: 400;\"> t\u00e8cnica: Josep M\u00aa Sol\u00e9. Direcci\u00f3 pedag\u00f2gica: Montserrat Llad\u00f3<\/span><\/li>\n<\/ul>\n\n\n\n<h3 class=\"wp-block-heading\"><b>1998<\/b><\/h3>\n\n\n\n<ul class=\"wp-block-list\">\n<li><b>2n premi de fotografia escolar del Departament d&#8217;Educaci\u00f3 als alumnes de parvulari pel treball: El n\u00favol lila.<\/b> <span style=\"font-weight: 400;\">Direcci\u00f3: Roser Nogu\u00e9<\/span><\/li>\n<\/ul>\n\n\n\n<h3 class=\"wp-block-heading\"><b>1997<\/b><\/h3>\n\n\n\n<ul class=\"wp-block-list\">\n<li><b>Premi Baldiri Reixach a tota l&#8217;escola pel treball: L&#8217;Univers<\/b><span style=\"font-weight: 400;\">. <\/span><span style=\"font-weight: 400;\">Direcci\u00f3: Montserrat Llad\u00f3<\/span><\/li>\n\n\n\n<li><b>6\u00e8 premi Editorial Bayard als alumnes de 2n, pel llibre El dof\u00ed aventurer.<\/b> <span style=\"font-weight: 400;\">Direcci\u00f3: Teresa Traveset<\/span><\/li>\n\n\n\n<li><b>Premi Baldiri Reixach als alumnes de parvulari pel treball: Josep Carner al parvulari.<\/b> <span style=\"font-weight: 400;\">Direcci\u00f3: Roser Nogu\u00e9, Dolors Font, Ester Garriga<\/span><\/li>\n<\/ul>\n\n\n\n<h3 class=\"wp-block-heading\"><b>1996<\/b><\/h3>\n\n\n\n<ul class=\"wp-block-list\">\n<li><b>Premi Baldiri Reixac a tota l&#8217;escola pel treball: El cinema i altres mitjans audiovisuals.<\/b> <span style=\"font-weight: 400;\">Direcci\u00f3: Montserrat Llad\u00f3<\/span><\/li>\n\n\n\n<li><b>1r Premi de v\u00eddeo escolar del Departament d&#8217;Educaci\u00f3 pel conjunt de pel\u00b7l\u00edcules realitzades sobre el cinema. <\/b><span style=\"font-weight: 400;\">Direcci\u00f3: Isabel Esteba<\/span><\/li>\n\n\n\n<li><b>Acc\u00e8ssit al premi Pau Vila de la Universitat de Barcelona als alumnes de parvulari pel treball: La transformaci\u00f3 de la Conca d&#8217;\u00d2dena al llarg del temps.<\/b> <span style=\"font-weight: 400;\">Direcci\u00f3: Roser Nogu\u00e9<\/span><\/li>\n<\/ul>\n\n\n\n<h3 class=\"wp-block-heading\"><b>1995<\/b><\/h3>\n\n\n\n<ul class=\"wp-block-list\">\n<li><b>Premi Baldiri Reixach als alumnes de cicle superior pel treball : L&#8217;ecosistema a la conca d&#8217;\u00d2dena.<\/b> <span style=\"font-weight: 400;\">Direcci\u00f3: Isabel Esteba<\/span><\/li>\n\n\n\n<li><b>Premi Baldiri Reixach als alumnes de parvulari pel treball: La transformaci\u00f3 de la Conca d&#8217;\u00d2dena al llarg del temps<\/b>. Direcci\u00f3<span style=\"font-weight: 400;\">: Roser Nogu\u00e9<\/span><\/li>\n<\/ul>\n\n\n\n<h3 class=\"wp-block-heading\"><b>1988<\/b><\/h3>\n\n\n\n<ul class=\"wp-block-list\">\n<li><b>Premi Baldiri Reixach als alumnes de parvulari pel treball: El Sol i la Lluna<\/b><span style=\"font-weight: 400;\">.<\/span><span style=\"font-weight: 400;\">Direcci\u00f3: Teresa Traveset<\/span><\/li>\n<\/ul>\n\n\n\n<h3 class=\"wp-block-heading\"><b>1987<\/b><\/h3>\n\n\n\n<ul class=\"wp-block-list\">\n<li><b>Premi Baldiri Reixach a tota l&#8217;escola pel treball: \u00d2dena t\u00e9 1.000 anys.<\/b><span style=\"font-weight: 400;\">Direcci\u00f3: Mateu J.Arn\u00f3<\/span><\/li>\n<\/ul>\n","protected":false},"excerpt":{"rendered":"<p>2025 2024 2023 2022 2020 2018 2017 2016 2014 2013 2012 2010 2009 2008 2007 2004 2003 2002 2001 1998 [&hellip;]<\/p>\n","protected":false},"author":1,"featured_media":0,"parent":22,"menu_order":6,"comment_status":"closed","ping_status":"closed","template":"","meta":{"_bbp_topic_count":0,"_bbp_reply_count":0,"_bbp_total_topic_count":0,"_bbp_total_reply_count":0,"_bbp_voice_count":0,"_bbp_anonymous_reply_count":0,"_bbp_topic_count_hidden":0,"_bbp_reply_count_hidden":0,"_bbp_forum_subforum_count":0,"site-sidebar-layout":"default","site-content-layout":"","ast-site-content-layout":"default","site-content-style":"default","site-sidebar-style":"default","ast-global-header-display":"","ast-banner-title-visibility":"","ast-main-header-display":"","ast-hfb-above-header-display":"","ast-hfb-below-header-display":"","ast-hfb-mobile-header-display":"","site-post-title":"","ast-breadcrumbs-content":"","ast-featured-img":"","footer-sml-layout":"","theme-transparent-header-meta":"","adv-header-id-meta":"","stick-header-meta":"","header-above-stick-meta":"","header-main-stick-meta":"","header-below-stick-meta":"","astra-migrate-meta-layouts":"set","ast-page-background-enabled":"default","ast-page-background-meta":{"desktop":{"background-color":"var(--ast-global-color-4)","background-image":"","background-repeat":"repeat","background-position":"center center","background-size":"auto","background-attachment":"scroll","background-type":"","background-media":"","overlay-type":"","overlay-color":"","overlay-opacity":"","overlay-gradient":""},"tablet":{"background-color":"","background-image":"","background-repeat":"repeat","background-position":"center center","background-size":"auto","background-attachment":"scroll","background-type":"","background-media":"","overlay-type":"","overlay-color":"","overlay-opacity":"","overlay-gradient":""},"mobile":{"background-color":"","background-image":"","background-repeat":"repeat","background-position":"center center","background-size":"auto","background-attachment":"scroll","background-type":"","background-media":"","overlay-type":"","overlay-color":"","overlay-opacity":"","overlay-gradient":""}},"ast-content-background-meta":{"desktop":{"background-color":"var(--ast-global-color-5)","background-image":"","background-repeat":"repeat","background-position":"center center","background-size":"auto","background-attachment":"scroll","background-type":"","background-media":"","overlay-type":"","overlay-color":"","overlay-opacity":"","overlay-gradient":""},"tablet":{"background-color":"var(--ast-global-color-5)","background-image":"","background-repeat":"repeat","background-position":"center center","background-size":"auto","background-attachment":"scroll","background-type":"","background-media":"","overlay-type":"","overlay-color":"","overlay-opacity":"","overlay-gradient":""},"mobile":{"background-color":"var(--ast-global-color-5)","background-image":"","background-repeat":"repeat","background-position":"center center","background-size":"auto","background-attachment":"scroll","background-type":"","background-media":"","overlay-type":"","overlay-color":"","overlay-opacity":"","overlay-gradient":""}},"footnotes":""},"class_list":["post-539","page","type-page","status-publish","hentry"],"post_mailing_queue_ids":[],"_links":{"self":[{"href":"https:\/\/agora.xtec.cat\/ie-castelldodena\/wp-json\/wp\/v2\/pages\/539","targetHints":{"allow":["GET"]}}],"collection":[{"href":"https:\/\/agora.xtec.cat\/ie-castelldodena\/wp-json\/wp\/v2\/pages"}],"about":[{"href":"https:\/\/agora.xtec.cat\/ie-castelldodena\/wp-json\/wp\/v2\/types\/page"}],"author":[{"embeddable":true,"href":"https:\/\/agora.xtec.cat\/ie-castelldodena\/wp-json\/wp\/v2\/users\/1"}],"replies":[{"embeddable":true,"href":"https:\/\/agora.xtec.cat\/ie-castelldodena\/wp-json\/wp\/v2\/comments?post=539"}],"version-history":[{"count":6,"href":"https:\/\/agora.xtec.cat\/ie-castelldodena\/wp-json\/wp\/v2\/pages\/539\/revisions"}],"predecessor-version":[{"id":16190,"href":"https:\/\/agora.xtec.cat\/ie-castelldodena\/wp-json\/wp\/v2\/pages\/539\/revisions\/16190"}],"up":[{"embeddable":true,"href":"https:\/\/agora.xtec.cat\/ie-castelldodena\/wp-json\/wp\/v2\/pages\/22"}],"wp:attachment":[{"href":"https:\/\/agora.xtec.cat\/ie-castelldodena\/wp-json\/wp\/v2\/media?parent=539"}],"curies":[{"name":"wp","href":"https:\/\/api.w.org\/{rel}","templated":true}]}}