{"id":36,"date":"2014-09-18T12:33:11","date_gmt":"2014-09-18T10:33:11","guid":{"rendered":"http:\/\/agora.xtec.cat\/ceip-castelldodena\/?page_id=36"},"modified":"2025-11-11T07:48:36","modified_gmt":"2025-11-11T06:48:36","slug":"material-escolar","status":"publish","type":"page","link":"https:\/\/agora.xtec.cat\/ie-castelldodena\/secretaria\/material-escolar\/","title":{"rendered":"Material i llibres"},"content":{"rendered":"\n<h3 class=\"wp-block-heading has-text-align-left\"><strong>LLIBRES CURS 2024-25<\/strong><\/h3>\n\n\n\n<figure class=\"wp-block-table\"><table class=\"has-fixed-layout\"><tbody><tr><td><strong>EDUCACI\u00d3 PRIM\u00c0RIA<\/strong><\/td><td><strong>EDUCACI\u00d3 SECUND\u00c0RIA<\/strong><\/td><\/tr><tr><td><p style=\"text-align: center;\"><a href=\"https:\/\/agora.xtec.cat\/ceip-castelldodena\/wp-content\/uploads\/usu1414\/2024\/08\/PRIM_6e-LLIBRES-24-25.pdf\">PRIM_6\u00e8 LLIBRES 24-25<\/a><\/p><p style=\"text-align: center;\"><a href=\"https:\/\/agora.xtec.cat\/ceip-castelldodena\/wp-content\/uploads\/usu1414\/2024\/08\/PRIM_5e-LLIBRES-24_25.pdf\">PRIM_5\u00e8 LLIBRES 24_25<\/a><\/p><p style=\"text-align: center;\"><a href=\"https:\/\/agora.xtec.cat\/ceip-castelldodena\/wp-content\/uploads\/usu1414\/2024\/08\/PRIM_4t-LLIBRES-24-25.pdf\">PRIM_4t LLIBRES 24-25<\/a><\/p><p style=\"text-align: center;\"><a href=\"https:\/\/agora.xtec.cat\/ceip-castelldodena\/wp-content\/uploads\/usu1414\/2024\/08\/PRIM_3r-LLIBRES-24-25.pdf\">PRIM_3r LLIBRES 24-25<\/a><\/p><p style=\"text-align: center;\"><a href=\"https:\/\/agora.xtec.cat\/ceip-castelldodena\/wp-content\/uploads\/usu1414\/2024\/08\/PRIM_2n-LLIBRES-24-25.pdf\">PRIM_2n LLIBRES 24-25<\/a><\/p><p style=\"text-align: center;\"><a href=\"https:\/\/agora.xtec.cat\/ceip-castelldodena\/wp-content\/uploads\/usu1414\/2024\/08\/PRIM_1r-LLIBRES-24-25.pdf\">PRIM_1r LLIBRES 24-25<\/a><\/p><\/td><td><br><p style=\"text-align: center;\"><a href=\"https:\/\/agora.xtec.cat\/ceip-castelldodena\/wp-content\/uploads\/usu1414\/2024\/08\/ESO-Llibres-4t-_-24-25-.docx.pdf\">LLIBRES ESO_4_ 24-25<\/a><\/p><p style=\"text-align: center;\"><a href=\"https:\/\/agora.xtec.cat\/ceip-castelldodena\/wp-content\/uploads\/usu1414\/2024\/08\/ESO-Llibres-3r-_-24-25-.docx.pdf\">LLIBRES ESO_3_ 24-25<\/a><\/p><p style=\"text-align: center;\"><a href=\"https:\/\/agora.xtec.cat\/ceip-castelldodena\/wp-content\/uploads\/usu1414\/2024\/08\/ESO-Llibres-2n-_-24-25-.docx.pdf\">LLIBRES ESO_2_ 24-25<\/a><\/p><p style=\"text-align: center;\"><a href=\"https:\/\/agora.xtec.cat\/ceip-castelldodena\/wp-content\/uploads\/usu1414\/2024\/08\/ESO-Llibres-1r-_-24-25-.docx.pdf\">LLIBRES ESO_1 _ 24-25<\/a><\/p><br><\/td><\/tr><\/tbody><\/table><\/figure>\n\n\n\n<p>&nbsp;<\/p>\n\n\n\n<h3 class=\"wp-block-heading has-text-align-left\"><strong>QUOTES DE MATERIAL<\/strong><\/h3>\n\n\n\n<figure class=\"wp-block-table\"><table class=\"has-fixed-layout\"><tbody><tr><td><strong>EDUCACI\u00d3 INFANTIL<\/strong><\/td><td><strong>EDUCACI\u00d3 PRIM\u00c0RIA<\/strong>:<\/td><td><strong>EDUCACI\u00d3 SECUND\u00c0RIA<\/strong><\/td><\/tr><tr><td>85 \u20ac<\/td><td>90 \u20ac<\/td><td>100 \u20ac<\/td><\/tr><\/tbody><\/table><\/figure>\n\n\n\n<p>\u00a0Aquesta quota cal abonar-la via DINANTIA.<\/p>\n\n\n\n<ul class=\"wp-block-list\">\n<li>Inclou: material fungible (cartolines, material de tecnologia\/laboratori, ceres, pinzells, pintura, folis, coles, etc.), fotoc\u00f2pies, aplicacions digitals (Dinantia, Xim i Xesca i Legiland), inscripcions a concursos, equipaments i material digital, llibres de literatura, de consulta i biblioteca d&#8217;aula, etc.<\/li>\n\n\n\n<li>Enguany tant a prim\u00e0ria com a secund\u00e0ria teniu els <a href=\"https:\/\/agora.xtec.cat\/ceip-castelldodena\/wp-content\/uploads\/usu1414\/2024\/08\/Informacio-Vals-Escolars-24-25.pdf\">VALS ESCOLARS<\/a>, que podeu emprar per a la compra dels llibres o b\u00e9 per pagar part de la quota de material. Si decidiu optar per aquesta darrera opci\u00f3, haureu de venir presencialment a secretaria i fer l&#8217;abonament de la quota restant. Per fer-ho, cal demanar cita pr\u00e8via trucant al centre (93 801 76 07) durant la primera setmana de setembre en horari de 9 a 13.<\/li>\n<\/ul>\n\n\n\n<p>&nbsp;<\/p>\n\n\n\n<p class=\"has-text-align-center\"><strong style=\"font-size: 1.125em; text-align: center;\">QUOTA DE L&#8217;AFA<\/strong><br><span style=\"font-family: inherit; font-size: 1em;\">26\u20ac per fam\u00edlia<\/span><\/p>\n","protected":false},"excerpt":{"rendered":"<p>LLIBRES CURS 2024-25 EDUCACI\u00d3 PRIM\u00c0RIA EDUCACI\u00d3 SECUND\u00c0RIA PRIM_6\u00e8 LLIBRES 24-25 PRIM_5\u00e8 LLIBRES 24_25 PRIM_4t LLIBRES 24-25 PRIM_3r LLIBRES 24-25 PRIM_2n [&hellip;]<\/p>\n","protected":false},"author":1,"featured_media":0,"parent":13515,"menu_order":2,"comment_status":"closed","ping_status":"closed","template":"","meta":{"_bbp_topic_count":0,"_bbp_reply_count":0,"_bbp_total_topic_count":0,"_bbp_total_reply_count":0,"_bbp_voice_count":0,"_bbp_anonymous_reply_count":0,"_bbp_topic_count_hidden":0,"_bbp_reply_count_hidden":0,"_bbp_forum_subforum_count":0,"site-sidebar-layout":"default","site-content-layout":"","ast-site-content-layout":"default","site-content-style":"default","site-sidebar-style":"default","ast-global-header-display":"","ast-banner-title-visibility":"","ast-main-header-display":"","ast-hfb-above-header-display":"","ast-hfb-below-header-display":"","ast-hfb-mobile-header-display":"","site-post-title":"","ast-breadcrumbs-content":"","ast-featured-img":"","footer-sml-layout":"","theme-transparent-header-meta":"","adv-header-id-meta":"","stick-header-meta":"","header-above-stick-meta":"","header-main-stick-meta":"","header-below-stick-meta":"","astra-migrate-meta-layouts":"set","ast-page-background-enabled":"default","ast-page-background-meta":{"desktop":{"background-color":"var(--ast-global-color-4)","background-image":"","background-repeat":"repeat","background-position":"center center","background-size":"auto","background-attachment":"scroll","background-type":"","background-media":"","overlay-type":"","overlay-color":"","overlay-opacity":"","overlay-gradient":""},"tablet":{"background-color":"","background-image":"","background-repeat":"repeat","background-position":"center center","background-size":"auto","background-attachment":"scroll","background-type":"","background-media":"","overlay-type":"","overlay-color":"","overlay-opacity":"","overlay-gradient":""},"mobile":{"background-color":"","background-image":"","background-repeat":"repeat","background-position":"center center","background-size":"auto","background-attachment":"scroll","background-type":"","background-media":"","overlay-type":"","overlay-color":"","overlay-opacity":"","overlay-gradient":""}},"ast-content-background-meta":{"desktop":{"background-color":"var(--ast-global-color-5)","background-image":"","background-repeat":"repeat","background-position":"center center","background-size":"auto","background-attachment":"scroll","background-type":"","background-media":"","overlay-type":"","overlay-color":"","overlay-opacity":"","overlay-gradient":""},"tablet":{"background-color":"var(--ast-global-color-5)","background-image":"","background-repeat":"repeat","background-position":"center center","background-size":"auto","background-attachment":"scroll","background-type":"","background-media":"","overlay-type":"","overlay-color":"","overlay-opacity":"","overlay-gradient":""},"mobile":{"background-color":"var(--ast-global-color-5)","background-image":"","background-repeat":"repeat","background-position":"center center","background-size":"auto","background-attachment":"scroll","background-type":"","background-media":"","overlay-type":"","overlay-color":"","overlay-opacity":"","overlay-gradient":""}},"footnotes":""},"class_list":["post-36","page","type-page","status-publish","hentry"],"post_mailing_queue_ids":[],"_links":{"self":[{"href":"https:\/\/agora.xtec.cat\/ie-castelldodena\/wp-json\/wp\/v2\/pages\/36","targetHints":{"allow":["GET"]}}],"collection":[{"href":"https:\/\/agora.xtec.cat\/ie-castelldodena\/wp-json\/wp\/v2\/pages"}],"about":[{"href":"https:\/\/agora.xtec.cat\/ie-castelldodena\/wp-json\/wp\/v2\/types\/page"}],"author":[{"embeddable":true,"href":"https:\/\/agora.xtec.cat\/ie-castelldodena\/wp-json\/wp\/v2\/users\/1"}],"replies":[{"embeddable":true,"href":"https:\/\/agora.xtec.cat\/ie-castelldodena\/wp-json\/wp\/v2\/comments?post=36"}],"version-history":[{"count":6,"href":"https:\/\/agora.xtec.cat\/ie-castelldodena\/wp-json\/wp\/v2\/pages\/36\/revisions"}],"predecessor-version":[{"id":16198,"href":"https:\/\/agora.xtec.cat\/ie-castelldodena\/wp-json\/wp\/v2\/pages\/36\/revisions\/16198"}],"up":[{"embeddable":true,"href":"https:\/\/agora.xtec.cat\/ie-castelldodena\/wp-json\/wp\/v2\/pages\/13515"}],"wp:attachment":[{"href":"https:\/\/agora.xtec.cat\/ie-castelldodena\/wp-json\/wp\/v2\/media?parent=36"}],"curies":[{"name":"wp","href":"https:\/\/api.w.org\/{rel}","templated":true}]}}