{"id":26,"date":"0204-03-08T20:46:32","date_gmt":"0204-03-08T21:01:16","guid":{"rendered":"http:\/\/agora.xtec.cat\/ceip-castelldodena\/?page_id=26"},"modified":"2024-12-12T08:44:48","modified_gmt":"2024-12-12T07:44:48","slug":"carta","status":"publish","type":"page","link":"https:\/\/agora.xtec.cat\/ie-castelldodena\/elcentre\/transparencia\/carta\/","title":{"rendered":"Carta de comprom\u00eds educatiu"},"content":{"rendered":"<div style=\"text-align: center;\">\n<div style=\"margin: 8px 0px 4px;\"><\/div>\n<div>\n<p style=\"text-align: left;\"><span style=\"font-weight: 400;\">La <strong>Carta de comprom\u00eds educatiu<\/strong> \u00e9s l\u2019eina que facilita la cooperaci\u00f3 entre les fam\u00edlies i el centre educatiu, i expressa els compromisos que aquests s\u2019avenen a adquirir per garantir la cooperaci\u00f3 entre les seves accions educatives en un entorn de conviv\u00e8ncia, respecte i responsabilitat en el desenvolupament de les activitats educatives.<\/span><\/p>\n<p style=\"text-align: left;\"><span style=\"font-weight: 400;\">D&#8217;acord amb la <em><strong>Llei d&#8217;Educaci\u00f3 de Catalunya (12\/2009)<\/strong><\/em>, el centre i les fam\u00edlies, conscients que l&#8217;educaci\u00f3 de l&#8217;alumnat implica l&#8217;actuaci\u00f3 conjunta de la fam\u00edlia i de l&#8217;escola, signen cada any una carta que comporta els compromisos seg\u00fcents:<\/span><\/p>\n<\/div>\n<p><iframe loading=\"lazy\" src=\"\/\/v.calameo.com\/?bkcode=0010708144daad60f5005&amp;mode=mini\" width=\"960\" height=\"600\" frameborder=\"0\"><\/iframe><\/p>\n<div style=\"margin: 4px 0px 8px; text-align: left;\"><em><span style=\"font-family: inherit; font-size: 1em;\">Aquest document es va aprovar per Consell Escolar el 26 de novembre de 2020.<\/span><\/em><\/div>\n<\/div>\n","protected":false},"excerpt":{"rendered":"<p>La Carta de comprom\u00eds educatiu \u00e9s l\u2019eina que facilita la cooperaci\u00f3 entre les fam\u00edlies i el centre educatiu, i expressa [&hellip;]<\/p>\n","protected":false},"author":1,"featured_media":0,"parent":13532,"menu_order":5,"comment_status":"closed","ping_status":"closed","template":"page-templates\/side-menu.php","meta":{"_bbp_topic_count":0,"_bbp_reply_count":0,"_bbp_total_topic_count":0,"_bbp_total_reply_count":0,"_bbp_voice_count":0,"_bbp_anonymous_reply_count":0,"_bbp_topic_count_hidden":0,"_bbp_reply_count_hidden":0,"_bbp_forum_subforum_count":0,"site-sidebar-layout":"default","site-content-layout":"","ast-site-content-layout":"","site-content-style":"default","site-sidebar-style":"default","ast-global-header-display":"","ast-banner-title-visibility":"","ast-main-header-display":"","ast-hfb-above-header-display":"","ast-hfb-below-header-display":"","ast-hfb-mobile-header-display":"","site-post-title":"","ast-breadcrumbs-content":"","ast-featured-img":"","footer-sml-layout":"","theme-transparent-header-meta":"","adv-header-id-meta":"","stick-header-meta":"","header-above-stick-meta":"","header-main-stick-meta":"","header-below-stick-meta":"","astra-migrate-meta-layouts":"default","ast-page-background-enabled":"default","ast-page-background-meta":{"desktop":{"background-color":"var(--ast-global-color-4)","background-image":"","background-repeat":"repeat","background-position":"center center","background-size":"auto","background-attachment":"scroll","background-type":"","background-media":"","overlay-type":"","overlay-color":"","overlay-opacity":"","overlay-gradient":""},"tablet":{"background-color":"","background-image":"","background-repeat":"repeat","background-position":"center center","background-size":"auto","background-attachment":"scroll","background-type":"","background-media":"","overlay-type":"","overlay-color":"","overlay-opacity":"","overlay-gradient":""},"mobile":{"background-color":"","background-image":"","background-repeat":"repeat","background-position":"center center","background-size":"auto","background-attachment":"scroll","background-type":"","background-media":"","overlay-type":"","overlay-color":"","overlay-opacity":"","overlay-gradient":""}},"ast-content-background-meta":{"desktop":{"background-color":"var(--ast-global-color-5)","background-image":"","background-repeat":"repeat","background-position":"center center","background-size":"auto","background-attachment":"scroll","background-type":"","background-media":"","overlay-type":"","overlay-color":"","overlay-opacity":"","overlay-gradient":""},"tablet":{"background-color":"var(--ast-global-color-5)","background-image":"","background-repeat":"repeat","background-position":"center center","background-size":"auto","background-attachment":"scroll","background-type":"","background-media":"","overlay-type":"","overlay-color":"","overlay-opacity":"","overlay-gradient":""},"mobile":{"background-color":"var(--ast-global-color-5)","background-image":"","background-repeat":"repeat","background-position":"center center","background-size":"auto","background-attachment":"scroll","background-type":"","background-media":"","overlay-type":"","overlay-color":"","overlay-opacity":"","overlay-gradient":""}},"footnotes":""},"class_list":["post-26","page","type-page","status-publish","hentry"],"post_mailing_queue_ids":[],"_links":{"self":[{"href":"https:\/\/agora.xtec.cat\/ie-castelldodena\/wp-json\/wp\/v2\/pages\/26","targetHints":{"allow":["GET"]}}],"collection":[{"href":"https:\/\/agora.xtec.cat\/ie-castelldodena\/wp-json\/wp\/v2\/pages"}],"about":[{"href":"https:\/\/agora.xtec.cat\/ie-castelldodena\/wp-json\/wp\/v2\/types\/page"}],"author":[{"embeddable":true,"href":"https:\/\/agora.xtec.cat\/ie-castelldodena\/wp-json\/wp\/v2\/users\/1"}],"replies":[{"embeddable":true,"href":"https:\/\/agora.xtec.cat\/ie-castelldodena\/wp-json\/wp\/v2\/comments?post=26"}],"version-history":[{"count":6,"href":"https:\/\/agora.xtec.cat\/ie-castelldodena\/wp-json\/wp\/v2\/pages\/26\/revisions"}],"predecessor-version":[{"id":14494,"href":"https:\/\/agora.xtec.cat\/ie-castelldodena\/wp-json\/wp\/v2\/pages\/26\/revisions\/14494"}],"up":[{"embeddable":true,"href":"https:\/\/agora.xtec.cat\/ie-castelldodena\/wp-json\/wp\/v2\/pages\/13532"}],"wp:attachment":[{"href":"https:\/\/agora.xtec.cat\/ie-castelldodena\/wp-json\/wp\/v2\/media?parent=26"}],"curies":[{"name":"wp","href":"https:\/\/api.w.org\/{rel}","templated":true}]}}