{"id":22,"date":"2014-09-18T12:19:57","date_gmt":"2014-09-18T11:19:57","guid":{"rendered":"http:\/\/agora.xtec.cat\/ceip-castelldodena\/?page_id=22"},"modified":"2025-12-15T07:37:50","modified_gmt":"2025-12-15T06:37:50","slug":"elcentre","status":"publish","type":"page","link":"https:\/\/agora.xtec.cat\/ie-castelldodena\/elcentre\/","title":{"rendered":"EL CENTRE"},"content":{"rendered":"\n<p>L\u2019<strong>Institut Escola Castell d\u2019\u00d2dena<\/strong>&nbsp;est\u00e0 situat al principal nucli urb\u00e0 del municipi d\u2019\u00d2dena, a la comarca de l\u2019Anoia, a Catalunya. \u00c9s l\u2019\u00fanic centre del terme municipal, format per diferents nuclis de poblaci\u00f3: <strong>nucli d\u2019\u00d2dena<\/strong>, <strong>l\u2019Espelt<\/strong>, <strong>barri Sant Pere<\/strong> i <strong>Pla de la Masia<\/strong>, <strong>l\u2019Arrabal <\/strong>i <strong>casetes de Cal Mussons<\/strong>, entre els m\u00e9s poblats.<\/p>\n\n\n\n<figure class=\"wp-block-gallery has-nested-images columns-default is-cropped wp-block-gallery-1 is-layout-flex wp-block-gallery-is-layout-flex\">\n<figure class=\"wp-block-image size-large\"><a href=\"https:\/\/agora.xtec.cat\/ceip-castelldodena\/wp-content\/uploads\/usu1414\/2025\/06\/centre-scaled.jpg\"><img loading=\"lazy\" decoding=\"async\" width=\"2560\" height=\"1440\" data-id=\"16195\" src=\"https:\/\/agora.xtec.cat\/ie-castelldodena\/wp-content\/uploads\/usu1414\/2025\/11\/centre-edited-scaled.jpg\" alt=\"\" class=\"wp-image-16195\" srcset=\"https:\/\/agora.xtec.cat\/ie-castelldodena\/wp-content\/uploads\/usu1414\/2025\/11\/centre-edited-scaled.jpg 2560w, https:\/\/agora.xtec.cat\/ie-castelldodena\/wp-content\/uploads\/usu1414\/2025\/11\/centre-edited-300x169.jpg 300w, https:\/\/agora.xtec.cat\/ie-castelldodena\/wp-content\/uploads\/usu1414\/2025\/11\/centre-edited-1024x576.jpg 1024w, https:\/\/agora.xtec.cat\/ie-castelldodena\/wp-content\/uploads\/usu1414\/2025\/11\/centre-edited-768x432.jpg 768w, https:\/\/agora.xtec.cat\/ie-castelldodena\/wp-content\/uploads\/usu1414\/2025\/11\/centre-edited-1536x864.jpg 1536w, https:\/\/agora.xtec.cat\/ie-castelldodena\/wp-content\/uploads\/usu1414\/2025\/11\/centre-edited-2048x1152.jpg 2048w\" sizes=\"auto, (max-width: 2560px) 100vw, 2560px\" \/><\/a><\/figure>\n<\/figure>\n\n\n\n<p>La&nbsp;<strong>visi\u00f3 de centre<\/strong>&nbsp;defineix el nostre prop\u00f2sit i els objectius que ens proposem desplegar a llarg termini. <strong>L\u2019Institut Escola Castell d\u2019\u00d2dena pret\u00e9n ser un centre que respongui a les demandes de la societat actual<\/strong>. Volem ser un centre referent a la zona, que apr\u00e8n d\u2019ell mateix i de la interacci\u00f3 amb l\u2019entorn, que reflexiona, s\u2019avalua i innova per millorar. Alhora, volem ser un centre que busca en tot moment la <strong>col\u00b7laboraci\u00f3 transparent amb la comunitat educativa<\/strong> <strong>per a cr\u00e9ixer<\/strong> de manera conjunta.&nbsp;<\/p>\n\n\n\n<figure class=\"wp-block-image size-large\"><a href=\"https:\/\/agora.xtec.cat\/ie-castelldodena\/wp-content\/uploads\/usu1414\/2025\/10\/centre-foto-scaled.jpg\"><img loading=\"lazy\" decoding=\"async\" width=\"1024\" height=\"576\" src=\"https:\/\/agora.xtec.cat\/ie-castelldodena\/wp-content\/uploads\/usu1414\/2025\/10\/centre-foto-1024x576.jpg\" alt=\"\" class=\"wp-image-15989\" srcset=\"https:\/\/agora.xtec.cat\/ie-castelldodena\/wp-content\/uploads\/usu1414\/2025\/10\/centre-foto-1024x576.jpg 1024w, https:\/\/agora.xtec.cat\/ie-castelldodena\/wp-content\/uploads\/usu1414\/2025\/10\/centre-foto-300x169.jpg 300w, https:\/\/agora.xtec.cat\/ie-castelldodena\/wp-content\/uploads\/usu1414\/2025\/10\/centre-foto-768x432.jpg 768w, https:\/\/agora.xtec.cat\/ie-castelldodena\/wp-content\/uploads\/usu1414\/2025\/10\/centre-foto-1536x864.jpg 1536w, https:\/\/agora.xtec.cat\/ie-castelldodena\/wp-content\/uploads\/usu1414\/2025\/10\/centre-foto-2048x1152.jpg 2048w\" sizes=\"auto, (max-width: 1024px) 100vw, 1024px\" \/><\/a><\/figure>\n\n\n\n<p>El nostre&nbsp;<strong>prop\u00f2sit&nbsp;<\/strong>com a centre \u00e9s <strong>formar persones capaces de cr\u00e9ixer amb valors, valors com la responsabilitat, l\u2019empatia, la resili\u00e8ncia i el respecte<\/strong>. Aspirem a formar persones conscients d\u2019elles mateixes, amb una autoestima saludable i una mentalitat oberta.&nbsp; Proporcionant una <strong>educaci\u00f3 de qualitat que estimuli la curiositat, la creativitat i la capacitat cr\u00edtica dels nostres alumnes<\/strong>. Transmetent coneixements i fomentant la capacitat d\u2019aprendre de manera aut\u00f2noma i adaptativa en un m\u00f3n en constant canvi amb l\u2019entorn dels nostres alumnes. Volem que es converteixin en agents de canvi positius a la seva comunitat.&nbsp;Que els nostres alumnes desenvolupin habilitats pr\u00e0ctiques, col\u00b7laboratives i de presa de decisions que els preparin per <strong>afrontar els reptes del m\u00f3n real<\/strong> i contribuint en la responsabilitat c\u00edvica i el <strong>comprom\u00eds<\/strong>.<\/p>\n","protected":false},"excerpt":{"rendered":"<p>L\u2019Institut Escola Castell d\u2019\u00d2dena&nbsp;est\u00e0 situat al principal nucli urb\u00e0 del municipi d\u2019\u00d2dena, a la comarca de l\u2019Anoia, a Catalunya. \u00c9s [&hellip;]<\/p>\n","protected":false},"author":1,"featured_media":0,"parent":0,"menu_order":1,"comment_status":"closed","ping_status":"closed","template":"","meta":{"_bbp_topic_count":0,"_bbp_reply_count":0,"_bbp_total_topic_count":0,"_bbp_total_reply_count":0,"_bbp_voice_count":0,"_bbp_anonymous_reply_count":0,"_bbp_topic_count_hidden":0,"_bbp_reply_count_hidden":0,"_bbp_forum_subforum_count":0,"site-sidebar-layout":"default","site-content-layout":"","ast-site-content-layout":"default","site-content-style":"default","site-sidebar-style":"default","ast-global-header-display":"","ast-banner-title-visibility":"","ast-main-header-display":"","ast-hfb-above-header-display":"","ast-hfb-below-header-display":"","ast-hfb-mobile-header-display":"","site-post-title":"","ast-breadcrumbs-content":"","ast-featured-img":"","footer-sml-layout":"","theme-transparent-header-meta":"","adv-header-id-meta":"","stick-header-meta":"","header-above-stick-meta":"","header-main-stick-meta":"","header-below-stick-meta":"","astra-migrate-meta-layouts":"set","ast-page-background-enabled":"default","ast-page-background-meta":{"desktop":{"background-color":"var(--ast-global-color-4)","background-image":"","background-repeat":"repeat","background-position":"center center","background-size":"auto","background-attachment":"scroll","background-type":"","background-media":"","overlay-type":"","overlay-color":"","overlay-opacity":"","overlay-gradient":""},"tablet":{"background-color":"","background-image":"","background-repeat":"repeat","background-position":"center center","background-size":"auto","background-attachment":"scroll","background-type":"","background-media":"","overlay-type":"","overlay-color":"","overlay-opacity":"","overlay-gradient":""},"mobile":{"background-color":"","background-image":"","background-repeat":"repeat","background-position":"center center","background-size":"auto","background-attachment":"scroll","background-type":"","background-media":"","overlay-type":"","overlay-color":"","overlay-opacity":"","overlay-gradient":""}},"ast-content-background-meta":{"desktop":{"background-color":"var(--ast-global-color-5)","background-image":"","background-repeat":"repeat","background-position":"center center","background-size":"auto","background-attachment":"scroll","background-type":"","background-media":"","overlay-type":"","overlay-color":"","overlay-opacity":"","overlay-gradient":""},"tablet":{"background-color":"var(--ast-global-color-5)","background-image":"","background-repeat":"repeat","background-position":"center center","background-size":"auto","background-attachment":"scroll","background-type":"","background-media":"","overlay-type":"","overlay-color":"","overlay-opacity":"","overlay-gradient":""},"mobile":{"background-color":"var(--ast-global-color-5)","background-image":"","background-repeat":"repeat","background-position":"center center","background-size":"auto","background-attachment":"scroll","background-type":"","background-media":"","overlay-type":"","overlay-color":"","overlay-opacity":"","overlay-gradient":""}},"footnotes":""},"class_list":["post-22","page","type-page","status-publish","hentry"],"post_mailing_queue_ids":[],"_links":{"self":[{"href":"https:\/\/agora.xtec.cat\/ie-castelldodena\/wp-json\/wp\/v2\/pages\/22","targetHints":{"allow":["GET"]}}],"collection":[{"href":"https:\/\/agora.xtec.cat\/ie-castelldodena\/wp-json\/wp\/v2\/pages"}],"about":[{"href":"https:\/\/agora.xtec.cat\/ie-castelldodena\/wp-json\/wp\/v2\/types\/page"}],"author":[{"embeddable":true,"href":"https:\/\/agora.xtec.cat\/ie-castelldodena\/wp-json\/wp\/v2\/users\/1"}],"replies":[{"embeddable":true,"href":"https:\/\/agora.xtec.cat\/ie-castelldodena\/wp-json\/wp\/v2\/comments?post=22"}],"version-history":[{"count":6,"href":"https:\/\/agora.xtec.cat\/ie-castelldodena\/wp-json\/wp\/v2\/pages\/22\/revisions"}],"predecessor-version":[{"id":16323,"href":"https:\/\/agora.xtec.cat\/ie-castelldodena\/wp-json\/wp\/v2\/pages\/22\/revisions\/16323"}],"wp:attachment":[{"href":"https:\/\/agora.xtec.cat\/ie-castelldodena\/wp-json\/wp\/v2\/media?parent=22"}],"curies":[{"name":"wp","href":"https:\/\/api.w.org\/{rel}","templated":true}]}}