{"id":16083,"date":"2025-11-08T08:38:05","date_gmt":"2025-11-08T07:38:05","guid":{"rendered":"https:\/\/agora.xtec.cat\/ie-castelldodena\/?page_id=16083"},"modified":"2025-12-02T18:52:05","modified_gmt":"2025-12-02T17:52:05","slug":"estrategia-digital","status":"publish","type":"page","link":"https:\/\/agora.xtec.cat\/ie-castelldodena\/programes\/estrategia-digital-de-centre\/estrategia-digital\/","title":{"rendered":"Estrat\u00e8gia digital"},"content":{"rendered":"\n<p>L\u2019<strong>Estrat\u00e8gia Digital de Centre<\/strong> (EDC) recull totes les accions que es realitzen en un centre, i les que es realitzaran a mitj\u00e0 termini, per aconseguir la <strong>m\u00e0xima compet\u00e8ncia digital de l\u2019alumnat, del professorat i del centre educatiu<\/strong>.<\/p>\n\n\n\n<p>Ha de tenir com a referent el <strong>Pla d\u2019educaci\u00f3 digital<\/strong>, on s\u2019indica la necessitat d\u2019assolir la fita d\u2019una <strong>societat digitalment competent<\/strong>, fent \u00e8mfasi en l\u2019equitat i tenint en compte l\u2019evoluci\u00f3 del context social i tecnol\u00f2gic.<\/p>\n\n\n\n<p>Per dissenyar una bona EDC cal seguir unes <strong>fases determinades<\/strong>. Per a cada fase ens valdrem de <strong>diferents instruments<\/strong> que ens permetran concretar quin <strong>grau de maduresa digital<\/strong> necessitem que assoleixi el centre en cada \u00e0mbit (alumnat, professorat i centre) i com fer-ho.<\/p>\n\n\n\n<div style=\"height:56px\" aria-hidden=\"true\" class=\"wp-block-spacer\"><\/div>\n\n\n\n<figure class=\"wp-block-image aligncenter is-resized\"><img decoding=\"async\" src=\"https:\/\/projectes.xtec.cat\/edc-suport\/wp-content\/uploads\/usu2435\/2021\/03\/edc5.jpg\" alt=\"Fases de l'EDC\" class=\"wp-image-8683\" style=\"width:484px;height:auto\"\/><\/figure>\n\n\n\n<div style=\"height:56px\" aria-hidden=\"true\" class=\"wp-block-spacer\"><\/div>\n\n\n\n<h2 class=\"wp-block-heading\">Diagnosi<\/h2>\n\n\n\n<p>Per realitzar la diagnosi de la compet\u00e8ncia digital del centre s&#8217;han utilitzat les eines&nbsp;<strong>SELFIE<\/strong>&nbsp;per l&#8217;alumnat&nbsp;i&nbsp;<strong>SELFIE<\/strong>&nbsp;<strong>for Teachers<\/strong>&nbsp;pel professorat, aix\u00ed com la plataforma&nbsp;<strong>Dinantia<\/strong>&nbsp;per enquestar les fam\u00edlies.<\/p>\n\n\n\n<h3 class=\"wp-block-heading\">Dades de la diagnosi<\/h3>\n\n\n\n<div data-wp-interactive=\"core\/file\" class=\"wp-block-file\"><object data-wp-bind--hidden=\"!state.hasPdfPreview\" hidden class=\"wp-block-file__embed\" data=\"https:\/\/agora.xtec.cat\/ie-castelldodena\/wp-content\/uploads\/usu1414\/2025\/11\/diagnosi.pdf\" type=\"application\/pdf\" style=\"width:100%;height:200px\" aria-label=\"Incrustaci\u00f3 del fitxer Diagnosi.\"><\/object><a id=\"wp-block-file--media-e7690e13-403e-4f05-a653-044cc6318485\" href=\"https:\/\/agora.xtec.cat\/ie-castelldodena\/wp-content\/uploads\/usu1414\/2025\/11\/diagnosi.pdf\">Diagnosi<\/a><a href=\"https:\/\/agora.xtec.cat\/ie-castelldodena\/wp-content\/uploads\/usu1414\/2025\/11\/diagnosi.pdf\" class=\"wp-block-file__button wp-element-button\" download aria-describedby=\"wp-block-file--media-e7690e13-403e-4f05-a653-044cc6318485\">Baixa<\/a><\/div>\n\n\n\n<p>Despr\u00e9s d&#8217;analitzar el resultat de les enquestes&nbsp;es detecten els seg\u00fcents punts forts i punts febles segons diferents aspectes.<\/p>\n\n\n\n<h3 class=\"wp-block-heading\">DAFO<\/h3>\n\n\n\n<div data-wp-interactive=\"core\/file\" class=\"wp-block-file\"><object data-wp-bind--hidden=\"!state.hasPdfPreview\" hidden class=\"wp-block-file__embed\" data=\"https:\/\/agora.xtec.cat\/ie-castelldodena\/wp-content\/uploads\/usu1414\/2025\/11\/DAFO.pdf\" type=\"application\/pdf\" style=\"width:100%;height:200px\" aria-label=\"Incrustaci\u00f3 del fitxer DAFO.\"><\/object><a id=\"wp-block-file--media-687f932f-fedd-4970-9923-e18bbd7fe5be\" href=\"https:\/\/agora.xtec.cat\/ie-castelldodena\/wp-content\/uploads\/usu1414\/2025\/11\/DAFO.pdf\">DAFO<\/a><a href=\"https:\/\/agora.xtec.cat\/ie-castelldodena\/wp-content\/uploads\/usu1414\/2025\/11\/DAFO.pdf\" class=\"wp-block-file__button wp-element-button\" download aria-describedby=\"wp-block-file--media-687f932f-fedd-4970-9923-e18bbd7fe5be\">Baixa<\/a><\/div>\n\n\n\n<h2 class=\"wp-block-heading\">Objectius<\/h2>\n\n\n\n<ol class=\"wp-block-list\">\n<li><strong>Elaborar l\u2019Estrat\u00e8gia Digital per millorar la compet\u00e8ncia digital de l\u2019alumnat.<\/strong>\n<ol class=\"wp-block-list\">\n<li>Motivar la formaci\u00f3 o autoformaci\u00f3 del docent amb la finalitat de millorar la CDD.<\/li>\n\n\n\n<li>Desenvolupar un protocol d&#8217;acollida del professorat amb la finalitat de millorar la integraci\u00f3 del professorat nouvingut.<\/li>\n\n\n\n<li>Crear espais d&#8217;aprenentatge on els docents amb experi\u00e8ncia formin als nouvinguts a l&#8217;inici de curs.<\/li>\n\n\n\n<li>Crear un espai de comunicaci\u00f3 entre els professionals per millorar la compet\u00e8ncia digital.<\/li>\n\n\n\n<li>Crear una unitat compartida per allotjar recursos pedag\u00f2gics.<\/li>\n\n\n\n<li>Establir un protocol de seguretat a les xarxes amb la finalitat de millorar la CDD.<\/li>\n<\/ol>\n<\/li>\n\n\n\n<li><strong>Desplegar el curr\u00edculum per millorar la compet\u00e8ncia digital de l\u2019alumnat.<\/strong>\n<ol class=\"wp-block-list\">\n<li>Crear el desplegament de la CDA.<\/li>\n\n\n\n<li>Crear el desplegament unificat de l&#8217;avaluaci\u00f3 de la CDA.<\/li>\n\n\n\n<li>Formar a l&#8217;alumnat en funcions d&#8217;\u00fas i gesti\u00f3 de l&#8217;entorn EVA per millorar la seva compet\u00e8ncia digital.<\/li>\n\n\n\n<li>Crear un espai digital per allotjar recursos pedag\u00f2gics.<\/li>\n\n\n\n<li>Establir un protocol de seguretat a les xarxes amb la finalitat de millorar la CDA.<\/li>\n\n\n\n<li>Implementar el pensament computacional de l&#8217;alumnat per desenvolupar continguts curriculars de forma transversal.<\/li>\n<\/ol>\n<\/li>\n\n\n\n<li><strong>Elaborar els plans digitals de centre per millorar l\u2019acollida i la comunicaci\u00f3 digital.<\/strong>\n<ol class=\"wp-block-list\">\n<li>Millorar l&#8217;acolliment digital de les fam\u00edlies per millorar la seva compet\u00e8ncia digital.<\/li>\n\n\n\n<li>Ampliar les funcionalitats utilitzades del programa Dinantia per potenciar el programa.<\/li>\n\n\n\n<li>Mantenir la p\u00e0gina web actualitzada i ben organitzada per millorar la difusi\u00f3 del centre.<\/li>\n\n\n\n<li>Un cop definits els objectius, s&#8217;han definit indicadors i s&#8217;han temporitzat per assolir-los en quatre cursos.<\/li>\n<\/ol>\n<\/li>\n<\/ol>\n\n\n\n<h2 class=\"wp-block-heading\">Temporitzaci\u00f3<\/h2>\n\n\n\n<div data-wp-interactive=\"core\/file\" class=\"wp-block-file\"><object data-wp-bind--hidden=\"!state.hasPdfPreview\" hidden class=\"wp-block-file__embed\" data=\"https:\/\/agora.xtec.cat\/ie-castelldodena\/wp-content\/uploads\/usu1414\/2025\/11\/01_Proposta-Planificacio-IE-Castell-dOdena.pdf\" type=\"application\/pdf\" style=\"width:100%;height:200px\" aria-label=\"Incrustaci\u00f3 del fitxer 01_Proposta - Planificaci\u00f3 - IE Castell d&#039;\u00d2dena.\"><\/object><a id=\"wp-block-file--media-890b4b52-0691-4924-880f-00acd89e8925\" href=\"https:\/\/agora.xtec.cat\/ie-castelldodena\/wp-content\/uploads\/usu1414\/2025\/11\/01_Proposta-Planificacio-IE-Castell-dOdena.pdf\">01_Proposta &#8211; Planificaci\u00f3 &#8211; IE Castell d&#8217;\u00d2dena<\/a><a href=\"https:\/\/agora.xtec.cat\/ie-castelldodena\/wp-content\/uploads\/usu1414\/2025\/11\/01_Proposta-Planificacio-IE-Castell-dOdena.pdf\" class=\"wp-block-file__button wp-element-button\" download aria-describedby=\"wp-block-file--media-890b4b52-0691-4924-880f-00acd89e8925\">Baixa<\/a><\/div>\n\n\n\n<h2 class=\"wp-block-heading\">Avaluaci\u00f3<\/h2>\n\n\n\n<p>L\u2019avaluaci\u00f3 de l\u2019Estrat\u00e8gia Digital de Centre (EDC) es defineix en tres moments:<\/p>\n\n\n\n<h3 class=\"wp-block-heading\">Avaluaci\u00f3 Cont\u00ednua<\/h3>\n\n\n\n<p>Cada fitxa d\u2019activitat contempla un apartat anomenat Avaluaci\u00f3 (feedback-qualitat). Aquest apartat s\u2019executa al final de cada activitat amb l\u2019objectiu de valorar com s\u2019ha desenvolupat l\u2019activitat, com s\u2019han assolit els indicadors. La comissi\u00f3 digital afegeix la seva valoraci\u00f3.<\/p>\n\n\n\n<p>Aquesta avaluaci\u00f3 ha de contemplar noves l\u00ednies d\u2019actuaci\u00f3: L\u2019activitat s\u2019implementa i l&#8217;avaluaci\u00f3; l\u2019activitat s\u2019implementa i cal repetir-la en un futur; l\u2019activitat ens ha creat una nova necessitat; definir noves actuacions a partir de l\u2019execuci\u00f3 de l\u2019activitat.<\/p>\n\n\n\n<h3 class=\"wp-block-heading\">Avaluaci\u00f3 Anual<\/h3>\n\n\n\n<p>Els objectius de l\u2019Estrat\u00e8gia Digital de Centre que corresponen a cada curs, queden integrats en la Programaci\u00f3 General Anual. A final de curs s\u2019avaluen i queda registrat en la Mem\u00f2ria Anual de Centre.<\/p>\n\n\n\n<p>Durant el curs es fa una revisi\u00f3 de quins s\u00f3n els objectius de l\u2019EDC que s\u2019estan executant i es revisa que s\u2019estan treballant totes les activitats planificades.<\/p>\n\n\n\n<h3 class=\"wp-block-heading\">Avaluaci\u00f3 Final<\/h3>\n\n\n\n<p>Al final del per\u00edode de l\u2019EDC es fa una avaluaci\u00f3 final. Aquesta avaluaci\u00f3 ha de contemplar la valoraci\u00f3 de tots els objectius de l\u2019EDC implementats en el per\u00edode definit. L\u2019avaluaci\u00f3 haur\u00e0 de servir per decidir si el centre ha de dissenyar una nova activitat de diagnosi, o b\u00e9 la valoraci\u00f3 dels objectius de l\u2019EDC hauran generat unes noves necessitats.<\/p>\n\n\n\n<div data-wp-interactive=\"core\/file\" class=\"wp-block-file\"><object data-wp-bind--hidden=\"!state.hasPdfPreview\" hidden class=\"wp-block-file__embed\" data=\"https:\/\/agora.xtec.cat\/ie-castelldodena\/wp-content\/uploads\/usu1414\/2025\/11\/Avaluacio-indicadors-Resum-indicadors.pdf\" type=\"application\/pdf\" style=\"width:100%;height:200px\" aria-label=\"Incrustaci\u00f3 del fitxer Avaluaci\u00f3 indicadors - Resum indicadors.\"><\/object><a id=\"wp-block-file--media-193684c6-10fd-4f1c-a137-60fb66c268f8\" href=\"https:\/\/agora.xtec.cat\/ie-castelldodena\/wp-content\/uploads\/usu1414\/2025\/11\/Avaluacio-indicadors-Resum-indicadors.pdf\">Avaluaci\u00f3 indicadors &#8211; Resum indicadors<\/a><a href=\"https:\/\/agora.xtec.cat\/ie-castelldodena\/wp-content\/uploads\/usu1414\/2025\/11\/Avaluacio-indicadors-Resum-indicadors.pdf\" class=\"wp-block-file__button wp-element-button\" download aria-describedby=\"wp-block-file--media-193684c6-10fd-4f1c-a137-60fb66c268f8\">Baixa<\/a><\/div>\n\n\n\n<h2 class=\"wp-block-heading\">Seguiment<\/h2>\n\n\n\n<div data-wp-interactive=\"core\/file\" class=\"wp-block-file\"><object data-wp-bind--hidden=\"!state.hasPdfPreview\" hidden class=\"wp-block-file__embed\" data=\"https:\/\/agora.xtec.cat\/ie-castelldodena\/wp-content\/uploads\/usu1414\/2025\/11\/obj2-Castell-dOdena-2023_2024.pdf\" type=\"application\/pdf\" style=\"width:100%;height:200px\" aria-label=\"Incrustaci\u00f3 del fitxer obj2-Castell d&#039;\u00d2dena 2023_2024.\"><\/object><a id=\"wp-block-file--media-5632225d-fd90-4f53-b161-32d81050cece\" href=\"https:\/\/agora.xtec.cat\/ie-castelldodena\/wp-content\/uploads\/usu1414\/2025\/11\/obj2-Castell-dOdena-2023_2024.pdf\">obj2-Castell d&#8217;\u00d2dena 2023_2024<\/a><a href=\"https:\/\/agora.xtec.cat\/ie-castelldodena\/wp-content\/uploads\/usu1414\/2025\/11\/obj2-Castell-dOdena-2023_2024.pdf\" class=\"wp-block-file__button wp-element-button\" download aria-describedby=\"wp-block-file--media-5632225d-fd90-4f53-b161-32d81050cece\">Baixa<\/a><\/div>\n","protected":false},"excerpt":{"rendered":"<p>L\u2019Estrat\u00e8gia Digital de Centre (EDC) recull totes les accions que es realitzen en un centre, i les que es realitzaran [&hellip;]<\/p>\n","protected":false},"author":1,"featured_media":0,"parent":13540,"menu_order":1,"comment_status":"closed","ping_status":"closed","template":"","meta":{"_bbp_topic_count":0,"_bbp_reply_count":0,"_bbp_total_topic_count":0,"_bbp_total_reply_count":0,"_bbp_voice_count":0,"_bbp_anonymous_reply_count":0,"_bbp_topic_count_hidden":0,"_bbp_reply_count_hidden":0,"_bbp_forum_subforum_count":0,"site-sidebar-layout":"default","site-content-layout":"","ast-site-content-layout":"default","site-content-style":"default","site-sidebar-style":"default","ast-global-header-display":"","ast-banner-title-visibility":"","ast-main-header-display":"","ast-hfb-above-header-display":"","ast-hfb-below-header-display":"","ast-hfb-mobile-header-display":"","site-post-title":"","ast-breadcrumbs-content":"","ast-featured-img":"","footer-sml-layout":"","theme-transparent-header-meta":"","adv-header-id-meta":"","stick-header-meta":"","header-above-stick-meta":"","header-main-stick-meta":"","header-below-stick-meta":"","astra-migrate-meta-layouts":"set","ast-page-background-enabled":"default","ast-page-background-meta":{"desktop":{"background-color":"var(--ast-global-color-4)","background-image":"","background-repeat":"repeat","background-position":"center center","background-size":"auto","background-attachment":"scroll","background-type":"","background-media":"","overlay-type":"","overlay-color":"","overlay-opacity":"","overlay-gradient":""},"tablet":{"background-color":"","background-image":"","background-repeat":"repeat","background-position":"center center","background-size":"auto","background-attachment":"scroll","background-type":"","background-media":"","overlay-type":"","overlay-color":"","overlay-opacity":"","overlay-gradient":""},"mobile":{"background-color":"","background-image":"","background-repeat":"repeat","background-position":"center center","background-size":"auto","background-attachment":"scroll","background-type":"","background-media":"","overlay-type":"","overlay-color":"","overlay-opacity":"","overlay-gradient":""}},"ast-content-background-meta":{"desktop":{"background-color":"var(--ast-global-color-5)","background-image":"","background-repeat":"repeat","background-position":"center center","background-size":"auto","background-attachment":"scroll","background-type":"","background-media":"","overlay-type":"","overlay-color":"","overlay-opacity":"","overlay-gradient":""},"tablet":{"background-color":"var(--ast-global-color-5)","background-image":"","background-repeat":"repeat","background-position":"center center","background-size":"auto","background-attachment":"scroll","background-type":"","background-media":"","overlay-type":"","overlay-color":"","overlay-opacity":"","overlay-gradient":""},"mobile":{"background-color":"var(--ast-global-color-5)","background-image":"","background-repeat":"repeat","background-position":"center center","background-size":"auto","background-attachment":"scroll","background-type":"","background-media":"","overlay-type":"","overlay-color":"","overlay-opacity":"","overlay-gradient":""}},"footnotes":""},"class_list":["post-16083","page","type-page","status-publish","hentry"],"post_mailing_queue_ids":[],"_links":{"self":[{"href":"https:\/\/agora.xtec.cat\/ie-castelldodena\/wp-json\/wp\/v2\/pages\/16083","targetHints":{"allow":["GET"]}}],"collection":[{"href":"https:\/\/agora.xtec.cat\/ie-castelldodena\/wp-json\/wp\/v2\/pages"}],"about":[{"href":"https:\/\/agora.xtec.cat\/ie-castelldodena\/wp-json\/wp\/v2\/types\/page"}],"author":[{"embeddable":true,"href":"https:\/\/agora.xtec.cat\/ie-castelldodena\/wp-json\/wp\/v2\/users\/1"}],"replies":[{"embeddable":true,"href":"https:\/\/agora.xtec.cat\/ie-castelldodena\/wp-json\/wp\/v2\/comments?post=16083"}],"version-history":[{"count":6,"href":"https:\/\/agora.xtec.cat\/ie-castelldodena\/wp-json\/wp\/v2\/pages\/16083\/revisions"}],"predecessor-version":[{"id":16295,"href":"https:\/\/agora.xtec.cat\/ie-castelldodena\/wp-json\/wp\/v2\/pages\/16083\/revisions\/16295"}],"up":[{"embeddable":true,"href":"https:\/\/agora.xtec.cat\/ie-castelldodena\/wp-json\/wp\/v2\/pages\/13540"}],"wp:attachment":[{"href":"https:\/\/agora.xtec.cat\/ie-castelldodena\/wp-json\/wp\/v2\/media?parent=16083"}],"curies":[{"name":"wp","href":"https:\/\/api.w.org\/{rel}","templated":true}]}}