{"id":15947,"date":"2025-10-23T22:31:11","date_gmt":"2025-10-23T20:31:11","guid":{"rendered":"https:\/\/agora.xtec.cat\/ie-castelldodena\/?page_id=15947"},"modified":"2026-01-09T09:14:16","modified_gmt":"2026-01-09T08:14:16","slug":"acollida-digital","status":"publish","type":"page","link":"https:\/\/agora.xtec.cat\/ie-castelldodena\/serveis\/acollida-digital\/","title":{"rendered":"Acollida digital"},"content":{"rendered":"\n<h2 class=\"wp-block-heading\">Acollida digital docent<\/h2>\n\n\n\n<ul class=\"wp-block-list\">\n<li><a href=\"https:\/\/docs.google.com\/document\/d\/1UVP2wYjt1afdizZJ0RzPhTXKzeg1sQUreRYOGoVGcU0\/edit?usp=sharing\" target=\"_blank\" rel=\"noreferrer noopener\">Manual d&#8217;acollida digital docent<\/a>.<\/li>\n\n\n\n<li><a href=\"https:\/\/projectes.xtec.cat\/digital\/perfils\/docents\/\" target=\"_blank\" rel=\"noreferrer noopener\">P\u00e0gina dedicada als docents<\/a> del Portal Tecnologia educativa per a l&#8217;aprenentatge.<\/li>\n<\/ul>\n\n\n\n<div style=\"height:40px\" aria-hidden=\"true\" class=\"wp-block-spacer\"><\/div>\n\n\n\n<h2 class=\"wp-block-heading\">Acollida digital de l&#8217;alumnat<\/h2>\n\n\n\n<ul class=\"wp-block-list\">\n<li>AUTORITZACIONS: Signatura d&#8217;autoritzacions de drets d&#8217;imatge i d&#8217;\u00fas d&#8217;eines digitals els majors de 14 anys a trav\u00e9s de Dinantia.<\/li>\n\n\n\n<li><a href=\"https:\/\/projectes.xtec.cat\/digital\/equipaments-i-infraestructures\/ordinadors\/ordinadors-alumnat\/\">ORDINADOR de l\u2019alumne\/a<\/a>: Depenent del nivell\/curs, se li proporcionar\u00e0 l\u2019ordinador port\u00e0til del PEDC. Actualment, cinqu\u00e8 i sis\u00e8 de prim\u00e0ria disposen d&#8217;ordinador port\u00e0til que es custodia al centre, i els alumnes de secund\u00e0ria disposen en r\u00e8gim de cessi\u00f3 firmant una carta de comprom\u00eds.<\/li>\n\n\n\n<li><a href=\"https:\/\/classroom.google.com\/u\/0\/h?hl=es\">GOOGLE WORKSPACE<\/a>: credencials de l&#8217;entorn virtual d&#8217;aprenentatge del centre.<\/li>\n\n\n\n<li><a href=\"https:\/\/agora.xtec.cat\/ie-castelldodena\/programes\/estrategia-digital-de-centre\/cultura-digital\/\">CULTURA DIGITAL DEL CENTRE<\/a>\n<ul class=\"wp-block-list\">\n<li>Se\u2019ls informar\u00e0 sobre com poden accedir als documents que la integren.<\/li>\n\n\n\n<li>NOFC<\/li>\n\n\n\n<li>Normativa de centre, \u00fas de dispositius\u2026<\/li>\n\n\n\n<li>Xarxes socials i web de centre. Se l\u2019informar\u00e0 dels continguts.<\/li>\n<\/ul>\n<\/li>\n<\/ul>\n\n\n\n<div style=\"height:40px\" aria-hidden=\"true\" class=\"wp-block-spacer\"><\/div>\n\n\n\n<h2 class=\"wp-block-heading\">Acollida digital de les fam\u00edlies<\/h2>\n\n\n\n<ul class=\"wp-block-list\">\n<li>INFORMACI\u00d3 PERSONAL: en el moment de la matriculaci\u00f3 de l\u2019alumne\/a s\u2019actualitzaran les dades a Esfera.<\/li>\n\n\n\n<li>AUTORITZACIONS: signatura d&#8217;autoritzacions de drets d&#8217;imatge i d&#8217;\u00fas d&#8217;eines digitals els majors de 14 anys a trav\u00e9s de Dinantia.<\/li>\n\n\n\n<li><a href=\"https:\/\/app.dinantia.com\/\">DINANTIA<\/a>: via de comunicaci\u00f3 principal centre-fam\u00edlies. <a href=\"https:\/\/dinantia.com\/es\/videotutoriales\/\" target=\"_blank\" rel=\"noreferrer noopener\">Enlla\u00e7 a videotutorials de l&#8217;aplicaci\u00f3.<\/a><\/li>\n\n\n\n<li><a href=\"https:\/\/projectes.xtec.cat\/digital\/equipaments-i-infraestructures\/ordinadors\/ordinadors-alumnat\/\">ORDINADOR port\u00e0til<\/a>: Signatura de la carta de comprom\u00eds per a la cessi\u00f3 del dispositiu.<\/li>\n\n\n\n<li><a href=\"https:\/\/classroom.google.com\/u\/0\/h?hl=es\">GOOGLE WORKSPACE<\/a>: se\u2019ls informar\u00e0 sobre l\u2019EVA que s\u2019utilitza i quin \u00e9s el sistema d\u2019acc\u00e9s del seu fill\/a<\/li>\n\n\n\n<li><a href=\"https:\/\/agora.xtec.cat\/ie-castelldodena\/programes\/estrategia-digital-de-centre\/cultura-digital\/\">CULTURA DIGITAL DE CENTRE<\/a>:\n<ul class=\"wp-block-list\">\n<li>Se\u2019ls informar\u00e0 sobre com poden accedir als documents que la integren.<\/li>\n\n\n\n<li>NOFC<\/li>\n\n\n\n<li>Normativa de centre, \u00fas de dispositius\u2026<\/li>\n\n\n\n<li>Xarxes socials i web de centre. Se l\u2019informar\u00e0 dels continguts.<\/li>\n<\/ul>\n<\/li>\n<\/ul>\n","protected":false},"excerpt":{"rendered":"<p>Acollida digital docent Acollida digital de l&#8217;alumnat Acollida digital de les fam\u00edlies<\/p>\n","protected":false},"author":1,"featured_media":0,"parent":13332,"menu_order":6,"comment_status":"closed","ping_status":"closed","template":"","meta":{"_bbp_topic_count":0,"_bbp_reply_count":0,"_bbp_total_topic_count":0,"_bbp_total_reply_count":0,"_bbp_voice_count":0,"_bbp_anonymous_reply_count":0,"_bbp_topic_count_hidden":0,"_bbp_reply_count_hidden":0,"_bbp_forum_subforum_count":0,"site-sidebar-layout":"default","site-content-layout":"","ast-site-content-layout":"default","site-content-style":"default","site-sidebar-style":"default","ast-global-header-display":"","ast-banner-title-visibility":"","ast-main-header-display":"","ast-hfb-above-header-display":"","ast-hfb-below-header-display":"","ast-hfb-mobile-header-display":"","site-post-title":"","ast-breadcrumbs-content":"","ast-featured-img":"","footer-sml-layout":"","theme-transparent-header-meta":"","adv-header-id-meta":"","stick-header-meta":"","header-above-stick-meta":"","header-main-stick-meta":"","header-below-stick-meta":"","astra-migrate-meta-layouts":"set","ast-page-background-enabled":"default","ast-page-background-meta":{"desktop":{"background-color":"var(--ast-global-color-4)","background-image":"","background-repeat":"repeat","background-position":"center center","background-size":"auto","background-attachment":"scroll","background-type":"","background-media":"","overlay-type":"","overlay-color":"","overlay-opacity":"","overlay-gradient":""},"tablet":{"background-color":"","background-image":"","background-repeat":"repeat","background-position":"center center","background-size":"auto","background-attachment":"scroll","background-type":"","background-media":"","overlay-type":"","overlay-color":"","overlay-opacity":"","overlay-gradient":""},"mobile":{"background-color":"","background-image":"","background-repeat":"repeat","background-position":"center center","background-size":"auto","background-attachment":"scroll","background-type":"","background-media":"","overlay-type":"","overlay-color":"","overlay-opacity":"","overlay-gradient":""}},"ast-content-background-meta":{"desktop":{"background-color":"var(--ast-global-color-5)","background-image":"","background-repeat":"repeat","background-position":"center center","background-size":"auto","background-attachment":"scroll","background-type":"","background-media":"","overlay-type":"","overlay-color":"","overlay-opacity":"","overlay-gradient":""},"tablet":{"background-color":"var(--ast-global-color-5)","background-image":"","background-repeat":"repeat","background-position":"center center","background-size":"auto","background-attachment":"scroll","background-type":"","background-media":"","overlay-type":"","overlay-color":"","overlay-opacity":"","overlay-gradient":""},"mobile":{"background-color":"var(--ast-global-color-5)","background-image":"","background-repeat":"repeat","background-position":"center center","background-size":"auto","background-attachment":"scroll","background-type":"","background-media":"","overlay-type":"","overlay-color":"","overlay-opacity":"","overlay-gradient":""}},"footnotes":""},"class_list":["post-15947","page","type-page","status-publish","hentry"],"post_mailing_queue_ids":[],"_links":{"self":[{"href":"https:\/\/agora.xtec.cat\/ie-castelldodena\/wp-json\/wp\/v2\/pages\/15947","targetHints":{"allow":["GET"]}}],"collection":[{"href":"https:\/\/agora.xtec.cat\/ie-castelldodena\/wp-json\/wp\/v2\/pages"}],"about":[{"href":"https:\/\/agora.xtec.cat\/ie-castelldodena\/wp-json\/wp\/v2\/types\/page"}],"author":[{"embeddable":true,"href":"https:\/\/agora.xtec.cat\/ie-castelldodena\/wp-json\/wp\/v2\/users\/1"}],"replies":[{"embeddable":true,"href":"https:\/\/agora.xtec.cat\/ie-castelldodena\/wp-json\/wp\/v2\/comments?post=15947"}],"version-history":[{"count":6,"href":"https:\/\/agora.xtec.cat\/ie-castelldodena\/wp-json\/wp\/v2\/pages\/15947\/revisions"}],"predecessor-version":[{"id":16526,"href":"https:\/\/agora.xtec.cat\/ie-castelldodena\/wp-json\/wp\/v2\/pages\/15947\/revisions\/16526"}],"up":[{"embeddable":true,"href":"https:\/\/agora.xtec.cat\/ie-castelldodena\/wp-json\/wp\/v2\/pages\/13332"}],"wp:attachment":[{"href":"https:\/\/agora.xtec.cat\/ie-castelldodena\/wp-json\/wp\/v2\/media?parent=15947"}],"curies":[{"name":"wp","href":"https:\/\/api.w.org\/{rel}","templated":true}]}}