{"id":14510,"date":"2024-12-18T11:33:07","date_gmt":"2024-12-18T10:33:07","guid":{"rendered":"https:\/\/agora.xtec.cat\/ceip-castelldodena\/?page_id=14510"},"modified":"2025-12-02T16:52:48","modified_gmt":"2025-12-02T15:52:48","slug":"transformacio-educativa","status":"publish","type":"page","link":"https:\/\/agora.xtec.cat\/ie-castelldodena\/programes\/transformacio-educativa\/","title":{"rendered":"Transformaci\u00f3 educativa"},"content":{"rendered":"\n<p><span style=\"font-weight: 400;\">Els \u00faltims cursos han anat enfocats en la transformaci\u00f3 educativa dels centres cap a la visi\u00f3 global que ens ofereix el nou <strong>Curr\u00edculum d\u2019Educaci\u00f3 B\u00e0sica<\/strong>. Aquest fa \u00e8mfasi en aprofundir en l\u2019enfocament competencial, compartint significats i avan\u00e7ant en la mateixa l\u00ednia de treball, vinculant l\u2019alumnat al seu aprenentatge i donant sentit als continguts que es treballen.<\/span><\/p>\n\n\n\n<p><span style=\"font-weight: 400;\">Des de la formaci\u00f3 de XTTE ens han donat a con\u00e8ixer, d\u2019una forma m\u00e9s precisa i amb exemples, els <strong>sis vectors de car\u00e0cter transversal<\/strong> que s\u00f3n clau per a la societat actual:<\/span><\/p>\n\n\n\n<div class=\"wp-block-columns are-vertically-aligned-center is-layout-flex wp-container-core-columns-is-layout-1 wp-block-columns-is-layout-flex\" style=\"padding-top:var(--wp--preset--spacing--20);padding-bottom:var(--wp--preset--spacing--20)\">\n<div class=\"wp-block-column is-vertically-aligned-center is-layout-flow wp-block-column-is-layout-flow\">\n<ol class=\"wp-block-list\">\n<li><span style=\"font-weight: 400;\">Aprenentatges competencials.<\/span><\/li>\n\n\n\n<li><span style=\"font-weight: 400;\">Perspectiva de g\u00e8nere<\/span><\/li>\n\n\n\n<li><span style=\"font-weight: 400;\">Universalitat<\/span><\/li>\n\n\n\n<li><span style=\"font-weight: 400;\">Qualitat de l&#8217;educaci\u00f3 de les lleng\u00fces<\/span><\/li>\n\n\n\n<li><span style=\"font-weight: 400;\">Benestar emocional<\/span><\/li>\n\n\n\n<li><span style=\"font-weight: 400;\">Ciutadania democr\u00e0tica i consci\u00e8ncia global<\/span><\/li>\n<\/ol>\n<\/div>\n\n\n\n<div class=\"wp-block-column is-vertically-aligned-center is-layout-flow wp-block-column-is-layout-flow\">\n<figure class=\"wp-block-image aligncenter size-full is-resized\"><img loading=\"lazy\" decoding=\"async\" width=\"777\" height=\"735\" src=\"https:\/\/agora.xtec.cat\/ceip-castelldodena\/wp-content\/uploads\/usu1414\/2023\/05\/vectors-2-1.png\" alt=\"\" class=\"wp-image-12760\" style=\"width:290px;height:auto\" srcset=\"https:\/\/agora.xtec.cat\/ie-castelldodena\/wp-content\/uploads\/usu1414\/2023\/05\/vectors-2-1.png 777w, https:\/\/agora.xtec.cat\/ie-castelldodena\/wp-content\/uploads\/usu1414\/2023\/05\/vectors-2-1-300x284.png 300w, https:\/\/agora.xtec.cat\/ie-castelldodena\/wp-content\/uploads\/usu1414\/2023\/05\/vectors-2-1-768x726.png 768w\" sizes=\"auto, (max-width: 777px) 100vw, 777px\" \/><\/figure>\n<\/div>\n<\/div>\n\n\n\n<p class=\"has-text-align-center has-medium-font-size\"><\/p>\n\n\n\n        <div class=\"wp-block-getwid-post-carousel custom-post-type-post has-slides-gap-large is-carousel has-arrows-inside has-dots-outside\">\n            <div data-slider-option=\"{&quot;sliderSlidesToShowDesktop&quot;:&quot;3&quot;,&quot;getwid_slidesToShowLaptop&quot;:&quot;3&quot;,&quot;getwid_slidesToShowTablet&quot;:&quot;2&quot;,&quot;getwid_slidesToShowMobile&quot;:&quot;1&quot;,&quot;getwid_autoplay_speed&quot;:6000,&quot;getwid_animation_speed&quot;:800,&quot;getwid_slidesToScroll&quot;:&quot;1&quot;,&quot;getwid_autoplay&quot;:false,&quot;getwid_pause_on_hover&quot;:false,&quot;getwid_infinite&quot;:true,&quot;getwid_center_mode&quot;:false,&quot;getwid_arrows&quot;:&quot;inside&quot;,&quot;getwid_dots&quot;:&quot;outside&quot;}\" class=\"wp-block-getwid-post-carousel__wrapper\">\n                \t\t\t\t\t\t\t<div class=\"wp-block-getwid-post-carousel__slide\">\n\t\t\t\t\t\t\t\t\n<div class=\"wp-block-getwid-post-carousel__post\">\n            <div class=\"wp-block-getwid-post-carousel__post-thumbnail\">\n            <a href=\"https:\/\/agora.xtec.cat\/ie-castelldodena\/general\/inspiracio-i-compromis-educatiu-des-de-lescola-font-del-roure\/\"><img loading=\"lazy\" decoding=\"async\" width=\"768\" height=\"774\" src=\"https:\/\/agora.xtec.cat\/ie-castelldodena\/wp-content\/uploads\/usu1414\/2025\/03\/Captura-de-pantalla-21.03.2025-a-18.25.50-p.\u202fm.png\" class=\"attachment-post-thumbnail size-post-thumbnail wp-post-image\" alt=\"\" srcset=\"https:\/\/agora.xtec.cat\/ie-castelldodena\/wp-content\/uploads\/usu1414\/2025\/03\/Captura-de-pantalla-21.03.2025-a-18.25.50-p.\u202fm.png 768w, https:\/\/agora.xtec.cat\/ie-castelldodena\/wp-content\/uploads\/usu1414\/2025\/03\/Captura-de-pantalla-21.03.2025-a-18.25.50-p.\u202fm-298x300.png 298w, https:\/\/agora.xtec.cat\/ie-castelldodena\/wp-content\/uploads\/usu1414\/2025\/03\/Captura-de-pantalla-21.03.2025-a-18.25.50-p.\u202fm-150x150.png 150w\" sizes=\"auto, (max-width: 768px) 100vw, 768px\" \/><\/a>\n        <\/div>\n        <div class=\"wp-block-getwid-post-carousel__post-content-wrapper\">\n        <div class=\"wp-block-getwid-post-carousel__post-header\">\n            <h3 class=\"wp-block-getwid-post-carousel__post-title\"><a href=\"https:\/\/agora.xtec.cat\/ie-castelldodena\/general\/inspiracio-i-compromis-educatiu-des-de-lescola-font-del-roure\/\">Inspiraci\u00f3 i comprom\u00eds educatiu des de l\u2019Escola Font del Roure<\/a><\/h3>        <\/div>\n        <div class=\"wp-block-getwid-post-carousel__post-excerpt\"><p>El passat dimecres 19 de mar\u00e7, els caps d\u2019estudis de l\u2019Institut Escola Castell d\u2019\u00d2dena vam tenir l\u2019oportunitat de participar en [&hellip;]<\/p>\n<\/div>\n    <\/div>\n<\/div>\n\n\t\t\t\t\t\t\t<\/div>\n\t\t\t\t\t\t\t\t\t\t\t\t\t<div class=\"wp-block-getwid-post-carousel__slide\">\n\t\t\t\t\t\t\t\t\n<div class=\"wp-block-getwid-post-carousel__post\">\n            <div class=\"wp-block-getwid-post-carousel__post-thumbnail\">\n            <a href=\"https:\/\/agora.xtec.cat\/ie-castelldodena\/general\/xtte-institut-montgros\/\"><img loading=\"lazy\" decoding=\"async\" width=\"1600\" height=\"1200\" src=\"https:\/\/agora.xtec.cat\/ie-castelldodena\/wp-content\/uploads\/usu1414\/2025\/02\/WhatsApp-Image-2025-02-28-at-14.09.47-1.jpeg\" class=\"attachment-post-thumbnail size-post-thumbnail wp-post-image\" alt=\"\" srcset=\"https:\/\/agora.xtec.cat\/ie-castelldodena\/wp-content\/uploads\/usu1414\/2025\/02\/WhatsApp-Image-2025-02-28-at-14.09.47-1.jpeg 1600w, https:\/\/agora.xtec.cat\/ie-castelldodena\/wp-content\/uploads\/usu1414\/2025\/02\/WhatsApp-Image-2025-02-28-at-14.09.47-1-300x225.jpeg 300w, https:\/\/agora.xtec.cat\/ie-castelldodena\/wp-content\/uploads\/usu1414\/2025\/02\/WhatsApp-Image-2025-02-28-at-14.09.47-1-1024x768.jpeg 1024w, https:\/\/agora.xtec.cat\/ie-castelldodena\/wp-content\/uploads\/usu1414\/2025\/02\/WhatsApp-Image-2025-02-28-at-14.09.47-1-768x576.jpeg 768w, https:\/\/agora.xtec.cat\/ie-castelldodena\/wp-content\/uploads\/usu1414\/2025\/02\/WhatsApp-Image-2025-02-28-at-14.09.47-1-1536x1152.jpeg 1536w\" sizes=\"auto, (max-width: 1600px) 100vw, 1600px\" \/><\/a>\n        <\/div>\n        <div class=\"wp-block-getwid-post-carousel__post-content-wrapper\">\n        <div class=\"wp-block-getwid-post-carousel__post-header\">\n            <h3 class=\"wp-block-getwid-post-carousel__post-title\"><a href=\"https:\/\/agora.xtec.cat\/ie-castelldodena\/general\/xtte-institut-montgros\/\">XTTE Institut Montgr\u00f2s<\/a><\/h3>        <\/div>\n        <div class=\"wp-block-getwid-post-carousel__post-excerpt\"><p>El passat\u00a012 de febrer, els caps d\u2019estudis de l\u2019Institut Escola Castell d\u2019\u00d2dena vam tenir l\u2019oportunitat de participar en la\u00a0Sessi\u00f3 4 [&hellip;]<\/p>\n<\/div>\n    <\/div>\n<\/div>\n\n\t\t\t\t\t\t\t<\/div>\n\t\t\t\t\t\t\t\t\t\t\t\t\t<div class=\"wp-block-getwid-post-carousel__slide\">\n\t\t\t\t\t\t\t\t\n<div class=\"wp-block-getwid-post-carousel__post\">\n            <div class=\"wp-block-getwid-post-carousel__post-thumbnail\">\n            <a href=\"https:\/\/agora.xtec.cat\/ie-castelldodena\/general\/participem-en-la-tercera-sessio-de-la-xarxa-de-transformacio-educativa\/\"><img loading=\"lazy\" decoding=\"async\" width=\"1280\" height=\"712\" src=\"https:\/\/agora.xtec.cat\/ie-castelldodena\/wp-content\/uploads\/usu1414\/2025\/01\/Captura-de-pantalla-17.01.2025-a-16.09.24-p.\u202fm.png\" class=\"attachment-post-thumbnail size-post-thumbnail wp-post-image\" alt=\"\" srcset=\"https:\/\/agora.xtec.cat\/ie-castelldodena\/wp-content\/uploads\/usu1414\/2025\/01\/Captura-de-pantalla-17.01.2025-a-16.09.24-p.\u202fm.png 1280w, https:\/\/agora.xtec.cat\/ie-castelldodena\/wp-content\/uploads\/usu1414\/2025\/01\/Captura-de-pantalla-17.01.2025-a-16.09.24-p.\u202fm-300x167.png 300w, https:\/\/agora.xtec.cat\/ie-castelldodena\/wp-content\/uploads\/usu1414\/2025\/01\/Captura-de-pantalla-17.01.2025-a-16.09.24-p.\u202fm-1024x570.png 1024w, https:\/\/agora.xtec.cat\/ie-castelldodena\/wp-content\/uploads\/usu1414\/2025\/01\/Captura-de-pantalla-17.01.2025-a-16.09.24-p.\u202fm-768x427.png 768w\" sizes=\"auto, (max-width: 1280px) 100vw, 1280px\" \/><\/a>\n        <\/div>\n        <div class=\"wp-block-getwid-post-carousel__post-content-wrapper\">\n        <div class=\"wp-block-getwid-post-carousel__post-header\">\n            <h3 class=\"wp-block-getwid-post-carousel__post-title\"><a href=\"https:\/\/agora.xtec.cat\/ie-castelldodena\/general\/participem-en-la-tercera-sessio-de-la-xarxa-de-transformacio-educativa\/\">Participem en la 3a SESSI\u00d3 de la Xarxa de TRANSFORMACI\u00d3 EDUCATIVA<\/a><\/h3>        <\/div>\n        <div class=\"wp-block-getwid-post-carousel__post-excerpt\"><p>El passat dia 15, vam tenir l\u2019oportunitat de participar en la\u00a0tercera sessi\u00f3 de la Xarxa de Transformaci\u00f3 Educativa\u00a0a l\u2019escola La [&hellip;]<\/p>\n<\/div>\n    <\/div>\n<\/div>\n\n\t\t\t\t\t\t\t<\/div>\n\t\t\t\t\t\t\t\t\t\t\t\t\t<div class=\"wp-block-getwid-post-carousel__slide\">\n\t\t\t\t\t\t\t\t\n<div class=\"wp-block-getwid-post-carousel__post\">\n            <div class=\"wp-block-getwid-post-carousel__post-thumbnail\">\n            <a href=\"https:\/\/agora.xtec.cat\/ie-castelldodena\/general\/participem-a-la-xtte-del-penedes-a-laula-del-futur-de-tarragona\/\"><img loading=\"lazy\" decoding=\"async\" width=\"2560\" height=\"1920\" src=\"https:\/\/agora.xtec.cat\/ie-castelldodena\/wp-content\/uploads\/usu1414\/2024\/12\/IMG_4421-scaled.jpeg\" class=\"attachment-post-thumbnail size-post-thumbnail wp-post-image\" alt=\"\" srcset=\"https:\/\/agora.xtec.cat\/ie-castelldodena\/wp-content\/uploads\/usu1414\/2024\/12\/IMG_4421-scaled.jpeg 2560w, https:\/\/agora.xtec.cat\/ie-castelldodena\/wp-content\/uploads\/usu1414\/2024\/12\/IMG_4421-300x225.jpeg 300w, https:\/\/agora.xtec.cat\/ie-castelldodena\/wp-content\/uploads\/usu1414\/2024\/12\/IMG_4421-1024x768.jpeg 1024w, https:\/\/agora.xtec.cat\/ie-castelldodena\/wp-content\/uploads\/usu1414\/2024\/12\/IMG_4421-768x576.jpeg 768w, https:\/\/agora.xtec.cat\/ie-castelldodena\/wp-content\/uploads\/usu1414\/2024\/12\/IMG_4421-1536x1152.jpeg 1536w, https:\/\/agora.xtec.cat\/ie-castelldodena\/wp-content\/uploads\/usu1414\/2024\/12\/IMG_4421-2048x1536.jpeg 2048w, https:\/\/agora.xtec.cat\/ie-castelldodena\/wp-content\/uploads\/usu1414\/2024\/12\/IMG_4421-200x150.jpeg 200w\" sizes=\"auto, (max-width: 2560px) 100vw, 2560px\" \/><\/a>\n        <\/div>\n        <div class=\"wp-block-getwid-post-carousel__post-content-wrapper\">\n        <div class=\"wp-block-getwid-post-carousel__post-header\">\n            <h3 class=\"wp-block-getwid-post-carousel__post-title\"><a href=\"https:\/\/agora.xtec.cat\/ie-castelldodena\/general\/participem-a-la-xtte-del-penedes-a-laula-del-futur-de-tarragona\/\">PARTICIPEM a la XTTE del Pened\u00e8s a l\u2019AULA del FUTUR de Tarragona<\/a><\/h3>        <\/div>\n        <div class=\"wp-block-getwid-post-carousel__post-excerpt\"><p>El passat dimecres, 11 de desembre, vam tenir l\u2019oportunitat de participar en la trobada de la Xarxa Territorial de Transformaci\u00f3 [&hellip;]<\/p>\n<\/div>\n    <\/div>\n<\/div>\n\n\t\t\t\t\t\t\t<\/div>\n\t\t\t\t\t\t\t\t\t\t\t\t\t<div class=\"wp-block-getwid-post-carousel__slide\">\n\t\t\t\t\t\t\t\t\n<div class=\"wp-block-getwid-post-carousel__post\">\n            <div class=\"wp-block-getwid-post-carousel__post-thumbnail\">\n            <a href=\"https:\/\/agora.xtec.cat\/ie-castelldodena\/general\/xarxa-territorial-de-transformacio-educativa-al-penedes\/\"><img loading=\"lazy\" decoding=\"async\" width=\"768\" height=\"768\" src=\"https:\/\/agora.xtec.cat\/ie-castelldodena\/wp-content\/uploads\/usu1414\/2024\/12\/Logo-Laboratori-768x768-1.jpg\" class=\"attachment-post-thumbnail size-post-thumbnail wp-post-image\" alt=\"\" srcset=\"https:\/\/agora.xtec.cat\/ie-castelldodena\/wp-content\/uploads\/usu1414\/2024\/12\/Logo-Laboratori-768x768-1.jpg 768w, https:\/\/agora.xtec.cat\/ie-castelldodena\/wp-content\/uploads\/usu1414\/2024\/12\/Logo-Laboratori-768x768-1-300x300.jpg 300w, https:\/\/agora.xtec.cat\/ie-castelldodena\/wp-content\/uploads\/usu1414\/2024\/12\/Logo-Laboratori-768x768-1-150x150.jpg 150w\" sizes=\"auto, (max-width: 768px) 100vw, 768px\" \/><\/a>\n        <\/div>\n        <div class=\"wp-block-getwid-post-carousel__post-content-wrapper\">\n        <div class=\"wp-block-getwid-post-carousel__post-header\">\n            <h3 class=\"wp-block-getwid-post-carousel__post-title\"><a href=\"https:\/\/agora.xtec.cat\/ie-castelldodena\/general\/xarxa-territorial-de-transformacio-educativa-al-penedes\/\">Xarxa Territorial de Transformaci\u00f3 Educativa al Pened\u00e8s<\/a><\/h3>        <\/div>\n        <div class=\"wp-block-getwid-post-carousel__post-excerpt\"><p>Ens complau informar que hem iniciat la formaci\u00f3 de la Xarxa Territorial de Transformaci\u00f3 Educativa (XTTE) al Pened\u00e8s, seguint l&#8217;experi\u00e8ncia [&hellip;]<\/p>\n<\/div>\n    <\/div>\n<\/div>\n\n\t\t\t\t\t\t\t<\/div>\n\t\t\t\t\t\t\t\t\t\t\t\t\t<div class=\"wp-block-getwid-post-carousel__slide\">\n\t\t\t\t\t\t\t\t\n<div class=\"wp-block-getwid-post-carousel__post\">\n            <div class=\"wp-block-getwid-post-carousel__post-thumbnail\">\n            <a href=\"https:\/\/agora.xtec.cat\/ie-castelldodena\/general\/continuant-el-cami-cap-a-la-transformacio-educativa-xtte\/\"><img loading=\"lazy\" decoding=\"async\" width=\"1999\" height=\"1414\" src=\"https:\/\/agora.xtec.cat\/ie-castelldodena\/wp-content\/uploads\/usu1414\/2023\/05\/TRANSFORMACIO-EDUCATIVA-EN-XARXA.png\" class=\"attachment-post-thumbnail size-post-thumbnail wp-post-image\" alt=\"\" srcset=\"https:\/\/agora.xtec.cat\/ie-castelldodena\/wp-content\/uploads\/usu1414\/2023\/05\/TRANSFORMACIO-EDUCATIVA-EN-XARXA.png 1999w, https:\/\/agora.xtec.cat\/ie-castelldodena\/wp-content\/uploads\/usu1414\/2023\/05\/TRANSFORMACIO-EDUCATIVA-EN-XARXA-300x212.png 300w, https:\/\/agora.xtec.cat\/ie-castelldodena\/wp-content\/uploads\/usu1414\/2023\/05\/TRANSFORMACIO-EDUCATIVA-EN-XARXA-1024x724.png 1024w, https:\/\/agora.xtec.cat\/ie-castelldodena\/wp-content\/uploads\/usu1414\/2023\/05\/TRANSFORMACIO-EDUCATIVA-EN-XARXA-768x543.png 768w, https:\/\/agora.xtec.cat\/ie-castelldodena\/wp-content\/uploads\/usu1414\/2023\/05\/TRANSFORMACIO-EDUCATIVA-EN-XARXA-1536x1086.png 1536w\" sizes=\"auto, (max-width: 1999px) 100vw, 1999px\" \/><\/a>\n        <\/div>\n        <div class=\"wp-block-getwid-post-carousel__post-content-wrapper\">\n        <div class=\"wp-block-getwid-post-carousel__post-header\">\n            <h3 class=\"wp-block-getwid-post-carousel__post-title\"><a href=\"https:\/\/agora.xtec.cat\/ie-castelldodena\/general\/continuant-el-cami-cap-a-la-transformacio-educativa-xtte\/\">Continuant el cam\u00ed cap a la Transformaci\u00f3 Educativa: XTTE<\/a><\/h3>        <\/div>\n        <div class=\"wp-block-getwid-post-carousel__post-excerpt\"><p>L&#8217;educaci\u00f3 \u00e9s un proc\u00e9s en constant evoluci\u00f3, i com a professionals de l&#8217;\u00e0mbit educatiu, \u00e9s essencial mantenir-nos actualitzats i adaptar-nos [&hellip;]<\/p>\n<\/div>\n    <\/div>\n<\/div>\n\n\t\t\t\t\t\t\t<\/div>\n\t\t\t\t\t\t            <\/div>\n        <\/div>\n        ","protected":false},"excerpt":{"rendered":"<p>Els \u00faltims cursos han anat enfocats en la transformaci\u00f3 educativa dels centres cap a la visi\u00f3 global que ens ofereix [&hellip;]<\/p>\n","protected":false},"author":1,"featured_media":0,"parent":13840,"menu_order":6,"comment_status":"closed","ping_status":"closed","template":"","meta":{"_bbp_topic_count":0,"_bbp_reply_count":0,"_bbp_total_topic_count":0,"_bbp_total_reply_count":0,"_bbp_voice_count":0,"_bbp_anonymous_reply_count":0,"_bbp_topic_count_hidden":0,"_bbp_reply_count_hidden":0,"_bbp_forum_subforum_count":0,"site-sidebar-layout":"default","site-content-layout":"","ast-site-content-layout":"default","site-content-style":"default","site-sidebar-style":"default","ast-global-header-display":"","ast-banner-title-visibility":"","ast-main-header-display":"","ast-hfb-above-header-display":"","ast-hfb-below-header-display":"","ast-hfb-mobile-header-display":"","site-post-title":"","ast-breadcrumbs-content":"","ast-featured-img":"","footer-sml-layout":"","theme-transparent-header-meta":"default","adv-header-id-meta":"","stick-header-meta":"","header-above-stick-meta":"","header-main-stick-meta":"","header-below-stick-meta":"","astra-migrate-meta-layouts":"set","ast-page-background-enabled":"default","ast-page-background-meta":{"desktop":{"background-color":"var(--ast-global-color-4)","background-image":"","background-repeat":"repeat","background-position":"center center","background-size":"auto","background-attachment":"scroll","background-type":"","background-media":"","overlay-type":"","overlay-color":"","overlay-opacity":"","overlay-gradient":""},"tablet":{"background-color":"","background-image":"","background-repeat":"repeat","background-position":"center center","background-size":"auto","background-attachment":"scroll","background-type":"","background-media":"","overlay-type":"","overlay-color":"","overlay-opacity":"","overlay-gradient":""},"mobile":{"background-color":"","background-image":"","background-repeat":"repeat","background-position":"center center","background-size":"auto","background-attachment":"scroll","background-type":"","background-media":"","overlay-type":"","overlay-color":"","overlay-opacity":"","overlay-gradient":""}},"ast-content-background-meta":{"desktop":{"background-color":"var(--ast-global-color-5)","background-image":"","background-repeat":"repeat","background-position":"center center","background-size":"auto","background-attachment":"scroll","background-type":"","background-media":"","overlay-type":"","overlay-color":"","overlay-opacity":"","overlay-gradient":""},"tablet":{"background-color":"var(--ast-global-color-5)","background-image":"","background-repeat":"repeat","background-position":"center center","background-size":"auto","background-attachment":"scroll","background-type":"","background-media":"","overlay-type":"","overlay-color":"","overlay-opacity":"","overlay-gradient":""},"mobile":{"background-color":"var(--ast-global-color-5)","background-image":"","background-repeat":"repeat","background-position":"center center","background-size":"auto","background-attachment":"scroll","background-type":"","background-media":"","overlay-type":"","overlay-color":"","overlay-opacity":"","overlay-gradient":""}},"footnotes":""},"class_list":["post-14510","page","type-page","status-publish","hentry"],"post_mailing_queue_ids":[],"_links":{"self":[{"href":"https:\/\/agora.xtec.cat\/ie-castelldodena\/wp-json\/wp\/v2\/pages\/14510","targetHints":{"allow":["GET"]}}],"collection":[{"href":"https:\/\/agora.xtec.cat\/ie-castelldodena\/wp-json\/wp\/v2\/pages"}],"about":[{"href":"https:\/\/agora.xtec.cat\/ie-castelldodena\/wp-json\/wp\/v2\/types\/page"}],"author":[{"embeddable":true,"href":"https:\/\/agora.xtec.cat\/ie-castelldodena\/wp-json\/wp\/v2\/users\/1"}],"replies":[{"embeddable":true,"href":"https:\/\/agora.xtec.cat\/ie-castelldodena\/wp-json\/wp\/v2\/comments?post=14510"}],"version-history":[{"count":6,"href":"https:\/\/agora.xtec.cat\/ie-castelldodena\/wp-json\/wp\/v2\/pages\/14510\/revisions"}],"predecessor-version":[{"id":16199,"href":"https:\/\/agora.xtec.cat\/ie-castelldodena\/wp-json\/wp\/v2\/pages\/14510\/revisions\/16199"}],"up":[{"embeddable":true,"href":"https:\/\/agora.xtec.cat\/ie-castelldodena\/wp-json\/wp\/v2\/pages\/13840"}],"wp:attachment":[{"href":"https:\/\/agora.xtec.cat\/ie-castelldodena\/wp-json\/wp\/v2\/media?parent=14510"}],"curies":[{"name":"wp","href":"https:\/\/api.w.org\/{rel}","templated":true}]}}