{"id":13268,"date":"2024-02-19T10:34:01","date_gmt":"2024-02-19T09:34:01","guid":{"rendered":"https:\/\/agora.xtec.cat\/ceip-castelldodena\/?page_id=13268"},"modified":"2025-12-15T07:37:47","modified_gmt":"2025-12-15T06:37:47","slug":"presentacio","status":"publish","type":"page","link":"https:\/\/agora.xtec.cat\/ie-castelldodena\/elcentre\/presentacio\/","title":{"rendered":"Hist\u00f2ria"},"content":{"rendered":"\n<p>Antigament, <strong>l&#8217;escola<\/strong> es trobava a dalt d&#8217;una muntanya de guix, al <strong>poble antic<\/strong>. Anys m\u00e9s tard es va ubicar <strong>al costat de l&#8217;Ajuntament<\/strong>. No va ser fins a l&#8217;any 1985 que es va inaugurar l&#8217;actual <strong>edifici de prim\u00e0ria<\/strong>. El 2009 es va finalitzar la construcci\u00f3 del <strong>nou edifici d&#8217;educaci\u00f3 infantil<\/strong> i el 2025 es va inaugurar el <strong>nou edifici de secund\u00e0ria<\/strong>.<\/p>\n\n\n\n<figure class=\"wp-block-image alignfull size-large\"><a href=\"https:\/\/agora.xtec.cat\/ceip-castelldodena\/wp-content\/uploads\/usu1414\/2016\/11\/antiga-escola-1.jpg\"><img loading=\"lazy\" decoding=\"async\" width=\"1024\" height=\"736\" src=\"https:\/\/agora.xtec.cat\/ceip-castelldodena\/wp-content\/uploads\/usu1414\/2016\/11\/antiga-escola-1-1024x736.jpg\" alt=\"\" class=\"wp-image-666\" srcset=\"https:\/\/agora.xtec.cat\/ie-castelldodena\/wp-content\/uploads\/usu1414\/2016\/11\/antiga-escola-1-1024x736.jpg 1024w, https:\/\/agora.xtec.cat\/ie-castelldodena\/wp-content\/uploads\/usu1414\/2016\/11\/antiga-escola-1-300x216.jpg 300w, https:\/\/agora.xtec.cat\/ie-castelldodena\/wp-content\/uploads\/usu1414\/2016\/11\/antiga-escola-1-768x552.jpg 768w\" sizes=\"auto, (max-width: 1024px) 100vw, 1024px\" \/><\/a><\/figure>\n\n\n\n<p><span style=\"font-weight: 400;\">L\u2019any 2020 <strong>el centre va esdevenir Institut Escola<\/strong> per tal de donar cabuda als joves, que havien de marxar a altres pobles a acabar l\u2019etapa obligat\u00f2ria. L\u2019antiga escola, amb una llarga traject\u00f2ria pedag\u00f2gica, va esdevenir un gran espai de transformaci\u00f3 on van haver d\u2019aprendre a conviure dues etapes molt diferenciades per\u00f2 amb un objectiu com\u00fa.<\/span><\/p>\n\n\n\n<p><span style=\"font-weight: 400;\">Al llarg d\u2019aquests anys i a causa de diferents motius demogr\u00e0fics i socials, el centre ha anat passant per diferents situacions que han anat modificant el teixit organitzatiu. Actualment, immersos encara en aquest proc\u00e9s de canvi, renovaci\u00f3 i estabilitzaci\u00f3 de metodologies i eines, <strong>s\u2019imparteixen estudis de segon cicle d&#8217;educaci\u00f3 infantil, prim\u00e0ria i secund\u00e0ria obligat\u00f2ria<\/strong>.<\/span><\/p>\n\n\n\n<p><span style=\"font-weight: 400;\">Com a <strong>\u00fanic centre educatiu del municipi<\/strong> que alberga aquestes etapes, tenim molt clar el nostre prop\u00f2sit i la import\u00e0ncia que t\u00e9 la nostra tasca educativa en el desenvolupament del territori. A m\u00e9s volem continuar sent un <strong>centre de refer\u00e8ncia<\/strong> a la zona on poder acollir totes aquelles fam\u00edlies que vulguin compartir el nostre\u00a0projecte. L&#8217;<strong>Institut Escola Castell d\u2019\u00d2dena<\/strong> vol ser un centre que respongui a les demandes de la societat actual. Volem ser un centre que apr\u00e8n de si mateix i de la interacci\u00f3 amb l&#8217;entorn, que reflexiona, s&#8217;avalua i innova per millorar. Al mateix temps, volem ser un centre que busqui de manera transparent la col\u00b7laboraci\u00f3 amb la comunitat educativa per cr\u00e9ixer conjuntament.\u00a0<\/span><\/p>\n\n\n\n<figure class=\"wp-block-image aligncenter size-full\"><a href=\"https:\/\/agora.xtec.cat\/ie-castelldodena\/wp-content\/uploads\/usu1414\/2024\/02\/TORRE.jpg\"><img loading=\"lazy\" decoding=\"async\" width=\"650\" height=\"487\" src=\"https:\/\/agora.xtec.cat\/ie-castelldodena\/wp-content\/uploads\/usu1414\/2024\/02\/TORRE.jpg\" alt=\"\" class=\"wp-image-13157\" srcset=\"https:\/\/agora.xtec.cat\/ie-castelldodena\/wp-content\/uploads\/usu1414\/2024\/02\/TORRE.jpg 650w, https:\/\/agora.xtec.cat\/ie-castelldodena\/wp-content\/uploads\/usu1414\/2024\/02\/TORRE-300x225.jpg 300w, https:\/\/agora.xtec.cat\/ie-castelldodena\/wp-content\/uploads\/usu1414\/2024\/02\/TORRE-200x150.jpg 200w\" sizes=\"auto, (max-width: 650px) 100vw, 650px\" \/><\/a><figcaption class=\"wp-element-caption\">Torre del Castell d&#8217;\u00d2dena<\/figcaption><\/figure>\n","protected":false},"excerpt":{"rendered":"<p>Antigament, l&#8217;escola es trobava a dalt d&#8217;una muntanya de guix, al poble antic. Anys m\u00e9s tard es va ubicar al [&hellip;]<\/p>\n","protected":false},"author":1,"featured_media":0,"parent":22,"menu_order":1,"comment_status":"closed","ping_status":"closed","template":"","meta":{"_bbp_topic_count":0,"_bbp_reply_count":0,"_bbp_total_topic_count":0,"_bbp_total_reply_count":0,"_bbp_voice_count":0,"_bbp_anonymous_reply_count":0,"_bbp_topic_count_hidden":0,"_bbp_reply_count_hidden":0,"_bbp_forum_subforum_count":0,"site-sidebar-layout":"default","site-content-layout":"","ast-site-content-layout":"default","site-content-style":"default","site-sidebar-style":"default","ast-global-header-display":"","ast-banner-title-visibility":"","ast-main-header-display":"","ast-hfb-above-header-display":"","ast-hfb-below-header-display":"","ast-hfb-mobile-header-display":"","site-post-title":"","ast-breadcrumbs-content":"","ast-featured-img":"","footer-sml-layout":"","theme-transparent-header-meta":"","adv-header-id-meta":"","stick-header-meta":"","header-above-stick-meta":"","header-main-stick-meta":"","header-below-stick-meta":"","astra-migrate-meta-layouts":"set","ast-page-background-enabled":"default","ast-page-background-meta":{"desktop":{"background-color":"var(--ast-global-color-4)","background-image":"","background-repeat":"repeat","background-position":"center center","background-size":"auto","background-attachment":"scroll","background-type":"","background-media":"","overlay-type":"","overlay-color":"","overlay-opacity":"","overlay-gradient":""},"tablet":{"background-color":"","background-image":"","background-repeat":"repeat","background-position":"center center","background-size":"auto","background-attachment":"scroll","background-type":"","background-media":"","overlay-type":"","overlay-color":"","overlay-opacity":"","overlay-gradient":""},"mobile":{"background-color":"","background-image":"","background-repeat":"repeat","background-position":"center center","background-size":"auto","background-attachment":"scroll","background-type":"","background-media":"","overlay-type":"","overlay-color":"","overlay-opacity":"","overlay-gradient":""}},"ast-content-background-meta":{"desktop":{"background-color":"var(--ast-global-color-5)","background-image":"","background-repeat":"repeat","background-position":"center center","background-size":"auto","background-attachment":"scroll","background-type":"","background-media":"","overlay-type":"","overlay-color":"","overlay-opacity":"","overlay-gradient":""},"tablet":{"background-color":"var(--ast-global-color-5)","background-image":"","background-repeat":"repeat","background-position":"center center","background-size":"auto","background-attachment":"scroll","background-type":"","background-media":"","overlay-type":"","overlay-color":"","overlay-opacity":"","overlay-gradient":""},"mobile":{"background-color":"var(--ast-global-color-5)","background-image":"","background-repeat":"repeat","background-position":"center center","background-size":"auto","background-attachment":"scroll","background-type":"","background-media":"","overlay-type":"","overlay-color":"","overlay-opacity":"","overlay-gradient":""}},"footnotes":""},"class_list":["post-13268","page","type-page","status-publish","hentry"],"post_mailing_queue_ids":[],"_links":{"self":[{"href":"https:\/\/agora.xtec.cat\/ie-castelldodena\/wp-json\/wp\/v2\/pages\/13268","targetHints":{"allow":["GET"]}}],"collection":[{"href":"https:\/\/agora.xtec.cat\/ie-castelldodena\/wp-json\/wp\/v2\/pages"}],"about":[{"href":"https:\/\/agora.xtec.cat\/ie-castelldodena\/wp-json\/wp\/v2\/types\/page"}],"author":[{"embeddable":true,"href":"https:\/\/agora.xtec.cat\/ie-castelldodena\/wp-json\/wp\/v2\/users\/1"}],"replies":[{"embeddable":true,"href":"https:\/\/agora.xtec.cat\/ie-castelldodena\/wp-json\/wp\/v2\/comments?post=13268"}],"version-history":[{"count":6,"href":"https:\/\/agora.xtec.cat\/ie-castelldodena\/wp-json\/wp\/v2\/pages\/13268\/revisions"}],"predecessor-version":[{"id":16322,"href":"https:\/\/agora.xtec.cat\/ie-castelldodena\/wp-json\/wp\/v2\/pages\/13268\/revisions\/16322"}],"up":[{"embeddable":true,"href":"https:\/\/agora.xtec.cat\/ie-castelldodena\/wp-json\/wp\/v2\/pages\/22"}],"wp:attachment":[{"href":"https:\/\/agora.xtec.cat\/ie-castelldodena\/wp-json\/wp\/v2\/media?parent=13268"}],"curies":[{"name":"wp","href":"https:\/\/api.w.org\/{rel}","templated":true}]}}