{"id":13177,"date":"2024-02-12T10:34:08","date_gmt":"2024-02-12T09:34:08","guid":{"rendered":"https:\/\/agora.xtec.cat\/ceip-castelldodena\/?page_id=13177"},"modified":"2025-10-24T14:44:47","modified_gmt":"2025-10-24T12:44:47","slug":"acollida","status":"publish","type":"page","link":"https:\/\/agora.xtec.cat\/ie-castelldodena\/serveis\/acollida\/","title":{"rendered":"Servei d&#8217;acollida"},"content":{"rendered":"\n<p>El <strong>servei d&#8217;acollida<\/strong> \u00e9s un servei que oferim al centre per acomodar les necessitats de les fam\u00edlies que han de comen\u00e7ar les seves jornades laborals <strong>abans de l&#8217;inici de les classes<\/strong> dels seus fills. Aquest servei proporciona un <strong>espai segur<\/strong> i supervisat on els alumnes poden arribar a l&#8217;escola abans de l&#8217;horari lectiu.<\/p>\n\n\n\n<p>Durant l&#8217;acollida matinal, els alumnes poden participar en <strong>diverses activitats<\/strong> com ara jocs, treballs manuals, lectura tranquil\u00b7la o altres activitats recreatives. A m\u00e9s, sovint s&#8217;ofereix l&#8217;opci\u00f3 d&#8217;esmorzar per aquells estudiants que no hagin pogut fer-ho a casa.<\/p>\n\n\n\n<ul class=\"wp-block-list\">\n<li>El gestiona l&#8217;<strong>AFA.<\/strong><\/li>\n\n\n\n<li>Es fa al <strong>menjador del centre<\/strong>.<\/li>\n\n\n\n<li><strong>DIFERENTS TORNS<\/strong>:\n<ul class=\"wp-block-list\">\n<li>7:30 a 9:00<\/li>\n\n\n\n<li>8:00 a 9:00<\/li>\n\n\n\n<li>8:30 a 9:00<\/li>\n\n\n\n<li>No es podr\u00e0 entrar fora d&#8217;aquests horaris.<\/li>\n<\/ul>\n<\/li>\n\n\n\n<li><strong>PREUS ACOLLIDA MATINAL<\/strong>\n<ul class=\"wp-block-list\">\n<li>Fix de 7:30 a 9:00 &#8211; 45\u20ac\/mes.<\/li>\n\n\n\n<li>Fix de 8:00 a 9:00 &#8211;  27\u20ac\/mes.<\/li>\n\n\n\n<li>Espor\u00e0dic diari &#8211; 3\u20ac\/dia.\n<ul class=\"wp-block-list\">\n<li>Comprar el tiquet per escolaoberta.com.<\/li>\n\n\n\n<li>Avisar mitjan\u00e7ant DINANTIA el dia abans a l&#8217;AFA.<\/li>\n<\/ul>\n<\/li>\n<\/ul>\n<\/li>\n<\/ul>\n","protected":false},"excerpt":{"rendered":"<p>El servei d&#8217;acollida \u00e9s un servei que oferim al centre per acomodar les necessitats de les fam\u00edlies que han de [&hellip;]<\/p>\n","protected":false},"author":1,"featured_media":0,"parent":13332,"menu_order":2,"comment_status":"closed","ping_status":"closed","template":"","meta":{"_bbp_topic_count":0,"_bbp_reply_count":0,"_bbp_total_topic_count":0,"_bbp_total_reply_count":0,"_bbp_voice_count":0,"_bbp_anonymous_reply_count":0,"_bbp_topic_count_hidden":0,"_bbp_reply_count_hidden":0,"_bbp_forum_subforum_count":0,"site-sidebar-layout":"default","site-content-layout":"","ast-site-content-layout":"default","site-content-style":"default","site-sidebar-style":"default","ast-global-header-display":"","ast-banner-title-visibility":"","ast-main-header-display":"","ast-hfb-above-header-display":"","ast-hfb-below-header-display":"","ast-hfb-mobile-header-display":"","site-post-title":"","ast-breadcrumbs-content":"","ast-featured-img":"","footer-sml-layout":"","theme-transparent-header-meta":"","adv-header-id-meta":"","stick-header-meta":"","header-above-stick-meta":"","header-main-stick-meta":"","header-below-stick-meta":"","astra-migrate-meta-layouts":"set","ast-page-background-enabled":"default","ast-page-background-meta":{"desktop":{"background-color":"var(--ast-global-color-4)","background-image":"","background-repeat":"repeat","background-position":"center center","background-size":"auto","background-attachment":"scroll","background-type":"","background-media":"","overlay-type":"","overlay-color":"","overlay-opacity":"","overlay-gradient":""},"tablet":{"background-color":"","background-image":"","background-repeat":"repeat","background-position":"center center","background-size":"auto","background-attachment":"scroll","background-type":"","background-media":"","overlay-type":"","overlay-color":"","overlay-opacity":"","overlay-gradient":""},"mobile":{"background-color":"","background-image":"","background-repeat":"repeat","background-position":"center center","background-size":"auto","background-attachment":"scroll","background-type":"","background-media":"","overlay-type":"","overlay-color":"","overlay-opacity":"","overlay-gradient":""}},"ast-content-background-meta":{"desktop":{"background-color":"var(--ast-global-color-5)","background-image":"","background-repeat":"repeat","background-position":"center center","background-size":"auto","background-attachment":"scroll","background-type":"","background-media":"","overlay-type":"","overlay-color":"","overlay-opacity":"","overlay-gradient":""},"tablet":{"background-color":"var(--ast-global-color-5)","background-image":"","background-repeat":"repeat","background-position":"center center","background-size":"auto","background-attachment":"scroll","background-type":"","background-media":"","overlay-type":"","overlay-color":"","overlay-opacity":"","overlay-gradient":""},"mobile":{"background-color":"var(--ast-global-color-5)","background-image":"","background-repeat":"repeat","background-position":"center center","background-size":"auto","background-attachment":"scroll","background-type":"","background-media":"","overlay-type":"","overlay-color":"","overlay-opacity":"","overlay-gradient":""}},"footnotes":""},"class_list":["post-13177","page","type-page","status-publish","hentry"],"post_mailing_queue_ids":[],"_links":{"self":[{"href":"https:\/\/agora.xtec.cat\/ie-castelldodena\/wp-json\/wp\/v2\/pages\/13177","targetHints":{"allow":["GET"]}}],"collection":[{"href":"https:\/\/agora.xtec.cat\/ie-castelldodena\/wp-json\/wp\/v2\/pages"}],"about":[{"href":"https:\/\/agora.xtec.cat\/ie-castelldodena\/wp-json\/wp\/v2\/types\/page"}],"author":[{"embeddable":true,"href":"https:\/\/agora.xtec.cat\/ie-castelldodena\/wp-json\/wp\/v2\/users\/1"}],"replies":[{"embeddable":true,"href":"https:\/\/agora.xtec.cat\/ie-castelldodena\/wp-json\/wp\/v2\/comments?post=13177"}],"version-history":[{"count":6,"href":"https:\/\/agora.xtec.cat\/ie-castelldodena\/wp-json\/wp\/v2\/pages\/13177\/revisions"}],"predecessor-version":[{"id":15981,"href":"https:\/\/agora.xtec.cat\/ie-castelldodena\/wp-json\/wp\/v2\/pages\/13177\/revisions\/15981"}],"up":[{"embeddable":true,"href":"https:\/\/agora.xtec.cat\/ie-castelldodena\/wp-json\/wp\/v2\/pages\/13332"}],"wp:attachment":[{"href":"https:\/\/agora.xtec.cat\/ie-castelldodena\/wp-json\/wp\/v2\/media?parent=13177"}],"curies":[{"name":"wp","href":"https:\/\/api.w.org\/{rel}","templated":true}]}}