{"id":1126,"date":"2024-03-08T20:26:45","date_gmt":"2024-03-08T19:26:45","guid":{"rendered":"http:\/\/agora.xtec.cat\/ceip-castelldodena\/?page_id=1126"},"modified":"2025-03-20T23:49:27","modified_gmt":"2025-03-20T22:49:27","slug":"consell-escolar","status":"publish","type":"page","link":"https:\/\/agora.xtec.cat\/ie-castelldodena\/elcentre\/transparencia\/consell-escolar\/","title":{"rendered":"Consell escolar"},"content":{"rendered":"\n<p>El Consell escolar \u00e9s&nbsp;l\u2019\u00f2rgan col\u00b7legiat representatiu de la Comunitat Educativa.<\/p>\n\n\n\n<h4 class=\"wp-block-heading has-text-align-center\">MEMBRES DEL CONSELL ESCOLAR<\/h4>\n\n\n\n<div class=\"wp-block-columns is-layout-flex wp-container-core-columns-is-layout-1 wp-block-columns-is-layout-flex\" style=\"padding-top:0;padding-right:0;padding-bottom:0;padding-left:0\">\n<div class=\"wp-block-column is-layout-flow wp-block-column-is-layout-flow\">\n<p><strong>EQUIP DIRECTIU<\/strong><\/p>\n\n\n\n<p>Pilar Gil L\u00f3pez_ Directora<\/p>\n\n\n\n<p>Cecilia Berdi\u00e9 Escolano_Cap d&#8217;estudis<\/p>\n\n\n\n<p>Pere Torrades Oliva (Secretari)<\/p>\n<\/div>\n\n\n\n<div class=\"wp-block-column is-layout-flow wp-block-column-is-layout-flow\">\n<p><strong>DOCENTS<\/strong><\/p>\n\n\n\n<p>Eugenia Ruiz<\/p>\n\n\n\n<p>Carles \u00c0valos<\/p>\n\n\n\n<p>Anna Hervilla<\/p>\n\n\n\n<p>Isidro Ruiz<\/p>\n\n\n\n<p>Elisabet Dan\u00e8s<\/p>\n\n\n\n<p><\/p>\n<\/div>\n\n\n\n<div class=\"wp-block-column is-layout-flow wp-block-column-is-layout-flow\">\n<p><strong>REPRESENTANTS FAM\u00cdLIES<\/strong><\/p>\n\n\n\n<p>Anna Compte<\/p>\n\n\n\n<p>Anna Claramunt<\/p>\n\n\n\n<p>Olga Sala<\/p>\n\n\n\n<p>Elsa Pons (Sector alumnat)<\/p>\n\n\n\n<p><\/p>\n<\/div>\n<\/div>\n\n\n\n<div class=\"wp-block-columns is-layout-flex wp-container-core-columns-is-layout-2 wp-block-columns-is-layout-flex\" style=\"padding-top:0;padding-right:0;padding-bottom:0;padding-left:0\">\n<div class=\"wp-block-column is-layout-flow wp-block-column-is-layout-flow\">\n<p><strong>REPRESENTANT AJUNTAMENT<\/strong><\/p>\n\n\n\n<p>Jaume Xaus<\/p>\n<\/div>\n\n\n\n<div class=\"wp-block-column is-layout-flow wp-block-column-is-layout-flow\">\n<p><strong>REPRESENTANT&nbsp; PAS<\/strong><\/p>\n\n\n\n<p>&#8212;-<\/p>\n<\/div>\n\n\n\n<div class=\"wp-block-column is-layout-flow wp-block-column-is-layout-flow\">\n<p><strong>REPRESENTANT AFA<\/strong><\/p>\n\n\n\n<p>Paula Vico<\/p>\n\n\n\n<p><\/p>\n<\/div>\n<\/div>\n\n\n\n<h4 class=\"wp-block-heading has-text-align-center\">FUNCIONS CONSELL ESCOLAR<\/h4>\n\n\n\n<ol class=\"wp-block-list\">\n<li><span style=\"font-weight: 400;\">Aprovar el projecte educatiu i les modificacions corresponents per una majoria de tres cinquenes parts dels membres.&nbsp;<\/span><\/li>\n\n\n\n<li><span style=\"font-weight: 400;\">Aprovar la programaci\u00f3 general anual del centre i avaluar-ne el desenvolupament i els resultats.&nbsp;<\/span><\/li>\n\n\n\n<li><span style=\"font-weight: 400;\">Aprovar les propostes d&#8217;acords de corresponsabilitat, convenis i altres acords de col\u00b7laboraci\u00f3 del centre amb entitats o institucions.<\/span><\/li>\n\n\n\n<li><span style=\"font-weight: 400;\">Aprovar les normes d&#8217;organitzaci\u00f3 i funcionament i les modificacions corresponents.<\/span><\/li>\n\n\n\n<li><span style=\"font-weight: 400;\">Aprovar la carta de comprom\u00eds educatiu.<\/span><\/li>\n\n\n\n<li><span style=\"font-weight: 400;\">Aprovar el pressupost del centre i el rendiment de comptes.<\/span><\/li>\n\n\n\n<li><span style=\"font-weight: 400;\">Intervenir en el procediment d&#8217;admissi\u00f3 d&#8217;alumnes.<\/span><\/li>\n\n\n\n<li><span style=\"font-weight: 400;\">Participar en el procediment de selecci\u00f3 i en la proposta de cessament del director o directora.<\/span><\/li>\n\n\n\n<li><span style=\"font-weight: 400;\">Intervenir en la resoluci\u00f3 dels conflictes i, si escau, revisar les sancions als alumnes.<\/span><\/li>\n\n\n\n<li><span style=\"font-weight: 400;\">Aprovar les directrius per a la programaci\u00f3 d&#8217;activitats escolars complement\u00e0ries i d&#8217;activitats extraescolars, i avaluar-ne el desenvolupament.<\/span><\/li>\n\n\n\n<li><span style=\"font-weight: 400;\">Participar en les an\u00e0lisis i les avaluacions del funcionament general del centre i con\u00e8ixer l&#8217;evoluci\u00f3 del rendiment escolar.<\/span><\/li>\n\n\n\n<li><span style=\"font-weight: 400;\">Aprovar els criteris de col\u00b7laboraci\u00f3 amb altres centres i amb l&#8217;entorn.<\/span><\/li>\n\n\n\n<li><span style=\"font-weight: 400;\">Qualsevol altra que li sigui atribu\u00efda per les normes legals o reglament\u00e0ries.<\/span><\/li>\n<\/ol>\n\n\n\n<p><span style=\"font-weight: 400;\">Els membres del Consell Escolar ho seran per un per\u00edode de dos cursos escolars i es renovaran per meitats cada curs.<\/span><\/p>\n\n\n\n<p class=\"has-text-align-center\"><strong>ACORDS CONSELL ESCOLAR<\/strong><\/p>\n\n\n\n<figure class=\"wp-block-table\"><table><tbody><tr><td><strong>DATA<\/strong><\/td><td><strong>ACORDS<\/strong><\/td><\/tr><tr><td>26 setembre 2022<\/td><td>\n<ul>\n<li>Aprovaci\u00f3 de l\u2019acta anterior.<\/li>\n<li>Aprovaci\u00f3 Mem\u00f2ria curs 2022-2023.<\/li>\n<li>Aprovaci\u00f3 de les NOFC (Normes d&#8217;Organitzaci\u00f3 i Funcionament del Centre)<\/li>\n<li>Aprovaci\u00f3 Calendari Consells Escolars del curs 23-24: 9 d&#8217;octubre, 29 de gener, 8 d&#8217;abril, 10 de juny i 25 de juny.<\/li>\n<\/ul>\n<\/td><\/tr><tr><td>14 de novembre 2022<\/td><td>\n<ul>\n<li>Aprovaci\u00f3 de l\u2019acta anterior.<\/li>\n<li>Presentaci\u00f3 i aprovaci\u00f3 del Pla Anual curs 22-23.<\/li>\n<li>Estat de les obres al centre: edifici d&#8217;ampliaci\u00f3 secund\u00e0ria, canvi finestres i C\/Calaf.<\/li>\n<li>Informaci\u00f3 novetats en el servei de neteja per la millora d&#8217;aquest.<\/li>\n<li>Informaci\u00f3 servei de refor\u00e7 de l&#8217;Ajuntament d&#8217;\u00d2dena.<\/li>\n<\/ul>\n<\/td><\/tr><tr><td>23 de gener 2023<\/td><td>\n<ul>\n<li>Aprovaci\u00f3 de l\u2019acta anterior.<\/li>\n<li>Aprovaci\u00f3 pressupost 2023.<\/li>\n<li>Edifici Institut Escola<\/li>\n<li>Erasmus+. Visita a \u00d2dena<\/li>\n<li>Disciplina al centre.<\/li>\n<\/ul>\n<\/td><\/tr><tr><td>20 de mar\u00e7 2023<\/td><td>\n<ul>\n<li>Aprovaci\u00f3 de l\u2019acta anterior.<\/li>\n<li>Aprovaci\u00f3 tancament econ\u00f2mic any 2022.<\/li>\n<li>Sisena hora: calendari d&#8217;actuacions<\/li>\n<li>Varis: administrativa, menjador, festa de sis\u00e8,&#8230;<\/li>\n<li>Obres: finestres i lavabos<\/li>\n<\/ul>\n<\/td><\/tr><tr><td>27 de mar\u00e7 2023<\/td><td>\n<ul>\n<li>Aprovaci\u00f3 de l\u2019acta anterior.<\/li>\n<li>Presentaci\u00f3 document sisena hora.<\/li>\n<\/ul>\n<\/td><\/tr><tr><td>17 d&#8217;abril 2023<\/td><td>\n<ul>\n<li>Aprovaci\u00f3 de l\u2019acta anterior.<\/li>\n<li>Votaci\u00f3 continu\u00eftat sisena hora:\n<ul>\n<li style=\"list-style-type: none;\">\n<ul>\n<li>S\u00ed &#8211; vots 8<\/li>\n<li>No &#8211; 6 vots<\/li>\n<li>Abstenci\u00f3 &#8211; 0 vots<\/li>\n<\/ul>\n<\/li>\n<\/ul>\n<\/li>\n<li>Aprovaci\u00f3 de la continu\u00eftat de la sisena hora pel curs 23-24.<\/li>\n<\/ul>\n<\/td><\/tr><tr><td>22 de maig 2023<\/td><td>\n<ul>\n<li>Aprovaci\u00f3 de l\u2019acta anterior.<\/li>\n<li>Sol\u00b7licitud de recursos per part del centre pel proper curs: Auxiliar de conversa, SIAL, Aula d\u2019acollida, SIEI.<\/li>\n<li>Estat obres: edifici Institut Escola i lavabos ESO.<\/li>\n<li>Conveni Ajuntament &#8211; Departament d\u2019Educaci\u00f3.<\/li>\n<li>Canvis en l&#8217;activitat de piscina curs 23-24.<\/li>\n<li>Festa de la Primavera.<\/li>\n<\/ul>\n<\/td><\/tr><tr><td>26 de juny 2023<\/td><td>\n<ul>\n<li>Aprovaci\u00f3 de l\u2019acta anterior.<\/li>\n<li>Aprovaci\u00f3 del calendari curs 23-24.<\/li>\n<li>Lectura resultats q\u00fcestionari satisfacci\u00f3 fam\u00edlies 3r trimestre.<\/li>\n<li>Varis: activitat piscina curs 23-24, Pla de promoci\u00f3 curs CIATE, inversi\u00f3 pati infantil, horaris \u00fas del pavell\u00f3, portes met\u00e0l\u00b7liques gimn\u00e0s, pista, int\u00e8rfon porta pavell\u00f3, conserge, &#8230;<\/li>\n<\/ul>\n<\/td><\/tr><tr><td>25 de setembre 2023<\/td><td>\n<ul>\n<li style=\"font-weight: 400;\" aria-level=\"1\"><span style=\"font-weight: 400;\">Aprovaci\u00f3 de l\u2019acta anterior.<\/span><\/li>\n<li style=\"font-weight: 400;\" aria-level=\"1\"><span style=\"font-weight: 400;\">Lectura i aprovaci\u00f3 mem\u00f2ria curs 22-23.<\/span><\/li>\n<li style=\"font-weight: 400;\" aria-level=\"1\"><span style=\"font-weight: 400;\">Lectura i aprovaci\u00f3 NOFC (Normes d\u2019Organitzaci\u00f3 i Funcionament del Centre).<\/span><\/li>\n<li style=\"font-weight: 400;\" aria-level=\"1\"><span style=\"font-weight: 400;\">Proposta calendari Consell Escolar pel curs 23-24.<\/span><\/li>\n<\/ul>\n<\/td><\/tr><tr><td>9 d&#8217;octubre 2023<\/td><td>\n<ul>\n<li style=\"font-weight: 400;\" aria-level=\"1\"><span style=\"font-weight: 400;\">Aprovaci\u00f3 de l\u2019acta anterior.<\/span><\/li>\n<li style=\"font-weight: 400;\" aria-level=\"1\"><span style=\"font-weight: 400;\">Presentaci\u00f3 i aprovaci\u00f3 del Pla General Anual (PGA) curs 23-24.<\/span><\/li>\n<li style=\"font-weight: 400;\" aria-level=\"1\"><span style=\"font-weight: 400;\">Festa de la Primavera.<\/span><\/li>\n<li style=\"font-weight: 400;\" aria-level=\"1\"><span style=\"font-weight: 400;\">Eleccions Consell Escolar.<\/span><\/li>\n<li style=\"font-weight: 400;\" aria-level=\"1\"><span style=\"font-weight: 400;\">Sol\u00b7licituds v\u00e0ries a l&#8217;ajuntament d&#8217;\u00d2dena: neteja, bosc, conserge.<\/span><\/li>\n<\/ul>\n<\/td><\/tr><tr><td>21 novembre 2023<\/td><td><span style=\"font-weight: 400;\">ELECCIONS AL CONSELL ESCOLAR.<\/span>\n<ul style=\"list-style-type: disc;\">\n<li><strong>PERSONA ESCOLLIDA_SECTOR FAM\u00cdLIES<\/strong>:\n<ul style=\"list-style-type: circle;\">\n<li>Olga Sala Sandiumenge: 30 vots.<\/li>\n<li>L&#8217;empat entre ambdues candidates es va resoldre seguint la normativa establerta per aquests casos pel Departament d&#8217;Educaci\u00f3.<\/li>\n<\/ul>\n<\/li>\n<li>PERSONES SUPLENTS_SECTOR FAM\u00cdLIES:\n<ul style=\"list-style-type: circle;\">\n<li>Anna Compte Guitart: 30 vots.<\/li>\n<li>N\u00faria Caba\u00f1as Anguita: 19 vots.<\/li>\n<\/ul>\n<\/li>\n<li><strong>PERSONES ESCOLLIDES_SECTOR PROFESSORAT.<\/strong>\n<ul style=\"list-style-type: circle;\">\n<li>Anna Hervilla S\u00e1nchez.<\/li>\n<li>Isidro Ruiz Villar.<\/li>\n<\/ul>\n<\/li>\n<\/ul>\n<\/td><\/tr><tr><td>28 desembre 2023<\/td><td><span style=\"font-weight: 400;\">Composici\u00f3 nou consell escolar.<\/span><\/td><\/tr><tr><td>29 gener 2024<\/td><td>\n<ul>\n<li><span style=\"font-weight: 400;\">Aprovaci\u00f3 addenda NOFC.<\/span><\/li>\n<li>Aprovaci\u00f3 NOFC menjador.<\/li>\n<li>Aprovaci\u00f3 t<span style=\"font-weight: 400;\">ancament econ\u00f2mic 2023 i pressupost 2024.<\/span><\/li>\n<li style=\"font-weight: 400;\" aria-level=\"1\"><span style=\"font-weight: 400;\">Varis ajuntament: neteja lavabos ESO, pati infantil, neteja bosc, protocol emerg\u00e8ncies m\u00e8diques municipals, r\u00e0dio, piscina cicle inicial i simulacre d&#8217;evacuaci\u00f3.<\/span><\/li>\n<li style=\"font-weight: 400;\" aria-level=\"1\"><span style=\"font-weight: 400;\">Varis AFA: assemblea i cros escolar.<\/span><\/li>\n<\/ul>\n<\/td><\/tr><tr><td>20 febrer 2024<\/td><td>\n<ul>\n<li><span style=\"font-weight: 400;\">Acord per unanimitat escrit de forma global recursos sisena hora.<\/span><\/li>\n<\/ul>\n<\/td><\/tr><tr><td>21 de mar\u00e7 2024<\/td><td><ul><br><li><span style=\"font-weight: 400;\">Presentaci\u00f3 PdD (Projecte de Direcci\u00f3) pels cursos 2024-2028.<\/span><\/li><br><li><span style=\"font-weight: 400;\">Aprovaci\u00f3 dels membres del Consell Escolar del sector fam\u00edlies i del sector professorat que es reuniran amb el Sr. Jordi Gonz\u00e1lez, inspector referent del centre, per participar en la comissi\u00f3 dins el proc\u00e9s d\u2019avaluaci\u00f3 de la funci\u00f3 directiva.<\/span><\/li><br><\/ul><\/td><\/tr><tr><td>3 de juny 2024<\/td><td>\n<ul>\n<li style=\"font-weight: 400;\" aria-level=\"1\"><span style=\"font-weight: 400;\">Presentaci\u00f3 de l\u2019Actualitzaci\u00f3 del Projecte de Direcci\u00f3.<\/span><\/li>\n<li style=\"font-weight: 400;\" aria-level=\"1\"><span style=\"font-weight: 400;\">Aprovaci\u00f3 cessi\u00f3 espais centre per la festa de graduaci\u00f3 de 6\u00e8, la Festa de Futbol Sala i el Casal d&#8217;Estiu de l&#8217;Ajuntament..<\/span><span style=\"font-weight: 400;\"><br><\/span><\/li>\n<\/ul>\n<\/td><\/tr><tr><td>19 de juny 2024<\/td><td>\n<ul>\n<li style=\"font-weight: 400;\" aria-level=\"1\"><span style=\"font-weight: 400;\">Aprovaci\u00f3 calendari i horaris curs 2024-25.<\/span><\/li>\n<li style=\"font-weight: 400;\" aria-level=\"1\"><span style=\"font-weight: 400;\">Aprovaci\u00f3 PEC.<\/span><span style=\"font-weight: 400;\"><br><\/span><\/li>\n<\/ul>\n<\/td><\/tr><tr><td>26 de juny 2024<\/td><td>\n<ul>\n<li style=\"font-weight: 400;\" aria-level=\"1\"><span style=\"font-weight: 400;\">Presentaci\u00f3 i aprovaci\u00f3 Mem\u00f2ria Curs 23-24.<\/span><\/li>\n<li style=\"font-weight: 400;\" aria-level=\"1\"><span style=\"font-weight: 400;\">Aprovaci\u00f3 modificacions NOFC.<\/span><\/li>\n<li aria-level=\"1\">Aprovaci\u00f3 Pla de funcionament Transport Escolar.<\/li>\n<li style=\"font-weight: 400;\" aria-level=\"1\"><span style=\"font-weight: 400;\">Situaci\u00f3 actual AFA i menjador_ Canvis curs 24-25.<\/span><span style=\"font-weight: 400;\"><br><\/span><\/li>\n<\/ul>\n<\/td><\/tr><tr><td>7 d&#8217;octubre 2024<\/td><td>\n<ul>\n<li><span style=\"font-weight: 400;\">Canvi dia dels Consells Escolars: aquest curs es faran en dimarts.<\/span><\/li>\n<li>Valoraci\u00f3 primers dies de curs.<\/li>\n<li style=\"font-weight: 400;\" aria-level=\"1\"><span style=\"font-weight: 400;\">Informaci\u00f3 de la plantilla, b<\/span><span style=\"font-weight: 400;\">eques de menjador i v<\/span><span style=\"font-weight: 400;\">als escolars.<\/span><\/li>\n<li>Presentaci\u00f3 i aprovaci\u00f3 Programaci\u00f3 General Anual curs 2024-2025 amb aprovaci\u00f3 sortides i col\u00f2nies per l&#8217;actual curs.<\/li>\n<li>Aprovaci\u00f3 modificacions NOFC.<\/li>\n<li style=\"font-weight: 400;\" aria-level=\"1\"><span style=\"font-weight: 400;\">AFA: situaci\u00f3 actual i menjador.<\/span><\/li>\n<li style=\"font-weight: 400;\" aria-level=\"1\"><span style=\"font-weight: 400;\">Ajuntament: arranjaments i revisi\u00f3 de les demandes fetes.<\/span><\/li>\n<\/ul>\n<\/td><\/tr><\/tbody><\/table><\/figure>\n","protected":false},"excerpt":{"rendered":"<p>El Consell escolar \u00e9s&nbsp;l\u2019\u00f2rgan col\u00b7legiat representatiu de la Comunitat Educativa. MEMBRES DEL CONSELL ESCOLAR EQUIP DIRECTIU Pilar Gil L\u00f3pez_ Directora [&hellip;]<\/p>\n","protected":false},"author":1,"featured_media":0,"parent":13532,"menu_order":3,"comment_status":"closed","ping_status":"closed","template":"","meta":{"_bbp_topic_count":0,"_bbp_reply_count":0,"_bbp_total_topic_count":0,"_bbp_total_reply_count":0,"_bbp_voice_count":0,"_bbp_anonymous_reply_count":0,"_bbp_topic_count_hidden":0,"_bbp_reply_count_hidden":0,"_bbp_forum_subforum_count":0,"site-sidebar-layout":"default","site-content-layout":"","ast-site-content-layout":"default","site-content-style":"default","site-sidebar-style":"default","ast-global-header-display":"","ast-banner-title-visibility":"","ast-main-header-display":"","ast-hfb-above-header-display":"","ast-hfb-below-header-display":"","ast-hfb-mobile-header-display":"","site-post-title":"","ast-breadcrumbs-content":"","ast-featured-img":"","footer-sml-layout":"","theme-transparent-header-meta":"","adv-header-id-meta":"","stick-header-meta":"","header-above-stick-meta":"","header-main-stick-meta":"","header-below-stick-meta":"","astra-migrate-meta-layouts":"set","ast-page-background-enabled":"default","ast-page-background-meta":{"desktop":{"background-color":"var(--ast-global-color-4)","background-image":"","background-repeat":"repeat","background-position":"center center","background-size":"auto","background-attachment":"scroll","background-type":"","background-media":"","overlay-type":"","overlay-color":"","overlay-opacity":"","overlay-gradient":""},"tablet":{"background-color":"","background-image":"","background-repeat":"repeat","background-position":"center center","background-size":"auto","background-attachment":"scroll","background-type":"","background-media":"","overlay-type":"","overlay-color":"","overlay-opacity":"","overlay-gradient":""},"mobile":{"background-color":"","background-image":"","background-repeat":"repeat","background-position":"center center","background-size":"auto","background-attachment":"scroll","background-type":"","background-media":"","overlay-type":"","overlay-color":"","overlay-opacity":"","overlay-gradient":""}},"ast-content-background-meta":{"desktop":{"background-color":"var(--ast-global-color-5)","background-image":"","background-repeat":"repeat","background-position":"center center","background-size":"auto","background-attachment":"scroll","background-type":"","background-media":"","overlay-type":"","overlay-color":"","overlay-opacity":"","overlay-gradient":""},"tablet":{"background-color":"var(--ast-global-color-5)","background-image":"","background-repeat":"repeat","background-position":"center center","background-size":"auto","background-attachment":"scroll","background-type":"","background-media":"","overlay-type":"","overlay-color":"","overlay-opacity":"","overlay-gradient":""},"mobile":{"background-color":"var(--ast-global-color-5)","background-image":"","background-repeat":"repeat","background-position":"center center","background-size":"auto","background-attachment":"scroll","background-type":"","background-media":"","overlay-type":"","overlay-color":"","overlay-opacity":"","overlay-gradient":""}},"footnotes":""},"class_list":["post-1126","page","type-page","status-publish","hentry"],"post_mailing_queue_ids":[],"_links":{"self":[{"href":"https:\/\/agora.xtec.cat\/ie-castelldodena\/wp-json\/wp\/v2\/pages\/1126","targetHints":{"allow":["GET"]}}],"collection":[{"href":"https:\/\/agora.xtec.cat\/ie-castelldodena\/wp-json\/wp\/v2\/pages"}],"about":[{"href":"https:\/\/agora.xtec.cat\/ie-castelldodena\/wp-json\/wp\/v2\/types\/page"}],"author":[{"embeddable":true,"href":"https:\/\/agora.xtec.cat\/ie-castelldodena\/wp-json\/wp\/v2\/users\/1"}],"replies":[{"embeddable":true,"href":"https:\/\/agora.xtec.cat\/ie-castelldodena\/wp-json\/wp\/v2\/comments?post=1126"}],"version-history":[{"count":6,"href":"https:\/\/agora.xtec.cat\/ie-castelldodena\/wp-json\/wp\/v2\/pages\/1126\/revisions"}],"predecessor-version":[{"id":15461,"href":"https:\/\/agora.xtec.cat\/ie-castelldodena\/wp-json\/wp\/v2\/pages\/1126\/revisions\/15461"}],"up":[{"embeddable":true,"href":"https:\/\/agora.xtec.cat\/ie-castelldodena\/wp-json\/wp\/v2\/pages\/13532"}],"wp:attachment":[{"href":"https:\/\/agora.xtec.cat\/ie-castelldodena\/wp-json\/wp\/v2\/media?parent=1126"}],"curies":[{"name":"wp","href":"https:\/\/api.w.org\/{rel}","templated":true}]}}