{"id":966,"date":"2021-04-08T10:43:07","date_gmt":"2021-04-08T08:43:07","guid":{"rendered":"https:\/\/agora.xtec.cat\/iabarcelona\/?page_id=966"},"modified":"2026-03-24T20:34:57","modified_gmt":"2026-03-24T19:34:57","slug":"preinscripcio-i-matricula-programes-de-formacio-i-insercio","status":"publish","type":"page","link":"https:\/\/agora.xtec.cat\/iabarcelona\/secretaria\/preinscripcio\/preinscripcio-i-matricula-programes-de-formacio-i-insercio\/","title":{"rendered":"Preinscripci\u00f3 i matr\u00edcula Programes de Formaci\u00f3 i Inserci\u00f3"},"content":{"rendered":"<p style=\"clear: both; margin-top: 40px; margin-bottom: 40px; text-align: center;\"><a class=\"button normal\" style=\"padding: 1em; font-weight: 400; margin: 0.3em; color: white !important; background-color: #333333; border: none;\" href=\"https:\/\/preinscripcio.gencat.cat\/ca\/estudis\/pfi\/inici\/\" rel=\"noopener noreferrer\">Preinscripci\u00f3 i matr\u00edcula<\/a><\/p>\n<hr \/>\n<p><span style=\"font-weight: 400;\">Les persones que volen accedir als <\/span><b>programes de formaci\u00f3 i inserci\u00f3 <\/b><span style=\"font-weight: 400;\">han de presentar al registre electr\u00f2nic de la Generalitat mitjan\u00e7ant el formulari electr\u00f2nic disponible al web preinscripcio.gencat.cat, en el termini de presentaci\u00f3 de sol\u00b7licituds establert.<\/span><\/p>\n<p><span style=\"font-weight: 400;\">Nom\u00e9s es pot presentar una sol\u00b7licitud de preinscripci\u00f3 per persona, per\u00f2 s\u2019hi poden indicar peticions d\u2019admissi\u00f3 en diversos centres, modalitats i especialitats, sempre ordenats per ordre de prefer\u00e8ncia. La presentaci\u00f3 de m\u00e9s d\u2019una sol\u00b7licitud comporta la invalidaci\u00f3 dels drets de prioritat que poden correspondre.<\/span><\/p>\n<p><b>QUI\u00a0 POT ACCEDIR?<\/b><\/p>\n<p><span style=\"font-weight: 400;\">Els <\/span><b>joves d\u2019entre 16 i 21 anys no ocupats i que no hagin obtingut el graduat en ESO.\u00a0<\/b><\/p>\n<p><span style=\"font-weight: 400;\">Per fer la preinscripci\u00f3 cal con\u00e8ixer:<\/span><\/p>\n<p><b>CALENDARI DEL PROC\u00c9S:<\/b><\/p>\n<table>\n<tbody>\n<tr>\n<td><b>ABANS DE LA PREINSCRIPCI\u00d3<\/b><\/td>\n<\/tr>\n<\/tbody>\n<\/table>\n<p><b>1.- JORNADES DE PORTES OBERTES DE L\u2019INSTITUT DELS ALIMENTS:<\/b><\/p>\n<ul>\n<li aria-level=\"1\"><b>JORNADES PORTES OBERTES PRESENCIALS: <\/b><b><\/b><b>20\/04\/2026 i 28\/04\/2026.<\/b><\/li>\n<\/ul>\n<p><b>2.- HORARIS DELS PROGRAMES DE FORMACI\u00d3 I INSERCI\u00d3:<\/b><\/p>\n<table>\n<tbody>\n<tr>\n<td rowspan=\"2\"><b>PROGRAMES DE FORMACI\u00d3 I INSERCI\u00d3\u00a0<\/b><\/td>\n<td colspan=\"2\"><b>TORN<\/b><\/td>\n<\/tr>\n<tr>\n<td><b>MAT\u00cd<\/b><\/td>\n<td><b>TARDA<\/b><\/td>\n<\/tr>\n<tr>\n<td><b>AUXILIARS D\u2019ESTABLIMENTS DEL SECTOR CARNI (2 grups)<\/b><\/td>\n<td><b>08:00-14:30\u00a0 hores<\/b><\/p>\n<p><b>(GRUP B)<\/b><\/td>\n<td><b>15:00-21:20 hores<\/b><\/p>\n<p><b>(GRUP A)<\/b><\/td>\n<\/tr>\n<tr>\n<td><b>AUXILIAR DE COMERCIALITZACI\u00d3 DE PRODUCTES I LOG\u00cdSTICA (1 grup)<\/b><\/td>\n<td><b>08:00-14:30\u00a0 hores<\/b><\/td>\n<td><b>\u2013<\/b><\/td>\n<\/tr>\n<tr>\n<td><b>AUXILIAR EN ESTABLIMENTS DE PEIXATERIA I MARISC (2 grups)\u00a0<\/b><\/td>\n<td><b>\u2013<\/b><\/td>\n<td><b>15:00-21:20 hores<\/b><\/p>\n<p><b>(GRUP A i B)<\/b><\/td>\n<\/tr>\n<\/tbody>\n<\/table>\n<p>&nbsp;<\/p>\n<table>\n<tbody>\n<tr>\n<td><b>CALENDARI DE PREINSCRIPCI\u00d3<\/b><\/td>\n<\/tr>\n<\/tbody>\n<\/table>\n<p><b>3.- CALENDARI DE PREINSCRIPCI\u00d3 I MATR\u00cdCULA.<\/b><\/p>\n<p><span style=\"font-weight: 400;\">Tant el calendari com el procediment estan explicats a la <\/span><span style=\"font-weight: 400;\">Resoluci\u00f3 EDF\/814\/2026<\/span><span style=\"font-weight: 400;\">.<\/span><\/p>\n<p><span style=\"font-weight: 400;\"><strong>OFERTA INICIAL DE PLACES<\/strong>: 30 abril de 2026<\/span><\/p>\n<p><span style=\"font-weight: 400;\"><strong>PER\u00cdODE PRESENTACI\u00d3 SOL\u00b7LICITUDS<\/strong>: 4 al 13 maig de 2026<\/span><\/p>\n<p><span style=\"font-weight: 400;\"><strong>ENTREVISTES ORIENTACI\u00d3 I VALORACI\u00d3<\/strong>: 4 al 26 de maig a les 14h de 2026<\/span><\/p>\n<p><span style=\"font-weight: 400;\"><strong>PUBLICACI\u00d3 LLISTES PROVISIONALS<\/strong>: 28 maig de 2026\u00a0<\/span><\/p>\n<p><span style=\"font-weight: 400;\"><strong>PRESENTACI\u00d3 DE RECLAMACIONS<\/strong>: 29 maig al 3 juny de 2026<\/span><\/p>\n<p><span style=\"font-weight: 400;\"><strong>PUBLICACI\u00d3 DE LES LLISTES DEFINITIVES<\/strong>:<\/span><span style=\"font-weight: 400;\"> 8 juny de 2026<\/span><\/p>\n<p><span style=\"font-weight: 400;\"><strong>SORTEIG N\u00daMERO DE DESEMPAT<\/strong>:\u00a0 8 juny de 2026<\/span><\/p>\n<p><span style=\"font-weight: 400;\"><strong>PUBLICACI\u00d3 DE LLISTA ORDENADA<\/strong>: 11\u00a0juny de 2026<\/span><\/p>\n<p><span style=\"font-weight: 400;\"><strong>AMPLIACI\u00d3 DE PETICIONS DE PREINSCRIPCI\u00d3 PER A ALUMNES SENSE PLA\u00c7A ASSIGNADA<\/strong>: 25 al 29 juny de 2026<\/span><\/p>\n<p><span style=\"font-weight: 400;\"><strong>PUBLICACI\u00d3 DE L\u2019OFERTA FINAL DE PLACES<\/strong>: 3 juliol de 2026<\/span><\/p>\n<p><span style=\"font-weight: 400;\"><strong>PUBLICACI\u00d3 LLISTA D\u2019ALUMNES ADMESOS I LLISTA D\u2019ESPERA<\/strong>: 3 juliol de 2026<\/span><\/p>\n<p><span style=\"font-weight: 400;\"><strong>PER\u00cdODE DE MATR\u00cdCULACI\u00d3<\/strong>: 6\u00a0al 10 juliol de 2026<\/span><\/p>\n<p>&nbsp;<\/p>\n","protected":false},"excerpt":{"rendered":"<p><a class=\"button normal\" style=\"padding: 1em; font-weight: 400; margin: 0.3em; color: white !important; background-color: #333333; border: none;\" href=\"https:\/\/preinscripcio.gencat.cat\/ca\/estudis\/pfi\/inici\/\" rel=\"noopener noreferrer\">Preinscripci\u00f3 i matr\u00edcula<\/a><\/p>\n<p>Les persones que volen accedir als programes de formaci\u00f3 i inserci\u00f3 han de presentar al registre electr\u00f2nic de la Generalitat mitjan\u00e7ant el formulari electr\u00f2nic disponible&hellip;  <a href=\"https:\/\/agora.xtec.cat\/iabarcelona\/secretaria\/preinscripcio\/preinscripcio-i-matricula-programes-de-formacio-i-insercio\/\" title=\"Read Preinscripci\u00f3 i matr\u00edcula Programes de Formaci\u00f3 i Inserci\u00f3\">Llegeix m\u00e9s\u00bb<\/a><\/p>\n","protected":false},"author":1,"featured_media":0,"parent":928,"menu_order":10,"comment_status":"closed","ping_status":"closed","template":"page-templates\/side-menu.php","meta":{"_bbp_topic_count":0,"_bbp_reply_count":0,"_bbp_total_topic_count":0,"_bbp_total_reply_count":0,"_bbp_voice_count":0,"_bbp_anonymous_reply_count":0,"_bbp_topic_count_hidden":0,"_bbp_reply_count_hidden":0,"_bbp_forum_subforum_count":0,"footnotes":""},"class_list":["post-966","page","type-page","status-publish","hentry"],"post_mailing_queue_ids":[],"_links":{"self":[{"href":"https:\/\/agora.xtec.cat\/iabarcelona\/wp-json\/wp\/v2\/pages\/966","targetHints":{"allow":["GET"]}}],"collection":[{"href":"https:\/\/agora.xtec.cat\/iabarcelona\/wp-json\/wp\/v2\/pages"}],"about":[{"href":"https:\/\/agora.xtec.cat\/iabarcelona\/wp-json\/wp\/v2\/types\/page"}],"author":[{"embeddable":true,"href":"https:\/\/agora.xtec.cat\/iabarcelona\/wp-json\/wp\/v2\/users\/1"}],"replies":[{"embeddable":true,"href":"https:\/\/agora.xtec.cat\/iabarcelona\/wp-json\/wp\/v2\/comments?post=966"}],"version-history":[{"count":6,"href":"https:\/\/agora.xtec.cat\/iabarcelona\/wp-json\/wp\/v2\/pages\/966\/revisions"}],"predecessor-version":[{"id":13520,"href":"https:\/\/agora.xtec.cat\/iabarcelona\/wp-json\/wp\/v2\/pages\/966\/revisions\/13520"}],"up":[{"embeddable":true,"href":"https:\/\/agora.xtec.cat\/iabarcelona\/wp-json\/wp\/v2\/pages\/928"}],"wp:attachment":[{"href":"https:\/\/agora.xtec.cat\/iabarcelona\/wp-json\/wp\/v2\/media?parent=966"}],"curies":[{"name":"wp","href":"https:\/\/api.w.org\/{rel}","templated":true}]}}