{"id":941,"date":"2021-04-08T09:59:29","date_gmt":"2021-04-08T07:59:29","guid":{"rendered":"https:\/\/agora.xtec.cat\/iabarcelona\/?page_id=941"},"modified":"2026-03-24T18:49:01","modified_gmt":"2026-03-24T17:49:01","slug":"renuncies-i-baixes","status":"publish","type":"page","link":"https:\/\/agora.xtec.cat\/iabarcelona\/secretaria\/tramits\/renuncies-i-baixes\/","title":{"rendered":"Ren\u00fancies i baixes"},"content":{"rendered":"<p data-path-to-node=\"3\">\u00c9s molt important triar l&#8217;opci\u00f3 correcta segons la teva situaci\u00f3 per no perdre convocat\u00f2ries o el dret a la pla\u00e7a:<\/p>\n<ul data-path-to-node=\"4\">\n<li>\n<p data-path-to-node=\"4,0,0\"><b data-path-to-node=\"4,0,0\" data-index-in-node=\"0\">Ren\u00fancia a la convocat\u00f2ria:<\/b> Es demana quan, per motius justificats (malaltia, atenci\u00f3 a familiars, etc.), no pots presentar-te a l&#8217;avaluaci\u00f3 d&#8217;un o diversos m\u00f2duls.<\/p>\n<ul data-path-to-node=\"4,0,1\">\n<li>\n<p data-path-to-node=\"4,0,1,0,0\"><b data-path-to-node=\"4,0,1,0,0\" data-index-in-node=\"0\">Conseq\u00fc\u00e8ncia:<\/b> Mantens la teva condici\u00f3 d&#8217;alumne i la teva pla\u00e7a al centre, per\u00f2 &#8220;postposes&#8221; l&#8217;avaluaci\u00f3. <b data-path-to-node=\"4,0,1,0,0\" data-index-in-node=\"102\">No consumeixes convocat\u00f2ria.<\/b><\/p>\n<\/li>\n<li><strong>Procediment<\/strong>: Envia una inst\u00e0ncia a l&#8217;atenci\u00f3 de la direcci\u00f3 del centre i es tramitar\u00e0 una resoluci\u00f3 amb la decisi\u00f3 d&#8217;atorgar-te o no el dret de renuncia. La ren\u00fancia pot ser parcial o total.<\/li>\n<\/ul>\n<\/li>\n<\/ul>\n<p>&nbsp;<\/p>\n<ul data-path-to-node=\"4\">\n<li>\n<p data-path-to-node=\"4,1,0\"><b data-path-to-node=\"4,1,0\" data-index-in-node=\"0\">Baixa del cicle (Anul\u00b7laci\u00f3 de matr\u00edcula):<\/b> Es demana quan decideixes abandonar els estudis definitivament durant el curs actual.<\/p>\n<ul data-path-to-node=\"4,1,1\">\n<li>\n<p data-path-to-node=\"4,1,1,0,0\"><b data-path-to-node=\"4,1,1,0,0\" data-index-in-node=\"0\">Conseq\u00fc\u00e8ncia:<\/b> Deixes de ser alumne del centre a tots els efectes. Si l&#8217;any vinent vols tornar a estudiar, haur\u00e0s de tornar a passar pel proc\u00e9s de <b data-path-to-node=\"4,1,1,0,0\" data-index-in-node=\"146\">preinscripci\u00f3 i admissi\u00f3<\/b>, ja que perds la teva pla\u00e7a reservada.<\/p>\n<\/li>\n<li>Procediment: Accedeix a la teva <a href=\"https:\/\/secretaria.institutaliments.barcelona\/\">\u00e0rea privada del SOAC<\/a> i dins de tr\u00e0mits veur\u00e0s la sol.licitud de baixa.<\/li>\n<\/ul>\n<\/li>\n<\/ul>\n<hr data-path-to-node=\"5\" \/>\n<blockquote data-path-to-node=\"6\">\n<p data-path-to-node=\"6,0\"><b data-path-to-node=\"6,0\" data-index-in-node=\"0\">Consell de Secretaria:<\/b> Si tens dubtes sobre quin tr\u00e0mit t&#8217;interessa m\u00e9s, posa&#8217;t en contacte amb el teu tutor\/a o vine a veure&#8217;ns abans de presentar la inst\u00e0ncia.<\/p>\n<\/blockquote>\n","protected":false},"excerpt":{"rendered":"<p>\u00c9s molt important triar l&#8217;opci\u00f3 correcta segons la teva situaci\u00f3 per no perdre convocat\u00f2ries o el dret a la pla\u00e7a:<\/p>\n<ul data-path-to-node=\"4\">\n<li>\nRen\u00fancia a la convocat\u00f2ria: Es demana quan, per motius justificats (malaltia, atenci\u00f3 a familiars, etc.), no pots presentar-te a l&#8217;avaluaci\u00f3 d&#8217;un o diversos m\u00f2duls.<\/p>\n<ul data-path-to-node=\"4,0,1\">\n<li>\nConseq\u00fc\u00e8ncia:&hellip;  <a href=\"https:\/\/agora.xtec.cat\/iabarcelona\/secretaria\/tramits\/renuncies-i-baixes\/\" title=\"Read Ren\u00fancies i baixes\">Llegeix m\u00e9s\u00bb<\/a><\/p>\n","protected":false},"author":1,"featured_media":0,"parent":936,"menu_order":30,"comment_status":"closed","ping_status":"closed","template":"page-templates\/side-menu.php","meta":{"_bbp_topic_count":0,"_bbp_reply_count":0,"_bbp_total_topic_count":0,"_bbp_total_reply_count":0,"_bbp_voice_count":0,"_bbp_anonymous_reply_count":0,"_bbp_topic_count_hidden":0,"_bbp_reply_count_hidden":0,"_bbp_forum_subforum_count":0,"footnotes":""},"class_list":["post-941","page","type-page","status-publish","hentry"],"post_mailing_queue_ids":[],"_links":{"self":[{"href":"https:\/\/agora.xtec.cat\/iabarcelona\/wp-json\/wp\/v2\/pages\/941","targetHints":{"allow":["GET"]}}],"collection":[{"href":"https:\/\/agora.xtec.cat\/iabarcelona\/wp-json\/wp\/v2\/pages"}],"about":[{"href":"https:\/\/agora.xtec.cat\/iabarcelona\/wp-json\/wp\/v2\/types\/page"}],"author":[{"embeddable":true,"href":"https:\/\/agora.xtec.cat\/iabarcelona\/wp-json\/wp\/v2\/users\/1"}],"replies":[{"embeddable":true,"href":"https:\/\/agora.xtec.cat\/iabarcelona\/wp-json\/wp\/v2\/comments?post=941"}],"version-history":[{"count":5,"href":"https:\/\/agora.xtec.cat\/iabarcelona\/wp-json\/wp\/v2\/pages\/941\/revisions"}],"predecessor-version":[{"id":13513,"href":"https:\/\/agora.xtec.cat\/iabarcelona\/wp-json\/wp\/v2\/pages\/941\/revisions\/13513"}],"up":[{"embeddable":true,"href":"https:\/\/agora.xtec.cat\/iabarcelona\/wp-json\/wp\/v2\/pages\/936"}],"wp:attachment":[{"href":"https:\/\/agora.xtec.cat\/iabarcelona\/wp-json\/wp\/v2\/media?parent=941"}],"curies":[{"name":"wp","href":"https:\/\/api.w.org\/{rel}","templated":true}]}}