{"id":938,"date":"2021-04-08T09:58:01","date_gmt":"2021-04-08T07:58:01","guid":{"rendered":"https:\/\/agora.xtec.cat\/iabarcelona\/?page_id=938"},"modified":"2026-04-14T11:28:59","modified_gmt":"2026-04-14T09:28:59","slug":"beques","status":"publish","type":"page","link":"https:\/\/agora.xtec.cat\/iabarcelona\/secretaria\/tramits\/beques\/","title":{"rendered":"Beques"},"content":{"rendered":"<p>A continuaci\u00f3 us facilitem els enlla\u00e7os directes per a la tramitaci\u00f3 de beques i ajuts; us recordem que, en tractar-se de convocat\u00f2ries externes, la gesti\u00f3 i resoluci\u00f3 d&#8217;aquestes dep\u00e8n exclusivament dels organismes oficials corresponents.<\/p>\n<ul>\n<li><a href=\"https:\/\/www.edubcn.cat\/ca\/alumnat_i_familia\/ajuts_beques_i_subvencions\/beques_post\">Beques Consorci d&#8217;Educaci\u00f3 de Barcelona<\/a><\/li>\n<li><a href=\"https:\/\/educacio.gencat.cat\/ca\/serveis-tramits\/beques\/beques-postobligatoris\/index.html\">Beques Departament d&#8217;Educaci\u00f3<\/a><\/li>\n<li><a href=\"https:\/\/www.educacionfpydeportes.gob.es\/ca\/servicios-al-ciudadano\/becas-ayudas.html\">Beques Ministerio de Educaci\u00f3n<\/a><\/li>\n<li>\n<p id=\"main-title\" class=\"supra-title \"><a href=\"https:\/\/www.edubcn.cat\/ca\/alumnat_i_familia\/ajuts_beques_i_subvencions\/ajuts_nee\">Ajuts per a alumnat amb necessitats espec\u00edfiques de suport educatiu (NESE)<\/a><\/p>\n<\/li>\n<\/ul>\n<div>Per demanar suport en la tramitaci\u00f3, podeu sol.licitar cita a les seg\u00fcents administracions:<\/div>\n<div><\/div>\n<ul>\n<li><a href=\"https:\/\/ajuntament.barcelona.cat\/jovesbarcelona\/sants-montjuic\/ca\/joves-de-sants-montju%C3%AFc\">Joves de Sants-Montju\u00efc<\/a><\/li>\n<li><a href=\"https:\/\/fp.edubcn.cat\/beques-i-ajuts\">Oficina d&#8217;Acc\u00e9s a la Formaci\u00f3 Professional<\/a><\/li>\n<li>OAC de la ciutat de Barcelona.<\/li>\n<\/ul>\n<p>La novetat d&#8217;aquest any \u00e9s que si l&#8217;alumne est\u00e0 empadronat a Catalunya i estudiar\u00e0 a Catalunya, ja no la ha de sol\u00b7licitar a la web del Ministeri d&#8217;educaci\u00f3, formaci\u00f3 professional i deport, sin\u00f3 que s&#8217;haur\u00e0 de sol\u00b7licitar a la web de la generalitat.<\/p>\n","protected":false},"excerpt":{"rendered":"<p>A continuaci\u00f3 us facilitem els enlla\u00e7os directes per a la tramitaci\u00f3 de beques i ajuts; us recordem que, en tractar-se de convocat\u00f2ries externes, la gesti\u00f3 i resoluci\u00f3 d&#8217;aquestes dep\u00e8n exclusivament dels organismes oficials corresponents.<\/p>\n<ul>\n<li><a href=\"https:\/\/www.edubcn.cat\/ca\/alumnat_i_familia\/ajuts_beques_i_subvencions\/beques_post\">Beques Consorci d&#8217;Educaci\u00f3 de Barcelona<\/a><\/li>\n<li><a href=\"https:\/\/educacio.gencat.cat\/ca\/serveis-tramits\/beques\/beques-postobligatoris\/index.html\">Beques Departament d&#8217;Educaci\u00f3<\/a><\/li>\n<li><a href=\"https:\/\/www.educacionfpydeportes.gob.es\/ca\/servicios-al-ciudadano\/becas-ayudas.html\">Beques Ministerio de&hellip;  <a href=\"https:\/\/agora.xtec.cat\/iabarcelona\/secretaria\/tramits\/beques\/\" title=\"Read Beques\">Llegeix m\u00e9s\u00bb<\/a><br \/>\n","protected":false},"author":1,"featured_media":0,"parent":936,"menu_order":10,"comment_status":"closed","ping_status":"closed","template":"page-templates\/side-menu.php","meta":{"_bbp_topic_count":0,"_bbp_reply_count":0,"_bbp_total_topic_count":0,"_bbp_total_reply_count":0,"_bbp_voice_count":0,"_bbp_anonymous_reply_count":0,"_bbp_topic_count_hidden":0,"_bbp_reply_count_hidden":0,"_bbp_forum_subforum_count":0,"footnotes":""},"class_list":["post-938","page","type-page","status-publish","hentry"],"post_mailing_queue_ids":[],"_links":{"self":[{"href":"https:\/\/agora.xtec.cat\/iabarcelona\/wp-json\/wp\/v2\/pages\/938","targetHints":{"allow":["GET"]}}],"collection":[{"href":"https:\/\/agora.xtec.cat\/iabarcelona\/wp-json\/wp\/v2\/pages"}],"about":[{"href":"https:\/\/agora.xtec.cat\/iabarcelona\/wp-json\/wp\/v2\/types\/page"}],"author":[{"embeddable":true,"href":"https:\/\/agora.xtec.cat\/iabarcelona\/wp-json\/wp\/v2\/users\/1"}],"replies":[{"embeddable":true,"href":"https:\/\/agora.xtec.cat\/iabarcelona\/wp-json\/wp\/v2\/comments?post=938"}],"version-history":[{"count":6,"href":"https:\/\/agora.xtec.cat\/iabarcelona\/wp-json\/wp\/v2\/pages\/938\/revisions"}],"predecessor-version":[{"id":13530,"href":"https:\/\/agora.xtec.cat\/iabarcelona\/wp-json\/wp\/v2\/pages\/938\/revisions\/13530"}],"up":[{"embeddable":true,"href":"https:\/\/agora.xtec.cat\/iabarcelona\/wp-json\/wp\/v2\/pages\/936"}],"wp:attachment":[{"href":"https:\/\/agora.xtec.cat\/iabarcelona\/wp-json\/wp\/v2\/media?parent=938"}],"curies":[{"name":"wp","href":"https:\/\/api.w.org\/{rel}","templated":true}]}}