{"id":936,"date":"2021-04-08T09:57:30","date_gmt":"2021-04-08T07:57:30","guid":{"rendered":"https:\/\/agora.xtec.cat\/iabarcelona\/?page_id=936"},"modified":"2026-03-24T18:52:30","modified_gmt":"2026-03-24T17:52:30","slug":"tramits","status":"publish","type":"page","link":"https:\/\/agora.xtec.cat\/iabarcelona\/secretaria\/tramits\/","title":{"rendered":"Tr\u00e0mits"},"content":{"rendered":"<p data-path-to-node=\"3\">A la Secretaria de l&#8217;Institut dels Aliments us ajudem a gestionar la vostra etapa escolar. Aqu\u00ed trobareu la informaci\u00f3 i els models per als tr\u00e0mits m\u00e9s habituals:<\/p>\n<ul data-path-to-node=\"4\">\n<li>\n<p data-path-to-node=\"4,1,0\"><b data-path-to-node=\"4,1,0\" data-index-in-node=\"0\">Certificats i T\u00edtols:<\/b> Sol\u00b7licitud de certificats de notes i tramitaci\u00f3 de t\u00edtols oficials.<\/p>\n<\/li>\n<li>\n<p data-path-to-node=\"4,2,0\"><b data-path-to-node=\"4,2,0\" data-index-in-node=\"0\">Beques:<\/b> Enlla\u00e7os als organismes oficials per a la sol\u00b7licitud d&#8217;ajuts (gesti\u00f3 externa al centre).<\/p>\n<\/li>\n<li>\n<p data-path-to-node=\"4,3,0\"><b data-path-to-node=\"4,3,0\" data-index-in-node=\"0\">Inst\u00e0ncies:<\/b> Document general per a qualsevol petici\u00f3 formal o sol\u00b7licitud espec\u00edfica.<\/p>\n<\/li>\n<li>\n<p data-path-to-node=\"4,4,0\"><b data-path-to-node=\"4,4,0\" data-index-in-node=\"0\">Canvis de matr\u00edcula:<\/b> Tr\u00e0mits de <b data-path-to-node=\"4,4,0\" data-index-in-node=\"32\">ren\u00fancia<\/b> (mantenint la pla\u00e7a) o <b data-path-to-node=\"4,4,0\" data-index-in-node=\"64\">baixa del cicle<\/b> (anul\u00b7laci\u00f3 definitiva).<\/p>\n<\/li>\n<li>\n<p data-path-to-node=\"4,5,0\"><b data-path-to-node=\"4,5,0\" data-index-in-node=\"0\">Convalidacions:<\/b> Reconeixement de m\u00f2duls per estudis anteriors o experi\u00e8ncia laboral.<\/p>\n<\/li>\n<\/ul>\n","protected":false},"excerpt":{"rendered":"<p>A la Secretaria de l&#8217;Institut dels Aliments us ajudem a gestionar la vostra etapa escolar. Aqu\u00ed trobareu la informaci\u00f3 i els models per als tr\u00e0mits m\u00e9s habituals:<\/p>\n<ul data-path-to-node=\"4\">\n<li>\nCertificats i T\u00edtols: Sol\u00b7licitud de certificats de notes i tramitaci\u00f3 de t\u00edtols oficials.\n<\/li>\n<li>\nBeques: Enlla\u00e7os als organismes oficials per&hellip;  <a href=\"https:\/\/agora.xtec.cat\/iabarcelona\/secretaria\/tramits\/\" title=\"Read Tr\u00e0mits\">Llegeix m\u00e9s\u00bb<\/a><\/p>\n","protected":false},"author":1,"featured_media":0,"parent":922,"menu_order":1,"comment_status":"closed","ping_status":"closed","template":"page-templates\/side-menu.php","meta":{"_bbp_topic_count":0,"_bbp_reply_count":0,"_bbp_total_topic_count":0,"_bbp_total_reply_count":0,"_bbp_voice_count":0,"_bbp_anonymous_reply_count":0,"_bbp_topic_count_hidden":0,"_bbp_reply_count_hidden":0,"_bbp_forum_subforum_count":0,"footnotes":""},"class_list":["post-936","page","type-page","status-publish","hentry"],"post_mailing_queue_ids":[],"_links":{"self":[{"href":"https:\/\/agora.xtec.cat\/iabarcelona\/wp-json\/wp\/v2\/pages\/936","targetHints":{"allow":["GET"]}}],"collection":[{"href":"https:\/\/agora.xtec.cat\/iabarcelona\/wp-json\/wp\/v2\/pages"}],"about":[{"href":"https:\/\/agora.xtec.cat\/iabarcelona\/wp-json\/wp\/v2\/types\/page"}],"author":[{"embeddable":true,"href":"https:\/\/agora.xtec.cat\/iabarcelona\/wp-json\/wp\/v2\/users\/1"}],"replies":[{"embeddable":true,"href":"https:\/\/agora.xtec.cat\/iabarcelona\/wp-json\/wp\/v2\/comments?post=936"}],"version-history":[{"count":6,"href":"https:\/\/agora.xtec.cat\/iabarcelona\/wp-json\/wp\/v2\/pages\/936\/revisions"}],"predecessor-version":[{"id":13514,"href":"https:\/\/agora.xtec.cat\/iabarcelona\/wp-json\/wp\/v2\/pages\/936\/revisions\/13514"}],"up":[{"embeddable":true,"href":"https:\/\/agora.xtec.cat\/iabarcelona\/wp-json\/wp\/v2\/pages\/922"}],"wp:attachment":[{"href":"https:\/\/agora.xtec.cat\/iabarcelona\/wp-json\/wp\/v2\/media?parent=936"}],"curies":[{"name":"wp","href":"https:\/\/api.w.org\/{rel}","templated":true}]}}