{"id":928,"date":"2021-04-08T09:53:01","date_gmt":"2021-04-08T07:53:01","guid":{"rendered":"https:\/\/agora.xtec.cat\/iabarcelona\/?page_id=928"},"modified":"2026-03-24T20:22:07","modified_gmt":"2026-03-24T19:22:07","slug":"preinscripcio","status":"publish","type":"page","link":"https:\/\/agora.xtec.cat\/iabarcelona\/secretaria\/preinscripcio\/","title":{"rendered":"Preinscripci\u00f3"},"content":{"rendered":"<p>La preinscripci\u00f3 \u00e9s el tr\u00e0mit obligatori per a totes les persones que volen iniciar un cicle formatiu a l&#8217;Institut dels Aliments per primera vegada o que volen canviar d&#8217;estudis. Aquest proc\u00e9s permet l&#8217;assignaci\u00f3 de places p\u00fabliques segons els criteris i el calendari establerts pel Departament d&#8217;Educaci\u00f3 de la Generalitat de Catalunya.<\/p>\n<p>Trobar\u00e0s m\u00e9s informaci\u00f3 a la web del <a href=\"https:\/\/preinscripcio.gencat.cat\/ca\/inici\">Departament d&#8217;Educaci\u00f3<\/a>.<\/p>\n<p><a href=\"https:\/\/agora.xtec.cat\/iabarcelona\/wp-content\/uploads\/usu2506\/2026\/03\/imatge-impacte.jpg\"><img loading=\"lazy\" decoding=\"async\" class=\"alignnone size-large wp-image-13517\" src=\"https:\/\/agora.xtec.cat\/iabarcelona\/wp-content\/uploads\/usu2506\/2026\/03\/imatge-impacte-1024x200.jpg\" alt=\"\" width=\"1024\" height=\"200\" srcset=\"https:\/\/agora.xtec.cat\/iabarcelona\/wp-content\/uploads\/usu2506\/2026\/03\/imatge-impacte-1024x200.jpg 1024w, https:\/\/agora.xtec.cat\/iabarcelona\/wp-content\/uploads\/usu2506\/2026\/03\/imatge-impacte-300x59.jpg 300w, https:\/\/agora.xtec.cat\/iabarcelona\/wp-content\/uploads\/usu2506\/2026\/03\/imatge-impacte-768x150.jpg 768w, https:\/\/agora.xtec.cat\/iabarcelona\/wp-content\/uploads\/usu2506\/2026\/03\/imatge-impacte-1536x301.jpg 1536w, https:\/\/agora.xtec.cat\/iabarcelona\/wp-content\/uploads\/usu2506\/2026\/03\/imatge-impacte.jpg 1900w\" sizes=\"auto, (max-width: 1024px) 100vw, 1024px\" \/><\/a><\/p>\n<p><strong>Pas a Pas per formalitzar la teva Preinscripci\u00f3 i Matr\u00edcula:<\/strong><\/p>\n<p><a href=\"https:\/\/agora.xtec.cat\/iabarcelona\/secretaria\/preinscripcio\/preinscripcio-i-matricula-programes-de-formacio-i-insercio\/\">Preinscripci\u00f3 i matr\u00edcula Programes de Formaci\u00f3 i Inserci\u00f3<\/a><\/p>\n<p><a href=\"https:\/\/agora.xtec.cat\/iabarcelona\/secretaria\/preinscripcio\/preinscripcio-i-matricula-cicles-formatius-de-grau-mitja\/\">Preinscripci\u00f3 i matr\u00edcula Cicles Formatius de Grau Mitj\u00e0<\/a><\/p>\n<p><a href=\"https:\/\/agora.xtec.cat\/iabarcelona\/secretaria\/preinscripcio\/preinscripcio-i-matricula-cicles-formatius-de-grau-superior\/\">Preinscripci\u00f3 i matr\u00edcula Cicle Formatius de Grau Superior<\/a><\/p>\n<p><a href=\"https:\/\/agora.xtec.cat\/iabarcelona\/preinscripcio-curs-despecialitzacio-forneria-i-brioxeria-artesanal\/\">Preinscripci\u00f3 i matr\u00edcula Curs Especialitzaci\u00f3<\/a><\/p>\n<p>&nbsp;<\/p>\n","protected":false},"excerpt":{"rendered":"<p>La preinscripci\u00f3 \u00e9s el tr\u00e0mit obligatori per a totes les persones que volen iniciar un cicle formatiu a l&#8217;Institut dels Aliments per primera vegada o que volen canviar d&#8217;estudis. Aquest proc\u00e9s permet l&#8217;assignaci\u00f3 de places p\u00fabliques segons els criteris i el calendari establerts pel Departament&hellip;  <a href=\"https:\/\/agora.xtec.cat\/iabarcelona\/secretaria\/preinscripcio\/\" title=\"Read Preinscripci\u00f3\">Llegeix m\u00e9s\u00bb<\/a><\/p>\n","protected":false},"author":1,"featured_media":0,"parent":922,"menu_order":20,"comment_status":"closed","ping_status":"closed","template":"page-templates\/side-menu.php","meta":{"_bbp_topic_count":0,"_bbp_reply_count":0,"_bbp_total_topic_count":0,"_bbp_total_reply_count":0,"_bbp_voice_count":0,"_bbp_anonymous_reply_count":0,"_bbp_topic_count_hidden":0,"_bbp_reply_count_hidden":0,"_bbp_forum_subforum_count":0,"footnotes":""},"class_list":["post-928","page","type-page","status-publish","hentry"],"post_mailing_queue_ids":[],"_links":{"self":[{"href":"https:\/\/agora.xtec.cat\/iabarcelona\/wp-json\/wp\/v2\/pages\/928","targetHints":{"allow":["GET"]}}],"collection":[{"href":"https:\/\/agora.xtec.cat\/iabarcelona\/wp-json\/wp\/v2\/pages"}],"about":[{"href":"https:\/\/agora.xtec.cat\/iabarcelona\/wp-json\/wp\/v2\/types\/page"}],"author":[{"embeddable":true,"href":"https:\/\/agora.xtec.cat\/iabarcelona\/wp-json\/wp\/v2\/users\/1"}],"replies":[{"embeddable":true,"href":"https:\/\/agora.xtec.cat\/iabarcelona\/wp-json\/wp\/v2\/comments?post=928"}],"version-history":[{"count":6,"href":"https:\/\/agora.xtec.cat\/iabarcelona\/wp-json\/wp\/v2\/pages\/928\/revisions"}],"predecessor-version":[{"id":13518,"href":"https:\/\/agora.xtec.cat\/iabarcelona\/wp-json\/wp\/v2\/pages\/928\/revisions\/13518"}],"up":[{"embeddable":true,"href":"https:\/\/agora.xtec.cat\/iabarcelona\/wp-json\/wp\/v2\/pages\/922"}],"wp:attachment":[{"href":"https:\/\/agora.xtec.cat\/iabarcelona\/wp-json\/wp\/v2\/media?parent=928"}],"curies":[{"name":"wp","href":"https:\/\/api.w.org\/{rel}","templated":true}]}}