{"id":840,"date":"2021-03-30T10:10:57","date_gmt":"2021-03-30T08:10:57","guid":{"rendered":"https:\/\/agora.xtec.cat\/iabarcelona\/?page_id=840"},"modified":"2026-03-24T20:43:25","modified_gmt":"2026-03-24T19:43:25","slug":"preinscripcio-i-matricula-cicles-formatius-de-grau-superior","status":"publish","type":"page","link":"https:\/\/agora.xtec.cat\/iabarcelona\/secretaria\/preinscripcio\/preinscripcio-i-matricula-cicles-formatius-de-grau-superior\/","title":{"rendered":"Preinscripci\u00f3 i matr\u00edcula Cicles Formatius de Grau Superior"},"content":{"rendered":"<p style=\"clear: both; margin-top: 40px; margin-bottom: 40px; text-align: center;\"><a class=\"button normal\" style=\"padding: 1em; font-weight: 400; margin: 0.3em; color: white !important; background-color: #333333; border: none;\" href=\"https:\/\/preinscripcio.gencat.cat\/ca\/estudis\/fp-grau-superior\/inici\/\" rel=\"noopener noreferrer\">Preinscripci\u00f3 i matr\u00edcula<\/a><\/p>\n<p><span style=\"font-weight: 400;\">Cal que presentin la sol\u00b7licitud de preinscripci\u00f3 les persones que volen cursar un cicle formatiu de formaci\u00f3 professional de grau superior encara que cursin altres ensenyaments al mateix centre.<\/span><\/p>\n<table>\n<tbody>\n<tr>\n<td><b>ABANS DE LA PREINSCRIPCCI\u00d3<\/b><\/td>\n<\/tr>\n<\/tbody>\n<\/table>\n<p><b>1.-JORNADES DE PORTES OBERTES DE L\u2019INSTITUT DELS ALIMENTS:<\/b><\/p>\n<ul>\n<li style=\"font-weight: 400;\" aria-level=\"1\"><span style=\"font-weight: 400;\">JORNADES PORTES OBERTES PRESENCIALS: <b>20\/04\/2026 i 28\/04\/2026.<\/b><\/span><\/li>\n<\/ul>\n<p><b>2.- HORARI CICLES FORMATIUS GRAU SUPERIOR:\u00a0<\/b><\/p>\n<table>\n<tbody>\n<tr>\n<td rowspan=\"2\"><b>CICLES FORMATIUS DE GRAU SUPERIOR<\/b><\/td>\n<td colspan=\"2\"><b>TORN<\/b><\/td>\n<\/tr>\n<tr>\n<td><b>MAT\u00cd<\/b><\/td>\n<td><b>TARDA<\/b><\/td>\n<\/tr>\n<tr>\n<td><b>CFGS PROCESSOS I QUALITAT A LA IND\u00daSTRIA ALIMENT\u00c0RIA<\/b><\/p>\n<p><span style=\"font-weight: 400;\">\u00a0<\/span><\/td>\n<td><b>08:00-14:30\u00a0 hores<\/b><\/p>\n<p><b>(1r curs)<\/b><\/td>\n<td><b>14:30-20:50\u00a0 hores<\/b><\/p>\n<p><b>(2n curs)<\/b><\/td>\n<\/tr>\n<tr>\n<td><b>CFGS DIET\u00c8TICA<\/b><\/p>\n<p><b>\u00a0<\/b><\/td>\n<td><b>08:00-14:30\u00a0 hores<\/b><\/p>\n<p><b>(1rA i 1rB curs)<\/b><\/td>\n<td><b>14:30-20:50 hores<\/b><\/p>\n<p><b>(1rC, 2nA, 2nB i 2nC curs)<\/b><\/td>\n<\/tr>\n<tr>\n<td><b>CFGS M\u00c0RQUETING I PUBLICITAT<\/b><\/td>\n<td><b>08:00-14:30\u00a0 hores<\/b><\/p>\n<p><b>(1r curs)<\/b><\/td>\n<td><b>14:30-20:50 hores<\/b><\/p>\n<p><b>(2n curs)<\/b><\/td>\n<\/tr>\n<\/tbody>\n<\/table>\n<p><b>\u00a0<\/b><\/p>\n<p><b>3.- PREUS, APORTACIONS I TAXES:<\/b><\/p>\n<table style=\"width: 100%;\">\n<tbody>\n<tr>\n<td style=\"width: 26.5857%;\"><b>CICLE FORMATIU<\/b><\/td>\n<td style=\"width: 27.3954%;\" colspan=\"2\"><b>Processos i Qualitat a la Ind\u00fastria Aliment\u00e0ria<\/b><\/td>\n<td style=\"width: 21.3224%;\" colspan=\"2\"><b>Diet\u00e8tica<\/b><\/td>\n<td style=\"width: 22.4022%;\" colspan=\"2\"><b> M\u00e0rqueting i Publicitat<\/b><\/td>\n<\/tr>\n<tr>\n<td style=\"width: 26.5857%;\"><b>Nivell<\/b><\/td>\n<td style=\"width: 13.9001%; text-align: center;\"><b>1r curs<\/b><\/td>\n<td style=\"width: 13.4953%; text-align: center;\"><b>2n curs<\/b><\/td>\n<td style=\"width: 11.201%; text-align: center;\"><b>1r curs<\/b><\/td>\n<td style=\"width: 10.1214%; text-align: center;\"><b>2n curs<\/b><\/td>\n<td style=\"width: 11.0661%; text-align: center;\"><b>1r cus<\/b><\/td>\n<td style=\"width: 11.3361%; text-align: center;\"><b>2n curs<\/b><\/td>\n<\/tr>\n<tr>\n<td style=\"width: 26.5857%;\"><b>Matr\u00edcula preu p\u00fablic<\/b><b>(1)<\/b><\/td>\n<td style=\"width: 13.9001%; text-align: center;\"><b>360 \u20ac<\/b><\/td>\n<td style=\"width: 13.4953%; text-align: center;\"><b>360 \u20ac<\/b><\/td>\n<td style=\"width: 11.201%; text-align: center;\"><b>360 \u20ac<\/b><\/td>\n<td style=\"width: 10.1214%; text-align: center;\"><b>360 \u20ac<\/b><\/td>\n<td style=\"width: 11.0661%; text-align: center;\"><b>360 \u20ac<\/b><\/td>\n<td style=\"width: 11.3361%; text-align: center;\"><b>360 \u20ac<\/b><\/td>\n<\/tr>\n<tr>\n<td style=\"width: 26.5857%;\"><b>Aportaci\u00f3 de material<\/b><\/p>\n<p><span style=\"font-weight: 400;\">\u00a0<\/span><\/td>\n<td style=\"width: 13.9001%; text-align: center;\"><b>300 \u20ac<\/b><\/td>\n<td style=\"width: 13.4953%; text-align: center;\"><b>300 \u20ac<\/b><\/td>\n<td style=\"width: 11.201%; text-align: center;\"><b>300 \u20ac<\/b><\/td>\n<td style=\"width: 10.1214%; text-align: center;\"><b>300 \u20ac<\/b><\/td>\n<td style=\"width: 11.0661%; text-align: center;\"><b>250 \u20ac<\/b><\/td>\n<td style=\"width: 11.3361%; text-align: center;\"><b>250 \u20ac<\/b><\/td>\n<\/tr>\n<tr>\n<td style=\"width: 26.5857%;\"><b>Asseguran\u00e7a escolar obligat\u00f2ria<\/b><\/td>\n<td style=\"width: 13.9001%; text-align: center;\"><b>1,12 \u20ac<\/b><\/td>\n<td style=\"width: 13.4953%; text-align: center;\"><b>1,12 \u20ac<\/b><\/td>\n<td style=\"width: 11.201%; text-align: center;\"><b>1,12 \u20ac<\/b><\/td>\n<td style=\"width: 10.1214%; text-align: center;\"><b>1,12 \u20ac<\/b><\/td>\n<td style=\"width: 11.0661%; text-align: center;\"><b>1,12 \u20ac<\/b><\/td>\n<td style=\"width: 11.3361%; text-align: center;\"><b>1,12 \u20ac<\/b><\/td>\n<\/tr>\n<tr>\n<td style=\"width: 26.5857%;\"><b>Uniformes (*)<\/b><\/td>\n<td style=\"width: 13.9001%; text-align: center;\"><b>44,23 \u20ac<\/b><\/td>\n<td style=\"width: 13.4953%; text-align: center;\"><b>\u2013<\/b><\/td>\n<td style=\"width: 11.201%; text-align: center;\"><b>44,23 \u20ac<\/b><\/td>\n<td style=\"width: 10.1214%; text-align: center;\"><b>\u2013<\/b><\/td>\n<td style=\"width: 11.0661%; text-align: center;\"><b>\u2013<\/b><\/td>\n<td style=\"width: 11.3361%; text-align: center;\"><b>\u2013<\/b><\/td>\n<\/tr>\n<\/tbody>\n<\/table>\n<p><b>(1) <\/b><b>Preu p\u00fablic <\/b><span style=\"font-weight: 400;\">(link https:\/\/educacio.gencat.cat\/ca\/departament\/normativa\/taxes-preus-publics\/preu-public\/)<\/span><\/p>\n<p><b>(*) Preus orientatius<\/b><\/p>\n<p><b>Alumnat major de 28 anys NO est\u00e0 cobert per l\u2019asseguran\u00e7a escolar obligat\u00f2ria. Les persones m\u00e9s grans de 28 anys o que tinguin passaport han de contractar una asseguran\u00e7a equivalent a la cobertura de l\u2019asseguran\u00e7a escolar obligat\u00f2ria amb un import de 11 \u20ac a sumar als imports anteriorment detallats.<\/b><\/p>\n<p><span style=\"font-weight: 400;\">\u00a0<\/span><\/p>\n<table>\n<tbody>\n<tr>\n<td><b>4.- CALENDARI PREINSCRIPCI\u00d3 I MATR\u00cdCULA<\/b><\/td>\n<\/tr>\n<\/tbody>\n<\/table>\n<p><span style=\"font-weight: 400;\">Tant el calendari com el procediment estan explicats a la<\/span> <span style=\"font-weight: 400;\">Resoluci\u00f3 EDF\/814\/2026<\/span><span style=\"font-weight: 400;\">.<\/span><\/p>\n<ul>\n<li style=\"font-weight: 400;\" aria-level=\"1\"><span style=\"font-weight: 400;\"><strong>Publicaci\u00f3 de l&#8217;oferta inicial:<\/strong> 22 maig de 2026<\/span><\/li>\n<li style=\"font-weight: 400;\" aria-level=\"1\"><span style=\"font-weight: 400;\"><strong>Per\u00edode de presentaci\u00f3 de sol\u00b7licituds:<\/strong> 26 maig al 1 juny de 2026<\/span><\/li>\n<li style=\"font-weight: 400;\" aria-level=\"1\"><span style=\"font-weight: 400;\"><strong>Publicaci\u00f3 de la llista de sol\u00b7licituds de preinscripci\u00f3 al centre amb la puntuaci\u00f3 provisional:<\/strong> 29 juny de 2026<\/span><\/li>\n<li style=\"font-weight: 400;\" aria-level=\"1\"><span style=\"font-weight: 400;\"><strong>Termini per presentar una reclamaci\u00f3:<\/strong> 29 juny al 2 juliol de 2026<\/span><\/li>\n<li style=\"font-weight: 400;\" aria-level=\"1\"><span style=\"font-weight: 400;\"><strong>Sorteig del n\u00famero de desempat:<\/strong> 6 juliol de 2026<\/span><\/li>\n<li style=\"font-weight: 400;\" aria-level=\"1\"><span style=\"font-weight: 400;\"><strong>Publicaci\u00f3 de la llista de sol\u00b7licituds de preinscripci\u00f3 al centre amb la puntuaci\u00f3, un cop resoltes les reclamacions:<\/strong> 7 juliol de 2026<\/span><\/li>\n<li style=\"font-weight: 400;\" aria-level=\"1\"><span style=\"font-weight: 400;\"><strong>Publicaci\u00f3 de l&#8217;oferta final:<\/strong> 10 juliol de 2026<\/span><\/li>\n<li style=\"font-weight: 400;\" aria-level=\"1\"><span style=\"font-weight: 400;\"><strong>Publicaci\u00f3 de places de la primera assignaci\u00f3, amb indicaci\u00f3 del n\u00famero de petici\u00f3 atesa:<\/strong> 10 juliol de 2026<\/span><\/li>\n<li style=\"font-weight: 400;\" aria-level=\"1\"><span style=\"font-weight: 400;\"><strong>Per\u00edode de confirmaci\u00f3 de matr\u00edcula online per als alumnes que se&#8217;ls ha assignat la seva primera opci\u00f3 en la primera assignaci\u00f3:<\/strong> 10 al 14 juliol de 2026<\/span><\/li>\n<li aria-level=\"1\"><strong>Matr\u00edcula 1a assignaci\u00f3<\/strong>: <span style=\"font-weight: 400;\">10 al 16 juliol a les 14h de 2026<\/span><\/li>\n<li style=\"font-weight: 400;\" aria-level=\"1\"><span style=\"font-weight: 400;\"><strong>Publicaci\u00f3 de places de la segona assignaci\u00f3, amb indicaci\u00f3 del n\u00famero de petici\u00f3 atesa:<\/strong> 24 juliol de 2026<\/span><\/li>\n<li style=\"font-weight: 400;\" aria-level=\"1\"><span style=\"font-weight: 400;\"><strong>Per\u00edode de confirmaci\u00f3 de matr\u00edcula online per als alumnes que han obtingut pla\u00e7a en el segon proc\u00e9s d&#8217;assignaci\u00f3:<\/strong> 24 al 28 juliol de 2026<\/span><\/li>\n<li><strong>Matr\u00edcula 2a assignaci\u00f3<\/strong>: 24<span style=\"font-weight: 400;\">\u00a0al 29 juliol a les 14h de 2026<\/span><\/li>\n<\/ul>\n","protected":false},"excerpt":{"rendered":"<p><a class=\"button normal\" style=\"padding: 1em; font-weight: 400; margin: 0.3em; color: white !important; background-color: #333333; border: none;\" href=\"https:\/\/preinscripcio.gencat.cat\/ca\/estudis\/fp-grau-superior\/inici\/\" rel=\"noopener noreferrer\">Preinscripci\u00f3 i matr\u00edcula<\/a><br \/>\nCal que presentin la sol\u00b7licitud de preinscripci\u00f3 les persones que volen cursar un cicle formatiu de formaci\u00f3 professional de grau superior encara que cursin altres&hellip;  <a href=\"https:\/\/agora.xtec.cat\/iabarcelona\/secretaria\/preinscripcio\/preinscripcio-i-matricula-cicles-formatius-de-grau-superior\/\" title=\"Read Preinscripci\u00f3 i matr\u00edcula Cicles Formatius de Grau Superior\">Llegeix m\u00e9s\u00bb<\/a><\/p>\n","protected":false},"author":1,"featured_media":0,"parent":928,"menu_order":50,"comment_status":"closed","ping_status":"closed","template":"page-templates\/side-menu.php","meta":{"_bbp_topic_count":0,"_bbp_reply_count":0,"_bbp_total_topic_count":0,"_bbp_total_reply_count":0,"_bbp_voice_count":0,"_bbp_anonymous_reply_count":0,"_bbp_topic_count_hidden":0,"_bbp_reply_count_hidden":0,"_bbp_forum_subforum_count":0,"footnotes":""},"class_list":["post-840","page","type-page","status-publish","hentry"],"post_mailing_queue_ids":[],"_links":{"self":[{"href":"https:\/\/agora.xtec.cat\/iabarcelona\/wp-json\/wp\/v2\/pages\/840","targetHints":{"allow":["GET"]}}],"collection":[{"href":"https:\/\/agora.xtec.cat\/iabarcelona\/wp-json\/wp\/v2\/pages"}],"about":[{"href":"https:\/\/agora.xtec.cat\/iabarcelona\/wp-json\/wp\/v2\/types\/page"}],"author":[{"embeddable":true,"href":"https:\/\/agora.xtec.cat\/iabarcelona\/wp-json\/wp\/v2\/users\/1"}],"replies":[{"embeddable":true,"href":"https:\/\/agora.xtec.cat\/iabarcelona\/wp-json\/wp\/v2\/comments?post=840"}],"version-history":[{"count":6,"href":"https:\/\/agora.xtec.cat\/iabarcelona\/wp-json\/wp\/v2\/pages\/840\/revisions"}],"predecessor-version":[{"id":13522,"href":"https:\/\/agora.xtec.cat\/iabarcelona\/wp-json\/wp\/v2\/pages\/840\/revisions\/13522"}],"up":[{"embeddable":true,"href":"https:\/\/agora.xtec.cat\/iabarcelona\/wp-json\/wp\/v2\/pages\/928"}],"wp:attachment":[{"href":"https:\/\/agora.xtec.cat\/iabarcelona\/wp-json\/wp\/v2\/media?parent=840"}],"curies":[{"name":"wp","href":"https:\/\/api.w.org\/{rel}","templated":true}]}}