{"id":786,"date":"2021-03-29T10:29:12","date_gmt":"2021-03-29T08:29:12","guid":{"rendered":"https:\/\/agora.xtec.cat\/iabarcelona\/?page_id=786"},"modified":"2023-11-21T13:48:03","modified_gmt":"2023-11-21T12:48:03","slug":"xarxafp","status":"publish","type":"page","link":"https:\/\/agora.xtec.cat\/iabarcelona\/mobilitat-internacional\/xarxafp\/","title":{"rendered":"Xarxafp- Fundaci\u00f3 BCN"},"content":{"rendered":"<h5>Tothom\u00a0 interessat en participar en el proc\u00e9s de selecci\u00f3 de l&#8217;Erasmus, cal que empleni el formulari de sol\u00b7licitud de les beques i l&#8217;envi\u00efn via correu electr\u00f2nic a<\/h5>\n<h5><b><a href=\"mailto:internacional@institutaliments.barcelona\">internacional@<wbr \/>institutaliments.barcelona<\/a> com a m\u00e0xim el 26\/11\/23.<\/b><\/h5>\n<h5>Es seleccionaran per centre 3 alumnes de Grau mitj\u00e0 i 3 de grau superior i despr\u00e9s Fundaci\u00f3 Barcelona acabar\u00e0 de fer la selecci\u00f3 dels candidats.<\/h5>\n<h5>Les beques Erasmus s\u00f3n per marxar a l&#8217;estranger al mes d&#8217;octubre i novembre de 2024 com a alumnat\u00a0postgraduat.<\/h5>\n<h2><b>Calendari:\u00a0<\/b><\/h2>\n<h5>&#8211; Reuni\u00f3 de difusi\u00f3\u00a0beques el 22\/11\/23. Grups de mat\u00ed a les 11h i els de tarda a les 15h.<\/h5>\n<h5>&#8211; Enviament de sol\u00b7licitud i els certificats oficials d&#8217;idiomes estrangers de la Uni\u00f3 Europea al correu\u00a0internacional@<wbr \/>institutaliments.barcelona\u00a0<wbr \/>fins el 26\/11\/23.<\/h5>\n<h5>&#8211; Preselecci\u00f3 en equips docents 28\/11\/23.<\/h5>\n<h5>&#8211; Preselecci\u00f3 en entrevistes personals a l&#8217;aula 07 de l&#8217;edifici 2 el 4\/12\/23 abans de les 16h.\u00a0\u00a0L&#8217;hora de l&#8217;entrevista personal s&#8217;enviar\u00e0 per convocat\u00f2ria per correu i no es podr\u00e0 canviar ( la no presentaci\u00f3 es considerar\u00e0 descartada la sol\u00b7licitud.\u00a0Donar\u00e0 m\u00e9s punts portar el curr\u00edculum Europass en llengua\u00a0anglesa, italiana, alemanya, francesa o portuguesa.<\/h5>\n<h5>&#8211;<b> <\/b>Informar als candidats preseleccionats 5\/11\/23 per correu electr\u00f2nic.<\/h5>\n<h5>&#8211; Els candidats preseleccionats hauran d&#8217;enviar al correu\u00a0<b>internacional@<wbr \/>institutaliments.barcelona\u00a0<\/b>el seu CV en format Europass en llengua anglesa, italiana, alemanya, francesa o portuguesa com a m\u00e0xim el 10\/11\/2023 (Link del document: <a href=\"https:\/\/europa.eu\/%20europass\/eportfolio\/screen\/cv-editor?lang=en\" target=\"_blank\" rel=\"noopener\" data-saferedirecturl=\"https:\/\/www.google.com\/url?q=https:\/\/europa.eu\/%2520europass\/eportfolio\/screen\/cv-editor?lang%3Den&amp;source=gmail&amp;ust=1700655912409000&amp;usg=AOvVaw2aZwppntnI5jk7ytXSVm6p\">https:\/\/europa.eu\/ europass\/eportfolio\/screen\/cv-<wbr \/>editor?lang=en<\/a>).\u00a0La no presentaci\u00f3 del curr\u00edculum dins de termini far\u00e0 que l&#8217;alumnat quedi excl\u00f2s\u00a0del proc\u00e9s de selecci\u00f3.<\/h5>\n<h5>&#8211; Desembre 2023 o gener 2024. Els candidats seleccionats rebran un correu per part de l&#8217;institut dels aliments\u00a0amb la data de l&#8217;entrevista i l&#8217;hora de l&#8217;entrevista a Fundaci\u00f3 Barcelona. La no presentaci\u00f3 far\u00e0 que l&#8217;alumnat quedi excl\u00f2s\u00a0del proc\u00e9s de selecci\u00f3.<\/h5>\n<h5>&#8211; Entrevistes i selecci\u00f3 dels participants per part de la Fundaci\u00f3 BCN FP al gener 2024.<\/h5>\n<table style=\"border-collapse: collapse; width: 100%;\">\n<tbody>\n<tr>\n<td style=\"width: 50%;\">\n<h5>Grau mitj\u00e0<\/h5>\n<h5><a href=\"https:\/\/agora.xtec.cat\/iabarcelona\/wp-content\/uploads\/usu2506\/2023\/11\/1_-GM_Informacio-Erasmus-KA121-Grau-Mitja.pdf\">1_ GM_Informaci\u00f3 Erasmus+ KA121 Grau Mitj\u00e0<\/a><\/h5>\n<h5><a href=\"https:\/\/agora.xtec.cat\/iabarcelona\/wp-content\/uploads\/usu2506\/2023\/11\/2_-GM_KA121-Student-registration-form.docx\">2_ GM_KA121 Student registration form<\/a><\/h5>\n<\/td>\n<td style=\"width: 50%;\">\n<h5>Grau superior<\/h5>\n<h5><a href=\"https:\/\/agora.xtec.cat\/iabarcelona\/wp-content\/uploads\/usu2506\/2023\/11\/1_GS_Informacio-Erasmus-KA131-Grau-Superior.pdf\">1_GS_Informaci\u00f3 Erasmus+ KA131 Grau Superior<\/a><\/h5>\n<h5><a href=\"https:\/\/agora.xtec.cat\/iabarcelona\/wp-content\/uploads\/usu2506\/2023\/11\/2_GS_Erasmus-KA131-Student-registration-form.docx\">2_GS_Erasmus KA131 Student registration form<\/a><\/h5>\n<\/td>\n<\/tr>\n<\/tbody>\n<\/table>\n<p>&nbsp;<\/p>\n<p>&nbsp;<\/p>\n","protected":false},"excerpt":{"rendered":"<p>Tothom\u00a0 interessat en participar en el proc\u00e9s de selecci\u00f3 de l&#8217;Erasmus, cal que empleni el formulari de sol\u00b7licitud de les beques i l&#8217;envi\u00efn via correu electr\u00f2nic a<br \/>\n<a href=\"mailto:internacional@institutaliments.barcelona\">internacional@institutaliments.barcelona<\/a> com a m\u00e0xim el 26\/11\/23.<br \/>\nEs seleccionaran per centre 3 alumnes de Grau mitj\u00e0 i 3 de grau&hellip;  <a href=\"https:\/\/agora.xtec.cat\/iabarcelona\/mobilitat-internacional\/xarxafp\/\" title=\"Read Xarxafp- Fundaci\u00f3 BCN\">Llegeix m\u00e9s\u00bb<\/a><\/p>\n","protected":false},"author":1,"featured_media":0,"parent":783,"menu_order":20,"comment_status":"closed","ping_status":"closed","template":"page-templates\/side-menu.php","meta":{"_bbp_topic_count":0,"_bbp_reply_count":0,"_bbp_total_topic_count":0,"_bbp_total_reply_count":0,"_bbp_voice_count":0,"_bbp_anonymous_reply_count":0,"_bbp_topic_count_hidden":0,"_bbp_reply_count_hidden":0,"_bbp_forum_subforum_count":0,"footnotes":""},"class_list":["post-786","page","type-page","status-publish","hentry"],"post_mailing_queue_ids":[],"_links":{"self":[{"href":"https:\/\/agora.xtec.cat\/iabarcelona\/wp-json\/wp\/v2\/pages\/786","targetHints":{"allow":["GET"]}}],"collection":[{"href":"https:\/\/agora.xtec.cat\/iabarcelona\/wp-json\/wp\/v2\/pages"}],"about":[{"href":"https:\/\/agora.xtec.cat\/iabarcelona\/wp-json\/wp\/v2\/types\/page"}],"author":[{"embeddable":true,"href":"https:\/\/agora.xtec.cat\/iabarcelona\/wp-json\/wp\/v2\/users\/1"}],"replies":[{"embeddable":true,"href":"https:\/\/agora.xtec.cat\/iabarcelona\/wp-json\/wp\/v2\/comments?post=786"}],"version-history":[{"count":5,"href":"https:\/\/agora.xtec.cat\/iabarcelona\/wp-json\/wp\/v2\/pages\/786\/revisions"}],"predecessor-version":[{"id":12492,"href":"https:\/\/agora.xtec.cat\/iabarcelona\/wp-json\/wp\/v2\/pages\/786\/revisions\/12492"}],"up":[{"embeddable":true,"href":"https:\/\/agora.xtec.cat\/iabarcelona\/wp-json\/wp\/v2\/pages\/783"}],"wp:attachment":[{"href":"https:\/\/agora.xtec.cat\/iabarcelona\/wp-json\/wp\/v2\/media?parent=786"}],"curies":[{"name":"wp","href":"https:\/\/api.w.org\/{rel}","templated":true}]}}