{"id":781,"date":"2021-03-29T10:28:22","date_gmt":"2021-03-29T08:28:22","guid":{"rendered":"https:\/\/agora.xtec.cat\/iabarcelona\/?page_id=781"},"modified":"2024-03-21T18:19:53","modified_gmt":"2024-03-21T17:19:53","slug":"empreses-collaboradores","status":"publish","type":"page","link":"https:\/\/agora.xtec.cat\/iabarcelona\/collaboracio-amb-lempresa\/empreses-collaboradores\/","title":{"rendered":"Espai Escola-Empresa"},"content":{"rendered":"<p>Des de l\u2019Institut dels aliments de Barcelona es pret\u00e9n que la formaci\u00f3 del seu alumnat estigui vinculada al m\u00f3n empresarial.<br \/>\nAquesta vinculaci\u00f3 es concreta a trav\u00e9s de:<\/p>\n<ul>\n<li>L\u2019FCT (Formaci\u00f3 en el Centre de Treball) consolidades al llarg dels anys i com a activitat inclosa en el Pla d\u2019Estudis de cada Cicle Formatiu.<\/li>\n<li>FP DUAL, el centre ofereix la modalitat de formaci\u00f3 professional Dual, en la qual l\u2019estudiant esdev\u00e9 aprenent i combina la formaci\u00f3 en el centre educatiu amb l\u2019activitat productiva.\u00a0<a href=\"https:\/\/projectes.xtec.cat\/fpdual\/\">https:\/\/projectes.xtec.cat\/fpdual\/<\/a><\/li>\n<li>La carta de Serveis a les Empreses. A part de les pr\u00e0ctiques en modalitat FCT i DUAL tamb\u00e9 oferim:\n<ul>\n<li>La Borsa de Treball per promoure la inserci\u00f3 de l\u2019alumnat i facilitar a les empreses de l\u2019entorn la possibilitat d\u2019accedir a personal qualificat.<\/li>\n<li>Lloguer d\u2019espais per formaci\u00f3.<\/li>\n<li>Innovaci\u00f3 i transfer\u00e8ncia del coneixement.<\/li>\n<li>Emprenedoria.<\/li>\n<li>Relacions internacionals.<\/li>\n<\/ul>\n<\/li>\n<\/ul>\n<h5>Contacte:<\/h5>\n<ul>\n<li>Correu-e: escola.empresa@institutaliments.barcelona<\/li>\n<\/ul>\n<h5>Enlla\u00e7os BID<\/h5>\n<ul>\n<li><a href=\"https:\/\/www.empresaiformacio.org\/sBid6\">Plataforma QBID v6<\/a><\/li>\n<\/ul>\n<h5><\/h5>\n","protected":false},"excerpt":{"rendered":"<p>Des de l\u2019Institut dels aliments de Barcelona es pret\u00e9n que la formaci\u00f3 del seu alumnat estigui vinculada al m\u00f3n empresarial.<br \/>\nAquesta vinculaci\u00f3 es concreta a trav\u00e9s de:<\/p>\n<ul>\n<li>L\u2019FCT (Formaci\u00f3 en el Centre de Treball) consolidades al llarg dels anys i com a activitat inclosa en el Pla&hellip;  <a href=\"https:\/\/agora.xtec.cat\/iabarcelona\/collaboracio-amb-lempresa\/empreses-collaboradores\/\" title=\"Read Espai Escola-Empresa\">Llegeix m\u00e9s\u00bb<\/a><br \/>\n","protected":false},"author":1,"featured_media":0,"parent":769,"menu_order":40,"comment_status":"closed","ping_status":"closed","template":"page-templates\/side-menu.php","meta":{"_bbp_topic_count":0,"_bbp_reply_count":0,"_bbp_total_topic_count":0,"_bbp_total_reply_count":0,"_bbp_voice_count":0,"_bbp_anonymous_reply_count":0,"_bbp_topic_count_hidden":0,"_bbp_reply_count_hidden":0,"_bbp_forum_subforum_count":0,"footnotes":""},"class_list":["post-781","page","type-page","status-publish","hentry"],"post_mailing_queue_ids":[],"_links":{"self":[{"href":"https:\/\/agora.xtec.cat\/iabarcelona\/wp-json\/wp\/v2\/pages\/781","targetHints":{"allow":["GET"]}}],"collection":[{"href":"https:\/\/agora.xtec.cat\/iabarcelona\/wp-json\/wp\/v2\/pages"}],"about":[{"href":"https:\/\/agora.xtec.cat\/iabarcelona\/wp-json\/wp\/v2\/types\/page"}],"author":[{"embeddable":true,"href":"https:\/\/agora.xtec.cat\/iabarcelona\/wp-json\/wp\/v2\/users\/1"}],"replies":[{"embeddable":true,"href":"https:\/\/agora.xtec.cat\/iabarcelona\/wp-json\/wp\/v2\/comments?post=781"}],"version-history":[{"count":5,"href":"https:\/\/agora.xtec.cat\/iabarcelona\/wp-json\/wp\/v2\/pages\/781\/revisions"}],"predecessor-version":[{"id":12634,"href":"https:\/\/agora.xtec.cat\/iabarcelona\/wp-json\/wp\/v2\/pages\/781\/revisions\/12634"}],"up":[{"embeddable":true,"href":"https:\/\/agora.xtec.cat\/iabarcelona\/wp-json\/wp\/v2\/pages\/769"}],"wp:attachment":[{"href":"https:\/\/agora.xtec.cat\/iabarcelona\/wp-json\/wp\/v2\/media?parent=781"}],"curies":[{"name":"wp","href":"https:\/\/api.w.org\/{rel}","templated":true}]}}