{"id":775,"date":"2021-03-29T10:27:29","date_gmt":"2021-03-29T08:27:29","guid":{"rendered":"https:\/\/agora.xtec.cat\/iabarcelona\/?page_id=775"},"modified":"2021-05-15T23:48:42","modified_gmt":"2021-05-15T21:48:42","slug":"formacio-professional-dual","status":"publish","type":"page","link":"https:\/\/agora.xtec.cat\/iabarcelona\/collaboracio-amb-lempresa\/formacio-professional-dual\/","title":{"rendered":"Formaci\u00f3 professional dual"},"content":{"rendered":"<header class=\"entry-header\" style=\"position: relative; color: #444444; font-family: 'Open Sans', Arial, Helvetica, sans-serif;\">\n<h1 class=\"entry-title\" style=\"color: #087eb6; font-size: 2em; font-family: 'Open Sans', sans-serif; font-weight: 400; line-height: 1.4;\">FP Dual<\/h1>\n<\/header>\n<div class=\"entry-content\" style=\"color: #444444; font-family: 'Open Sans', Arial, Helvetica, sans-serif;\">\n<p>&nbsp;<\/p>\n<h3 style=\"color: #087eb6; font-family: 'Open Sans', sans-serif; font-weight: 400; line-height: 1.4;\">L\u2019IAB imparteix la modalitat de la FP Dual.<\/h3>\n<p>Us deixem informaci\u00f3 detallada en el seg\u00fcent\u00a0<a style=\"color: #087eb6; background: transparent; font-family: 'Open Sans', sans-serif;\" href=\"https:\/\/sites.google.com\/xtec.cat\/fpdualehtb\/p%C3%A0gina-principal\" target=\"_blank\" rel=\"noopener noreferrer\">web<\/a>.<\/p>\n<p style=\"text-align: justify;\">Amb l\u2019objectiu de millorar la capacitat de les empreses de disposar de persones qualificades adequadament per a les seves necessitats, s\u2019est\u00e0 implantat la\u00a0<strong>Formaci\u00f3 Professional Dual<\/strong>.<\/p>\n<p style=\"text-align: justify;\">La FP Dual es caracteritza per la seva metodologia d\u2019aprenentatge que combina l\u2019aprenentatge en una empresa amb la formaci\u00f3 acad\u00e8mica, i consisteix en qu\u00e8 l\u2019alumnat realitza l\u2019aprenentatge de les compet\u00e8ncies professionals pr\u00f2pies del cicle formatiu entre el centre i l\u2019empresa.<\/p>\n<div class=\"shadow\">\n<div class=\"top\">\n<div class=\"middle clearfix\">\n<h3 class=\"noborder\" style=\"color: #087eb6; font-family: 'Open Sans', sans-serif; font-weight: 400; line-height: 1.4;\">Modalitats d\u2019estada de l\u2019alumne a l\u2019empresa en la FP Dual.<\/h3>\n<p>Existeixen dos modalitats d\u2019estada de l\u2019alumne a l\u2019empresa:\u00a0<strong>contracte laboral<\/strong>\u00a0i\u00a0<strong>beca<\/strong><\/p>\n<h3 style=\"color: #087eb6; font-family: 'Open Sans', sans-serif; font-weight: 400; line-height: 1.4;\">Contracte laboral<\/h3>\n<p>Qualsevol tipus de contracte, a determinar per l\u2019empresa. El m\u00e9s adient \u00e9s el contracte de formaci\u00f3 i l\u2019aprenentatge.<\/p>\n<ul>\n<li style=\"margin-top: 0.5em; margin-bottom: 0.5em;\"><em>Edat m\u00e0xima<\/em>: 30 anys<\/li>\n<li style=\"margin-top: 0.5em; margin-bottom: 0.5em;\"><em>Durada<\/em>: m\u00ednim 1 any m\u00e0xim 3 anys<\/li>\n<li style=\"margin-top: 0.5em; margin-bottom: 0.5em;\"><em>Jornada<\/em>: 40 hores setmana (que inclou la formaci\u00f3 realitzada al centre educatiu amb un m\u00ednim del 25% de la jornada el primer any)<\/li>\n<li style=\"margin-top: 0.5em; margin-bottom: 0.5em;\"><em>Bonificacions a la SS<\/em>: 100% de les quotes per empreses de menys de 250 treballadors; 75% per empreses m\u00e9s grans. En cas de posterior contractaci\u00f3 indefinida, reduccions de fins a 1800 E\/any durant 3 anys.<\/li>\n<li style=\"margin-top: 0.5em; margin-bottom: 0.5em;\"><em>Retribuci\u00f3<\/em>: segons normativa, a acordar. Refer\u00e8ncia m\u00ednima: salari m\u00ednim interprofessional<\/li>\n<\/ul>\n<h3 style=\"color: #087eb6; font-family: 'Open Sans', sans-serif; font-weight: 400; line-height: 1.4;\">Beca<\/h3>\n<p>L\u2019empresa gestiona l\u2019alta a la SS com a becari i realitza la compensaci\u00f3 econ\u00f2mica a l\u2019alumnat. Cal signar un acord amb les activitats formatives a realitzar segons el model establert<\/p>\n<ul>\n<li style=\"margin-top: 0.5em; margin-bottom: 0.5em;\"><em>Durada<\/em>: m\u00ednim 2 mesos i m\u00e0xim de 10 mesos dins d\u2019un curs amb possibilitat d\u2019una pr\u00f2rroga<\/li>\n<li style=\"margin-top: 0.5em; margin-bottom: 0.5em;\"><em>Retribuci\u00f3<\/em>: a acordar entre l\u2019empresa i el titular del centre<\/li>\n<\/ul>\n<h3 style=\"color: #087eb6; font-family: 'Open Sans', sans-serif; font-weight: 400; line-height: 1.4;\">Qu\u00e8 he de fer per optar a la FP Dual?<\/h3>\n<p style=\"text-align: justify;\">A principis de curs hi ha\u00a0<strong>sessions informatives<\/strong>\u00a0per tal d\u2019explicar el funcionament de la Dual i resoldre dubtes.<\/p>\n<p style=\"text-align: justify;\">En cas d\u2019estar interessat\/da sol\u00b7liciteu a la secretaria la vostre\/a participaci\u00f3 en aquest programa dins dels terminis establerts pel Centre.<\/p>\n<p style=\"text-align: justify;\">Per formar part de la formaci\u00f3 DUAL cal passar un\u00a0<strong>proc\u00e9s de preselecci\u00f3<\/strong>\u00a0un cop matriculat al centre i durant el primer curs. Aquest proc\u00e9s que realitza el centre consta de 2 parts:<\/p>\n<p style=\"text-align: justify;\"><strong>1\u00aa part: criteris acad\u00e8mics<\/strong><\/p>\n<p style=\"text-align: justify;\"><u>Expedient acad\u00e8mic:<\/u>\u00a0cal aprovar tots els m\u00f2duls espec\u00edfics i tenir un m\u00ednim de 5 de mitjana.<\/p>\n<p style=\"text-align: justify;\"><strong>2\u00aa part: criteris actitudinals<\/strong><\/p>\n<p style=\"text-align: justify;\">Els equips docents es reuniran despr\u00e9s de la primera avaluaci\u00f3 i valoraran diferents aspectes relacionats amb l\u2019actitud dels alumnes tals com: assist\u00e8ncia regular, puntualitat, participaci\u00f3 activa en les activitats\/m\u00f2duls, responsabilitat, acceptaci\u00f3 l\u00ednia de comandament jer\u00e0rquic, iniciativa, resoluci\u00f3 de problemes, adaptabilitat als canvis, aptituds comunicatives i imatge personal.<\/p>\n<p style=\"text-align: justify;\">Un cop es tenen les llistes prioritzades segons les puntuacions obtingudes en les diferents parts del proc\u00e9s es passa\u00a0 al proc\u00e9s de selecci\u00f3 de les empreses.<\/p>\n<p style=\"text-align: justify;\"><strong>Moltes de les empreses amb les quals treballem fan un proc\u00e9s de selecci\u00f3 propi que pot ser una entrevista individual, proves d\u2019angl\u00e8s, din\u00e0miques de grup, entre d\u2019altres, tot depenent de cada empresa.<\/strong><\/p>\n<\/div>\n<\/div>\n<\/div>\n<\/div>\n","protected":false},"excerpt":{"rendered":"<p>FP Dual<\/p>\n<p>&nbsp;<br \/>\nL\u2019IAB imparteix la modalitat de la FP Dual.<br \/>\nUs deixem informaci\u00f3 detallada en el seg\u00fcent\u00a0<a style=\"color: #087eb6; background: transparent; font-family: 'Open Sans', sans-serif;\" href=\"https:\/\/sites.google.com\/xtec.cat\/fpdualehtb\/p%C3%A0gina-principal\" target=\"_blank\" rel=\"noopener noreferrer\">web<\/a>.<br \/>\nAmb l\u2019objectiu de millorar la capacitat de les empreses de disposar de persones qualificades adequadament per a les seves&hellip;  <a href=\"https:\/\/agora.xtec.cat\/iabarcelona\/collaboracio-amb-lempresa\/formacio-professional-dual\/\" title=\"Read Formaci\u00f3 professional dual\">Llegeix m\u00e9s\u00bb<\/a><\/p>\n","protected":false},"author":1,"featured_media":0,"parent":769,"menu_order":10,"comment_status":"closed","ping_status":"closed","template":"page-templates\/side-menu.php","meta":{"_bbp_topic_count":0,"_bbp_reply_count":0,"_bbp_total_topic_count":0,"_bbp_total_reply_count":0,"_bbp_voice_count":0,"_bbp_anonymous_reply_count":0,"_bbp_topic_count_hidden":0,"_bbp_reply_count_hidden":0,"_bbp_forum_subforum_count":0,"footnotes":""},"class_list":["post-775","page","type-page","status-publish","hentry"],"post_mailing_queue_ids":[],"_links":{"self":[{"href":"https:\/\/agora.xtec.cat\/iabarcelona\/wp-json\/wp\/v2\/pages\/775","targetHints":{"allow":["GET"]}}],"collection":[{"href":"https:\/\/agora.xtec.cat\/iabarcelona\/wp-json\/wp\/v2\/pages"}],"about":[{"href":"https:\/\/agora.xtec.cat\/iabarcelona\/wp-json\/wp\/v2\/types\/page"}],"author":[{"embeddable":true,"href":"https:\/\/agora.xtec.cat\/iabarcelona\/wp-json\/wp\/v2\/users\/1"}],"replies":[{"embeddable":true,"href":"https:\/\/agora.xtec.cat\/iabarcelona\/wp-json\/wp\/v2\/comments?post=775"}],"version-history":[{"count":2,"href":"https:\/\/agora.xtec.cat\/iabarcelona\/wp-json\/wp\/v2\/pages\/775\/revisions"}],"predecessor-version":[{"id":1071,"href":"https:\/\/agora.xtec.cat\/iabarcelona\/wp-json\/wp\/v2\/pages\/775\/revisions\/1071"}],"up":[{"embeddable":true,"href":"https:\/\/agora.xtec.cat\/iabarcelona\/wp-json\/wp\/v2\/pages\/769"}],"wp:attachment":[{"href":"https:\/\/agora.xtec.cat\/iabarcelona\/wp-json\/wp\/v2\/media?parent=775"}],"curies":[{"name":"wp","href":"https:\/\/api.w.org\/{rel}","templated":true}]}}