{"id":767,"date":"2021-03-29T10:26:10","date_gmt":"2021-03-29T08:26:10","guid":{"rendered":"https:\/\/agora.xtec.cat\/iabarcelona\/?page_id=767"},"modified":"2023-02-13T19:19:37","modified_gmt":"2023-02-13T18:19:37","slug":"llei-organica-de-proteccio-de-dades","status":"publish","type":"page","link":"https:\/\/agora.xtec.cat\/iabarcelona\/linstitut\/llei-organica-de-proteccio-de-dades\/","title":{"rendered":"Llei org\u00e0nica de protecci\u00f3 de dades"},"content":{"rendered":"<header class=\"entry-header\">\n<h1 class=\"entry-title\">LOPD<\/h1>\n<\/header>\n<div class=\"entry-content\">\n<h5><strong><em>AV\u00cdS LEGAL<\/em><\/strong><\/h5>\n<p>La utilitzaci\u00f3 del contingut i\/o serveis del portal per part de l\u2019usuari suposa l\u2019acceptaci\u00f3 expressa de les condicions seg\u00fcents:<\/p>\n<h5><strong><em>Condicions d\u2019\u00fas del portal<\/em><\/strong><\/h5>\n<p>L\u2019Institut dels Aliments de Barcelona (IAB), que dep\u00e8n del Departament d\u2019Educaci\u00f3 de la Generalitat de Catalunya, es reserva el dret d\u2019efectuar modificacions en el contingut d\u2019aquest portal sense previ av\u00eds, aix\u00ed com de la seva configuraci\u00f3 i presentaci\u00f3.<\/p>\n<p>Aquest portal pot contenir enlla\u00e7os a p\u00e0gines externes i el Departament d\u2019Educaci\u00f3 no \u00e9s responsable del contingut de les p\u00e0gines externes ni de qualsevol altre aspecte relacionat amb aquestes.<\/p>\n<p>Els textos, imatges, logotips i la resta de continguts inclosos en aquest portal s\u00f3n propietat de l\u2019IAB i del Departament d\u2019Educaci\u00f3 de la Generalitat de Catalunya. Queda prohibida la transmissi\u00f3, la distribuci\u00f3, la reproducci\u00f3 o l\u2019emmagatzematge, total o parcial, excepte si s\u2019obt\u00e9 pr\u00e8viament el consentiment del Departament d\u2019Educaci\u00f3 de la Generalitat de Catalunya i excepte quan s\u2019indiqui el contrari.<\/p>\n<p>Per a poder instal\u00b7lar o utilitzar qualsevol programari que es troba disponible per a ser descarregat des d\u2019aquest portal s\u2019han d\u2019acceptar pr\u00e8viament els termes del contracte de llic\u00e8ncia, si n\u2019hi ha, que acompanyi o s\u2019inclogui en el programari.<\/p>\n<p>L\u2019Institut dels Aliments de Barcelona no es fa responsable dels possibles danys que es puguin produir pel fet d\u2019utilitzar versions no actualitzades de navegadors, o de les conseq\u00fc\u00e8ncies que es puguin derivar del mal funcionament del navegador, ja sigui per configuraci\u00f3 inadequada, pres\u00e8ncia de virus inform\u00e0tics o qualsevol altra causa aliena a l\u2019IAB.<\/p>\n<h5>Protecci\u00f3 de dades de car\u00e0cter personal<\/h5>\n<p>En compliment de la LO 15\/1999, de 13 de desembre, de Protecci\u00f3 de Dades de Car\u00e0cter Personal, l\u2019Institut dels Aliments de Barcelona, l\u2019informa que les dades de car\u00e0cter personal que ens proporcionin a l\u2019omplir algun formulari d\u2019inscripci\u00f3, sol\u00b7licitud o consulta que aparegui en la present Web, seran objecte de tractament i recollides en un fitxer de dades, el responsable del qual \u00e9s el corresponent \u00f2rgan superior o centre directiu del Departament d\u2019Educaci\u00f3.<\/p>\n<p>Per a exercir els seus drets d\u2019acc\u00e9s, rectificaci\u00f3, cancel\u00b7laci\u00f3 i oposici\u00f3 al tractament de les seves dades personals, en els termes i condicions previstos en la pr\u00f2pia normativa vigent en mat\u00e8ria de protecci\u00f3 de dades, pot comunicar-ho per escrit al centre o al Registre General del Departament d\u2019Educaci\u00f3 de la Generalitat de Catalunya.<\/p>\n<p>La recollida de les seves dades de car\u00e0cter personal es du a terme amb la finalitat principal de poder oferir i prestar-li els serveis oferts en aquesta web.<\/p>\n<p>L\u2019IAB far\u00e0 \u00fas de les dades de car\u00e0cter personal facilitades per vost\u00e8 exclusivament per a les finalitats indicades. No compartim la informaci\u00f3 subministrada amb tercers excepte exig\u00e8ncia legal o de procediments legals i, en cap cas, venem aquest tipus d\u2019informaci\u00f3.<\/p>\n<h5>Legislaci\u00f3 aplicable i jurisdicci\u00f3<\/h5>\n<p>Aquest av\u00eds legal es regeix en tots i cada un dels seus aspectes per la LO 15\/1999 i s\u00f3n competents per a la resoluci\u00f3 de qualsevol conflicte derivat o relacionat amb l\u2019\u00fas d\u2019aquest portal els jutjats i tribunals de Barcelona.<\/p>\n<table style=\"height: 290px; width: 80%;\" width=\"80%\">\n<tbody>\n<tr style=\"height: 32px;\">\n<td style=\"height: 32px;\" colspan=\"2\"><strong>Informaci\u00f3 b\u00e0sica sobre protecci\u00f3 de dades<\/strong><\/td>\n<\/tr>\n<tr style=\"height: 48px;\">\n<td style=\"height: 48px;\"><strong>Responsable del tractament<\/strong><\/td>\n<td style=\"height: 48px;\">Direcci\u00f3 del centre educatiu<\/td>\n<\/tr>\n<tr style=\"height: 32px;\">\n<td style=\"height: 32px;\"><strong>Finalitat<\/strong><\/td>\n<td style=\"height: 32px;\">Gesti\u00f3 de l\u2019acci\u00f3 educativa i orientadora<\/td>\n<\/tr>\n<tr style=\"height: 32px;\">\n<td style=\"height: 32px;\"><strong>Legitimaci\u00f3<\/strong><\/td>\n<td style=\"height: 32px;\">Missi\u00f3 d\u2019inter\u00e8s p\u00fablic<\/td>\n<\/tr>\n<tr style=\"height: 32px;\">\n<td style=\"height: 32px;\"><strong>Destinataris<\/strong><\/td>\n<td style=\"height: 32px;\">No se cediran les dades a tercers, llevat d\u2019obligaci\u00f3 legal.<\/td>\n<\/tr>\n<tr style=\"height: 32px;\">\n<td style=\"height: 32px;\"><strong>Drets<\/strong><\/td>\n<td style=\"height: 32px;\">Accedir a les dades, rectificar-les, suprimir-les, oposar-se al tractament i sol\u00b7licitar-ne la limitaci\u00f3.<\/td>\n<\/tr>\n<tr style=\"height: 82px;\">\n<td style=\"height: 82px;\"><strong>Informaci\u00f3 addicional<\/strong><\/p>\n<p>&nbsp;<\/td>\n<td style=\"height: 82px;\">Es pot consultar la informaci\u00f3 addicional i detallada sobre protecci\u00f3 de dades a:<a href=\"http:\/\/ensenyament.gencat.cat\/ca\/departament\/proteccio-dades\/informacio-addicional-tractaments\/alumnes-centres-departament.html\"><em>\u00a0http:\/\/ensenyament.gencat.cat\/ca\/Detall\/alumnes-centres-departament<\/em><\/a><\/td>\n<\/tr>\n<tr>\n<td><strong>\u00a0<\/strong><\/td>\n<td>\n<p dir=\"ltr\">Podeu exercir els vostres drets d\u2019acc\u00e9s, rectificaci\u00f3, cancel.laci\u00f3, supressi\u00f3, limitaci\u00f3 o oposici\u00f3 al tractament i portabilitat mitjan\u00e7ant una <a href=\"https:\/\/educacio.gencat.cat\/ca\/departament\/proteccio-dades\/drets-persones-interessades\/\" target=\"_blank\" rel=\"noopener\" data-saferedirecturl=\"https:\/\/www.google.com\/url?q=https:\/\/educacio.gencat.cat\/ca\/departament\/proteccio-dades\/drets-persones-interessades\/&amp;source=gmail&amp;ust=1676377088089000&amp;usg=AOvVaw0uzQPSw73GUEX8E0jlDtkQ\">sol.licitud<\/a> adre\u00e7ada al centre educatiu.<\/p>\n<p dir=\"ltr\">El termini de resposta \u00e9s d\u2019un mes a partir de la recepci\u00f3 de la sol\u00b7licitud. Aquest termini es pot prorrogar dos mesos m\u00e9s, en cas necessari, tenint en compte la complexitat i el nombre de sol\u00b7licituds.<\/p>\n<\/td>\n<\/tr>\n<\/tbody>\n<\/table>\n<\/div>\n","protected":false},"excerpt":{"rendered":"<p>LOPD<\/p>\n<p>AV\u00cdS LEGAL<br \/>\nLa utilitzaci\u00f3 del contingut i\/o serveis del portal per part de l\u2019usuari suposa l\u2019acceptaci\u00f3 expressa de les condicions seg\u00fcents:<br \/>\nCondicions d\u2019\u00fas del portal<br \/>\nL\u2019Institut dels Aliments de Barcelona (IAB), que dep\u00e8n del Departament d\u2019Educaci\u00f3 de la Generalitat de Catalunya, es reserva el dret d\u2019efectuar modificacions en&hellip;  <a href=\"https:\/\/agora.xtec.cat\/iabarcelona\/linstitut\/llei-organica-de-proteccio-de-dades\/\" title=\"Read Llei org\u00e0nica de protecci\u00f3 de dades\">Llegeix m\u00e9s\u00bb<\/a><\/p>\n","protected":false},"author":1,"featured_media":0,"parent":737,"menu_order":100,"comment_status":"closed","ping_status":"closed","template":"page-templates\/side-menu.php","meta":{"_bbp_topic_count":0,"_bbp_reply_count":0,"_bbp_total_topic_count":0,"_bbp_total_reply_count":0,"_bbp_voice_count":0,"_bbp_anonymous_reply_count":0,"_bbp_topic_count_hidden":0,"_bbp_reply_count_hidden":0,"_bbp_forum_subforum_count":0,"footnotes":""},"class_list":["post-767","page","type-page","status-publish","hentry"],"post_mailing_queue_ids":[],"_links":{"self":[{"href":"https:\/\/agora.xtec.cat\/iabarcelona\/wp-json\/wp\/v2\/pages\/767","targetHints":{"allow":["GET"]}}],"collection":[{"href":"https:\/\/agora.xtec.cat\/iabarcelona\/wp-json\/wp\/v2\/pages"}],"about":[{"href":"https:\/\/agora.xtec.cat\/iabarcelona\/wp-json\/wp\/v2\/types\/page"}],"author":[{"embeddable":true,"href":"https:\/\/agora.xtec.cat\/iabarcelona\/wp-json\/wp\/v2\/users\/1"}],"replies":[{"embeddable":true,"href":"https:\/\/agora.xtec.cat\/iabarcelona\/wp-json\/wp\/v2\/comments?post=767"}],"version-history":[{"count":4,"href":"https:\/\/agora.xtec.cat\/iabarcelona\/wp-json\/wp\/v2\/pages\/767\/revisions"}],"predecessor-version":[{"id":2031,"href":"https:\/\/agora.xtec.cat\/iabarcelona\/wp-json\/wp\/v2\/pages\/767\/revisions\/2031"}],"up":[{"embeddable":true,"href":"https:\/\/agora.xtec.cat\/iabarcelona\/wp-json\/wp\/v2\/pages\/737"}],"wp:attachment":[{"href":"https:\/\/agora.xtec.cat\/iabarcelona\/wp-json\/wp\/v2\/media?parent=767"}],"curies":[{"name":"wp","href":"https:\/\/api.w.org\/{rel}","templated":true}]}}