{"id":753,"date":"2021-03-29T10:25:50","date_gmt":"2021-03-29T08:25:50","guid":{"rendered":"https:\/\/agora.xtec.cat\/iabarcelona\/?page_id=753"},"modified":"2024-02-26T20:49:58","modified_gmt":"2024-02-26T19:49:58","slug":"homologacions","status":"publish","type":"page","link":"https:\/\/agora.xtec.cat\/iabarcelona\/linstitut\/homologacions\/","title":{"rendered":"Homologacions"},"content":{"rendered":"<h4>Aquest tr\u00e0mit no es gestiona a l&#8217;Institut dels Aliments de Barcelona.<\/h4>\n<h4><\/h4>\n<h4>&#8211; Del Departament (proc\u00e9s d&#8217;homologaci\u00f3 de t\u00edtols no universitaris): <a href=\"https:\/\/web.gencat.cat\/ca\/tramits\/tramits-temes\/20264_homologacio_titols\" target=\"_blank\" rel=\"noopener\" data-saferedirecturl=\"https:\/\/www.google.com\/url?q=https:\/\/web.gencat.cat\/ca\/tramits\/tramits-temes\/20264_homologacio_titols&amp;source=gmail&amp;ust=1709059598441000&amp;usg=AOvVaw030XevY219Uspx3IX076g2\">https:\/\/web.<wbr \/>gencat.cat\/ca\/tramits\/tramits-<wbr \/>temes\/20264_homologacio_titols<\/a><\/h4>\n<h4>&#8211; Consorci d&#8217;Educaci\u00f3 de Barcelona: <a href=\"https:\/\/www.edubcn.cat\/ca\/alumnat_i_familia\/tramits\/homologacio_i_convalidacio\" target=\"_blank\" rel=\"noopener\" data-saferedirecturl=\"https:\/\/www.google.com\/url?q=https:\/\/www.edubcn.cat\/ca\/alumnat_i_familia\/tramits\/homologacio_i_convalidacio&amp;source=gmail&amp;ust=1709059598441000&amp;usg=AOvVaw3KbrHAio3bZIgQ5ABnFua-\">https:\/\/www.edubcn.<wbr \/>cat\/ca\/alumnat_i_familia\/<wbr \/>tramits\/homologacio_i_<wbr \/>convalidacio<\/a><\/h4>\n<div><\/div>\n","protected":false},"excerpt":{"rendered":"<p>Aquest tr\u00e0mit no es gestiona a l&#8217;Institut dels Aliments de Barcelona.<\/p>\n<p>&#8211; Del Departament (proc\u00e9s d&#8217;homologaci\u00f3 de t\u00edtols no universitaris): <a href=\"https:\/\/web.gencat.cat\/ca\/tramits\/tramits-temes\/20264_homologacio_titols\" target=\"_blank\" rel=\"noopener\" data-saferedirecturl=\"https:\/\/www.google.com\/url?q=https:\/\/web.gencat.cat\/ca\/tramits\/tramits-temes\/20264_homologacio_titols&amp;source=gmail&amp;ust=1709059598441000&amp;usg=AOvVaw030XevY219Uspx3IX076g2\">https:\/\/web.gencat.cat\/ca\/tramits\/tramits-temes\/20264_homologacio_titols<\/a><br \/>\n&#8211; Consorci d&#8217;Educaci\u00f3 de Barcelona: <a href=\"https:\/\/www.edubcn.cat\/ca\/alumnat_i_familia\/tramits\/homologacio_i_convalidacio\" target=\"_blank\" rel=\"noopener\" data-saferedirecturl=\"https:\/\/www.google.com\/url?q=https:\/\/www.edubcn.cat\/ca\/alumnat_i_familia\/tramits\/homologacio_i_convalidacio&amp;source=gmail&amp;ust=1709059598441000&amp;usg=AOvVaw3KbrHAio3bZIgQ5ABnFua-\">https:\/\/www.edubcn.cat\/ca\/alumnat_i_familia\/tramits\/homologacio_i_convalidacio<\/a><\/p>\n","protected":false},"author":1,"featured_media":0,"parent":737,"menu_order":90,"comment_status":"closed","ping_status":"closed","template":"page-templates\/side-menu.php","meta":{"_bbp_topic_count":0,"_bbp_reply_count":0,"_bbp_total_topic_count":0,"_bbp_total_reply_count":0,"_bbp_voice_count":0,"_bbp_anonymous_reply_count":0,"_bbp_topic_count_hidden":0,"_bbp_reply_count_hidden":0,"_bbp_forum_subforum_count":0,"footnotes":""},"class_list":["post-753","page","type-page","status-publish","hentry"],"post_mailing_queue_ids":[],"_links":{"self":[{"href":"https:\/\/agora.xtec.cat\/iabarcelona\/wp-json\/wp\/v2\/pages\/753","targetHints":{"allow":["GET"]}}],"collection":[{"href":"https:\/\/agora.xtec.cat\/iabarcelona\/wp-json\/wp\/v2\/pages"}],"about":[{"href":"https:\/\/agora.xtec.cat\/iabarcelona\/wp-json\/wp\/v2\/types\/page"}],"author":[{"embeddable":true,"href":"https:\/\/agora.xtec.cat\/iabarcelona\/wp-json\/wp\/v2\/users\/1"}],"replies":[{"embeddable":true,"href":"https:\/\/agora.xtec.cat\/iabarcelona\/wp-json\/wp\/v2\/comments?post=753"}],"version-history":[{"count":2,"href":"https:\/\/agora.xtec.cat\/iabarcelona\/wp-json\/wp\/v2\/pages\/753\/revisions"}],"predecessor-version":[{"id":12613,"href":"https:\/\/agora.xtec.cat\/iabarcelona\/wp-json\/wp\/v2\/pages\/753\/revisions\/12613"}],"up":[{"embeddable":true,"href":"https:\/\/agora.xtec.cat\/iabarcelona\/wp-json\/wp\/v2\/pages\/737"}],"wp:attachment":[{"href":"https:\/\/agora.xtec.cat\/iabarcelona\/wp-json\/wp\/v2\/media?parent=753"}],"curies":[{"name":"wp","href":"https:\/\/api.w.org\/{rel}","templated":true}]}}