{"id":743,"date":"2021-03-29T10:21:28","date_gmt":"2021-03-29T08:21:28","guid":{"rendered":"https:\/\/agora.xtec.cat\/iabarcelona\/?page_id=743"},"modified":"2026-04-16T14:36:47","modified_gmt":"2026-04-16T12:36:47","slug":"consell-escolar","status":"publish","type":"page","link":"https:\/\/agora.xtec.cat\/iabarcelona\/consell-escolar\/","title":{"rendered":"Consell escolar"},"content":{"rendered":"<table dir=\"ltr\" style=\"width: 100%; height: 554px;\" border=\"1\" cellspacing=\"0\" cellpadding=\"0\" data-sheets-root=\"1\" data-sheets-baot=\"1\">\n<colgroup>\n<col width=\"245\" \/>\n<col width=\"396\" \/>\n<col width=\"236\" \/><\/colgroup>\n<tbody>\n<tr style=\"height: 32px;\">\n<td style=\"height: 32px;\">SECTOR<\/td>\n<td style=\"height: 32px;\">NOM<\/td>\n<td style=\"height: 32px;\">C\u00c0RREC<\/td>\n<\/tr>\n<tr style=\"height: 32px;\">\n<td style=\"height: 32px;\">DIRECTOR<\/td>\n<td style=\"height: 32px;\">Neus Vendrell<\/td>\n<td style=\"height: 32px;\">Direcci\u00f3 Executiva<\/td>\n<\/tr>\n<tr style=\"height: 48px;\">\n<td style=\"height: 48px;\">DIRECCI\u00d3 SERVEIS GENERALS<\/td>\n<td style=\"height: 48px;\">Marta Garrido<\/td>\n<td style=\"height: 48px;\">Direcci\u00f3 de serveis generals-Secretari.<\/td>\n<\/tr>\n<tr style=\"height: 32px;\">\n<td style=\"height: 32px;\">CAP D&#8217;ESTUDIS<\/td>\n<td style=\"height: 32px;\">Bea Al\u00f3s<\/td>\n<td style=\"height: 32px;\">Cap d&#8217;estudis<\/td>\n<\/tr>\n<tr style=\"height: 32px;\">\n<td style=\"height: 192px;\" rowspan=\"6\">\n<div>DOCENT<\/div>\n<\/td>\n<td style=\"height: 32px;\">Alba Calventus<\/td>\n<td style=\"height: 32px;\">Professora<\/td>\n<\/tr>\n<tr style=\"height: 32px;\">\n<td style=\"height: 32px;\">Maria Hidalgo<\/td>\n<td style=\"height: 32px;\">Professora<\/td>\n<\/tr>\n<tr style=\"height: 32px;\">\n<td style=\"height: 32px;\">Josep Beltran<\/td>\n<td style=\"height: 32px;\">Professor<\/td>\n<\/tr>\n<tr style=\"height: 32px;\">\n<td style=\"height: 32px;\">Beatriz Pascual Rodr\u00edguez<\/td>\n<td style=\"height: 32px;\">Professora<\/td>\n<\/tr>\n<tr style=\"height: 32px;\">\n<td style=\"height: 32px;\">Jairo Borox<\/td>\n<td style=\"height: 32px;\">Professor<\/td>\n<\/tr>\n<tr style=\"height: 32px;\">\n<td style=\"height: 32px;\">Alberto Alcazar Mart\u00ednez<\/td>\n<td style=\"height: 32px;\">Professor<\/td>\n<\/tr>\n<tr style=\"height: 48px;\">\n<td style=\"height: 48px;\">PARES, MARES I\/O TUTORS LEGALS<\/td>\n<td style=\"height: 48px;\">No hi ha representants<\/td>\n<td style=\"height: 48px;\"><\/td>\n<\/tr>\n<tr style=\"height: 32px;\">\n<td style=\"height: 32px;\">PAS<\/td>\n<td style=\"height: 32px;\">Anna Linares<\/td>\n<td style=\"height: 32px;\">PAS<\/td>\n<\/tr>\n<tr style=\"height: 10px;\">\n<td style=\"height: 42px;\" rowspan=\"2\">\n<div>ALUMNAT<\/div>\n<\/td>\n<td style=\"height: 10px;\">Ariadna Tolaba Tolaba<\/td>\n<td style=\"height: 10px;\">Alumnat<\/td>\n<\/tr>\n<tr style=\"height: 32px;\">\n<td style=\"height: 32px;\">Fatima Naim Abdeljebbar<\/td>\n<td style=\"height: 32px;\">Alumnat<\/td>\n<\/tr>\n<tr style=\"height: 48px;\">\n<td style=\"height: 48px;\">REPRESENTAT DE L&#8217;EMPRESARIAT<\/td>\n<td style=\"height: 48px;\">Sr. Jose Fr\u00edguls<\/td>\n<td style=\"height: 48px;\">President ANAFRIC<\/td>\n<\/tr>\n<tr style=\"height: 48px;\">\n<td style=\"height: 48px;\">REPRESENTAT DE L&#8217;AJUNTAMENT<\/td>\n<td style=\"height: 48px;\">Ignacio Mon Qu\u00edlez<\/td>\n<td style=\"height: 48px;\">Representant administraci\u00f3<\/td>\n<\/tr>\n<\/tbody>\n<\/table>\n<h4><b>Funcions del Consell Escolar\u00a0<\/b><\/h4>\n<p>Corresponen al Consell Escolar les funcions seg\u00fcents:<\/p>\n<ol>\n<li aria-level=\"1\">Aprovar el projecte educatiu i les modificacions corresponents per una majoria de tres cinquenes parts dels membres.<\/li>\n<li aria-level=\"1\">Aprovar, per majoria simple,\u00a0 la programaci\u00f3 general anual del centre \u00a0i avaluar-ne el desenvolupament i els resultats.<\/li>\n<li aria-level=\"1\">Aprovar, per majoria simple, les propostes d&#8217;acords de corresponsabilitat, convenis i altres acords de col\u00b7laboraci\u00f3 del centre amb entitats o institucions.<\/li>\n<li aria-level=\"1\">Aprovar, per majoria simple, les normes d&#8217;organitzaci\u00f3 i funcionament i les modificacions corresponents.<\/li>\n<li aria-level=\"1\">Aprovar, per majoria simple, la carta de comprom\u00eds educatiu.<\/li>\n<li aria-level=\"1\">Aprovar, per majoria simple, el pressupost del centre i el rendiment de comptes.<\/li>\n<li aria-level=\"1\">Intervenir en el procediment d&#8217;admissi\u00f3 d&#8217;alumnes.<\/li>\n<li aria-level=\"1\">Participar en el procediment de selecci\u00f3 i en la proposta de cessament del director o directora.<\/li>\n<li aria-level=\"1\">Intervenir en la resoluci\u00f3 dels conflictes i, si escau, revisar les sancions als alumnes.<\/li>\n<li aria-level=\"1\">Aprovar les directrius per a la programaci\u00f3 d&#8217;activitats escolars complement\u00e0ries i d&#8217;activitats extraescolars, i avaluar-ne el desenvolupament.<\/li>\n<li aria-level=\"1\">Participar en les an\u00e0lisis i les avaluacions del funcionament general del centre i con\u00e8ixer l&#8217;evoluci\u00f3 del rendiment escolar.<\/li>\n<li aria-level=\"1\">Aprovar els criteris de col\u00b7laboraci\u00f3 amb altres centres i amb l&#8217;entorn.<\/li>\n<li aria-level=\"1\">Qualsevol altra que li sigui atribu\u00efda per les normes legals o reglament\u00e0ries.<\/li>\n<\/ol>\n<p>&nbsp;<\/p>\n","protected":false},"excerpt":{"rendered":"<p>SECTOR<br \/>\nNOM<br \/>\nC\u00c0RREC<\/p>\n<p>DIRECTOR<br \/>\nNeus Vendrell<br \/>\nDirecci\u00f3 Executiva<\/p>\n<p>DIRECCI\u00d3 SERVEIS GENERALS<br \/>\nMarta Garrido<br \/>\nDirecci\u00f3 de serveis generals-Secretari.<\/p>\n<p>CAP D&#8217;ESTUDIS<br \/>\nBea Al\u00f3s<br \/>\nCap d&#8217;estudis<\/p>\n<p>DOCENT<\/p>\n<p>Alba Calventus<br \/>\nProfessora<\/p>\n<p>Maria Hidalgo<br \/>\nProfessora<\/p>\n<p>Josep Beltran<br \/>\nProfessor<\/p>\n<p>Beatriz Pascual Rodr\u00edguez<br \/>\nProfessora<\/p>\n<p>Jairo Borox<br \/>\nProfessor<\/p>\n<p>Alberto Alcazar Mart\u00ednez<br \/>\nProfessor<\/p>\n<p>PARES, MARES I\/O TUTORS LEGALS<br \/>\nNo hi ha representants<\/p>\n<p>PAS<br \/>\nAnna Linares<br \/>\nPAS<\/p>\n<p>ALUMNAT<\/p>\n<p>Ariadna Tolaba Tolaba<br \/>\nAlumnat<\/p>\n<p>Fatima Naim Abdeljebbar<br \/>\nAlumnat<\/p>\n<p>REPRESENTAT DE L&#8217;EMPRESARIAT<br \/>\nSr. Jose Fr\u00edguls<br \/>\nPresident ANAFRIC<\/p>\n<p>REPRESENTAT DE L&#8217;AJUNTAMENT<br \/>\nIgnacio Mon Qu\u00edlez<br \/>\nRepresentant administraci\u00f3<\/p>\n<p>Funcions del Consell Escolar\u00a0<br \/>\nCorresponen&hellip;  <a href=\"https:\/\/agora.xtec.cat\/iabarcelona\/consell-escolar\/\" title=\"Read Consell escolar\">Llegeix m\u00e9s\u00bb<\/a><\/p>\n","protected":false},"author":1,"featured_media":0,"parent":0,"menu_order":40,"comment_status":"closed","ping_status":"closed","template":"page-templates\/side-menu.php","meta":{"_bbp_topic_count":0,"_bbp_reply_count":0,"_bbp_total_topic_count":0,"_bbp_total_reply_count":0,"_bbp_voice_count":0,"_bbp_anonymous_reply_count":0,"_bbp_topic_count_hidden":0,"_bbp_reply_count_hidden":0,"_bbp_forum_subforum_count":0,"footnotes":""},"class_list":["post-743","page","type-page","status-publish","hentry"],"post_mailing_queue_ids":[],"_links":{"self":[{"href":"https:\/\/agora.xtec.cat\/iabarcelona\/wp-json\/wp\/v2\/pages\/743","targetHints":{"allow":["GET"]}}],"collection":[{"href":"https:\/\/agora.xtec.cat\/iabarcelona\/wp-json\/wp\/v2\/pages"}],"about":[{"href":"https:\/\/agora.xtec.cat\/iabarcelona\/wp-json\/wp\/v2\/types\/page"}],"author":[{"embeddable":true,"href":"https:\/\/agora.xtec.cat\/iabarcelona\/wp-json\/wp\/v2\/users\/1"}],"replies":[{"embeddable":true,"href":"https:\/\/agora.xtec.cat\/iabarcelona\/wp-json\/wp\/v2\/comments?post=743"}],"version-history":[{"count":6,"href":"https:\/\/agora.xtec.cat\/iabarcelona\/wp-json\/wp\/v2\/pages\/743\/revisions"}],"predecessor-version":[{"id":13531,"href":"https:\/\/agora.xtec.cat\/iabarcelona\/wp-json\/wp\/v2\/pages\/743\/revisions\/13531"}],"wp:attachment":[{"href":"https:\/\/agora.xtec.cat\/iabarcelona\/wp-json\/wp\/v2\/media?parent=743"}],"curies":[{"name":"wp","href":"https:\/\/api.w.org\/{rel}","templated":true}]}}