{"id":635,"date":"2021-03-25T10:04:30","date_gmt":"2021-03-25T09:04:30","guid":{"rendered":"https:\/\/agora.xtec.cat\/iabarcelona\/?page_id=635"},"modified":"2021-04-12T13:36:21","modified_gmt":"2021-04-12T11:36:21","slug":"cicle-formatiu-grau-superior-dietetica","status":"publish","type":"page","link":"https:\/\/agora.xtec.cat\/iabarcelona\/formacio\/cfgs-cicles-formatius-grau-superior\/cicle-formatiu-grau-superior-dietetica\/","title":{"rendered":"Cicle Formatiu Grau Superior Diet\u00e8tica"},"content":{"rendered":"<p><a href=\"https:\/\/agora.xtec.cat\/iabarcelona\/wp-content\/uploads\/usu2506\/2021\/03\/CFGS_Dietetica.jpg\"><img loading=\"lazy\" decoding=\"async\" class=\"alignleft wp-image-834\" src=\"https:\/\/agora.xtec.cat\/iabarcelona\/wp-content\/uploads\/usu2506\/2021\/03\/CFGS_Dietetica.jpg\" alt=\"Diverses imatges: Bodeg\u00f3 amb ingredients vegetals i microscopi\" width=\"287\" height=\"279\" \/><\/a>A les instal\u00b7lacions del nostre Institut:<\/p>\n<ul>\n<li>Dissenyar\u00e0s dietes terap\u00e8utiques en l\u2019\u00e0mbit sanitari.<\/li>\n<li>Desenvolupar\u00e0s programes de promoci\u00f3 de la salut i educaci\u00f3 sanit\u00e0ria aliment\u00e0ria.<\/li>\n<li>Supervisar\u00e0s la qualitat higienicodiet\u00e8tica dels aliments.<\/li>\n<li>Elaborar\u00e0s men\u00fas adaptats a col\u00b7lectius concrets de poblaci\u00f3.<\/li>\n<li>Supervisar\u00e0s els processos d\u2019elaboraci\u00f3 i conservaci\u00f3 d\u2019aliments en cuines i empreses de comercialitzaci\u00f3 de productes alimentaris.<\/li>\n<\/ul>\n<p style=\"clear: both; margin-top: 40px; margin-bottom: 40px; text-align: center;\"><a class=\"button normal\" style=\"padding: 1em; font-weight: 400; margin: 0.3em; color: white !important; background-color: #333333; border: none;\" href=\"https:\/\/agora.xtec.cat\/iabarcelona\/formacio\/cfgs-cicles-formatius-grau-superior\/preinscripcio-i-matricula-cicles-formatius-de-grau-superior\/\" rel=\"noopener noreferrer\">Preinscripci\u00f3 i matr\u00edcula<\/a><\/p>\n<hr \/>\n<h2 id=\"saber_mes\">Sortides professionals<\/h2>\n<p>Com a t\u00e8cnic Superior en Diet\u00e8tica podr\u00e0s treballar com a t\u00e8cnic en diet\u00e8tica i nutrici\u00f3, responsable d\u2019alimentaci\u00f3 en empreses de c\u00e0tering, t\u00e8cnic en higiene dels aliments, consultor en alimentaci\u00f3 o educador sanitari.<\/p>\n<h2>Sortides acad\u00e8miques<\/h2>\n<p>Amb aquests estudis s\u2019obt\u00e9 el t\u00edtol de t\u00e8cnic o t\u00e8cnica superior, que permet l\u2019acc\u00e9s a estudis universitaris.<\/p>\n<h2>Qu\u00e8 estudiar\u00e0s, contingut<\/h2>\n<ul>\n<li>Organitzaci\u00f3 i Gesti\u00f3 de l&#8217;\u00c0rea de Treball Assignada en la Unitat\/Gabinet de Diet\u00e8tica<\/li>\n<li>Alimentaci\u00f3 Equilibrada<\/li>\n<li>Dietoter\u00e0pia<\/li>\n<li>Control Alimentari<\/li>\n<li>Microbiologia i Higiene Aliment\u00e0ria<\/li>\n<li>Educaci\u00f3 Sanit\u00e0ria i Promoci\u00f3 de la Salut<\/li>\n<li>Fisiopatologia Aplicada a la Diet\u00e8tica<\/li>\n<li>Relacions en l&#8217;Equip de Treball<\/li>\n<li>Formaci\u00f3 i Orientaci\u00f3 Laboral<\/li>\n<li>Formaci\u00f3 en Centres de Treball<\/li>\n<li>S\u00edntesi<\/li>\n<\/ul>\n<p><a href=\"https:\/\/portaldogc.gencat.cat\/utilsEADOP\/PDF\/2622\/105372.pdf\">Decret 50\/1998, de 3 de mar\u00e7<\/a>, pel qual s&#8217;estableix el curr\u00edculum del cicle formatiu de grau superior de diet\u00e8tica. (DOGC n\u00fam. 2622, de 20.04.1998).<\/p>\n<h2>Durada<\/h2>\n<p>Dos cursos<\/p>\n<h2 style=\"text-align: justify;\">Tens m\u00e9s dubtes?<\/h2>\n<p>Si vols m\u00e9s informaci\u00f3, consulta el web del Departament d\u2019Educaci\u00f3 o envia\u2019ns un missatge mitjan\u00e7ant el <a href=\"https:\/\/agora.xtec.cat\/iabarcelona\/secretaria\/contacte\/\">formulari de contacte<\/a>.<\/p>\n","protected":false},"excerpt":{"rendered":"<p><a href=\"https:\/\/agora.xtec.cat\/iabarcelona\/wp-content\/uploads\/usu2506\/2021\/03\/CFGS_Dietetica.jpg\"><\/a>A les instal\u00b7lacions del nostre Institut:<\/p>\n<ul>\n<li>Dissenyar\u00e0s dietes terap\u00e8utiques en l\u2019\u00e0mbit sanitari.<\/li>\n<li>Desenvolupar\u00e0s programes de promoci\u00f3 de la salut i educaci\u00f3 sanit\u00e0ria aliment\u00e0ria.<\/li>\n<li>Supervisar\u00e0s la qualitat higienicodiet\u00e8tica dels aliments.<\/li>\n<li>Elaborar\u00e0s men\u00fas adaptats a col\u00b7lectius concrets de poblaci\u00f3.<\/li>\n<li>Supervisar\u00e0s els processos d\u2019elaboraci\u00f3 i conservaci\u00f3 d\u2019aliments en cuines i empreses de&hellip;  <a href=\"https:\/\/agora.xtec.cat\/iabarcelona\/formacio\/cfgs-cicles-formatius-grau-superior\/cicle-formatiu-grau-superior-dietetica\/\" title=\"Read Cicle Formatiu Grau Superior Diet\u00e8tica\">Llegeix m\u00e9s\u00bb<\/a><br \/>\n","protected":false},"author":1,"featured_media":0,"parent":567,"menu_order":1,"comment_status":"closed","ping_status":"closed","template":"page-templates\/side-menu.php","meta":{"_bbp_topic_count":0,"_bbp_reply_count":0,"_bbp_total_topic_count":0,"_bbp_total_reply_count":0,"_bbp_voice_count":0,"_bbp_anonymous_reply_count":0,"_bbp_topic_count_hidden":0,"_bbp_reply_count_hidden":0,"_bbp_forum_subforum_count":0,"footnotes":""},"class_list":["post-635","page","type-page","status-publish","hentry"],"post_mailing_queue_ids":[],"_links":{"self":[{"href":"https:\/\/agora.xtec.cat\/iabarcelona\/wp-json\/wp\/v2\/pages\/635","targetHints":{"allow":["GET"]}}],"collection":[{"href":"https:\/\/agora.xtec.cat\/iabarcelona\/wp-json\/wp\/v2\/pages"}],"about":[{"href":"https:\/\/agora.xtec.cat\/iabarcelona\/wp-json\/wp\/v2\/types\/page"}],"author":[{"embeddable":true,"href":"https:\/\/agora.xtec.cat\/iabarcelona\/wp-json\/wp\/v2\/users\/1"}],"replies":[{"embeddable":true,"href":"https:\/\/agora.xtec.cat\/iabarcelona\/wp-json\/wp\/v2\/comments?post=635"}],"version-history":[{"count":4,"href":"https:\/\/agora.xtec.cat\/iabarcelona\/wp-json\/wp\/v2\/pages\/635\/revisions"}],"predecessor-version":[{"id":987,"href":"https:\/\/agora.xtec.cat\/iabarcelona\/wp-json\/wp\/v2\/pages\/635\/revisions\/987"}],"up":[{"embeddable":true,"href":"https:\/\/agora.xtec.cat\/iabarcelona\/wp-json\/wp\/v2\/pages\/567"}],"wp:attachment":[{"href":"https:\/\/agora.xtec.cat\/iabarcelona\/wp-json\/wp\/v2\/media?parent=635"}],"curies":[{"name":"wp","href":"https:\/\/api.w.org\/{rel}","templated":true}]}}