{"id":616,"date":"2021-03-25T09:59:59","date_gmt":"2021-03-25T08:59:59","guid":{"rendered":"https:\/\/agora.xtec.cat\/iabarcelona\/?page_id=616"},"modified":"2021-04-12T13:36:30","modified_gmt":"2021-04-12T11:36:30","slug":"programa-de-formacio-i-insercio-laboral-auxiliar-en-establiments-del-sector-carni","status":"publish","type":"page","link":"https:\/\/agora.xtec.cat\/iabarcelona\/formacio\/pfi-programes-de-formacio-i-insercio\/programa-de-formacio-i-insercio-laboral-auxiliar-en-establiments-del-sector-carni\/","title":{"rendered":"Programa de formaci\u00f3 i inserci\u00f3 laboral Auxiliar en establiments del sector carni"},"content":{"rendered":"<p><a href=\"https:\/\/agora.xtec.cat\/iabarcelona\/wp-content\/uploads\/usu2506\/2021\/03\/PFI_estabiment_carni.jpg\"><img loading=\"lazy\" decoding=\"async\" class=\"alignleft wp-image-837\" src=\"https:\/\/agora.xtec.cat\/iabarcelona\/wp-content\/uploads\/usu2506\/2021\/03\/PFI_estabiment_carni.jpg\" alt=\"Collage amb diverses peces de carn\" width=\"287\" height=\"173\" srcset=\"https:\/\/agora.xtec.cat\/iabarcelona\/wp-content\/uploads\/usu2506\/2021\/03\/PFI_estabiment_carni.jpg 359w, https:\/\/agora.xtec.cat\/iabarcelona\/wp-content\/uploads\/usu2506\/2021\/03\/PFI_estabiment_carni-300x181.jpg 300w\" sizes=\"auto, (max-width: 287px) 100vw, 287px\" \/><\/a>A les instal\u00b7lacions del nostre Institut:<\/p>\n<ul>\n<li>Preparar\u00e0s i condicionar\u00e0s peces c\u00e0rnies.<\/li>\n<li>Elaborar\u00e0s productes carnis frescos artesanals<\/li>\n<li>Realitzar\u00e0s la venda dels productes elaborats.<\/li>\n<\/ul>\n<p style=\"clear: both; margin-top: 40px; margin-bottom: 40px; text-align: center;\"><a class=\"button normal\" style=\"padding: 1em; font-weight: 400; margin: 0.3em; color: white !important; background-color: #333333; border: none;\" href=\"https:\/\/agora.xtec.cat\/iabarcelona\/formacio\/pfi-programes-de-formacio-i-insercio\/preinscripcio-i-matricula-programes-de-formacio-i-insercio\/\" rel=\"noopener noreferrer\">Preinscripci\u00f3 i matr\u00edcula<\/a><\/p>\n<hr \/>\n<h2>Sortides professionals<\/h2>\n<p>Com a Auxiliar en establiments del sector carni podr\u00e0s treballar en empreses dels sector, tant ind\u00fastries com petis obradors o botigues especialitzades fent tasques de preparaci\u00f3, elaboraci\u00f3 i comercialitzaci\u00f3 de productes carnis.<\/p>\n<h2>Sortides acad\u00e8miques<\/h2>\n<p>Amb aquests estudis s\u2019obt\u00e9 el t\u00edtol d\u2019Auxiliar que permet l\u2019acc\u00e9s a Cicles Formatius de Grau Mitj\u00e0<\/p>\n<h2>Qu\u00e8 estudiar\u00e0s, contingut<\/h2>\n<ul>\n<li>Operacions Auxiliars en la Ind\u00fastria Aliment\u00e0ria<\/li>\n<li>Elaboraci\u00f3 de Productes Alimentaris<\/li>\n<li>Operacions Auxiliars d&#8217;Emmagatzematge<\/li>\n<li>Operacions de Condicionament, Elaboraci\u00f3 i venda al detall de Carn i Productes Carnis Artesans<\/li>\n<li>Formaci\u00f3 B\u00e0sica en Prevenci\u00f3 de Riscos Laborals<\/li>\n<li>Estrat\u00e8gies i Eines de Comunicaci\u00f3<\/li>\n<li>Entorn Social i Territorial<\/li>\n<li>Estrat\u00e8gies i Eines Matem\u00e0tiques<\/li>\n<li>Incorporaci\u00f3 al mon professional<\/li>\n<li>Projecte Integrat<\/li>\n<li>Formaci\u00f3 Pr\u00e0ctica en Empreses<\/li>\n<\/ul>\n<h2>Durada<\/h2>\n<p>Un curs<\/p>\n<h2>Tens m\u00e9s dubtes?<\/h2>\n<p>Si vols m\u00e9s informaci\u00f3, consulta el web del Departament d\u2019Educaci\u00f3 o envia\u2019ns un missatge mitjan\u00e7ant el <a href=\"https:\/\/agora.xtec.cat\/iabarcelona\/secretaria\/contacte\/\">formulari de contacte<\/a>.<\/p>\n","protected":false},"excerpt":{"rendered":"<p><a href=\"https:\/\/agora.xtec.cat\/iabarcelona\/wp-content\/uploads\/usu2506\/2021\/03\/PFI_estabiment_carni.jpg\"><\/a>A les instal\u00b7lacions del nostre Institut:<\/p>\n<ul>\n<li>Preparar\u00e0s i condicionar\u00e0s peces c\u00e0rnies.<\/li>\n<li>Elaborar\u00e0s productes carnis frescos artesanals<\/li>\n<li>Realitzar\u00e0s la venda dels productes elaborats.<\/li>\n<\/ul>\n<p><a class=\"button normal\" style=\"padding: 1em; font-weight: 400; margin: 0.3em; color: white !important; background-color: #333333; border: none;\" href=\"https:\/\/agora.xtec.cat\/iabarcelona\/formacio\/pfi-programes-de-formacio-i-insercio\/preinscripcio-i-matricula-programes-de-formacio-i-insercio\/\" rel=\"noopener noreferrer\">Preinscripci\u00f3 i matr\u00edcula<\/a><\/p>\n<p>Sortides professionals<br \/>\nCom a Auxiliar en establiments&hellip;  <a href=\"https:\/\/agora.xtec.cat\/iabarcelona\/formacio\/pfi-programes-de-formacio-i-insercio\/programa-de-formacio-i-insercio-laboral-auxiliar-en-establiments-del-sector-carni\/\" title=\"Read Programa de formaci\u00f3 i inserci\u00f3 laboral Auxiliar en establiments del sector carni\">Llegeix m\u00e9s\u00bb<\/a><\/p>\n","protected":false},"author":1,"featured_media":0,"parent":564,"menu_order":1,"comment_status":"closed","ping_status":"closed","template":"page-templates\/side-menu.php","meta":{"_bbp_topic_count":0,"_bbp_reply_count":0,"_bbp_total_topic_count":0,"_bbp_total_reply_count":0,"_bbp_voice_count":0,"_bbp_anonymous_reply_count":0,"_bbp_topic_count_hidden":0,"_bbp_reply_count_hidden":0,"_bbp_forum_subforum_count":0,"footnotes":""},"class_list":["post-616","page","type-page","status-publish","hentry"],"post_mailing_queue_ids":[],"_links":{"self":[{"href":"https:\/\/agora.xtec.cat\/iabarcelona\/wp-json\/wp\/v2\/pages\/616","targetHints":{"allow":["GET"]}}],"collection":[{"href":"https:\/\/agora.xtec.cat\/iabarcelona\/wp-json\/wp\/v2\/pages"}],"about":[{"href":"https:\/\/agora.xtec.cat\/iabarcelona\/wp-json\/wp\/v2\/types\/page"}],"author":[{"embeddable":true,"href":"https:\/\/agora.xtec.cat\/iabarcelona\/wp-json\/wp\/v2\/users\/1"}],"replies":[{"embeddable":true,"href":"https:\/\/agora.xtec.cat\/iabarcelona\/wp-json\/wp\/v2\/comments?post=616"}],"version-history":[{"count":4,"href":"https:\/\/agora.xtec.cat\/iabarcelona\/wp-json\/wp\/v2\/pages\/616\/revisions"}],"predecessor-version":[{"id":989,"href":"https:\/\/agora.xtec.cat\/iabarcelona\/wp-json\/wp\/v2\/pages\/616\/revisions\/989"}],"up":[{"embeddable":true,"href":"https:\/\/agora.xtec.cat\/iabarcelona\/wp-json\/wp\/v2\/pages\/564"}],"wp:attachment":[{"href":"https:\/\/agora.xtec.cat\/iabarcelona\/wp-json\/wp\/v2\/media?parent=616"}],"curies":[{"name":"wp","href":"https:\/\/api.w.org\/{rel}","templated":true}]}}