{"id":566,"date":"2021-03-23T10:34:09","date_gmt":"2021-03-23T09:34:09","guid":{"rendered":"https:\/\/agora.xtec.cat\/iabarcelona\/?page_id=566"},"modified":"2024-05-15T19:25:44","modified_gmt":"2024-05-15T17:25:44","slug":"cfgm-cicles-formatius-grau-mitja","status":"publish","type":"page","link":"https:\/\/agora.xtec.cat\/iabarcelona\/formacio\/cfgm-cicles-formatius-grau-mitja\/","title":{"rendered":"CFGM (Cicles formatius grau mitj\u00e0)"},"content":{"rendered":"<ul>\n<li><a href=\"https:\/\/agora.xtec.cat\/iabarcelona\/formacio\/cfgm-cicles-formatius-grau-mitja\/cicle-formatiu-grau-mitja-elaboracio-de-productes-alimentaris\/\">Cicle Formatiu Grau Mitj\u00e0 Elaboraci\u00f3 de Productes Alimentaris<\/a><\/li>\n<li><a href=\"https:\/\/agora.xtec.cat\/iabarcelona\/formacio\/cfgm-cicles-formatius-grau-mitja\/cicle-formatiu-grau-mitja-forneria-pastisseria-i-confiteria\/\">Cicle Formatiu Grau Mitj\u00e0 Forneria, Pastisseria i Confiteria<\/a><\/li>\n<li><a href=\"https:\/\/agora.xtec.cat\/iabarcelona\/formacio\/cfgm-cicles-formatius-grau-mitja\/cicle-formatiu-grau-mitja-comercialitzacio-de-productes-alimentaris\/\">Cicle Formatiu Grau Mitj\u00e0 Comercialitzaci\u00f3 de Productes Alimentaris<\/a><\/li>\n<li><a href=\"https:\/\/agora.xtec.cat\/iabarcelona\/cicle-formatiu-grau-mitja-dolis-i-vins\/\">Cicle Formatiu Grau Mitj\u00e0 Olis i Vins<\/a><\/li>\n<li><\/li>\n<\/ul>\n<p><a href=\"https:\/\/agora.xtec.cat\/iabarcelona\/formacio\/cfgm-cicles-formatius-grau-mitja\/preinscripcio-i-matricula-cicles-formatius-de-grau-mitja\/\">Preinscripci\u00f3 i matr\u00edcula Cicles Formatius de Grau Mitj\u00e0<\/a><\/p>\n","protected":false},"excerpt":{"rendered":"<ul>\n<li><a href=\"https:\/\/agora.xtec.cat\/iabarcelona\/formacio\/cfgm-cicles-formatius-grau-mitja\/cicle-formatiu-grau-mitja-elaboracio-de-productes-alimentaris\/\">Cicle Formatiu Grau Mitj\u00e0 Elaboraci\u00f3 de Productes Alimentaris<\/a><\/li>\n<li><a href=\"https:\/\/agora.xtec.cat\/iabarcelona\/formacio\/cfgm-cicles-formatius-grau-mitja\/cicle-formatiu-grau-mitja-forneria-pastisseria-i-confiteria\/\">Cicle Formatiu Grau Mitj\u00e0 Forneria, Pastisseria i Confiteria<\/a><\/li>\n<li><a href=\"https:\/\/agora.xtec.cat\/iabarcelona\/formacio\/cfgm-cicles-formatius-grau-mitja\/cicle-formatiu-grau-mitja-comercialitzacio-de-productes-alimentaris\/\">Cicle Formatiu Grau Mitj\u00e0 Comercialitzaci\u00f3 de Productes Alimentaris<\/a><\/li>\n<li><a href=\"https:\/\/agora.xtec.cat\/iabarcelona\/cicle-formatiu-grau-mitja-dolis-i-vins\/\">Cicle Formatiu Grau Mitj\u00e0 Olis i Vins<\/a><\/li>\n<li><\/li>\n<\/ul>\n<p><a href=\"https:\/\/agora.xtec.cat\/iabarcelona\/formacio\/cfgm-cicles-formatius-grau-mitja\/preinscripcio-i-matricula-cicles-formatius-de-grau-mitja\/\">Preinscripci\u00f3 i matr\u00edcula Cicles Formatius de Grau Mitj\u00e0<\/a><\/p>\n","protected":false},"author":1,"featured_media":0,"parent":706,"menu_order":2,"comment_status":"closed","ping_status":"closed","template":"page-templates\/side-menu.php","meta":{"_bbp_topic_count":0,"_bbp_reply_count":0,"_bbp_total_topic_count":0,"_bbp_total_reply_count":0,"_bbp_voice_count":0,"_bbp_anonymous_reply_count":0,"_bbp_topic_count_hidden":0,"_bbp_reply_count_hidden":0,"_bbp_forum_subforum_count":0,"footnotes":""},"class_list":["post-566","page","type-page","status-publish","hentry"],"post_mailing_queue_ids":[],"_links":{"self":[{"href":"https:\/\/agora.xtec.cat\/iabarcelona\/wp-json\/wp\/v2\/pages\/566","targetHints":{"allow":["GET"]}}],"collection":[{"href":"https:\/\/agora.xtec.cat\/iabarcelona\/wp-json\/wp\/v2\/pages"}],"about":[{"href":"https:\/\/agora.xtec.cat\/iabarcelona\/wp-json\/wp\/v2\/types\/page"}],"author":[{"embeddable":true,"href":"https:\/\/agora.xtec.cat\/iabarcelona\/wp-json\/wp\/v2\/users\/1"}],"replies":[{"embeddable":true,"href":"https:\/\/agora.xtec.cat\/iabarcelona\/wp-json\/wp\/v2\/comments?post=566"}],"version-history":[{"count":5,"href":"https:\/\/agora.xtec.cat\/iabarcelona\/wp-json\/wp\/v2\/pages\/566\/revisions"}],"predecessor-version":[{"id":12860,"href":"https:\/\/agora.xtec.cat\/iabarcelona\/wp-json\/wp\/v2\/pages\/566\/revisions\/12860"}],"up":[{"embeddable":true,"href":"https:\/\/agora.xtec.cat\/iabarcelona\/wp-json\/wp\/v2\/pages\/706"}],"wp:attachment":[{"href":"https:\/\/agora.xtec.cat\/iabarcelona\/wp-json\/wp\/v2\/media?parent=566"}],"curies":[{"name":"wp","href":"https:\/\/api.w.org\/{rel}","templated":true}]}}