{"id":1636,"date":"2022-03-15T12:21:01","date_gmt":"2022-03-15T11:21:01","guid":{"rendered":"https:\/\/agora.xtec.cat\/iabarcelona\/?page_id=1636"},"modified":"2023-03-29T02:47:30","modified_gmt":"2023-03-29T00:47:30","slug":"preinscripcio-calendari-continuitat-gm","status":"publish","type":"page","link":"https:\/\/agora.xtec.cat\/iabarcelona\/preinscripcio-calendari-continuitat-gm\/","title":{"rendered":"Preinscripci\u00f3 &#8211; Calendari continu\u00eftat GM"},"content":{"rendered":"<table width=\"851\" cellspacing=\"0\" cellpadding=\"10\">\n<tbody>\n<tr>\n<td valign=\"top\" bgcolor=\"#87d0f3\" width=\"827\">\n<ol type=\"A\">\n<li>\n<p lang=\"ca\"><b>PREINSCRIPCI\u00d3 PER L\u2019ALUMNAT AMB CONTINU\u00cfTAT D\u2019ESCOLARITZACI\u00d3 <\/b><\/p>\n<\/li>\n<\/ol>\n<\/td>\n<\/tr>\n<\/tbody>\n<\/table>\n<p><strong>A1.- PUBLICACI\u00d3 OFERTA INICIAL PLACES: <\/strong>\u00a0<strong>11 de abril 2023<\/strong><\/p>\n<p>Publicaci\u00f3 del nombre de places escolars per centre i curs.<\/p>\n<p>&nbsp;<\/p>\n<p><strong>A2.- PRESENTACI\u00d3 DE SOL\u00b7LICITUDS: del 12 al 18 d\u2019abril 2023, ambd\u00f3s inclosos. Es pot presentar documentaci\u00f3 acreditativa fins al 19 d\u2019abril 2023. <\/strong><\/p>\n<p><strong>\u00a0<\/strong><\/p>\n<p>Poden participar en aquest proc\u00e9s:<\/p>\n<ul>\n<li>Alumnat que en el moment de presentar la sol\u00b7licitud est\u00e0 cursant 4t curs de l\u2019ESO en un centre ordinari, est\u00e0 cursant o ha cursat el GESO en el curs actual en un centre de formaci\u00f3 d\u2019adults o est\u00e0 escolaritzat en un sistema educatiu estranger en un nivell equivalent a 4t ESO. Tamb\u00e9 pot participar-hi l\u2019alumnat que en el moment de presentar la sol\u00b7licitud est\u00e0 cursant el primer curs de batxillerat.<\/li>\n<li>Alumnat que ha superat un programa de qualificaci\u00f3 professional inicial (PQPI) o de formaci\u00f3 professional b\u00e0sica. Per aquesta via tamb\u00e9 pot participar l\u2019alumnat que ha superat o est\u00e0 cursant un cicle formatiu de grau b\u00e0sic.<\/li>\n<li>Alumnat que ha cursat o est\u00e0 cursant en el moment de presentar la sol\u00b7licitud el curs de formaci\u00f3 espec\u00edfic per a l\u2019acc\u00e9s als cicles de grau mitj\u00e0, ha superat o est\u00e0 inscrit a la prova d\u2019acc\u00e9s (incl\u00f2s si n\u2019est\u00e0 exempt) o t\u00e9 altres requisits d\u2019acc\u00e9s i que durant l\u2019any de presentaci\u00f3 de la sol\u00b7licitud compleix, com a m\u00e0xim, 18 anys.<\/li>\n<\/ul>\n<p><strong>\u00a0<\/strong><\/p>\n<p><strong>Es molt important respectar les dates de presentaci\u00f3, perqu\u00e8 per aquests ensenyaments no s\u2019accepten sol\u00b7licituds fora de termini. <\/strong><\/p>\n<p><strong>Per aquest proc\u00e9s nom\u00e9s es pot demanar places per al primer curs. <\/strong><\/p>\n<p><strong>\u00a0<\/strong><\/p>\n<p><strong>A3.- PUBLICACI\u00d3 DE LA LLISTA PROVISIONAL DE SOL\u00b7LICITUDS ADMESES I EXCLOSES EN AQUEST PROC\u00c9S: 28 d\u2019abril 2023.<\/strong><\/p>\n<p>Es publica la llista provisional de sol\u00b7licituds admeses i excloses.<\/p>\n<p>&nbsp;<\/p>\n<p><strong>A4.- PRESENTACI\u00d3 RECLAMACI\u00d3 A L\u2019ADMISSI\u00d3 O EXCLUSI\u00d3 EN AQUEST PROC\u00c9S: del 28 d\u2019abril al 3 de maig 2023.<\/strong><\/p>\n<p>Presentaci\u00f3 de les reclamacions a l\u2019admissi\u00f3 o exclusi\u00f3 del proc\u00e9s usant l\u2019eina electr\u00f2nica per adjuntar les reclamacions.<\/p>\n<p>&nbsp;<\/p>\n<p><strong>A5.- PUBLICACI\u00d3 LLISTA DEFINITIVA DE SOL\u00b7LICITUDS ADMESES I EXCLOSES: \u00a08 de maig 2023.<\/strong><\/p>\n<p>Es publica la llista definitiva de sol\u00b7licituds admeses i excloses en aquest proc\u00e9s.<\/p>\n<p>&nbsp;<\/p>\n<p><strong>A6.- PUBLICACI\u00d3 DEL NOMBRE DE SOL\u00b7LICITUDS PRESENTADES AL CENTRE PER A CADA CICLE FORMATIU I TORN, EN PRIMERA PETICI\u00d3: \u00a08 de maig 2023.<\/strong><\/p>\n<p>Nombre de sol\u00b7licituds presentades al centre per cada cicle formatiu i torn, en primera petici\u00f3.<\/p>\n<p>&nbsp;<\/p>\n<p><strong>A7.- PUBLICACI\u00d3 LLISTA DE SOL\u00b7LICITUDS AMB PUNTUACI\u00d3 PROVISIONAL: \u00a031 de maig 2023 a partir de les 11 hores del mat\u00ed.<\/strong><\/p>\n<p>Un cop acabat el per\u00edode de presentaci\u00f3 de sol\u00b7licituds, els centres educatius estudien cadascuna de les peticions que han rebut (analitzen les dades, els criteris de prioritat que les fam\u00edlies demanen que es tinguin en compte, i els documents justificatius). Tot seguit, publiquen la <strong>llista de sol\u00b7licituds amb els barems provisionals<\/strong>. En aquesta llista hi ha les sol\u00b7licituds ordenades alfab\u00e8ticament amb la puntuaci\u00f3 que ha rebut cada sol\u00b7licitud en aplicar-hi el barem.<\/p>\n<p>&nbsp;<\/p>\n<p><strong>A8.- PRESENTACI\u00d3 DE RECLAMACIONS: \u00a0del 31 de maig al 7 de juny 2023.<\/strong><\/p>\n<p>Durant aquest per\u00edode, pots presentar una reclamaci\u00f3 a l\u2019admissi\u00f3 o exclusi\u00f3 d\u2019aquest proc\u00e9s (utilitzant l\u2019eina electr\u00f2nica per adjuntar reclamacions).<\/p>\n<p>&nbsp;<\/p>\n<p><strong>A9.- PUBLICACI\u00d3 DE LA LLISTA DE SOL\u00b7LICITUDS DE PREINSCRIPCI\u00d3 AMB LA PUNTUACI\u00d3 UN COP RESOLTES LES RECLAMACIONS: \u00a014 de juny 2023.<\/strong><\/p>\n<p>Un cop resoltes totes les reclamacions presentades, el centre publica la llista ordenada de sol\u00b7licituds amb la puntuaci\u00f3 i el n\u00famero de desempat corresponent.<\/p>\n<p>&nbsp;<\/p>\n<p><strong>A10.- SORTEIG N\u00daMERO DE DESEMPAT: \u00a014 de juny 2023, a les 11 hores (Serveis centrals del Departament d\u2019Educaci\u00f3 \u2013 Via Augusta, 202-226, Barcelona). <\/strong><\/p>\n<p>El nombre de places a cada centre \u00e9s limitat. Si el nombre de peticions supera el d\u2019alumnes que pot acollir el centre, cal aplicar un sistema de desempat entre sol\u00b7licituds amb mateixa puntuaci\u00f3. El n\u00famero del sorteig ordena totes les peticions empatades en punts, tenint en compte el n\u00famero de desempat que s\u2019ha assignat a cada sol\u00b7licitud.<\/p>\n<p><strong>\u00a0<\/strong><\/p>\n<p><strong>A11.- PUBLICACI\u00d3 LLISTA ORDENADA: \u00a020 de juny 2023. <\/strong><\/p>\n<p>Despr\u00e9s del sorteig, s\u2019elabora la llista de sol\u00b7licituds per a l\u2019assignaci\u00f3 de places. Per fer aquesta llista, en primer lloc es t\u00e9 en compte la puntuaci\u00f3 de criteris espec\u00edfics de prioritat, de m\u00e9s a menys.<\/p>\n<p>&nbsp;<\/p>\n<p><strong>A12.- PUBLICACI\u00d3 OFERTA FINAL: \u00a030 de juny 2023.<\/strong><\/p>\n<p>Publicaci\u00f3 del nombre definitiu de places per centre i curs, que \u00e9s, el que s\u2019utilitza per a l\u2019assignaci\u00f3 de places.<\/p>\n<p>&nbsp;<\/p>\n<p><strong>A13.- PUBLICACI\u00d3 LLISTA ALUMNES ADMESOS I LLISTA D\u2019ESPERA: \u00a030 de juny 2023.<\/strong><\/p>\n<p>Finalment, es publica la llista d\u2019alumnes admesos al centre i tamb\u00e9 la llista d\u2019espera.<\/p>\n<p>&nbsp;<\/p>\n<p><strong>A14.- PER\u00cdODE MATR\u00cdCULA ORDIN\u00c0RIA PER ALS ALUMNES PREINSCRITS AMB PLA\u00c7A ASSIGNADA: \u00a0del 3 al 7 de juliol 2023, ambd\u00f3s inclosos.<\/strong><\/p>\n<p>Un cop s\u2019ha publicat la llista final d\u2019alumnes admesos en cada centre, comen\u00e7a el per\u00edode de matriculaci\u00f3 dels preinscrits amb pla\u00e7a assignada.<\/p>\n<p>&nbsp;<\/p>\n<p><strong>A15.- ACTES P\u00daBLICS DE GESTI\u00d3 DE LA LLISTA D\u2019ESPERA A CADA CENTRE: \u00a020 de juliol 2023.<\/strong><\/p>\n<p>Si queden places vacants, el centre les ofereix en un acte p\u00fablic.<\/p>\n<p>&nbsp;<\/p>\n","protected":false},"excerpt":{"rendered":"<ol type=\"A\">\n<li>\nPREINSCRIPCI\u00d3 PER L\u2019ALUMNAT AMB CONTINU\u00cfTAT D\u2019ESCOLARITZACI\u00d3\n<\/li>\n<\/ol>\n<p>A1.- PUBLICACI\u00d3 OFERTA INICIAL PLACES: \u00a011 de abril 2023<br \/>\nPublicaci\u00f3 del nombre de places escolars per centre i curs.<br \/>\n&nbsp;<br \/>\nA2.- PRESENTACI\u00d3 DE SOL\u00b7LICITUDS: del 12 al 18 d\u2019abril 2023, ambd\u00f3s inclosos. Es pot presentar documentaci\u00f3 acreditativa fins al 19 d\u2019abril&hellip;  <a href=\"https:\/\/agora.xtec.cat\/iabarcelona\/preinscripcio-calendari-continuitat-gm\/\" title=\"Read Preinscripci\u00f3 &#8211; Calendari continu\u00eftat GM\">Llegeix m\u00e9s\u00bb<\/a><\/p>\n","protected":false},"author":1,"featured_media":0,"parent":0,"menu_order":0,"comment_status":"closed","ping_status":"closed","template":"","meta":{"_bbp_topic_count":0,"_bbp_reply_count":0,"_bbp_total_topic_count":0,"_bbp_total_reply_count":0,"_bbp_voice_count":0,"_bbp_anonymous_reply_count":0,"_bbp_topic_count_hidden":0,"_bbp_reply_count_hidden":0,"_bbp_forum_subforum_count":0,"footnotes":""},"class_list":["post-1636","page","type-page","status-publish","hentry"],"post_mailing_queue_ids":[],"_links":{"self":[{"href":"https:\/\/agora.xtec.cat\/iabarcelona\/wp-json\/wp\/v2\/pages\/1636","targetHints":{"allow":["GET"]}}],"collection":[{"href":"https:\/\/agora.xtec.cat\/iabarcelona\/wp-json\/wp\/v2\/pages"}],"about":[{"href":"https:\/\/agora.xtec.cat\/iabarcelona\/wp-json\/wp\/v2\/types\/page"}],"author":[{"embeddable":true,"href":"https:\/\/agora.xtec.cat\/iabarcelona\/wp-json\/wp\/v2\/users\/1"}],"replies":[{"embeddable":true,"href":"https:\/\/agora.xtec.cat\/iabarcelona\/wp-json\/wp\/v2\/comments?post=1636"}],"version-history":[{"count":3,"href":"https:\/\/agora.xtec.cat\/iabarcelona\/wp-json\/wp\/v2\/pages\/1636\/revisions"}],"predecessor-version":[{"id":2068,"href":"https:\/\/agora.xtec.cat\/iabarcelona\/wp-json\/wp\/v2\/pages\/1636\/revisions\/2068"}],"wp:attachment":[{"href":"https:\/\/agora.xtec.cat\/iabarcelona\/wp-json\/wp\/v2\/media?parent=1636"}],"curies":[{"name":"wp","href":"https:\/\/api.w.org\/{rel}","templated":true}]}}