{"id":1578,"date":"2022-03-13T16:13:31","date_gmt":"2022-03-13T15:13:31","guid":{"rendered":"https:\/\/agora.xtec.cat\/iabarcelona\/?page_id=1578"},"modified":"2022-03-13T16:41:42","modified_gmt":"2022-03-13T15:41:42","slug":"programa-de-formacio-i-insercio-laboral-auxiliar-en-establiments-de-peixateria-i-marisc","status":"publish","type":"page","link":"https:\/\/agora.xtec.cat\/iabarcelona\/formacio\/pfi-programes-de-formacio-i-insercio\/programa-de-formacio-i-insercio-laboral-auxiliar-en-establiments-de-peixateria-i-marisc\/","title":{"rendered":"Programa de formaci\u00f3 i inserci\u00f3 laboral Auxiliar en establiments de peixateria i marisc"},"content":{"rendered":"<p>A les instal\u00b7lacions del nostre Institut:<\/p>\n<ul>\n<li>Preparar\u00e0s i condicionar\u00e0s peces de peix i marisc<\/li>\n<li>Realitzar\u00e0s la venda dels productes<\/li>\n<\/ul>\n<p style=\"clear: both; margin-top: 40px; margin-bottom: 40px; text-align: center;\"><a class=\"button normal\" style=\"padding: 1em; font-weight: 400; margin: 0.3em; color: white !important; background-color: #333333; border: none;\" href=\"https:\/\/agora.xtec.cat\/iabarcelona\/formacio\/pfi-programes-de-formacio-i-insercio\/preinscripcio-i-matricula-programes-de-formacio-i-insercio\/\" rel=\"noopener noreferrer\">Preinscripci\u00f3 i matr\u00edcula<\/a><\/p>\n<hr \/>\n<h2>Sortides professionals<\/h2>\n<p>Com a Auxiliar en establiments del sector del peix i del marisc podr\u00e0s treballar en empreses dels sector, tant ind\u00fastries com petis obradors o botigues especialitzades fent tasques de preparaci\u00f3, elaboraci\u00f3 i comercialitzaci\u00f3 de productes del mar<\/p>\n<h2>Sortides acad\u00e8miques<\/h2>\n<p>Amb aquests estudis s\u2019obt\u00e9 el t\u00edtol d\u2019Auxiliar que permet l\u2019acc\u00e9s a Cicles Formatius de Grau Mitj\u00e0<\/p>\n<h2>Qu\u00e8 estudiar\u00e0s, contingut<\/h2>\n<ul>\n<li>Operacions Auxiliars en la Ind\u00fastria Aliment\u00e0ria<\/li>\n<li>Elaboraci\u00f3 de Productes Alimentaris del sector del peix i del marisc<\/li>\n<li>Operacions Auxiliars d&#8217;Emmagatzematge<\/li>\n<li>Operacions de Condicionament, Elaboraci\u00f3 i venda al detall de peix i marisc<\/li>\n<li>Formaci\u00f3 B\u00e0sica en Prevenci\u00f3 de Riscos Laborals<\/li>\n<li>Estrat\u00e8gies i Eines de Comunicaci\u00f3<\/li>\n<li>Entorn Social i Territorial<\/li>\n<li>Estrat\u00e8gies i Eines Matem\u00e0tiques<\/li>\n<li>Incorporaci\u00f3 al mon professional<\/li>\n<li>Projecte Integrat<\/li>\n<li>Formaci\u00f3 Pr\u00e0ctica en Empreses<\/li>\n<\/ul>\n<h2>Durada<\/h2>\n<p>Un curs<\/p>\n<h2>Tens m\u00e9s dubtes?<\/h2>\n<p>Si vols m\u00e9s informaci\u00f3, consulta el web del Departament d\u2019Educaci\u00f3 o envia\u2019ns un missatge mitjan\u00e7ant el <a href=\"https:\/\/agora.xtec.cat\/iabarcelona\/secretaria\/contacte\/\">formulari de contacte<\/a>.<\/p>\n","protected":false},"excerpt":{"rendered":"<p>A les instal\u00b7lacions del nostre Institut:<\/p>\n<ul>\n<li>Preparar\u00e0s i condicionar\u00e0s peces de peix i marisc<\/li>\n<li>Realitzar\u00e0s la venda dels productes<\/li>\n<\/ul>\n<p><a class=\"button normal\" style=\"padding: 1em; font-weight: 400; margin: 0.3em; color: white !important; background-color: #333333; border: none;\" href=\"https:\/\/agora.xtec.cat\/iabarcelona\/formacio\/pfi-programes-de-formacio-i-insercio\/preinscripcio-i-matricula-programes-de-formacio-i-insercio\/\" rel=\"noopener noreferrer\">Preinscripci\u00f3 i matr\u00edcula<\/a><\/p>\n<p>Sortides professionals<br \/>\nCom a Auxiliar en establiments del sector del&hellip;  <a href=\"https:\/\/agora.xtec.cat\/iabarcelona\/formacio\/pfi-programes-de-formacio-i-insercio\/programa-de-formacio-i-insercio-laboral-auxiliar-en-establiments-de-peixateria-i-marisc\/\" title=\"Read Programa de formaci\u00f3 i inserci\u00f3 laboral Auxiliar en establiments de peixateria i marisc\">Llegeix m\u00e9s\u00bb<\/a><\/p>\n","protected":false},"author":1,"featured_media":0,"parent":564,"menu_order":3,"comment_status":"closed","ping_status":"closed","template":"page-templates\/side-menu.php","meta":{"_bbp_topic_count":0,"_bbp_reply_count":0,"_bbp_total_topic_count":0,"_bbp_total_reply_count":0,"_bbp_voice_count":0,"_bbp_anonymous_reply_count":0,"_bbp_topic_count_hidden":0,"_bbp_reply_count_hidden":0,"_bbp_forum_subforum_count":0,"footnotes":""},"class_list":["post-1578","page","type-page","status-publish","hentry"],"post_mailing_queue_ids":[],"_links":{"self":[{"href":"https:\/\/agora.xtec.cat\/iabarcelona\/wp-json\/wp\/v2\/pages\/1578","targetHints":{"allow":["GET"]}}],"collection":[{"href":"https:\/\/agora.xtec.cat\/iabarcelona\/wp-json\/wp\/v2\/pages"}],"about":[{"href":"https:\/\/agora.xtec.cat\/iabarcelona\/wp-json\/wp\/v2\/types\/page"}],"author":[{"embeddable":true,"href":"https:\/\/agora.xtec.cat\/iabarcelona\/wp-json\/wp\/v2\/users\/1"}],"replies":[{"embeddable":true,"href":"https:\/\/agora.xtec.cat\/iabarcelona\/wp-json\/wp\/v2\/comments?post=1578"}],"version-history":[{"count":2,"href":"https:\/\/agora.xtec.cat\/iabarcelona\/wp-json\/wp\/v2\/pages\/1578\/revisions"}],"predecessor-version":[{"id":1582,"href":"https:\/\/agora.xtec.cat\/iabarcelona\/wp-json\/wp\/v2\/pages\/1578\/revisions\/1582"}],"up":[{"embeddable":true,"href":"https:\/\/agora.xtec.cat\/iabarcelona\/wp-json\/wp\/v2\/pages\/564"}],"wp:attachment":[{"href":"https:\/\/agora.xtec.cat\/iabarcelona\/wp-json\/wp\/v2\/media?parent=1578"}],"curies":[{"name":"wp","href":"https:\/\/api.w.org\/{rel}","templated":true}]}}