{"id":1544,"date":"2022-02-28T10:37:21","date_gmt":"2022-02-28T09:37:21","guid":{"rendered":"https:\/\/agora.xtec.cat\/iabarcelona\/?page_id=1544"},"modified":"2022-09-05T13:24:39","modified_gmt":"2022-09-05T11:24:39","slug":"documentacio2022-23","status":"publish","type":"page","link":"https:\/\/agora.xtec.cat\/iabarcelona\/documentacio2022-23\/","title":{"rendered":"Qu\u00e8 cal fer per matricular-se?"},"content":{"rendered":"<table style=\"border-collapse: collapse; width: 100%;\">\n<tbody>\n<tr>\n<td style=\"width: 53.3358%;\">\n<h4 style=\"text-align: left;\">Truqueu al tel\u00e8fon de l&#8217;escola o envieu correu electr\u00f2nic demanant informaci\u00f3<\/h4>\n<div class=\"tel\">Tel: 931939535<\/div>\n<div class=\"tel\">iabarcelona@xtec.cat<\/div>\n<p><a id=\"tar-mapa\" href=\"https:\/\/agora.xtec.cat\/iabarcelona\/linstitut\/on-som\/\">mapa<\/a>\u00a0<span class=\"pipe\">|<\/span>\u00a0<a id=\"tar-contacte\" href=\"https:\/\/agora.xtec.cat\/iabarcelona\/secretaria\/contacte\/\">contacte<\/a><\/p>\n<h2 style=\"text-align: left;\"><a href=\"https:\/\/agora.xtec.cat\/iabarcelona\/wp-content\/uploads\/usu2506\/2022\/03\/Presentacio-JPO.pdf\">Powerpoint Presentaci\u00f3 JPO<\/a><\/h2>\n<h4 style=\"text-align: left;\"><\/h4>\n<\/td>\n<td style=\"width: 46.6642%;\"><div style=\"width: 640px;\" class=\"wp-video\"><!--[if lt IE 9]><script>document.createElement('video');<\/script><![endif]-->\n<video class=\"wp-video-shortcode\" id=\"video-1544-1\" width=\"640\" height=\"360\" loop=\"1\" autoplay=\"1\" preload=\"metadata\" controls=\"controls\"><source type=\"video\/mp4\" src=\"https:\/\/agora.xtec.cat\/iabarcelona\/wp-content\/uploads\/usu2506\/2022\/03\/IAB-WEB.mp4?_=1\" \/><a href=\"https:\/\/agora.xtec.cat\/iabarcelona\/wp-content\/uploads\/usu2506\/2022\/03\/IAB-WEB.mp4\">https:\/\/agora.xtec.cat\/iabarcelona\/wp-content\/uploads\/usu2506\/2022\/03\/IAB-WEB.mp4<\/a><\/video><\/div><\/td>\n<\/tr>\n<\/tbody>\n<\/table>\n<p>&nbsp;<\/p>\n<table style=\"border-collapse: collapse; width: 100%; height: 1039px;\">\n<tbody>\n<tr style=\"height: 237px;\">\n<td style=\"width: 33.4663%; height: 237px;\">\n<h2 style=\"text-align: left;\"><strong>OFERTA FORMATIVA<\/strong><\/h2>\n<h2><\/h2>\n<p style=\"text-align: left;\"><a href=\"https:\/\/agora.xtec.cat\/iabarcelona\/wp-content\/uploads\/usu2506\/2022\/04\/FOLLETO-PDF.pdf\"><span style=\"font-size: large;\"><span style=\"color: #ff0000;\"><b>Cat\u00e0leg Oferta Formativa Completa<\/b><\/span><\/span><\/a><\/p>\n<\/td>\n<td style=\"width: 66.5337%; height: 237px;\">\n<h2><a href=\"https:\/\/agora.xtec.cat\/iabarcelona\/wp-content\/uploads\/usu2506\/2022\/04\/FOLLETO-PDF.pdf\"><img loading=\"lazy\" decoding=\"async\" class=\"wp-image-1753 aligncenter\" src=\"https:\/\/agora.xtec.cat\/iabarcelona\/wp-content\/uploads\/usu2506\/2022\/03\/imatgeoferta.jpg\" alt=\"\" width=\"154\" height=\"221\" srcset=\"https:\/\/agora.xtec.cat\/iabarcelona\/wp-content\/uploads\/usu2506\/2022\/03\/imatgeoferta.jpg 552w, https:\/\/agora.xtec.cat\/iabarcelona\/wp-content\/uploads\/usu2506\/2022\/03\/imatgeoferta-209x300.jpg 209w\" sizes=\"auto, (max-width: 154px) 100vw, 154px\" \/><\/a><\/h2>\n<\/td>\n<\/tr>\n<tr style=\"height: 117px;\">\n<td style=\"width: 33.4663%; height: 117px;\">\n<h6 style=\"text-align: left;\">PROGRAMES D\u2019INICIACI\u00d3 PROFESSIONAL<\/h6>\n<h6 style=\"text-align: left;\"><a href=\"https:\/\/agora.xtec.cat\/iabarcelona\/wp-content\/uploads\/usu2506\/2022\/04\/PFI-PIP-AUXILIAR-EN-ESTABLIMENTS-DEL-SECTOR-CARNI.pdf\">PFI-PIP Auxiliar en Establiments del Sector Carni<\/a><\/h6>\n<h6 style=\"text-align: left;\"><a href=\"https:\/\/agora.xtec.cat\/iabarcelona\/wp-content\/uploads\/usu2506\/2022\/03\/PFI-PIP-AUXILIAR-DE-PREPARACIO\u0301-I-COMERCIALITZACIO\u0301-DE-PEIX-I-MARISC.pdf\">PFI-PIP Auxiliar de Preparaci\u00f3 i Comercialitzaci\u00f3 de Peix i Marisc<\/a><\/h6>\n<h6 style=\"text-align: left;\"><a href=\"https:\/\/agora.xtec.cat\/iabarcelona\/wp-content\/uploads\/usu2506\/2022\/03\/PFI-PIP-AUXILIAR-DE-COMERCIALITZACIO\u0301-DE-PRODUCTES-I-LOGI\u0301STICA.pdf\">PFI-PIP Auxiliar en Comercialitzaci\u00f3 de Productes i Log\u00edstica<\/a><\/h6>\n<\/td>\n<td style=\"width: 66.5337%; height: 117px;\">\n<h2><a href=\"https:\/\/agora.xtec.cat\/iabarcelona\/wp-content\/uploads\/usu2506\/2022\/04\/PFI-PIP-AUXILIAR-EN-ESTABLIMENTS-DEL-SECTOR-CARNI.pdf\"><img loading=\"lazy\" decoding=\"async\" class=\"wp-image-1711 alignleft\" src=\"https:\/\/agora.xtec.cat\/iabarcelona\/wp-content\/uploads\/usu2506\/2022\/03\/Pictogrames-amb-titulacio-10-1024x538.png\" alt=\"\" width=\"232\" height=\"122\" srcset=\"https:\/\/agora.xtec.cat\/iabarcelona\/wp-content\/uploads\/usu2506\/2022\/03\/Pictogrames-amb-titulacio-10-1024x538.png 1024w, https:\/\/agora.xtec.cat\/iabarcelona\/wp-content\/uploads\/usu2506\/2022\/03\/Pictogrames-amb-titulacio-10-300x158.png 300w, https:\/\/agora.xtec.cat\/iabarcelona\/wp-content\/uploads\/usu2506\/2022\/03\/Pictogrames-amb-titulacio-10-768x404.png 768w, https:\/\/agora.xtec.cat\/iabarcelona\/wp-content\/uploads\/usu2506\/2022\/03\/Pictogrames-amb-titulacio-10.png 1269w\" sizes=\"auto, (max-width: 232px) 100vw, 232px\" \/><\/a><\/h2>\n<h2><a href=\"https:\/\/agora.xtec.cat\/iabarcelona\/wp-content\/uploads\/usu2506\/2022\/03\/PFI-PIP-AUXILIAR-DE-PREPARACIO%CC%81-I-COMERCIALITZACIO%CC%81-DE-PEIX-I-MARISC.pdf\"><img loading=\"lazy\" decoding=\"async\" class=\"wp-image-1714 alignleft\" src=\"https:\/\/agora.xtec.cat\/iabarcelona\/wp-content\/uploads\/usu2506\/2022\/03\/Pictogrames-amb-titulacio-07-1024x404.png\" alt=\"\" width=\"233\" height=\"92\" srcset=\"https:\/\/agora.xtec.cat\/iabarcelona\/wp-content\/uploads\/usu2506\/2022\/03\/Pictogrames-amb-titulacio-07-1024x404.png 1024w, https:\/\/agora.xtec.cat\/iabarcelona\/wp-content\/uploads\/usu2506\/2022\/03\/Pictogrames-amb-titulacio-07-300x118.png 300w, https:\/\/agora.xtec.cat\/iabarcelona\/wp-content\/uploads\/usu2506\/2022\/03\/Pictogrames-amb-titulacio-07-768x303.png 768w, https:\/\/agora.xtec.cat\/iabarcelona\/wp-content\/uploads\/usu2506\/2022\/03\/Pictogrames-amb-titulacio-07.png 1327w\" sizes=\"auto, (max-width: 233px) 100vw, 233px\" \/><\/a><\/h2>\n<h2><a href=\"https:\/\/agora.xtec.cat\/iabarcelona\/wp-content\/uploads\/usu2506\/2022\/03\/PFI-PIP-AUXILIAR-DE-COMERCIALITZACIO%CC%81-DE-PRODUCTES-I-LOGI%CC%81STICA.pdf\"><img loading=\"lazy\" decoding=\"async\" class=\"wp-image-1708 alignleft\" src=\"https:\/\/agora.xtec.cat\/iabarcelona\/wp-content\/uploads\/usu2506\/2022\/03\/editado-1024x468.png\" alt=\"\" width=\"231\" height=\"106\" srcset=\"https:\/\/agora.xtec.cat\/iabarcelona\/wp-content\/uploads\/usu2506\/2022\/03\/editado-1024x468.png 1024w, https:\/\/agora.xtec.cat\/iabarcelona\/wp-content\/uploads\/usu2506\/2022\/03\/editado-300x137.png 300w, https:\/\/agora.xtec.cat\/iabarcelona\/wp-content\/uploads\/usu2506\/2022\/03\/editado-768x351.png 768w, https:\/\/agora.xtec.cat\/iabarcelona\/wp-content\/uploads\/usu2506\/2022\/03\/editado.png 1285w\" sizes=\"auto, (max-width: 231px) 100vw, 231px\" \/><\/a><\/h2>\n<h2><\/h2>\n<h2><\/h2>\n<\/td>\n<\/tr>\n<tr style=\"height: 165px;\">\n<td style=\"width: 33.4663%; height: 165px;\">\n<h6 style=\"text-align: left;\"><span style=\"font-family: inherit; font-size: 1em;\"><br \/>\nCICLES FORMATIUS DE GRAU SUPERIOR<\/span> CICLES FORMATIUS DE GRAU MITJ\u00c0<br \/>\n<a href=\"https:\/\/agora.xtec.cat\/iabarcelona\/wp-content\/uploads\/usu2506\/2022\/03\/CFGM-D_ELABORACIO\u0301-DE-PRODUCTES-ALIMENTARIS.pdf\">CFGM Elaboraci\u00f3 de Productes Alimentaris<\/a><br \/>\n<a href=\"https:\/\/agora.xtec.cat\/iabarcelona\/wp-content\/uploads\/usu2506\/2022\/04\/CFGM-COMERCIALITZACIO-DE-PRODUCTES-ALIMENTARIS.pdf\">CFGM Comercialitzaci\u00f3 de Productes Alimentaris<\/a><br \/>\n<a href=\"https:\/\/agora.xtec.cat\/iabarcelona\/wp-content\/uploads\/usu2506\/2022\/04\/CFGM-FORNERIA-PASTISSERIA-I-CONFITERIA.pdf\">CFGM Forneria, Pastisseria i Confiteria<\/a><\/h6>\n<\/td>\n<td style=\"width: 66.5337%; height: 165px;\">\n<h2><a href=\"https:\/\/agora.xtec.cat\/iabarcelona\/wp-content\/uploads\/usu2506\/2022\/03\/CFGM-D_ELABORACIO%CC%81-DE-PRODUCTES-ALIMENTARIS.pdf\"><img loading=\"lazy\" decoding=\"async\" class=\"wp-image-1720 alignleft\" src=\"https:\/\/agora.xtec.cat\/iabarcelona\/wp-content\/uploads\/usu2506\/2022\/03\/Pictogrames-amb-titulacio-02-1024x470.png\" alt=\"\" width=\"233\" height=\"107\" srcset=\"https:\/\/agora.xtec.cat\/iabarcelona\/wp-content\/uploads\/usu2506\/2022\/03\/Pictogrames-amb-titulacio-02-1024x470.png 1024w, https:\/\/agora.xtec.cat\/iabarcelona\/wp-content\/uploads\/usu2506\/2022\/03\/Pictogrames-amb-titulacio-02-300x138.png 300w, https:\/\/agora.xtec.cat\/iabarcelona\/wp-content\/uploads\/usu2506\/2022\/03\/Pictogrames-amb-titulacio-02-768x352.png 768w, https:\/\/agora.xtec.cat\/iabarcelona\/wp-content\/uploads\/usu2506\/2022\/03\/Pictogrames-amb-titulacio-02.png 1280w\" sizes=\"auto, (max-width: 233px) 100vw, 233px\" \/><\/a><\/h2>\n<h2><a href=\"https:\/\/agora.xtec.cat\/iabarcelona\/wp-content\/uploads\/usu2506\/2022\/04\/CFGM-COMERCIALITZACIO-DE-PRODUCTES-ALIMENTARIS.pdf\"><img loading=\"lazy\" decoding=\"async\" class=\"alignleft wp-image-1716\" src=\"https:\/\/agora.xtec.cat\/iabarcelona\/wp-content\/uploads\/usu2506\/2022\/03\/Pictogrames-amb-titulacio-05-1024x434.png\" alt=\"\" width=\"231\" height=\"98\" srcset=\"https:\/\/agora.xtec.cat\/iabarcelona\/wp-content\/uploads\/usu2506\/2022\/03\/Pictogrames-amb-titulacio-05-1024x434.png 1024w, https:\/\/agora.xtec.cat\/iabarcelona\/wp-content\/uploads\/usu2506\/2022\/03\/Pictogrames-amb-titulacio-05-300x127.png 300w, https:\/\/agora.xtec.cat\/iabarcelona\/wp-content\/uploads\/usu2506\/2022\/03\/Pictogrames-amb-titulacio-05-768x325.png 768w, https:\/\/agora.xtec.cat\/iabarcelona\/wp-content\/uploads\/usu2506\/2022\/03\/Pictogrames-amb-titulacio-05.png 1301w\" sizes=\"auto, (max-width: 231px) 100vw, 231px\" \/><\/a><a href=\"https:\/\/agora.xtec.cat\/iabarcelona\/wp-content\/uploads\/usu2506\/2022\/04\/CFGM-FORNERIA-PASTISSERIA-I-CONFITERIA.pdf\"><img loading=\"lazy\" decoding=\"async\" class=\"alignnone wp-image-1713\" src=\"https:\/\/agora.xtec.cat\/iabarcelona\/wp-content\/uploads\/usu2506\/2022\/03\/Pictogrames-amb-titulacio-08-1024x453.png\" alt=\"\" width=\"235\" height=\"104\" srcset=\"https:\/\/agora.xtec.cat\/iabarcelona\/wp-content\/uploads\/usu2506\/2022\/03\/Pictogrames-amb-titulacio-08-1024x453.png 1024w, https:\/\/agora.xtec.cat\/iabarcelona\/wp-content\/uploads\/usu2506\/2022\/03\/Pictogrames-amb-titulacio-08-300x133.png 300w, https:\/\/agora.xtec.cat\/iabarcelona\/wp-content\/uploads\/usu2506\/2022\/03\/Pictogrames-amb-titulacio-08-768x339.png 768w, https:\/\/agora.xtec.cat\/iabarcelona\/wp-content\/uploads\/usu2506\/2022\/03\/Pictogrames-amb-titulacio-08.png 1224w\" sizes=\"auto, (max-width: 235px) 100vw, 235px\" \/><\/a><\/h2>\n<\/td>\n<\/tr>\n<tr style=\"height: 175px;\">\n<td style=\"width: 33.4663%; height: 175px;\"><strong><span style=\"font-family: inherit; font-size: 1em;\">CICLES FORMATIUS DE GRAU SUPERIOR<\/span>CICLES FORMATIUS DE GRAU SUPERIOR<\/strong><\/p>\n<p><strong><a href=\"https:\/\/agora.xtec.cat\/iabarcelona\/wp-content\/uploads\/usu2506\/2022\/03\/CFGS-DIETE\u0300TICA.pdf\">CFGS Diet\u00e8tica<\/a><\/strong><\/p>\n<p><a href=\"https:\/\/agora.xtec.cat\/iabarcelona\/wp-content\/uploads\/usu2506\/2022\/04\/CFGS-PROCESSOS-I-QUALITAT-A-LA-INDUSTRIA-ALIMENTARIA.pdf\"><strong>CFGS Processos i Qualitat en la Ind\u00fastria Aliment\u00e0ria<\/strong><\/a><\/td>\n<td style=\"width: 66.5337%; height: 175px;\">\n<h2><a href=\"https:\/\/agora.xtec.cat\/iabarcelona\/wp-content\/uploads\/usu2506\/2022\/03\/CFGS-DIETE%CC%80TICA.pdf\"><img loading=\"lazy\" decoding=\"async\" class=\"wp-image-1712 alignleft\" src=\"https:\/\/agora.xtec.cat\/iabarcelona\/wp-content\/uploads\/usu2506\/2022\/03\/Pictogrames-amb-titulacio-09-1024x513.png\" alt=\"\" width=\"239\" height=\"120\" srcset=\"https:\/\/agora.xtec.cat\/iabarcelona\/wp-content\/uploads\/usu2506\/2022\/03\/Pictogrames-amb-titulacio-09-1024x513.png 1024w, https:\/\/agora.xtec.cat\/iabarcelona\/wp-content\/uploads\/usu2506\/2022\/03\/Pictogrames-amb-titulacio-09-300x150.png 300w, https:\/\/agora.xtec.cat\/iabarcelona\/wp-content\/uploads\/usu2506\/2022\/03\/Pictogrames-amb-titulacio-09-768x385.png 768w, https:\/\/agora.xtec.cat\/iabarcelona\/wp-content\/uploads\/usu2506\/2022\/03\/Pictogrames-amb-titulacio-09.png 1195w\" sizes=\"auto, (max-width: 239px) 100vw, 239px\" \/><\/a><\/h2>\n<h2><a href=\"https:\/\/agora.xtec.cat\/iabarcelona\/wp-content\/uploads\/usu2506\/2022\/04\/CFGS-PROCESSOS-I-QUALITAT-A-LA-INDUSTRIA-ALIMENTARIA.pdf\"><img loading=\"lazy\" decoding=\"async\" class=\"wp-image-1719 alignleft\" src=\"https:\/\/agora.xtec.cat\/iabarcelona\/wp-content\/uploads\/usu2506\/2022\/03\/Pictogrames-amb-titulacio-03-1024x511.png\" alt=\"\" width=\"239\" height=\"119\" srcset=\"https:\/\/agora.xtec.cat\/iabarcelona\/wp-content\/uploads\/usu2506\/2022\/03\/Pictogrames-amb-titulacio-03-1024x511.png 1024w, https:\/\/agora.xtec.cat\/iabarcelona\/wp-content\/uploads\/usu2506\/2022\/03\/Pictogrames-amb-titulacio-03-300x150.png 300w, https:\/\/agora.xtec.cat\/iabarcelona\/wp-content\/uploads\/usu2506\/2022\/03\/Pictogrames-amb-titulacio-03-768x383.png 768w, https:\/\/agora.xtec.cat\/iabarcelona\/wp-content\/uploads\/usu2506\/2022\/03\/Pictogrames-amb-titulacio-03.png 1292w\" sizes=\"auto, (max-width: 239px) 100vw, 239px\" \/><\/a><\/h2>\n<\/td>\n<\/tr>\n<tr style=\"height: 172px;\">\n<td style=\"width: 33.4663%; height: 172px;\">\n<h6><span style=\"font-family: inherit; font-size: 1em;\">CERTIFICATS DE PROFESSIONALITAT<br \/>\n<a href=\"https:\/\/agora.xtec.cat\/iabarcelona\/wp-content\/uploads\/usu2506\/2022\/03\/CP-OPERACIONS-BA\u0300SIQUES-DE-PASTISSERIA.pdf\">CP Operacions B\u00e0siques de Pastisseria<\/a><\/span><\/h6>\n<h6><span style=\"font-family: inherit; font-size: 1em;\"><a href=\"https:\/\/agora.xtec.cat\/iabarcelona\/wp-content\/uploads\/usu2506\/2022\/03\/CP-CARNISSERIA-I-ELABORACIO\u0301-DE-PRODUCTES-CARNIS.pdf\">CP Carnisseria i Elaboraci\u00f3 de Productes Carnis<\/a><\/span><\/h6>\n<h6><span style=\"font-family: inherit; font-size: 1em;\"><a href=\"https:\/\/agora.xtec.cat\/iabarcelona\/wp-content\/uploads\/usu2506\/2022\/03\/CP-OPERACIONS-BA\u0300SIQUES-DE-CUINA.pdf\">CP Operacions B\u00e0siques de Cuina<\/a><br \/>\n<\/span><\/h6>\n<\/td>\n<td style=\"width: 66.5337%; height: 172px;\">\n<h2><a href=\"https:\/\/agora.xtec.cat\/iabarcelona\/wp-content\/uploads\/usu2506\/2022\/03\/CP-OPERACIONS-BA%CC%80SIQUES-DE-PASTISSERIA.pdf\"><img loading=\"lazy\" decoding=\"async\" class=\"wp-image-1717 alignleft\" src=\"https:\/\/agora.xtec.cat\/iabarcelona\/wp-content\/uploads\/usu2506\/2022\/03\/Pictogrames-amb-titulacio-04-1024x512.png\" alt=\"\" width=\"234\" height=\"117\" srcset=\"https:\/\/agora.xtec.cat\/iabarcelona\/wp-content\/uploads\/usu2506\/2022\/03\/Pictogrames-amb-titulacio-04-1024x512.png 1024w, https:\/\/agora.xtec.cat\/iabarcelona\/wp-content\/uploads\/usu2506\/2022\/03\/Pictogrames-amb-titulacio-04-300x150.png 300w, https:\/\/agora.xtec.cat\/iabarcelona\/wp-content\/uploads\/usu2506\/2022\/03\/Pictogrames-amb-titulacio-04-768x384.png 768w, https:\/\/agora.xtec.cat\/iabarcelona\/wp-content\/uploads\/usu2506\/2022\/03\/Pictogrames-amb-titulacio-04.png 1211w\" sizes=\"auto, (max-width: 234px) 100vw, 234px\" \/><\/a><\/h2>\n<h2><a href=\"https:\/\/agora.xtec.cat\/iabarcelona\/wp-content\/uploads\/usu2506\/2022\/03\/CP-CARNISSERIA-I-ELABORACIO%CC%81-DE-PRODUCTES-CARNIS.pdf\"><img loading=\"lazy\" decoding=\"async\" class=\"wp-image-1718 alignleft\" src=\"https:\/\/agora.xtec.cat\/iabarcelona\/wp-content\/uploads\/usu2506\/2022\/03\/Pictogrames-amb-titulacio-12-1024x417.png\" alt=\"\" width=\"238\" height=\"97\" srcset=\"https:\/\/agora.xtec.cat\/iabarcelona\/wp-content\/uploads\/usu2506\/2022\/03\/Pictogrames-amb-titulacio-12-1024x417.png 1024w, https:\/\/agora.xtec.cat\/iabarcelona\/wp-content\/uploads\/usu2506\/2022\/03\/Pictogrames-amb-titulacio-12-300x122.png 300w, https:\/\/agora.xtec.cat\/iabarcelona\/wp-content\/uploads\/usu2506\/2022\/03\/Pictogrames-amb-titulacio-12-768x313.png 768w, https:\/\/agora.xtec.cat\/iabarcelona\/wp-content\/uploads\/usu2506\/2022\/03\/Pictogrames-amb-titulacio-12.png 1311w\" sizes=\"auto, (max-width: 238px) 100vw, 238px\" \/><\/a><\/h2>\n<h2><a href=\"https:\/\/agora.xtec.cat\/iabarcelona\/wp-content\/uploads\/usu2506\/2022\/03\/CP-OPERACIONS-BA%CC%80SIQUES-DE-CUINA.pdf\"><img loading=\"lazy\" decoding=\"async\" class=\"wp-image-1709 alignleft\" src=\"https:\/\/agora.xtec.cat\/iabarcelona\/wp-content\/uploads\/usu2506\/2022\/03\/Pictogrames-amb-titulacio-13-1024x400.png\" alt=\"\" width=\"235\" height=\"92\" srcset=\"https:\/\/agora.xtec.cat\/iabarcelona\/wp-content\/uploads\/usu2506\/2022\/03\/Pictogrames-amb-titulacio-13-1024x400.png 1024w, https:\/\/agora.xtec.cat\/iabarcelona\/wp-content\/uploads\/usu2506\/2022\/03\/Pictogrames-amb-titulacio-13-300x117.png 300w, https:\/\/agora.xtec.cat\/iabarcelona\/wp-content\/uploads\/usu2506\/2022\/03\/Pictogrames-amb-titulacio-13-768x300.png 768w, https:\/\/agora.xtec.cat\/iabarcelona\/wp-content\/uploads\/usu2506\/2022\/03\/Pictogrames-amb-titulacio-13.png 1307w\" sizes=\"auto, (max-width: 235px) 100vw, 235px\" \/><\/a><\/h2>\n<h2><\/h2>\n<\/td>\n<\/tr>\n<tr style=\"height: 173px;\">\n<td style=\"width: 33.4663%; height: 173px;\">\n<h6><span style=\"font-family: inherit; font-size: 1em;\">CURSOS D\u2019ESPECIALITZACI\u00d3<br \/>\n<a href=\"https:\/\/agora.xtec.cat\/iabarcelona\/wp-content\/uploads\/usu2506\/2022\/03\/CE-FORNERIA-I-BRIOXERIA-ARTESANAL.pdf\">CE Forneria i Brioixeria Artesanal<\/a><\/span><\/h6>\n<\/td>\n<td style=\"width: 66.5337%; height: 173px;\">\n<h2><a href=\"https:\/\/agora.xtec.cat\/iabarcelona\/wp-content\/uploads\/usu2506\/2022\/03\/CE-FORNERIA-I-BRIOXERIA-ARTESANAL.pdf\"><img loading=\"lazy\" decoding=\"async\" class=\"alignnone wp-image-1710\" src=\"https:\/\/agora.xtec.cat\/iabarcelona\/wp-content\/uploads\/usu2506\/2022\/03\/Pictogrames-amb-titulacio-11-1024x473.png\" alt=\"\" width=\"264\" height=\"122\" srcset=\"https:\/\/agora.xtec.cat\/iabarcelona\/wp-content\/uploads\/usu2506\/2022\/03\/Pictogrames-amb-titulacio-11-1024x473.png 1024w, https:\/\/agora.xtec.cat\/iabarcelona\/wp-content\/uploads\/usu2506\/2022\/03\/Pictogrames-amb-titulacio-11-300x138.png 300w, https:\/\/agora.xtec.cat\/iabarcelona\/wp-content\/uploads\/usu2506\/2022\/03\/Pictogrames-amb-titulacio-11-768x354.png 768w, https:\/\/agora.xtec.cat\/iabarcelona\/wp-content\/uploads\/usu2506\/2022\/03\/Pictogrames-amb-titulacio-11.png 1287w\" sizes=\"auto, (max-width: 264px) 100vw, 264px\" \/><\/a><\/h2>\n<\/td>\n<\/tr>\n<\/tbody>\n<\/table>\n<p><span style=\"color: #ff0000; font-size: large;\"><b>CARTELL PROMOCIONAL DE L&#8217;IAB<\/b><\/span><\/p>\n<table style=\"border-collapse: collapse; width: 100%;\">\n<tbody>\n<tr>\n<td style=\"width: 50%;\"><a href=\"https:\/\/agora.xtec.cat\/iabarcelona\/wp-content\/uploads\/usu2506\/2022\/03\/imatgeoferta.jpg\"><img loading=\"lazy\" decoding=\"async\" class=\"alignnone wp-image-1753\" src=\"https:\/\/agora.xtec.cat\/iabarcelona\/wp-content\/uploads\/usu2506\/2022\/03\/imatgeoferta.jpg\" alt=\"\" width=\"388\" height=\"557\" srcset=\"https:\/\/agora.xtec.cat\/iabarcelona\/wp-content\/uploads\/usu2506\/2022\/03\/imatgeoferta.jpg 552w, https:\/\/agora.xtec.cat\/iabarcelona\/wp-content\/uploads\/usu2506\/2022\/03\/imatgeoferta-209x300.jpg 209w\" sizes=\"auto, (max-width: 388px) 100vw, 388px\" \/><\/a><\/td>\n<td style=\"width: 50%;\"><a href=\"https:\/\/agora.xtec.cat\/iabarcelona\/wp-content\/uploads\/usu2506\/2022\/03\/FLYER-TV-03-scaled.jpg\"><img loading=\"lazy\" decoding=\"async\" class=\"alignnone wp-image-1759\" src=\"https:\/\/agora.xtec.cat\/iabarcelona\/wp-content\/uploads\/usu2506\/2022\/03\/FLYER-TV-03-724x1024.jpg\" alt=\"\" width=\"371\" height=\"525\" srcset=\"https:\/\/agora.xtec.cat\/iabarcelona\/wp-content\/uploads\/usu2506\/2022\/03\/FLYER-TV-03-724x1024.jpg 724w, https:\/\/agora.xtec.cat\/iabarcelona\/wp-content\/uploads\/usu2506\/2022\/03\/FLYER-TV-03-212x300.jpg 212w, https:\/\/agora.xtec.cat\/iabarcelona\/wp-content\/uploads\/usu2506\/2022\/03\/FLYER-TV-03-768x1086.jpg 768w, https:\/\/agora.xtec.cat\/iabarcelona\/wp-content\/uploads\/usu2506\/2022\/03\/FLYER-TV-03-1086x1536.jpg 1086w, https:\/\/agora.xtec.cat\/iabarcelona\/wp-content\/uploads\/usu2506\/2022\/03\/FLYER-TV-03-1449x2048.jpg 1449w, https:\/\/agora.xtec.cat\/iabarcelona\/wp-content\/uploads\/usu2506\/2022\/03\/FLYER-TV-03-scaled.jpg 1811w\" sizes=\"auto, (max-width: 371px) 100vw, 371px\" \/><\/a><\/td>\n<\/tr>\n<\/tbody>\n<\/table>\n<h2><strong>Emisi\u00f3 de BeteV\u00e9 mar\u00e7 2020<\/strong><\/h2>\n<p><a href=\"https:\/\/beteve.cat\/societat\/institut-aliments-barcelona-fp-mercabarna\/\">https:\/\/beteve.cat\/societat\/institut-aliments-barcelona-fp-mercabarna\/<\/a><br \/>\n<iframe loading=\"lazy\" src=\"https:\/\/cdnapisec.kaltura.com\/p\/2346171\/sp\/234617100\/embedIframeJs\/uiconf_id\/42600891\/partner_id\/2346171?iframeembed=true&amp;playerId=1_mzzbj4fn&amp;entry_id=1_mzzbj4fn&amp;flashvars[streamerType]=auto\" width=\"940\" height=\"529\" frameborder=\"0\" allowfullscreen=\"allowfullscreen\"><\/iframe><\/p>\n<h2><a href=\"https:\/\/agora.xtec.cat\/iabarcelona\/wp-content\/uploads\/usu2506\/2022\/04\/INFORME_OFERTA_OME.pdf\">PLACES VACANTS<\/a><\/h2>\n<h2>Matr\u00edcula (PROPERAMENT)<\/h2>\n","protected":false},"excerpt":{"rendered":"<p>Truqueu al tel\u00e8fon de l&#8217;escola o envieu correu electr\u00f2nic demanant informaci\u00f3<br \/>\nTel: 931939535<br \/>\niabarcelona@xtec.cat<br \/>\n<a id=\"tar-mapa\" href=\"https:\/\/agora.xtec.cat\/iabarcelona\/linstitut\/on-som\/\">mapa<\/a>\u00a0|\u00a0<a id=\"tar-contacte\" href=\"https:\/\/agora.xtec.cat\/iabarcelona\/secretaria\/contacte\/\">contacte<\/a><br \/>\n<a href=\"https:\/\/agora.xtec.cat\/iabarcelona\/wp-content\/uploads\/usu2506\/2022\/03\/Presentacio-JPO.pdf\">Powerpoint Presentaci\u00f3 JPO<\/a><\/p>\n<p><a href=\"https:\/\/agora.xtec.cat\/iabarcelona\/wp-content\/uploads\/usu2506\/2022\/03\/IAB-WEB.mp4\">https:\/\/agora.xtec.cat\/iabarcelona\/wp-content\/uploads\/usu2506\/2022\/03\/IAB-WEB.mp4<\/a><\/p>\n<p>&nbsp;<\/p>\n<p>OFERTA FORMATIVA<\/p>\n<p><a href=\"https:\/\/agora.xtec.cat\/iabarcelona\/wp-content\/uploads\/usu2506\/2022\/04\/FOLLETO-PDF.pdf\">Cat\u00e0leg Oferta Formativa Completa<\/a><\/p>\n<p><a href=\"https:\/\/agora.xtec.cat\/iabarcelona\/wp-content\/uploads\/usu2506\/2022\/04\/FOLLETO-PDF.pdf\"><\/a><\/p>\n<p>PROGRAMES D\u2019INICIACI\u00d3 PROFESSIONAL<br \/>\n<a href=\"https:\/\/agora.xtec.cat\/iabarcelona\/wp-content\/uploads\/usu2506\/2022\/04\/PFI-PIP-AUXILIAR-EN-ESTABLIMENTS-DEL-SECTOR-CARNI.pdf\">PFI-PIP Auxiliar en Establiments del Sector Carni<\/a><br \/>\n<a href=\"https:\/\/agora.xtec.cat\/iabarcelona\/wp-content\/uploads\/usu2506\/2022\/03\/PFI-PIP-AUXILIAR-DE-PREPARACIO\u0301-I-COMERCIALITZACIO\u0301-DE-PEIX-I-MARISC.pdf\">PFI-PIP Auxiliar de Preparaci\u00f3 i Comercialitzaci\u00f3 de Peix i Marisc<\/a><br \/>\n<a&hellip;  <a href=\"https:\/\/agora.xtec.cat\/iabarcelona\/documentacio2022-23\/\" title=\"Read Qu\u00e8 cal fer per matricular-se?\">Llegeix m\u00e9s\u00bb<\/a><\/p>\n","protected":false},"author":1,"featured_media":0,"parent":0,"menu_order":0,"comment_status":"closed","ping_status":"closed","template":"","meta":{"_bbp_topic_count":0,"_bbp_reply_count":0,"_bbp_total_topic_count":0,"_bbp_total_reply_count":0,"_bbp_voice_count":0,"_bbp_anonymous_reply_count":0,"_bbp_topic_count_hidden":0,"_bbp_reply_count_hidden":0,"_bbp_forum_subforum_count":0,"footnotes":""},"class_list":["post-1544","page","type-page","status-publish","hentry"],"post_mailing_queue_ids":[],"_links":{"self":[{"href":"https:\/\/agora.xtec.cat\/iabarcelona\/wp-json\/wp\/v2\/pages\/1544","targetHints":{"allow":["GET"]}}],"collection":[{"href":"https:\/\/agora.xtec.cat\/iabarcelona\/wp-json\/wp\/v2\/pages"}],"about":[{"href":"https:\/\/agora.xtec.cat\/iabarcelona\/wp-json\/wp\/v2\/types\/page"}],"author":[{"embeddable":true,"href":"https:\/\/agora.xtec.cat\/iabarcelona\/wp-json\/wp\/v2\/users\/1"}],"replies":[{"embeddable":true,"href":"https:\/\/agora.xtec.cat\/iabarcelona\/wp-json\/wp\/v2\/comments?post=1544"}],"version-history":[{"count":4,"href":"https:\/\/agora.xtec.cat\/iabarcelona\/wp-json\/wp\/v2\/pages\/1544\/revisions"}],"predecessor-version":[{"id":1904,"href":"https:\/\/agora.xtec.cat\/iabarcelona\/wp-json\/wp\/v2\/pages\/1544\/revisions\/1904"}],"wp:attachment":[{"href":"https:\/\/agora.xtec.cat\/iabarcelona\/wp-json\/wp\/v2\/media?parent=1544"}],"curies":[{"name":"wp","href":"https:\/\/api.w.org\/{rel}","templated":true}]}}