{"id":1491,"date":"2021-12-14T17:49:50","date_gmt":"2021-12-14T16:49:50","guid":{"rendered":"https:\/\/agora.xtec.cat\/iabarcelona\/?page_id=1491"},"modified":"2022-03-26T13:35:09","modified_gmt":"2022-03-26T12:35:09","slug":"treballs-alumnat","status":"publish","type":"page","link":"https:\/\/agora.xtec.cat\/iabarcelona\/treballs-alumnat\/","title":{"rendered":"Treballs alumnat"},"content":{"rendered":"<p>&nbsp;<\/p>\n<table style=\"border-collapse: collapse; width: 100%;\">\n<tbody>\n<tr>\n<td style=\"width: 100%;\">\n<h2>Alumnat 1r de diet\u00e8tica. Men\u00fa de nadal<\/h2>\n<h6><a href=\"https:\/\/agora.xtec.cat\/iabarcelona\/wp-content\/uploads\/usu2506\/2021\/12\/FOR-DE-CARXOFA-I-GAMBES.pdf\">FOR DE CARXOFA I GAMBES<\/a><\/h6>\n<h6><a href=\"https:\/\/agora.xtec.cat\/iabarcelona\/wp-content\/uploads\/usu2506\/2021\/12\/ESCUDELLA-A-LA-NOVA-TRADICIO.pdf\">ESCUDELLA A LA NOVA TRADICI\u00d3<\/a><\/h6>\n<h6><a href=\"https:\/\/agora.xtec.cat\/iabarcelona\/wp-content\/uploads\/usu2506\/2021\/12\/ELS-NOUS-CANALONS.pdf\">ELS NOUS CANALONS<\/a><\/h6>\n<h6><a href=\"https:\/\/agora.xtec.cat\/iabarcelona\/wp-content\/uploads\/usu2506\/2021\/12\/CALAMARS-FARCITS.pdf\">CALAMARS FARCITS<\/a><\/h6>\n<h6><a href=\"https:\/\/agora.xtec.cat\/iabarcelona\/wp-content\/uploads\/usu2506\/2021\/12\/TORRO-AMB-PASTIS-DE-FORMATGE.pdf\">TORR\u00d3 AMB PAST\u00cdS DE FORMATGE<\/a><\/h6>\n<h6><a href=\"https:\/\/agora.xtec.cat\/iabarcelona\/wp-content\/uploads\/usu2506\/2021\/12\/TRONC-DE-NADAL.pdf\">TRONC DE NADAL<\/a><\/h6>\n<h6><a href=\"https:\/\/agora.xtec.cat\/iabarcelona\/wp-content\/uploads\/usu2506\/2021\/12\/POSTER.pdf\">P\u00d2STER DE LES RECEPTES<\/a><\/h6>\n<h2>Alumnat 2n Processos i Qualitat a la Ind\u00fastria Aliment\u00e0ria<\/h2>\n<p><b>L&#8217; alumnat de 2n del cicle superior de Processos i qualitat a la ind\u00fastria aliment\u00e0ria han aplicat les an\u00e0lisis microbiol\u00f2giques que indica el RD 140\/2003 sobre el control de l&#8217;aigua potable.<\/b><b>S&#8217;han mostrejat diferents aixetes de l&#8217;institut i de pous propers a Barcelona i s&#8217;ha fet la mesura de MAT (mes\u00f2fils aerobis totals), Clostridium, enterococs i coliforms esperant complir el l\u00edmits marcats per la normativa.<\/b><b>Aquesta \u00e9s una an\u00e0lisi habitual a la ind\u00fastria aliment\u00e0ria per a garantitzar que l&#8217;aigua utilitzada en els processos de producci\u00f3 \u00e9s apta pel consum.<\/b><b>L&#8217;alumnat ha utilitzat posters cient\u00edfics per plasmar els resultats de les analitiques realitzades als laboratoris de l&#8217;institut.<\/b><\/p>\n<p>&nbsp;<\/p>\n<p><a href=\"https:\/\/agora.xtec.cat\/iabarcelona\/wp-content\/uploads\/usu2506\/2022\/03\/Poster-Practiques-control-microbiologic-daigues.pdf\">P\u00f2ster Pr\u00e0ctiques control microbiol\u00f2gic d&#8217;aig\u00fces 1<\/a><\/p>\n<p><a href=\"https:\/\/agora.xtec.cat\/iabarcelona\/wp-content\/uploads\/usu2506\/2022\/03\/Poster-Practiques-control-microbiologic-daigues.pdf\">P\u00f2ster Pr\u00e0ctiques control microbiol\u00f2gic d&#8217;aig\u00fces<\/a><a href=\"https:\/\/agora.xtec.cat\/iabarcelona\/wp-content\/uploads\/usu2506\/2022\/03\/POSTER-PRACTIQUES-CONTROL-DAIGUES.pdf\"> 2<\/a><\/p>\n<p><a href=\"https:\/\/agora.xtec.cat\/iabarcelona\/wp-content\/uploads\/usu2506\/2022\/03\/Poster-Practiques-control-microbiologic-daigues.pdf\">P\u00f2ster Pr\u00e0ctiques control microbiol\u00f2gic d&#8217;aig\u00fces 3<\/a><\/td>\n<\/tr>\n<\/tbody>\n<\/table>\n<p>&nbsp;<\/p>\n","protected":false},"excerpt":{"rendered":"<p>&nbsp;<\/p>\n<p>Alumnat 1r de diet\u00e8tica. Men\u00fa de nadal<br \/>\n<a href=\"https:\/\/agora.xtec.cat\/iabarcelona\/wp-content\/uploads\/usu2506\/2021\/12\/FOR-DE-CARXOFA-I-GAMBES.pdf\">FOR DE CARXOFA I GAMBES<\/a><br \/>\n<a href=\"https:\/\/agora.xtec.cat\/iabarcelona\/wp-content\/uploads\/usu2506\/2021\/12\/ESCUDELLA-A-LA-NOVA-TRADICIO.pdf\">ESCUDELLA A LA NOVA TRADICI\u00d3<\/a><br \/>\n<a href=\"https:\/\/agora.xtec.cat\/iabarcelona\/wp-content\/uploads\/usu2506\/2021\/12\/ELS-NOUS-CANALONS.pdf\">ELS NOUS CANALONS<\/a><br \/>\n<a href=\"https:\/\/agora.xtec.cat\/iabarcelona\/wp-content\/uploads\/usu2506\/2021\/12\/CALAMARS-FARCITS.pdf\">CALAMARS FARCITS<\/a><br \/>\n<a href=\"https:\/\/agora.xtec.cat\/iabarcelona\/wp-content\/uploads\/usu2506\/2021\/12\/TORRO-AMB-PASTIS-DE-FORMATGE.pdf\">TORR\u00d3 AMB PAST\u00cdS DE FORMATGE<\/a><br \/>\n<a href=\"https:\/\/agora.xtec.cat\/iabarcelona\/wp-content\/uploads\/usu2506\/2021\/12\/TRONC-DE-NADAL.pdf\">TRONC DE NADAL<\/a><br \/>\n<a href=\"https:\/\/agora.xtec.cat\/iabarcelona\/wp-content\/uploads\/usu2506\/2021\/12\/POSTER.pdf\">P\u00d2STER DE LES RECEPTES<\/a><br \/>\nAlumnat 2n Processos i Qualitat a la Ind\u00fastria Aliment\u00e0ria<br \/>\nL&#8217; alumnat de 2n&hellip;  <a href=\"https:\/\/agora.xtec.cat\/iabarcelona\/treballs-alumnat\/\" title=\"Read Treballs alumnat\">Llegeix m\u00e9s\u00bb<\/a><\/p>\n","protected":false},"author":1,"featured_media":0,"parent":0,"menu_order":0,"comment_status":"closed","ping_status":"closed","template":"","meta":{"_bbp_topic_count":0,"_bbp_reply_count":0,"_bbp_total_topic_count":0,"_bbp_total_reply_count":0,"_bbp_voice_count":0,"_bbp_anonymous_reply_count":0,"_bbp_topic_count_hidden":0,"_bbp_reply_count_hidden":0,"_bbp_forum_subforum_count":0,"footnotes":""},"class_list":["post-1491","page","type-page","status-publish","hentry"],"post_mailing_queue_ids":[],"_links":{"self":[{"href":"https:\/\/agora.xtec.cat\/iabarcelona\/wp-json\/wp\/v2\/pages\/1491","targetHints":{"allow":["GET"]}}],"collection":[{"href":"https:\/\/agora.xtec.cat\/iabarcelona\/wp-json\/wp\/v2\/pages"}],"about":[{"href":"https:\/\/agora.xtec.cat\/iabarcelona\/wp-json\/wp\/v2\/types\/page"}],"author":[{"embeddable":true,"href":"https:\/\/agora.xtec.cat\/iabarcelona\/wp-json\/wp\/v2\/users\/1"}],"replies":[{"embeddable":true,"href":"https:\/\/agora.xtec.cat\/iabarcelona\/wp-json\/wp\/v2\/comments?post=1491"}],"version-history":[{"count":4,"href":"https:\/\/agora.xtec.cat\/iabarcelona\/wp-json\/wp\/v2\/pages\/1491\/revisions"}],"predecessor-version":[{"id":1752,"href":"https:\/\/agora.xtec.cat\/iabarcelona\/wp-json\/wp\/v2\/pages\/1491\/revisions\/1752"}],"wp:attachment":[{"href":"https:\/\/agora.xtec.cat\/iabarcelona\/wp-json\/wp\/v2\/media?parent=1491"}],"curies":[{"name":"wp","href":"https:\/\/api.w.org\/{rel}","templated":true}]}}