{"id":13310,"date":"2025-06-02T09:52:17","date_gmt":"2025-06-02T07:52:17","guid":{"rendered":"https:\/\/agora.xtec.cat\/iabarcelona\/?page_id=13310"},"modified":"2026-03-24T19:04:33","modified_gmt":"2026-03-24T18:04:33","slug":"matriculacio","status":"publish","type":"page","link":"https:\/\/agora.xtec.cat\/iabarcelona\/secretaria\/matriculacio\/","title":{"rendered":"Matriculaci\u00f3"},"content":{"rendered":"<p dir=\"ltr\">L\u2019alumnat assignat a l&#8217;Institut dels Aliments de Barcelona per cursar un cicle formatiu, haur\u00e0 de realitzar la matr\u00edcula a la pla\u00e7a assignada dins del per\u00edode establert.<\/p>\n<p>L&#8217;alumnat que ja ha cursat primer amb nosaltres i es vol matricular del nou curs \u00e9s considerat alumnat de continu\u00eftat i cal que faci els tr\u00e0mits en les dates marcada.<\/p>\n<p dir=\"ltr\">El proc\u00e9s de matr\u00edcula \u00e9s totalment<strong> online<\/strong>.<\/p>\n<p dir=\"ltr\"><a href=\"https:\/\/secretaria.institutaliments.barcelona\/matricula\/portal\/68085ea8c32f9f44f4b8d59b\">ENLLA\u00c7 MATR\u00cdCULA GRAU MITJ\u00c0<\/a><\/p>\n<p dir=\"ltr\"><a href=\"https:\/\/secretaria.institutaliments.barcelona\/matricula\/portal\/68085e97c32f9f44f4b8d59a\">ENLLA\u00c7 MATR\u00cdCULA GRAU SUPERIOR<\/a><\/p>\n<p dir=\"ltr\"><a href=\"https:\/\/secretaria.institutaliments.barcelona\/matricula\/portal\/685925c708753639cc6800e2\">ENLLA\u00c7 MATR\u00cdCULA \u00a0PFI<\/a><\/p>\n<p dir=\"ltr\"><a href=\"https:\/\/secretaria.institutaliments.barcelona\/matricula\/portal\/686e7406a377fa461d1abfdd\">ENLLA\u00c7 MATR\u00cdCULA \u00a0CURS ESPECIALITZACI\u00d3<\/a><\/p>\n<ul>\n<li dir=\"ltr\"><strong>Quan \u00e9s la matr\u00edcula?<\/strong><\/li>\n<\/ul>\n<p dir=\"ltr\"><strong>Preinscripci\u00f3 Curs Especialitzaci\u00f3:<\/strong> 25 juny al 3 juliol de 2026<\/p>\n<p dir=\"ltr\"><strong>Matr\u00edcula continu\u00eftat:<\/strong> 25 juny al 3 juliol de 2026<\/p>\n<p dir=\"ltr\"><strong>Matr\u00edcula PFI:<\/strong> 6 al 10 de juliol de 2026<\/p>\n<p dir=\"ltr\"><strong>Matr\u00edcula GM i GS 1a assignaci\u00f3:<\/strong><\/p>\n<ul>\n<li dir=\"ltr\"><strong>Confirmaci\u00f3 pla\u00e7a a trav\u00e9s del Departament d&#8217;Educaci\u00f3 1a Tanda: <\/strong>11 al 14 de juliol de 2026<\/li>\n<li dir=\"ltr\"><strong>Matr\u00edcula al nostre institut 1a Tanda: <\/strong>11 al 16 de juliol de 2026 a les 14h<\/li>\n<\/ul>\n<p dir=\"ltr\"><strong>Matr\u00edcula GM i GS 2a assignaci\u00f3:<\/strong><\/p>\n<ul>\n<li dir=\"ltr\"><strong>Confirmaci\u00f3 pla\u00e7a a trav\u00e9s del Departament d&#8217;Educaci\u00f3 1a Tanda: <\/strong>25 al 28 de juliol de 2026<\/li>\n<li dir=\"ltr\"><strong>Matr\u00edcula al nostre institut 1a Tanda: <\/strong>25 al 29 de juliol de 2026 a les 14h<\/li>\n<\/ul>\n<p dir=\"ltr\"><strong>Matr\u00edcula Curs Especialitzaci\u00f3:<\/strong> 18 al 24 juliol de 2026<\/p>\n<ul>\n<li dir=\"ltr\"><strong>Com es fa la matr\u00edcula?\u00a0<\/strong><\/li>\n<\/ul>\n<p dir=\"ltr\">La matr\u00edcula es realitzar\u00e0 online a trav\u00e9s d\u2019un correu que l&#8217;Institut enviar\u00e0 a tot l&#8217;alumnat adm\u00e8s al correu electr\u00f2nic que s\u2019ha facilitat a la preinscripci\u00f3 amb les instruccions necess\u00e0ries per a la seva formalitzaci\u00f3 durant el per\u00edode de matr\u00edcula.<\/p>\n<p>En el cas que no tinguis les eines necess\u00e0ries per poder fer la tramitaci\u00f3 en l\u00ednia, podr\u00e0s realitzar aquest tr\u00e0mit a les\u202fnostres instal\u00b7lacions, sempre amb <a href=\"https:\/\/aplicacions.gestioeducativa.gencat.cat\/ords\/pls\/apex\/f?p=CITA_PREVIA:4::::4:P4_TIPUS_CALENDARI,P4_DOMINI:03_CGM,08077435\">cita pr\u00e8via<\/a>. L\u2019alumnat que NO tinguin la majoria d&#8217;edat durant l&#8217;any en curs, hauran de venir acompanyat del pare, mare o tutor\/a, indicats a\u202fla preinscripci\u00f3.<\/p>\n<p><a href=\"https:\/\/aplicacions.gestioeducativa.gencat.cat\/ords\/pls\/apex\/f?p=CITA_PREVIA:4::::4:P4_TIPUS_CALENDARI,P4_DOMINI:03_CGM,08077435\">ENLLA\u00c7 CITA PR\u00c8VIA<\/a><\/p>\n","protected":false},"excerpt":{"rendered":"<p>L\u2019alumnat assignat a l&#8217;Institut dels Aliments de Barcelona per cursar un cicle formatiu, haur\u00e0 de realitzar la matr\u00edcula a la pla\u00e7a assignada dins del per\u00edode establert.<br \/>\nL&#8217;alumnat que ja ha cursat primer amb nosaltres i es vol matricular del nou curs \u00e9s considerat alumnat de continu\u00eftat&hellip;  <a href=\"https:\/\/agora.xtec.cat\/iabarcelona\/secretaria\/matriculacio\/\" title=\"Read Matriculaci\u00f3\">Llegeix m\u00e9s\u00bb<\/a><\/p>\n","protected":false},"author":1,"featured_media":0,"parent":922,"menu_order":4,"comment_status":"closed","ping_status":"closed","template":"","meta":{"_bbp_topic_count":0,"_bbp_reply_count":0,"_bbp_total_topic_count":0,"_bbp_total_reply_count":0,"_bbp_voice_count":0,"_bbp_anonymous_reply_count":0,"_bbp_topic_count_hidden":0,"_bbp_reply_count_hidden":0,"_bbp_forum_subforum_count":0,"footnotes":""},"class_list":["post-13310","page","type-page","status-publish","hentry"],"post_mailing_queue_ids":[],"_links":{"self":[{"href":"https:\/\/agora.xtec.cat\/iabarcelona\/wp-json\/wp\/v2\/pages\/13310","targetHints":{"allow":["GET"]}}],"collection":[{"href":"https:\/\/agora.xtec.cat\/iabarcelona\/wp-json\/wp\/v2\/pages"}],"about":[{"href":"https:\/\/agora.xtec.cat\/iabarcelona\/wp-json\/wp\/v2\/types\/page"}],"author":[{"embeddable":true,"href":"https:\/\/agora.xtec.cat\/iabarcelona\/wp-json\/wp\/v2\/users\/1"}],"replies":[{"embeddable":true,"href":"https:\/\/agora.xtec.cat\/iabarcelona\/wp-json\/wp\/v2\/comments?post=13310"}],"version-history":[{"count":6,"href":"https:\/\/agora.xtec.cat\/iabarcelona\/wp-json\/wp\/v2\/pages\/13310\/revisions"}],"predecessor-version":[{"id":13516,"href":"https:\/\/agora.xtec.cat\/iabarcelona\/wp-json\/wp\/v2\/pages\/13310\/revisions\/13516"}],"up":[{"embeddable":true,"href":"https:\/\/agora.xtec.cat\/iabarcelona\/wp-json\/wp\/v2\/pages\/922"}],"wp:attachment":[{"href":"https:\/\/agora.xtec.cat\/iabarcelona\/wp-json\/wp\/v2\/media?parent=13310"}],"curies":[{"name":"wp","href":"https:\/\/api.w.org\/{rel}","templated":true}]}}