{"id":13218,"date":"2025-02-21T16:59:41","date_gmt":"2025-02-21T15:59:41","guid":{"rendered":"https:\/\/agora.xtec.cat\/iabarcelona\/?page_id=13218"},"modified":"2026-03-24T18:41:24","modified_gmt":"2026-03-24T17:41:24","slug":"certificats-de-catala","status":"publish","type":"page","link":"https:\/\/agora.xtec.cat\/iabarcelona\/secretaria\/tramits\/certificats-de-catala\/","title":{"rendered":"Certificats de Catal\u00e0\u00a0"},"content":{"rendered":"<p>En el cas del tr\u00e0mit d\u2019acreditaci\u00f3 de reconeixement dels nivells B2 i C1 de catal\u00e0 per escolaritat reglada no universit\u00e0ria, la persona interessada ha d&#8217;apropar-se presencialment a la secretaria del centre aportant la documentaci\u00f3 requerida pel departament d&#8217;educaci\u00f3.<\/p>\n<ul>\n<li><a style=\"font-family: inherit; font-size: 1em;\" href=\"https:\/\/drive.google.com\/file\/d\/11ZnEtK3ZOeEtM5wf-LwUW8gFebZL1plZ\/view?usp=drive_link\">Document de sol.licitud de Certificat Catal\u00e0<\/a><\/li>\n<li>Original i fotoc\u00f2pia del DNI<\/li>\n<li>Original i fotoc\u00f2pia del Llibre de Prim\u00e0ria, Secund\u00e0ria (ESO) i Batxillerat o historial acad\u00e8mic o certificat acreditatiu*<\/li>\n<li>Original i fotoc\u00f2pia del T\u00edtol de Batxillerat (LOGSE)<\/li>\n<\/ul>\n<p>*Certificat acreditatiu: en cas de no tenir el llibre d\u2019escolaritat o l\u2019historial acad\u00e8mic, heu d\u2019anar a l\u2019escola o institut on vau estudiar i demanar un certificat que indiqui els anys i els cursos d\u2019escolaritat i la frase \u201cl\u2019alumne ha cursat i aprovat la mat\u00e8ria de llengua catalana\u201d.<\/p>\n<p>Sempre \u00e9s recomanable anar al centre on vas cursar els estudis ja que tenen la teva informaci\u00f3 directa, o si ha desaparegut al que conservi el teu expedient.<\/p>\n<p><b>IMPORTANT: No es lliurar\u00e0 cap certificat si no es presenta la documentaci\u00f3 original.<\/b><\/p>\n<p>La secretaria del centre enviar\u00e0 per mail la c\u00f2pia aut\u00e8ntica del certificat un cop expedit.<\/p>\n","protected":false},"excerpt":{"rendered":"<p>En el cas del tr\u00e0mit d\u2019acreditaci\u00f3 de reconeixement dels nivells B2 i C1 de catal\u00e0 per escolaritat reglada no universit\u00e0ria, la persona interessada ha d&#8217;apropar-se presencialment a la secretaria del centre aportant la documentaci\u00f3 requerida pel departament d&#8217;educaci\u00f3.<\/p>\n<ul>\n<li><a style=\"font-family: inherit; font-size: 1em;\" href=\"https:\/\/drive.google.com\/file\/d\/11ZnEtK3ZOeEtM5wf-LwUW8gFebZL1plZ\/view?usp=drive_link\">Document de sol.licitud&hellip;  <a href=\"https:\/\/agora.xtec.cat\/iabarcelona\/secretaria\/tramits\/certificats-de-catala\/\" title=\"Read Certificats de Catal\u00e0\u00a0\">Llegeix m\u00e9s\u00bb<\/a><br \/>\n","protected":false},"author":1,"featured_media":0,"parent":936,"menu_order":6,"comment_status":"closed","ping_status":"closed","template":"","meta":{"_bbp_topic_count":0,"_bbp_reply_count":0,"_bbp_total_topic_count":0,"_bbp_total_reply_count":0,"_bbp_voice_count":0,"_bbp_anonymous_reply_count":0,"_bbp_topic_count_hidden":0,"_bbp_reply_count_hidden":0,"_bbp_forum_subforum_count":0,"footnotes":""},"class_list":["post-13218","page","type-page","status-publish","hentry"],"post_mailing_queue_ids":[],"_links":{"self":[{"href":"https:\/\/agora.xtec.cat\/iabarcelona\/wp-json\/wp\/v2\/pages\/13218","targetHints":{"allow":["GET"]}}],"collection":[{"href":"https:\/\/agora.xtec.cat\/iabarcelona\/wp-json\/wp\/v2\/pages"}],"about":[{"href":"https:\/\/agora.xtec.cat\/iabarcelona\/wp-json\/wp\/v2\/types\/page"}],"author":[{"embeddable":true,"href":"https:\/\/agora.xtec.cat\/iabarcelona\/wp-json\/wp\/v2\/users\/1"}],"replies":[{"embeddable":true,"href":"https:\/\/agora.xtec.cat\/iabarcelona\/wp-json\/wp\/v2\/comments?post=13218"}],"version-history":[{"count":3,"href":"https:\/\/agora.xtec.cat\/iabarcelona\/wp-json\/wp\/v2\/pages\/13218\/revisions"}],"predecessor-version":[{"id":13511,"href":"https:\/\/agora.xtec.cat\/iabarcelona\/wp-json\/wp\/v2\/pages\/13218\/revisions\/13511"}],"up":[{"embeddable":true,"href":"https:\/\/agora.xtec.cat\/iabarcelona\/wp-json\/wp\/v2\/pages\/936"}],"wp:attachment":[{"href":"https:\/\/agora.xtec.cat\/iabarcelona\/wp-json\/wp\/v2\/media?parent=13218"}],"curies":[{"name":"wp","href":"https:\/\/api.w.org\/{rel}","templated":true}]}}