{"id":13215,"date":"2025-02-21T16:57:57","date_gmt":"2025-02-21T15:57:57","guid":{"rendered":"https:\/\/agora.xtec.cat\/iabarcelona\/?page_id=13215"},"modified":"2026-03-24T18:16:00","modified_gmt":"2026-03-24T17:16:00","slug":"sollicitud-de-convalidacions","status":"publish","type":"page","link":"https:\/\/agora.xtec.cat\/iabarcelona\/secretaria\/tramits\/sollicitud-de-convalidacions\/","title":{"rendered":"Sol\u00b7licitud de Convalidacions"},"content":{"rendered":"<p>&nbsp;<\/p>\n<p>La sol.licitud de convalidaci\u00f3 cal fer-la a trav\u00e9s de l&#8217;aplicatiu <a href=\"https:\/\/secretaria.institutaliments.barcelona\">SOAC<\/a> a l&#8217;\u00e0rea de l&#8217;alumnat. A trav\u00e9s d&#8217;aquesta plataforma tamb\u00e9 podr\u00e0s saber l&#8217;estat de la gesti\u00f3 i t&#8217;arribar\u00e0 la resoluci\u00f3 de la petici\u00f3.<\/p>\n<p class=\"rtejustify\">Tipus de convalidaci\u00f3:<\/p>\n<figure class=\"wp-block-table\">\n<table style=\"height: 234px; width: 100%; background-color: #ffffff;\">\n<tbody>\n<tr style=\"background-color: #ffffff;\">\n<td style=\"width: 7.540703%; height: 57px;\">\n<p class=\"rtecenter\"><strong>Tipologia<\/strong><\/p>\n<\/td>\n<td style=\"width: 51.499572%; height: 57px;\">\n<p class=\"rtecenter\"><strong>Qui la resol<\/strong><\/p>\n<\/td>\n<td style=\"width: 40.017138%; height: 57px;\">\n<p class=\"rtecenter\"><strong>Observacions<\/strong><\/p>\n<\/td>\n<\/tr>\n<tr style=\"background-color: #ffffff;\">\n<td style=\"width: 7.540703%; height: 78px;\">\n<p class=\"rtecenter\"><strong>(ordin\u00e0ria)<\/strong><\/p>\n<\/td>\n<td style=\"width: 51.499572%; height: 78px;\">\n<p class=\"rtecenter\">Centre: Resol direcci\u00f3 del centre i la resoluci\u00f3 correspon a l\u2019anotaci\u00f3 a l\u2019expedient de l\u2019alumne\/a de la qualificaci\u00f3 obtinguda en el cicle anterior<\/p>\n<\/td>\n<td style=\"width: 40.017138%; height: 78px;\">\n<p class=\"rtecenter\">Subjecte a la verificaci\u00f3 de la documentaci\u00f3 presentada. Resoluci\u00f3 durant el curs acad\u00e8mic en que es presenten.<\/p>\n<\/td>\n<\/tr>\n<tr style=\"background-color: #ffffff;\">\n<td style=\"width: 7.540703%; height: 99px;\">\n<p class=\"rtecenter\"><strong>(Singular)<\/strong><\/p>\n<\/td>\n<td style=\"width: 51.499572%; height: 99px;\">\n<p class=\"rtecenter\">Departament: Resol direcci\u00f3 general de la Formaci\u00f3 Professional del Departament d\u2019Educaci\u00f3 i la resoluci\u00f3 correspon a l\u2019anotaci\u00f3 a l\u2019expedient de l\u2019alumne\/a (Cv) que t\u00e9 efectes de 5 pel c\u00e0lcul de la nota final del cicle.<\/p>\n<\/td>\n<td style=\"width: 40.017138%; height: 99px;\">\n<p class=\"rtecenter\">Subjecte a la verificaci\u00f3 de la documentaci\u00f3 presentada. Resol el Departament d\u2019Educaci\u00f3 . Aquestes convalidacions triguen m\u00e9s temps a resoldre\u2019s que les ordin\u00e0ries.<\/p>\n<\/td>\n<\/tr>\n<\/tbody>\n<\/table>\n<\/figure>\n<p><span class=\"C9DxTc \">L&#8217;alumne\/a que s&#8217;ha matriculat a la mat\u00e8ria la qual sol\u00b7licita convalidar\u00a0<\/span><span class=\"C9DxTc \">ha d&#8217;assistir a classe<\/span><span class=\"C9DxTc \">\u00a0fins que no tingui la resoluci\u00f3.\u200b<\/span><\/p>\n<ul class=\"n8H08c UVNKR \">\n<li class=\"zfr3Q TYR86d eD0Rn \" dir=\"ltr\">\n<p class=\"zfr3Q CDt4Ke \" dir=\"ltr\" role=\"presentation\"><span class=\"C9DxTc \">El m\u00f2dul professional de\u00a0<\/span><strong><span class=\"C9DxTc \">Projecte o Sintesi<\/span><\/strong><span class=\"C9DxTc \">, en t\u00edtols de grau mitj\u00e0 i<\/span><span class=\"C9DxTc \">\u00a0<\/span><span class=\"C9DxTc \">de grau superior, no s\u00f3n objecte de convalidaci\u00f3.<\/span><\/p>\n<\/li>\n<li class=\"zfr3Q TYR86d eD0Rn \" dir=\"ltr\">\n<p class=\"zfr3Q CDt4Ke \" dir=\"ltr\" role=\"presentation\"><span class=\"C9DxTc \">L&#8217;<strong>estada a l&#8217;empresa o FCT<\/strong><\/span><span class=\"C9DxTc \">\u00a0no pot ser convalida<\/span><span class=\"C9DxTc \">da<\/span><span class=\"C9DxTc \">, sin\u00f3 objecte de l&#8217;exempci\u00f3 total o parcial.<\/span><\/p>\n<\/li>\n<li class=\"zfr3Q TYR86d eD0Rn \" dir=\"ltr\">\n<p class=\"zfr3Q CDt4Ke \" dir=\"ltr\" role=\"presentation\"><span class=\"C9DxTc \">E<\/span><span class=\"C9DxTc \">ls m\u00f2duls professionals que hagin estat\u00a0<\/span><strong><span class=\"C9DxTc \">pr\u00e8viament convalidats<\/span><\/strong><span class=\"C9DxTc \">\u00a0no poden convalidar-se de nou per altres m\u00f2duls professionals o cr\u00e8dits.<\/span><\/p>\n<\/li>\n<li class=\"zfr3Q TYR86d eD0Rn \" dir=\"ltr\">\n<p class=\"zfr3Q CDt4Ke \" dir=\"ltr\" role=\"presentation\"><span class=\"C9DxTc \">L<\/span><span class=\"C9DxTc \">es convalidacions seran per m\u00f2dul professional o cr\u00e8dit complert.<\/span><\/p>\n<\/li>\n<li class=\"zfr3Q TYR86d eD0Rn \" dir=\"ltr\">\n<p class=\"zfr3Q CDt4Ke \" dir=\"ltr\" role=\"presentation\"><span class=\"C9DxTc \">En el cas de convalidacions a partir d\u2019<\/span><span class=\"C9DxTc \">estudis<\/span><span class=\"C9DxTc \">\u00a0<\/span><span class=\"C9DxTc \">universitaris<\/span><span class=\"C9DxTc \">,\u00a0<\/span><span class=\"C9DxTc \">cal\u00a0<\/span><span class=\"C9DxTc \">aportar la documentaci\u00f3 seg\u00fcent\u200b:<\/span><\/p>\n<ul>\n<li style=\"list-style-type: none;\">\n<ul class=\"n8H08c UVNKR \">\n<li class=\"zfr3Q TYR86d eD0Rn \" dir=\"ltr\">\n<p class=\"zfr3Q CDt4Ke \" dir=\"ltr\" role=\"presentation\"><span class=\"C9DxTc \" style=\"font-family: inherit; font-size: 1em;\">Original o c\u00f2pia simple dels programes oficials de les mat\u00e8ries o assignatures cursades<\/span><span class=\"C9DxTc \" style=\"font-family: inherit; font-size: 1em;\">, degudament segellats pel centre universitari corresponent (pla d\u2019estudis universitari).<\/span><\/p>\n<\/li>\n<li class=\"zfr3Q TYR86d eD0Rn \" dir=\"ltr\"><span class=\"C9DxTc \">Certificat acad\u00e8mic de qualificacions<\/span><span class=\"C9DxTc \">\u00a0oficial expedit per la universitat on constin les mat\u00e8ries cursades i superades per l&#8217;alumne o alumna. \u200b<\/span><\/li>\n<\/ul>\n<\/li>\n<\/ul>\n<\/li>\n<\/ul>\n<p><span class=\"C9DxTc \">Per a m\u00e9s informaci\u00f3 consulta la\u00a0<\/span><a class=\"XqQF9c\" href=\"https:\/\/www.boe.es\/eli\/es\/rd\/2020\/12\/09\/1085\/dof\/spa\/pdf\" target=\"_blank\" rel=\"noopener\"><span class=\"C9DxTc \">normativa aplicable<\/span><\/a><span class=\"C9DxTc \">.<\/span><\/p>\n","protected":false},"excerpt":{"rendered":"<p>&nbsp;<br \/>\nLa sol.licitud de convalidaci\u00f3 cal fer-la a trav\u00e9s de l&#8217;aplicatiu <a href=\"https:\/\/secretaria.institutaliments.barcelona\">SOAC<\/a> a l&#8217;\u00e0rea de l&#8217;alumnat. A trav\u00e9s d&#8217;aquesta plataforma tamb\u00e9 podr\u00e0s saber l&#8217;estat de la gesti\u00f3 i t&#8217;arribar\u00e0 la resoluci\u00f3 de la petici\u00f3.<br \/>\nTipus de convalidaci\u00f3:<\/p>\n<p>Tipologia<\/p>\n<p>Qui la resol<\/p>\n<p>Observacions<\/p>\n<p>(ordin\u00e0ria)<\/p>\n<p>Centre: Resol direcci\u00f3 del centre i la resoluci\u00f3&hellip;  <a href=\"https:\/\/agora.xtec.cat\/iabarcelona\/secretaria\/tramits\/sollicitud-de-convalidacions\/\" title=\"Read Sol\u00b7licitud de Convalidacions\">Llegeix m\u00e9s\u00bb<\/a><\/p>\n","protected":false},"author":1,"featured_media":0,"parent":936,"menu_order":3,"comment_status":"closed","ping_status":"closed","template":"","meta":{"_bbp_topic_count":0,"_bbp_reply_count":0,"_bbp_total_topic_count":0,"_bbp_total_reply_count":0,"_bbp_voice_count":0,"_bbp_anonymous_reply_count":0,"_bbp_topic_count_hidden":0,"_bbp_reply_count_hidden":0,"_bbp_forum_subforum_count":0,"footnotes":""},"class_list":["post-13215","page","type-page","status-publish","hentry"],"post_mailing_queue_ids":[],"_links":{"self":[{"href":"https:\/\/agora.xtec.cat\/iabarcelona\/wp-json\/wp\/v2\/pages\/13215","targetHints":{"allow":["GET"]}}],"collection":[{"href":"https:\/\/agora.xtec.cat\/iabarcelona\/wp-json\/wp\/v2\/pages"}],"about":[{"href":"https:\/\/agora.xtec.cat\/iabarcelona\/wp-json\/wp\/v2\/types\/page"}],"author":[{"embeddable":true,"href":"https:\/\/agora.xtec.cat\/iabarcelona\/wp-json\/wp\/v2\/users\/1"}],"replies":[{"embeddable":true,"href":"https:\/\/agora.xtec.cat\/iabarcelona\/wp-json\/wp\/v2\/comments?post=13215"}],"version-history":[{"count":6,"href":"https:\/\/agora.xtec.cat\/iabarcelona\/wp-json\/wp\/v2\/pages\/13215\/revisions"}],"predecessor-version":[{"id":13402,"href":"https:\/\/agora.xtec.cat\/iabarcelona\/wp-json\/wp\/v2\/pages\/13215\/revisions\/13402"}],"up":[{"embeddable":true,"href":"https:\/\/agora.xtec.cat\/iabarcelona\/wp-json\/wp\/v2\/pages\/936"}],"wp:attachment":[{"href":"https:\/\/agora.xtec.cat\/iabarcelona\/wp-json\/wp\/v2\/media?parent=13215"}],"curies":[{"name":"wp","href":"https:\/\/api.w.org\/{rel}","templated":true}]}}