{"id":13209,"date":"2025-02-21T16:54:49","date_gmt":"2025-02-21T15:54:49","guid":{"rendered":"https:\/\/agora.xtec.cat\/iabarcelona\/?page_id=13209"},"modified":"2026-03-24T18:22:02","modified_gmt":"2026-03-24T17:22:02","slug":"instancia-generica","status":"publish","type":"page","link":"https:\/\/agora.xtec.cat\/iabarcelona\/secretaria\/tramits\/instancia-generica\/","title":{"rendered":"Inst\u00e0ncia gen\u00e8rica"},"content":{"rendered":"<p>Una <strong>inst\u00e0ncia<\/strong> \u00e9s el document oficial que s&#8217;utilitza per fer una <b data-path-to-node=\"1,0\" data-index-in-node=\"86\">sol\u00b7licitud formal<\/b> a l&#8217;institut. \u00c9s el canal adequat per demanar qualsevol tr\u00e0mit que no tingui un formulari espec\u00edfic, com ara exposar una situaci\u00f3 particular, sol\u00b7licitar una revisi\u00f3 o demanar un perm\u00eds excepcional.<\/p>\n<p>Per fer una sol.licitud a l&#8217;institut cia inst\u00e0ncia cal que omplis el tr\u00e0mit corresponent dins de la teva <a href=\"https:\/\/secretaria.institutaliments.barcelona\/\">\u00e0rea privada del SOAC<\/a> que tens com a alumne de l&#8217;Institut dels Aliments.<\/p>\n<p>La secretaria del centre et respondr\u00e0 a trav\u00e9s de la mateixa plataforma amb una resoluci\u00f3 oficial a la teva petici\u00f3.<\/p>\n<p>Termini de lliurament de les resolucions: aproximadament de 15 dies des de l\u2019enviament de tota la documentaci\u00f3.<\/p>\n<p>Durant els mesos de maig, juny, juliol i setembre el temps de resoluci\u00f3 de la sol\u00b7licitud pot ser m\u00e9s llarg degut al proc\u00e9s de preinscripci\u00f3 i matr\u00edcula del proper curs.<\/p>\n","protected":false},"excerpt":{"rendered":"<p>Una inst\u00e0ncia \u00e9s el document oficial que s&#8217;utilitza per fer una sol\u00b7licitud formal a l&#8217;institut. \u00c9s el canal adequat per demanar qualsevol tr\u00e0mit que no tingui un formulari espec\u00edfic, com ara exposar una situaci\u00f3 particular, sol\u00b7licitar una revisi\u00f3 o demanar un perm\u00eds excepcional.<br \/>\nPer fer una&hellip;  <a href=\"https:\/\/agora.xtec.cat\/iabarcelona\/secretaria\/tramits\/instancia-generica\/\" title=\"Read Inst\u00e0ncia gen\u00e8rica\">Llegeix m\u00e9s\u00bb<\/a><\/p>\n","protected":false},"author":1,"featured_media":0,"parent":936,"menu_order":4,"comment_status":"closed","ping_status":"closed","template":"","meta":{"_bbp_topic_count":0,"_bbp_reply_count":0,"_bbp_total_topic_count":0,"_bbp_total_reply_count":0,"_bbp_voice_count":0,"_bbp_anonymous_reply_count":0,"_bbp_topic_count_hidden":0,"_bbp_reply_count_hidden":0,"_bbp_forum_subforum_count":0,"footnotes":""},"class_list":["post-13209","page","type-page","status-publish","hentry"],"post_mailing_queue_ids":[],"_links":{"self":[{"href":"https:\/\/agora.xtec.cat\/iabarcelona\/wp-json\/wp\/v2\/pages\/13209","targetHints":{"allow":["GET"]}}],"collection":[{"href":"https:\/\/agora.xtec.cat\/iabarcelona\/wp-json\/wp\/v2\/pages"}],"about":[{"href":"https:\/\/agora.xtec.cat\/iabarcelona\/wp-json\/wp\/v2\/types\/page"}],"author":[{"embeddable":true,"href":"https:\/\/agora.xtec.cat\/iabarcelona\/wp-json\/wp\/v2\/users\/1"}],"replies":[{"embeddable":true,"href":"https:\/\/agora.xtec.cat\/iabarcelona\/wp-json\/wp\/v2\/comments?post=13209"}],"version-history":[{"count":6,"href":"https:\/\/agora.xtec.cat\/iabarcelona\/wp-json\/wp\/v2\/pages\/13209\/revisions"}],"predecessor-version":[{"id":13509,"href":"https:\/\/agora.xtec.cat\/iabarcelona\/wp-json\/wp\/v2\/pages\/13209\/revisions\/13509"}],"up":[{"embeddable":true,"href":"https:\/\/agora.xtec.cat\/iabarcelona\/wp-json\/wp\/v2\/pages\/936"}],"wp:attachment":[{"href":"https:\/\/agora.xtec.cat\/iabarcelona\/wp-json\/wp\/v2\/media?parent=13209"}],"curies":[{"name":"wp","href":"https:\/\/api.w.org\/{rel}","templated":true}]}}