{"id":13154,"date":"2024-11-27T05:16:59","date_gmt":"2024-11-27T04:16:59","guid":{"rendered":"https:\/\/agora.xtec.cat\/iabarcelona\/?page_id=13154"},"modified":"2024-12-03T17:48:11","modified_gmt":"2024-12-03T16:48:11","slug":"menu-de-nadal-2024","status":"publish","type":"page","link":"https:\/\/agora.xtec.cat\/iabarcelona\/menu-de-nadal-2024\/","title":{"rendered":"Men\u00fa de Nadal 2024"},"content":{"rendered":"<div>\n<div>\n<div dir=\"auto\">\n<div>\n<div>\n<h3><img decoding=\"async\" class=\"an1\" draggable=\"false\" src=\"https:\/\/fonts.gstatic.com\/s\/e\/notoemoji\/15.1\/1f384\/72.png\" alt=\"\ud83c\udf84\" data-emoji=\"\ud83c\udf84\" aria-label=\"\ud83c\udf84\" \/> El Men\u00fa de Nadal de l\u2019Institut dels Aliments arriba a la botiga online!<\/h3>\n<p>Com cada any, l\u2019alumnat de l\u2019Institut dels Aliments ens porta el <strong>Men\u00fa de Nadal<\/strong>, elaborat amb productes de proximitat i inspirat en la tradici\u00f3 de la cuina catalana. Aquest any estar\u00e0 disponible a la botiga online a partir del <strong>4 de desembre<\/strong>. <a href=\"https:\/\/agora.xtec.cat\/iabarcelona\/menu-de-nadal-2024\/\"><b>Es podr\u00e0 recollir del 18 al 20 de desembre<\/b><\/a><\/p>\n<h4><img decoding=\"async\" class=\"an1\" draggable=\"false\" src=\"https:\/\/fonts.gstatic.com\/s\/e\/notoemoji\/15.1\/1f374\/72.png\" alt=\"\ud83c\udf74\" data-emoji=\"\ud83c\udf74\" aria-label=\"\ud83c\udf74\" \/> <strong>Plats i dol\u00e7os disponibles:<\/strong><\/h4>\n<ul>\n<li><strong>Torrons:<\/strong> crema cremada, nata i nous, caf\u00e8 amb whisky (xocolata negra), fruita de la passi\u00f3 (xocolata negra), cereals (xocolata amb llet), mojito (xocolata blanca).<\/li>\n<li><strong>Altres dol\u00e7os:<\/strong> polvorons, panettone de taronja i xocolata, panettone de fruita confitada, tronc de Nadal, arbres de Nadal (xocolata negra o blanca amb fruits secs), carb\u00f3 de Reis.<\/li>\n<li><strong>Plats tradicionals:<\/strong> pollastre de Nadal, canelons cl\u00e0ssics, canelons de ricotta i espinacs, escudella, crema de ceps.<\/li>\n<\/ul>\n<p><img decoding=\"async\" class=\"an1\" draggable=\"false\" src=\"https:\/\/fonts.gstatic.com\/s\/e\/notoemoji\/15.1\/1f4e6\/72.png\" alt=\"\ud83d\udce6\" data-emoji=\"\ud83d\udce6\" aria-label=\"\ud83d\udce6\" \/> <strong><a href=\"https:\/\/botiga.institutaliments.cat\/categoria-producte\/menu-nadal\/\">Compra online aqu\u00ed<\/a> (ja disponible):<\/strong><br \/>\nAccedeix al men\u00fa de Nadal<\/p>\n<p><img decoding=\"async\" class=\"an1\" draggable=\"false\" src=\"https:\/\/fonts.gstatic.com\/s\/e\/notoemoji\/15.1\/1f4cd\/72.png\" alt=\"\ud83d\udccd\" data-emoji=\"\ud83d\udccd\" aria-label=\"\ud83d\udccd\" \/> <strong>Recollida presencial a l\u2019Aula Botiga:<\/strong><br \/>\n<a href=\"https:\/\/maps.app.goo.gl\/TA234eDMk3P4dpW87\" target=\"_blank\" rel=\"noopener\" data-saferedirecturl=\"https:\/\/www.google.com\/url?q=https:\/\/maps.app.goo.gl\/TA234eDMk3P4dpW87&amp;source=gmail&amp;ust=1732767188516000&amp;usg=AOvVaw2mWQLxyQ-x-ySrramqqtrS\">Ubicaci\u00f3 de l\u2019Aula Botiga<\/a><\/p>\n<p>No et quedis sense tastar aquests productes \u00fanics i col\u00b7labora amb la formaci\u00f3 dels futurs professionals del sector alimentari! <img decoding=\"async\" class=\"an1\" draggable=\"false\" src=\"https:\/\/fonts.gstatic.com\/s\/e\/notoemoji\/15.1\/1f381\/72.png\" alt=\"\ud83c\udf81\" data-emoji=\"\ud83c\udf81\" aria-label=\"\ud83c\udf81\" \/><\/p>\n<\/div>\n<\/div>\n<\/div>\n<\/div>\n<\/div>\n","protected":false},"excerpt":{"rendered":"<p> El Men\u00fa de Nadal de l\u2019Institut dels Aliments arriba a la botiga online!<br \/>\nCom cada any, l\u2019alumnat de l\u2019Institut dels Aliments ens porta el Men\u00fa de Nadal, elaborat amb productes de proximitat i inspirat en la tradici\u00f3 de la cuina catalana. Aquest any estar\u00e0 disponible&hellip;  <a href=\"https:\/\/agora.xtec.cat\/iabarcelona\/menu-de-nadal-2024\/\" title=\"Read Men\u00fa de Nadal 2024\">Llegeix m\u00e9s\u00bb<\/a><\/p>\n","protected":false},"author":1,"featured_media":0,"parent":0,"menu_order":0,"comment_status":"closed","ping_status":"closed","template":"","meta":{"_bbp_topic_count":0,"_bbp_reply_count":0,"_bbp_total_topic_count":0,"_bbp_total_reply_count":0,"_bbp_voice_count":0,"_bbp_anonymous_reply_count":0,"_bbp_topic_count_hidden":0,"_bbp_reply_count_hidden":0,"_bbp_forum_subforum_count":0,"footnotes":""},"class_list":["post-13154","page","type-page","status-publish","hentry"],"post_mailing_queue_ids":[],"_links":{"self":[{"href":"https:\/\/agora.xtec.cat\/iabarcelona\/wp-json\/wp\/v2\/pages\/13154","targetHints":{"allow":["GET"]}}],"collection":[{"href":"https:\/\/agora.xtec.cat\/iabarcelona\/wp-json\/wp\/v2\/pages"}],"about":[{"href":"https:\/\/agora.xtec.cat\/iabarcelona\/wp-json\/wp\/v2\/types\/page"}],"author":[{"embeddable":true,"href":"https:\/\/agora.xtec.cat\/iabarcelona\/wp-json\/wp\/v2\/users\/1"}],"replies":[{"embeddable":true,"href":"https:\/\/agora.xtec.cat\/iabarcelona\/wp-json\/wp\/v2\/comments?post=13154"}],"version-history":[{"count":4,"href":"https:\/\/agora.xtec.cat\/iabarcelona\/wp-json\/wp\/v2\/pages\/13154\/revisions"}],"predecessor-version":[{"id":13161,"href":"https:\/\/agora.xtec.cat\/iabarcelona\/wp-json\/wp\/v2\/pages\/13154\/revisions\/13161"}],"wp:attachment":[{"href":"https:\/\/agora.xtec.cat\/iabarcelona\/wp-json\/wp\/v2\/media?parent=13154"}],"curies":[{"name":"wp","href":"https:\/\/api.w.org\/{rel}","templated":true}]}}