{"id":13010,"date":"2024-07-10T21:33:39","date_gmt":"2024-07-10T19:33:39","guid":{"rendered":"https:\/\/agora.xtec.cat\/iabarcelona\/?page_id=13010"},"modified":"2025-01-19T18:22:03","modified_gmt":"2025-01-19T17:22:03","slug":"servei-dacreditacio-de-competencies","status":"publish","type":"page","link":"https:\/\/agora.xtec.cat\/iabarcelona\/servei-dacreditacio-de-competencies\/","title":{"rendered":"Servei d&#8217;acreditaci\u00f3 de compet\u00e8ncies"},"content":{"rendered":"<p><a href=\"https:\/\/agora.xtec.cat\/iabarcelona\/wp-content\/uploads\/usu2506\/2024\/07\/CFPI-Id-fons-transparent-600x200px.png\"><img loading=\"lazy\" decoding=\"async\" class=\"alignnone size-full wp-image-13015\" src=\"https:\/\/agora.xtec.cat\/iabarcelona\/wp-content\/uploads\/usu2506\/2024\/07\/CFPI-Id-fons-transparent-600x200px.png\" alt=\"\" width=\"591\" height=\"199\" srcset=\"https:\/\/agora.xtec.cat\/iabarcelona\/wp-content\/uploads\/usu2506\/2024\/07\/CFPI-Id-fons-transparent-600x200px.png 591w, https:\/\/agora.xtec.cat\/iabarcelona\/wp-content\/uploads\/usu2506\/2024\/07\/CFPI-Id-fons-transparent-600x200px-300x101.png 300w\" sizes=\"auto, (max-width: 591px) 100vw, 591px\" \/><\/a><\/p>\n<p><a href=\"https:\/\/fp.gencat.cat\/ca\/acreditacio\/em-vull-acreditar\/\">Proc\u00e9s d&#8217;acreditaci\u00f3 de l&#8217;Ag\u00e8ncia FPCAT<\/a><\/p>\n<p>&nbsp;<\/p>\n<p><a href=\"https:\/\/agora.xtec.cat\/iabarcelona\/wp-content\/uploads\/usu2506\/2025\/01\/El-servei-dAcreditacio-de-competencies-professional_Agencia-FPCAT_2025_compressed.pdf\">El servei d&#8217;Acreditaci\u00f3 de compet\u00e8ncies professional_Ag\u00e8ncia FPCAT_2025<\/a><\/p>\n","protected":false},"excerpt":{"rendered":"<p><a href=\"https:\/\/agora.xtec.cat\/iabarcelona\/wp-content\/uploads\/usu2506\/2024\/07\/CFPI-Id-fons-transparent-600x200px.png\"><\/a><br \/>\n<a href=\"https:\/\/fp.gencat.cat\/ca\/acreditacio\/em-vull-acreditar\/\">Proc\u00e9s d&#8217;acreditaci\u00f3 de l&#8217;Ag\u00e8ncia FPCAT<\/a><br \/>\n&nbsp;<br \/>\n<a href=\"https:\/\/agora.xtec.cat\/iabarcelona\/wp-content\/uploads\/usu2506\/2025\/01\/El-servei-dAcreditacio-de-competencies-professional_Agencia-FPCAT_2025_compressed.pdf\">El servei d&#8217;Acreditaci\u00f3 de compet\u00e8ncies professional_Ag\u00e8ncia FPCAT_2025<\/a><\/p>\n","protected":false},"author":1,"featured_media":0,"parent":0,"menu_order":0,"comment_status":"closed","ping_status":"closed","template":"","meta":{"_bbp_topic_count":0,"_bbp_reply_count":0,"_bbp_total_topic_count":0,"_bbp_total_reply_count":0,"_bbp_voice_count":0,"_bbp_anonymous_reply_count":0,"_bbp_topic_count_hidden":0,"_bbp_reply_count_hidden":0,"_bbp_forum_subforum_count":0,"footnotes":""},"class_list":["post-13010","page","type-page","status-publish","hentry"],"post_mailing_queue_ids":[],"_links":{"self":[{"href":"https:\/\/agora.xtec.cat\/iabarcelona\/wp-json\/wp\/v2\/pages\/13010","targetHints":{"allow":["GET"]}}],"collection":[{"href":"https:\/\/agora.xtec.cat\/iabarcelona\/wp-json\/wp\/v2\/pages"}],"about":[{"href":"https:\/\/agora.xtec.cat\/iabarcelona\/wp-json\/wp\/v2\/types\/page"}],"author":[{"embeddable":true,"href":"https:\/\/agora.xtec.cat\/iabarcelona\/wp-json\/wp\/v2\/users\/1"}],"replies":[{"embeddable":true,"href":"https:\/\/agora.xtec.cat\/iabarcelona\/wp-json\/wp\/v2\/comments?post=13010"}],"version-history":[{"count":4,"href":"https:\/\/agora.xtec.cat\/iabarcelona\/wp-json\/wp\/v2\/pages\/13010\/revisions"}],"predecessor-version":[{"id":13177,"href":"https:\/\/agora.xtec.cat\/iabarcelona\/wp-json\/wp\/v2\/pages\/13010\/revisions\/13177"}],"wp:attachment":[{"href":"https:\/\/agora.xtec.cat\/iabarcelona\/wp-json\/wp\/v2\/media?parent=13010"}],"curies":[{"name":"wp","href":"https:\/\/api.w.org\/{rel}","templated":true}]}}