{"id":12661,"date":"2024-04-07T22:53:05","date_gmt":"2024-04-07T20:53:05","guid":{"rendered":"https:\/\/agora.xtec.cat\/iabarcelona\/?page_id=12661"},"modified":"2024-06-19T20:59:38","modified_gmt":"2024-06-19T18:59:38","slug":"cicle-formatiu-grau-mitja-dolis-i-vins","status":"publish","type":"page","link":"https:\/\/agora.xtec.cat\/iabarcelona\/cicle-formatiu-grau-mitja-dolis-i-vins\/","title":{"rendered":"Cicle Formatiu Grau Mitj\u00e0 d&#8217;Olis i Vins"},"content":{"rendered":"<h2 style=\"clear: both; margin-top: 40px; margin-bottom: 40px; text-align: center;\"><a class=\"button normal\" style=\"padding: 1em; font-weight: 400; margin: 0.3em; color: white !important; background-color: #333333; border: none;\" href=\"https:\/\/forms.gle\/BHv1V3TBDMPF8t2p7\" rel=\"noopener noreferrer\"><strong><span style=\"color: #ffffff;\">Deixa&#8217;ns les teves dades encara que no t&#8217;hagis preinscrit i et truquem\u00a0<\/span><\/strong><br \/>\n<\/a><\/h2>\n<p>Aquest cicle es realitza conjuntament amb l<a href=\"https:\/\/www.ismab.cat\/ca\">&#8216;ISMAB<\/a> (Institut de la sostenibilitat i el medi ambient de Barcelona)<\/p>\n<p>Dos dies es fan a un centre i els altres tres a l&#8217;altre centre.<\/p>\n<div class=\"elementor-element elementor-element-47e4aad elementor-widget elementor-widget-text-editor\" data-id=\"47e4aad\" data-element_type=\"widget\" data-widget_type=\"text-editor.default\">\n<div class=\"elementor-widget-container\">\n<p>El CFGM Olis d\u2019Oliva i Vins t\u00e9 una durada de 2 cursos i proporciona els coneixements necessaris per a realitzar les operacions d\u2019extracci\u00f3, elaboraci\u00f3 i envasament d\u2019olis i vins, aix\u00ed com per a utilitzar maquin\u00e0ria i els equips corresponents i fer-ne un manteniment de primer nivell. Com tamb\u00e9 la capacitaci\u00f3 per treballar en molins d\u2019oli o cellers.<\/p>\n<p>En acabar els estudis ser\u00e0s capa\u00e7 d\u2019elaborar i envasar olis d\u2019oliva, vins i altres begudes d\u2019acord amb els plans de producci\u00f3 i qualitat, preparar i mantenir els equips i les instal\u00b7lacions garantint-ne el funcionament i promocionar i comercialitzar els productes elaborats.<\/p>\n<\/div>\n<\/div>\n<div class=\"elementor-element elementor-element-71028e0 elementor-align-left elementor-icon-list--layout-traditional elementor-list-item-link-full_width elementor-widget elementor-widget-icon-list\" data-id=\"71028e0\" data-element_type=\"widget\" data-widget_type=\"icon-list.default\">\n<div class=\"elementor-widget-container\">\n<ul class=\"elementor-icon-list-items\">\n<li class=\"elementor-icon-list-item\"><span class=\"elementor-icon-list-text\">2 cursos acad\u00e8mics<\/span><\/li>\n<li class=\"elementor-icon-list-item\"><span class=\"elementor-icon-list-text\">2.000 hores<\/span><\/li>\n<li class=\"elementor-icon-list-item\"><span class=\"elementor-icon-list-text\">Formaci\u00f3 en centres de treball en empreses del sector<\/span><\/li>\n<li class=\"elementor-icon-list-item\"><span class=\"elementor-icon-list-text\">Possibilitat de cursar m\u00f2duls formatius per separat<\/span><\/li>\n<li class=\"elementor-icon-list-item\"><span class=\"elementor-icon-list-text\">Activitats pr\u00e0ctiques presencials en cellers i molins<\/span><\/li>\n<li class=\"elementor-icon-list-item\"><span class=\"elementor-icon-list-text\">Facilitat per compaginar estudis i treball<\/span><\/li>\n<\/ul>\n<\/div>\n<section class=\"elementor-section elementor-top-section elementor-element elementor-element-337dfd0 elementor-section-boxed elementor-section-height-default elementor-section-height-default\" data-id=\"337dfd0\" data-element_type=\"section\">\n<div class=\"elementor-container elementor-column-gap-default\">\n<div class=\"elementor-column elementor-col-50 elementor-top-column elementor-element elementor-element-a5b32cf\" data-id=\"a5b32cf\" data-element_type=\"column\">\n<div class=\"elementor-widget-wrap elementor-element-populated\">\n<div class=\"elementor-element elementor-element-9545fff titolesq elementor-widget elementor-widget-heading\" data-id=\"9545fff\" data-element_type=\"widget\" data-widget_type=\"heading.default\">\n<div class=\"elementor-widget-container\">\n<table style=\"border-collapse: collapse; width: 100%;\">\n<tbody>\n<tr>\n<td style=\"width: 50%; text-align: left; vertical-align: top;\">\n<div class=\"elementor-element elementor-element-9545fff titolesq elementor-widget elementor-widget-heading\" data-id=\"9545fff\" data-element_type=\"widget\" data-widget_type=\"heading.default\">\n<div class=\"elementor-widget-container\">\n<h2 class=\"elementor-heading-title elementor-size-default\">Com hi puc accedir?<\/h2>\n<\/div>\n<\/div>\n<div class=\"elementor-element elementor-element-8f7cb10 elementor-widget elementor-widget-spacer\" data-id=\"8f7cb10\" data-element_type=\"widget\" data-widget_type=\"spacer.default\">\n<div class=\"elementor-widget-container\">\n<div class=\"elementor-spacer\">\n<div class=\"elementor-spacer-inner\"><\/div>\n<\/div>\n<\/div>\n<\/div>\n<div class=\"elementor-element elementor-element-ed7635b elementor-widget elementor-widget-text-editor\" data-id=\"ed7635b\" data-element_type=\"widget\" data-widget_type=\"text-editor.default\">\n<div class=\"elementor-widget-container\">\n<p>Poden accedir al Cicle Formatiu de Grau Mitj\u00e0 d\u2019Olis i Vins les persones que compleixen algun dels requisits seg\u00fcents:<\/p>\n<\/div>\n<\/div>\n<div class=\"elementor-element elementor-element-6d78891 elementor-align-left elementor-icon-list--layout-traditional elementor-list-item-link-full_width elementor-widget elementor-widget-icon-list\" data-id=\"6d78891\" data-element_type=\"widget\" data-widget_type=\"icon-list.default\">\n<div class=\"elementor-widget-container\">\n<ul class=\"elementor-icon-list-items\">\n<li class=\"elementor-icon-list-item\"><i class=\"fas fa-check\" aria-hidden=\"true\"><\/i> <span class=\"elementor-icon-list-text\">Tenir el t\u00edtol de graduat en Educaci\u00f3 Secund\u00e0ria Obligat\u00f2ria. <\/span><\/li>\n<li class=\"elementor-icon-list-item\"><i class=\"fas fa-check\" aria-hidden=\"true\"><\/i> <span class=\"elementor-icon-list-text\">Haver superat el curs espec\u00edfic per a l\u2019acc\u00e9s als cicles de grau mitj\u00e0. <\/span><\/li>\n<li class=\"elementor-icon-list-item\"><i class=\"fas fa-check\" aria-hidden=\"true\"><\/i> <span class=\"elementor-icon-list-text\">Tenir el t\u00edtol de t\u00e8cnic o de t\u00e8cnic auxiliar. <\/span><\/li>\n<li class=\"elementor-icon-list-item\"><i class=\"fas fa-check\" aria-hidden=\"true\"><\/i> <span class=\"elementor-icon-list-text\">Haver superat el segon curs del batxillerat unificat i polivalent (BUP). <\/span><\/li>\n<li class=\"elementor-icon-list-item\"><i class=\"fas fa-check\" aria-hidden=\"true\"><\/i> <span class=\"elementor-icon-list-text\">Tenir altres estudis equivalents a efectes acad\u00e8mics. <\/span><\/li>\n<li class=\"elementor-icon-list-item\"><i class=\"fas fa-check\" aria-hidden=\"true\"><\/i> <span class=\"elementor-icon-list-text\">Haver superat la prova d\u2019acc\u00e9s a la universitat per a m\u00e9s grans de 25 anys.<\/span><\/li>\n<li class=\"elementor-icon-list-item\"><i class=\"fas fa-check\" aria-hidden=\"true\"><\/i> <span class=\"elementor-icon-list-text\">Haver superat els m\u00f2duls obligatoris d\u2019un programa de qualificaci\u00f3 professional inicial (PQPI).<\/span><\/li>\n<li class=\"elementor-icon-list-item\"><i class=\"fas fa-check\" aria-hidden=\"true\"><\/i> <span class=\"elementor-icon-list-text\">Tenir un t\u00edtol per accedir a un cicle formatiu de grau superior.<\/span><\/li>\n<\/ul>\n<\/div>\n<\/div>\n<\/td>\n<td style=\"width: 50%; text-align: left; vertical-align: top;\">\n<div class=\"elementor-column elementor-col-50 elementor-top-column elementor-element elementor-element-8f9d503\" data-id=\"8f9d503\" data-element_type=\"column\">\n<div class=\"elementor-widget-wrap elementor-element-populated\">\n<div class=\"elementor-element elementor-element-6a44a14 titolesq elementor-widget elementor-widget-heading\" data-id=\"6a44a14\" data-element_type=\"widget\" data-widget_type=\"heading.default\">\n<div class=\"elementor-widget-container\">\n<h2 class=\"elementor-heading-title elementor-size-default\">Sortides professionals<\/h2>\n<\/div>\n<\/div>\n<div class=\"elementor-element elementor-element-47166ff elementor-widget elementor-widget-spacer\" data-id=\"47166ff\" data-element_type=\"widget\" data-widget_type=\"spacer.default\">\n<div class=\"elementor-widget-container\">\n<div class=\"elementor-spacer\">\n<div class=\"elementor-spacer-inner\"><\/div>\n<\/div>\n<\/div>\n<\/div>\n<div class=\"elementor-element elementor-element-d8d5b0b elementor-widget elementor-widget-text-editor\" data-id=\"d8d5b0b\" data-element_type=\"widget\" data-widget_type=\"text-editor.default\">\n<div class=\"elementor-widget-container\">\n<p>Amb aquests estudis s\u2019obt\u00e9 el t\u00edtol de t\u00e8cnic o t\u00e8cnica d\u2019Olis i Vins La superaci\u00f3 d\u2019aquests estudis permet accedir:<\/p>\n<\/div>\n<\/div>\n<div class=\"elementor-element elementor-element-6f2a340 elementor-align-left elementor-icon-list--layout-traditional elementor-list-item-link-full_width elementor-widget elementor-widget-icon-list\" data-id=\"6f2a340\" data-element_type=\"widget\" data-widget_type=\"icon-list.default\">\n<div class=\"elementor-widget-container\">\n<ul class=\"elementor-icon-list-items\">\n<li class=\"elementor-icon-list-item\"><i class=\"fas fa-check\" aria-hidden=\"true\"><\/i> <span class=\"elementor-icon-list-text\">Al batxillerat.<\/span><\/li>\n<li class=\"elementor-icon-list-item\"><i class=\"fas fa-check\" aria-hidden=\"true\"><\/i> <span class=\"elementor-icon-list-text\">A un cicle de grau superior de formaci\u00f3 professional.<\/span><\/li>\n<li class=\"elementor-icon-list-item\"><i class=\"fas fa-check\" aria-hidden=\"true\"><\/i> <span class=\"elementor-icon-list-text\">Accedir al m\u00f3n laboral com a:<\/span><\/li>\n<\/ul>\n<\/div>\n<\/div>\n<div class=\"elementor-element elementor-element-8f31763 elementor-widget elementor-widget-text-editor\" data-id=\"8f31763\" data-element_type=\"widget\" data-widget_type=\"text-editor.default\">\n<div class=\"elementor-widget-container\">\n<ul>\n<li>Cellerer, elaborador de vins, caves, sidra i altres begudes i derivats.<\/li>\n<li>Mestre d\u2019alm\u00e0ssera, extractora i refinat d\u2019olis d\u2019oliva.<\/li>\n<li>Recepcionista de mat\u00e8ries primeres.<\/li>\n<li>Operador de secci\u00f3 d\u2019embotellat i\/o envasament.<\/li>\n<li>Auxiliar de laboratori en alm\u00e0sseres i cellers.<\/li>\n<li>Auxiliar de control de qualitat en alm\u00e0sseres i cellers.<\/li>\n<li>Comercial d\u2019alm\u00e0sseres i cellers.<\/li>\n<\/ul>\n<\/div>\n<\/div>\n<\/div>\n<\/div>\n<\/td>\n<\/tr>\n<\/tbody>\n<\/table>\n<\/div>\n<\/div>\n<div class=\"elementor-element elementor-element-6d78891 elementor-align-left elementor-icon-list--layout-traditional elementor-list-item-link-full_width elementor-widget elementor-widget-icon-list\" data-id=\"6d78891\" data-element_type=\"widget\" data-widget_type=\"icon-list.default\">\n<div class=\"elementor-widget-container\"><\/div>\n<\/div>\n<\/div>\n<\/div>\n<div class=\"elementor-column elementor-col-50 elementor-top-column elementor-element elementor-element-8f9d503\" data-id=\"8f9d503\" data-element_type=\"column\">\n<div class=\"elementor-widget-wrap elementor-element-populated\">\n<div class=\"elementor-element elementor-element-8f31763 elementor-widget elementor-widget-text-editor\" data-id=\"8f31763\" data-element_type=\"widget\" data-widget_type=\"text-editor.default\">\n<div class=\"elementor-widget-container\">\n<ul>\n<li><\/li>\n<\/ul>\n<\/div>\n<\/div>\n<\/div>\n<\/div>\n<\/div>\n<\/section>\n<\/div>\n<p style=\"clear: both; margin-top: 40px; margin-bottom: 40px; text-align: center;\"><a class=\"button normal\" style=\"padding: 1em; font-weight: 400; margin: 0.3em; color: white !important; background-color: #333333; border: none;\" href=\"https:\/\/agora.xtec.cat\/iabarcelona\/formacio\/cfgm-cicles-formatius-grau-mitja\/preinscripcio-i-matricula-cicles-formatius-de-grau-mitja\/\" rel=\"noopener noreferrer\">Preinscripci\u00f3 i matr\u00edcula<\/a><\/p>\n<hr \/>\n<p>&nbsp;<\/p>\n","protected":false},"excerpt":{"rendered":"<p><a class=\"button normal\" style=\"padding: 1em; font-weight: 400; margin: 0.3em; color: white !important; background-color: #333333; border: none;\" href=\"https:\/\/forms.gle\/BHv1V3TBDMPF8t2p7\" rel=\"noopener noreferrer\">Deixa&#8217;ns les teves dades encara que no t&#8217;hagis preinscrit i et truquem\u00a0<br \/>\n<\/a><br \/>\nAquest cicle es realitza conjuntament amb l<a href=\"https:\/\/www.ismab.cat\/ca\">&#8216;ISMAB<\/a> (Institut de la sostenibilitat i el medi ambient&hellip;  <a href=\"https:\/\/agora.xtec.cat\/iabarcelona\/cicle-formatiu-grau-mitja-dolis-i-vins\/\" title=\"Read Cicle Formatiu Grau Mitj\u00e0 d&#8217;Olis i Vins\">Llegeix m\u00e9s\u00bb<\/a><\/p>\n","protected":false},"author":1,"featured_media":0,"parent":0,"menu_order":0,"comment_status":"closed","ping_status":"closed","template":"","meta":{"_bbp_topic_count":0,"_bbp_reply_count":0,"_bbp_total_topic_count":0,"_bbp_total_reply_count":0,"_bbp_voice_count":0,"_bbp_anonymous_reply_count":0,"_bbp_topic_count_hidden":0,"_bbp_reply_count_hidden":0,"_bbp_forum_subforum_count":0,"footnotes":""},"class_list":["post-12661","page","type-page","status-publish","hentry"],"post_mailing_queue_ids":[],"_links":{"self":[{"href":"https:\/\/agora.xtec.cat\/iabarcelona\/wp-json\/wp\/v2\/pages\/12661","targetHints":{"allow":["GET"]}}],"collection":[{"href":"https:\/\/agora.xtec.cat\/iabarcelona\/wp-json\/wp\/v2\/pages"}],"about":[{"href":"https:\/\/agora.xtec.cat\/iabarcelona\/wp-json\/wp\/v2\/types\/page"}],"author":[{"embeddable":true,"href":"https:\/\/agora.xtec.cat\/iabarcelona\/wp-json\/wp\/v2\/users\/1"}],"replies":[{"embeddable":true,"href":"https:\/\/agora.xtec.cat\/iabarcelona\/wp-json\/wp\/v2\/comments?post=12661"}],"version-history":[{"count":5,"href":"https:\/\/agora.xtec.cat\/iabarcelona\/wp-json\/wp\/v2\/pages\/12661\/revisions"}],"predecessor-version":[{"id":12949,"href":"https:\/\/agora.xtec.cat\/iabarcelona\/wp-json\/wp\/v2\/pages\/12661\/revisions\/12949"}],"wp:attachment":[{"href":"https:\/\/agora.xtec.cat\/iabarcelona\/wp-json\/wp\/v2\/media?parent=12661"}],"curies":[{"name":"wp","href":"https:\/\/api.w.org\/{rel}","templated":true}]}}